{"id":12221,"date":"2015-10-25T14:47:40","date_gmt":"2015-10-25T13:47:40","guid":{"rendered":"https:\/\/mini-bob.com\/le-mini-bob-bleu-bob-en-plastique\/"},"modified":"2023-03-27T10:29:25","modified_gmt":"2023-03-27T08:29:25","slug":"le-mini-bob-bleu-bob-en-plastique","status":"publish","type":"page","link":"https:\/\/mini-bob.com\/fr\/le-mini-bob-bleu-bob-en-plastique\/","title":{"rendered":"le mini bob bleu \/ bob en plastique"},"content":{"rendered":"<div class=\"wpb-content-wrapper\"><p>[vc_row][vc_column width=\u00a0\u00bb1\/2&Prime;][vc_single_image image=\u00a0\u00bb10266&Prime; img_size=\u00a0\u00bblarge\u00a0\u00bb][\/vc_column][vc_column width=\u00a0\u00bb1\/2&Prime;][vc_custom_heading text=\u00a0\u00bbLe mini bob original (Zipflbob) en bleu\u00a0\u00bb google_fonts=\u00a0\u00bbfont_family:Roboto%20Condensed%3A300%2C300italic%2Cregular%2Citalic%2C700%2C700italic|font_style:400%20regular%3A400%3Anormal\u00a0\u00bb][vc_column_text]Tout comme le mini bob rouge (zipflbob), le mini bob original (zipflbob) existe en bleu depuis 1976.<\/p>\n<p>Comme le mini bob rouge, le zipflbob bleu a d&rsquo;abord \u00e9t\u00e9 produit et vendu enti\u00e8rement en bleu - ce n&rsquo;est que plus tard que le noir a \u00e9t\u00e9 utilis\u00e9 pour cr\u00e9er un contraste au niveau de la poign\u00e9e (zipfl) et de l&rsquo;assise du zipflbob bleu.<\/p>\n<p>Le premier ton de bleu \u00e9tait encore assez fonc\u00e9 et est devenu nettement plus clair au cours de la combinaison avec le noir. Beaucoup de gens appellent le mini bob bleu \u00ab\u00a0bob schtroumpf\u00a0\u00bb, car sa couleur rappelle beaucoup les petits schtroumpfs.[\/vc_column_text]<style type=\"text\/css\" data-type=\"the7_shortcodes-inline-css\">#default-btn-e85434fb07ebf0285fbc900623739309.ico-right-side > i {\n  margin-right: 0px;\n  margin-left: 8px;\n}\n#default-btn-e85434fb07ebf0285fbc900623739309 > i {\n  margin-right: 8px;\n}<\/style><a href=\"https:\/\/mini-bob.com\/fr\/produit\/mini-bob-luge-en-bleu\/\" class=\"default-btn-shortcode dt-btn dt-btn-l pulse animate-element animation-builder link-hover-off btn-inline-left  vc_custom_1661157285387\" id=\"default-btn-e85434fb07ebf0285fbc900623739309\" title=\"original mini bob (luge) en bleu\"><span>ACHETER BOB \u00c0 POINTES BLEU<\/span><\/a>[\/vc_column][\/vc_row][vc_row][vc_column][vc_empty_space][\/vc_column][\/vc_row][vc_row][vc_column width=\u00a0\u00bb1\/2&Prime;][vc_custom_heading text=\u00a0\u00bbLe bob \u00e0 pointe bleue (mini bob) dans les ann\u00e9es 1970.\u00a0\u00bb font_container=\u00a0\u00bbtag:h3|text_align:left\u00a0\u00bb google_fonts=\u00a0\u00bbfont_family:Roboto%20Condensed%3A300%2C300italic%2Cregular%2Citalic%2C700%2C700italic|font_style:400%20regular%3A400%3Anormal\u00a0\u00bb][vc_column_text]Voici le mini bob bleu original avec la typique \u00ab\u00a0poign\u00e9e de zipflbob\u00a0\u00bb \u00e9galement en bleu.<\/p>\n<p>\u00c0 l&rsquo;\u00e9poque, dans les ann\u00e9es 1970, le bob \u00e0 pointe bleu (mini bob original) \u00e9tait enti\u00e8rement produit en bleu.<\/p>\n<p>Aujourd&rsquo;hui, le bob \u00e0 pointe bleu est, avec le bob \u00e0 pointe rouge, l&rsquo;une des variantes de mini bob les plus populaires. Le \u00ab\u00a0bob schtroumpf\u00a0\u00bb, en particulier, est devenu incontournable.[\/vc_column_text][vc_empty_space height=\u00a0\u00bb20px\u00a0\u00bb]<style type=\"text\/css\" data-type=\"the7_shortcodes-inline-css\">#default-btn-fd42ddf5b17dd729954409384cafc807.ico-right-side > i {\n  margin-right: 0px;\n  margin-left: 8px;\n}\n#default-btn-fd42ddf5b17dd729954409384cafc807 > i {\n  margin-right: 8px;\n}<\/style><a href=\"https:\/\/mini-bob.com\/fr\/la-luge-mini-bob\/\" class=\"default-btn-shortcode dt-btn dt-btn-l pulse animate-element animation-builder link-hover-off btn-inline-left \" id=\"default-btn-fd42ddf5b17dd729954409384cafc807\" title=\"le mini bob\"><span>LE MINI BOB EN PLUS DE COULEURS<\/span><\/a>[vc_empty_space]<style type=\"text\/css\" data-type=\"the7_shortcodes-inline-css\">#default-btn-5d6d57d6baade5d325b4fd269005e0c6.ico-right-side > i {\n  margin-right: 0px;\n  margin-left: 8px;\n}\n#default-btn-5d6d57d6baade5d325b4fd269005e0c6 > i {\n  margin-right: 8px;\n}<\/style><a href=\"https:\/\/mini-bob.com\/mini-bob-zipfelbob-shop\/\" class=\"default-btn-shortcode dt-btn dt-btn-l pulse animate-element animation-builder link-hover-off btn-inline-left \" id=\"default-btn-5d6d57d6baade5d325b4fd269005e0c6\" title=\"Boutique originale mini bob (luge)\"><span>CLIQUEZ ICI POUR ACC\u00c9DER \u00c0 LA BOUTIQUE<\/span><\/a>[\/vc_column][vc_column width=\u00a0\u00bb1\/2&Prime;][vc_single_image image=\u00a0\u00bb144461&Prime; img_size=\u00a0\u00bblarge\u00a0\u00bb][vc_column_text]Mini bob bleu original (zipfybob, luge) des ann\u00e9es 1970[\/vc_column_text][\/vc_column][\/vc_row]<\/p>\n<\/div>","protected":false},"excerpt":{"rendered":"<p>[vc_row][vc_column width=\u00a0\u00bb1\/2&Prime;][vc_single_image image=\u00a0\u00bb10266&Prime; img_size=\u00a0\u00bblarge\u00a0\u00bb][\/vc_column][vc_column width=\u00a0\u00bb1\/2&Prime;][vc_custom_heading text=\u00a0\u00bbLe mini bob original (Zipflbob) en bleu\u00a0\u00bb google_fonts=\u00a0\u00bbfont_family:Roboto%20Condensed%3A300%2C300italic%2Cregular%2Citalic%2C700%2C700italic|font_style:400%20regular%3A400%3Anormal\u00a0\u00bb][vc_column_text]Tout comme le mini bob rouge (zipflbob), le mini bob original (zipflbob) existe en bleu depuis 1976. Comme le mini bob rouge, le zipflbob bleu a d&rsquo;abord \u00e9t\u00e9 produit et vendu enti\u00e8rement en bleu - ce n&rsquo;est que plus tard que le noir&hellip;<\/p>\n","protected":false},"author":1,"featured_media":0,"parent":0,"menu_order":0,"comment_status":"closed","ping_status":"closed","template":"","meta":{"_acf_changed":false,"footnotes":""},"class_list":["post-12221","page","type-page","status-publish","hentry","description-off"],"acf":[],"_links":{"self":[{"href":"https:\/\/mini-bob.com\/fr\/wp-json\/wp\/v2\/pages\/12221","targetHints":{"allow":["GET"]}}],"collection":[{"href":"https:\/\/mini-bob.com\/fr\/wp-json\/wp\/v2\/pages"}],"about":[{"href":"https:\/\/mini-bob.com\/fr\/wp-json\/wp\/v2\/types\/page"}],"author":[{"embeddable":true,"href":"https:\/\/mini-bob.com\/fr\/wp-json\/wp\/v2\/users\/1"}],"replies":[{"embeddable":true,"href":"https:\/\/mini-bob.com\/fr\/wp-json\/wp\/v2\/comments?post=12221"}],"version-history":[{"count":10,"href":"https:\/\/mini-bob.com\/fr\/wp-json\/wp\/v2\/pages\/12221\/revisions"}],"predecessor-version":[{"id":152030,"href":"https:\/\/mini-bob.com\/fr\/wp-json\/wp\/v2\/pages\/12221\/revisions\/152030"}],"wp:attachment":[{"href":"https:\/\/mini-bob.com\/fr\/wp-json\/wp\/v2\/media?parent=12221"}],"curies":[{"name":"wp","href":"https:\/\/api.w.org\/{rel}","templated":true}]}}