{"id":12340,"date":"2015-10-25T14:32:44","date_gmt":"2015-10-25T13:32:44","guid":{"rendered":"https:\/\/mini-bob.com\/le-mini-bob-vert-traineau-bob-plastique-en-vert\/"},"modified":"2025-11-23T18:06:08","modified_gmt":"2025-11-23T17:06:08","slug":"le-mini-bob-vert-traineau-bob-plastique-en-vert","status":"publish","type":"page","link":"https:\/\/mini-bob.com\/fr\/le-mini-bob-vert-traineau-bob-plastique-en-vert\/","title":{"rendered":"le mini bob \/ zipflbob \/ zipfelbob vert"},"content":{"rendered":"<div class=\"wpb-content-wrapper\"><p>[vc_row][vc_column][vc_custom_heading text=\u00a0\u00bbla luge originale Zipfelbob en vert\u00a0\u00bb font_container=\u00a0\u00bbtag:h1|text_align:left\u00a0\u00bb google_fonts=\u00a0\u00bbfont_family:Roboto%20Condensed%3A300%2C300italic%2Cregular%2Citalic%2C700%2C700italic|font_style:400%20regular%3A400%3Anormal\u00a0\u00bb][\/vc_column][\/vc_row][vc_row][vc_column width=\u00a0\u00bb1\/2&Prime;][vc_single_image image=\u00a0\u00bb10460&Prime; img_size=\u00a0\u00bblarge\u00a0\u00bb][\/vc_column][vc_column width=\u00a0\u00bb1\/2&Prime;][vc_custom_heading text=\u00a0\u00bbla luge originale mini bob (luge bob) en vert\u00a0\u00bb google_fonts=\u00a0\u00bbfont_family:Roboto%20Condensed%3A300%2C300italic%2Cregular%2Citalic%2C700%2C700italic|font_style:400%20regular%3A400%3Anormal\u00a0\u00bb][vc_column_text]Le mini bob original (luge Zipflbob) a d\u00e9j\u00e0 \u00e9t\u00e9 produit et vendu dans diff\u00e9rentes nuances de vert depuis 1976.<\/p>\n<p>Par exemple, dans les ann\u00e9es 1990, un vert fluo tr\u00e8s appr\u00e9ci\u00e9 a fait l&rsquo;objet d&rsquo;une \u00e9dition sp\u00e9ciale qui n&rsquo;a \u00e9t\u00e9 produite et vendue que pendant deux ans.<\/p>\n<p>Une \u00e9dition sp\u00e9ciale \u00ab\u00a0vert paillet\u00e9\u00a0\u00bb limit\u00e9e \u00e0 300 exemplaires est d\u00e9sormais disponible \u00e0 la vente dans notre boutique en ligne.<\/p>\n<p>Le vert est une couleur tr\u00e8s populaire dans de nombreuses religions et cultures, avec des significations diff\u00e9rentes. Ainsi, le vert symbolise souvent la couleur de la r\u00e9surrection et de l&rsquo;\u00e9veil du printemps. <\/p>\n<p>le mini bob \/ luge Zipflbob vert attire tous les regards sur les pistes et est particuli\u00e8rement bien mis en valeur par la lumi\u00e8re du soleil.[\/vc_column_text]<style type=\"text\/css\" data-type=\"the7_shortcodes-inline-css\">#default-btn-5d6d57d6baade5d325b4fd269005e0c6.ico-right-side > i {\n  margin-right: 0px;\n  margin-left: 8px;\n}\n#default-btn-5d6d57d6baade5d325b4fd269005e0c6 > i {\n  margin-right: 8px;\n}<\/style><a href=\"https:\/\/mini-bob.com\/mini-bob-zipfelbob-shop\/\" class=\"default-btn-shortcode dt-btn dt-btn-l pulse animate-element animation-builder link-hover-off btn-inline-left \" id=\"default-btn-5d6d57d6baade5d325b4fd269005e0c6\" title=\"Boutique originale mini bob (luge)\"><span>LA BOUTIQUE, C&rsquo;EST ICI !<\/span><\/a>[\/vc_column][\/vc_row][vc_row][vc_column width=\u00a0\u00bb1\/2&Prime;][vc_custom_heading text=\u00a0\u00bbBob \u00e0 pointes vert \u00e0 partir de 2018&Prime; google_fonts=\u00a0\u00bbfont_family:Roboto%20Condensed%3A300%2C300italic%2Cregular%2Citalic%2C700%2C700italic|font_style:400%20regular%3A400%3Anormal\u00a0\u00bb][vc_single_image image=\u00a0\u00bb10204&Prime; img_size=\u00a0\u00bblarge\u00a0\u00bb add_caption=\u00a0\u00bbyes\u00a0\u00bb][\/vc_column][vc_column width=\u00a0\u00bb1\/2&Prime;][vc_custom_heading text=\u00a0\u00bbluge minibob original en vert\u00a0\u00bb google_fonts=\u00a0\u00bbfont_family:Roboto%20Condensed%3A300%2C300italic%2Cregular%2Citalic%2C700%2C700italic|font_style:400%20regular%3A400%3Anormal\u00a0\u00bb][vc_single_image image=\u00a0\u00bb10485&Prime; img_size=\u00a0\u00bblarge\u00a0\u00bb add_caption=\u00a0\u00bbyes\u00a0\u00bb][\/vc_column][\/vc_row][vc_row][vc_column width=\u00a0\u00bb1\/2&Prime;][vc_custom_heading text=\u00a0\u00bb\u00c9dition sp\u00e9ciale vert m\u00e9tallis\u00e9 dans la neige\u00a0\u00bb google_fonts=\u00a0\u00bbfont_family:Roboto%20Condensed%3A300%2C300italic%2Cregular%2Citalic%2C700%2C700italic|font_style:400%20regular%3A400%3Anormal\u00a0\u00bb][vc_single_image image=\u00a0\u00bb144383&Prime; img_size=\u00a0\u00bblarge\u00a0\u00bb add_caption=\u00a0\u00bbyes\u00a0\u00bb][\/vc_column][vc_column width=\u00a0\u00bb1\/2&Prime;][vc_custom_heading text=\u00a0\u00bble bob en plastique vert - mini bob\u00a0\u00bb google_fonts=\u00a0\u00bbfont_family:Roboto%20Condensed%3A300%2C300italic%2Cregular%2Citalic%2C700%2C700italic|font_style:400%20regular%3A400%3Anormal\u00a0\u00bb][vc_single_image image=\u00a0\u00bb10465&Prime; img_size=\u00a0\u00bblarge\u00a0\u00bb add_caption=\u00a0\u00bbyes\u00a0\u00bb][\/vc_column][\/vc_row]<\/p>\n<\/div>","protected":false},"excerpt":{"rendered":"<p>[vc_row][vc_column][vc_custom_heading text=\u00a0\u00bbla luge originale Zipfelbob en vert\u00a0\u00bb font_container=\u00a0\u00bbtag:h1|text_align:left\u00a0\u00bb google_fonts=\u00a0\u00bbfont_family:Roboto%20Condensed%3A300%2C300italic%2Cregular%2Citalic%2C700%2C700italic|font_style:400%20regular%3A400%3Anormal\u00a0\u00bb][\/vc_column][\/vc_row][vc_row][vc_column width=\u00a0\u00bb1\/2&Prime;][vc_single_image image=\u00a0\u00bb10460&Prime; img_size=\u00a0\u00bblarge\u00a0\u00bb][\/vc_column][vc_column width=\u00a0\u00bb1\/2&Prime;][vc_custom_heading text=\u00a0\u00bbla luge originale mini bob (luge bob) en vert\u00a0\u00bb google_fonts=\u00a0\u00bbfont_family:Roboto%20Condensed%3A300%2C300italic%2Cregular%2Citalic%2C700%2C700italic|font_style:400%20regular%3A400%3Anormal\u00a0\u00bb][vc_column_text]Le mini bob original (luge Zipflbob) a d\u00e9j\u00e0 \u00e9t\u00e9 produit et vendu dans diff\u00e9rentes nuances de vert depuis 1976. Par exemple, dans les ann\u00e9es 1990, un vert fluo tr\u00e8s appr\u00e9ci\u00e9 a fait l&rsquo;objet&hellip;<\/p>\n","protected":false},"author":1,"featured_media":0,"parent":0,"menu_order":0,"comment_status":"closed","ping_status":"closed","template":"","meta":{"_acf_changed":false,"footnotes":""},"class_list":["post-12340","page","type-page","status-publish","hentry","description-off"],"acf":[],"_links":{"self":[{"href":"https:\/\/mini-bob.com\/fr\/wp-json\/wp\/v2\/pages\/12340","targetHints":{"allow":["GET"]}}],"collection":[{"href":"https:\/\/mini-bob.com\/fr\/wp-json\/wp\/v2\/pages"}],"about":[{"href":"https:\/\/mini-bob.com\/fr\/wp-json\/wp\/v2\/types\/page"}],"author":[{"embeddable":true,"href":"https:\/\/mini-bob.com\/fr\/wp-json\/wp\/v2\/users\/1"}],"replies":[{"embeddable":true,"href":"https:\/\/mini-bob.com\/fr\/wp-json\/wp\/v2\/comments?post=12340"}],"version-history":[{"count":15,"href":"https:\/\/mini-bob.com\/fr\/wp-json\/wp\/v2\/pages\/12340\/revisions"}],"predecessor-version":[{"id":158535,"href":"https:\/\/mini-bob.com\/fr\/wp-json\/wp\/v2\/pages\/12340\/revisions\/158535"}],"wp:attachment":[{"href":"https:\/\/mini-bob.com\/fr\/wp-json\/wp\/v2\/media?parent=12340"}],"curies":[{"name":"wp","href":"https:\/\/api.w.org\/{rel}","templated":true}]}}