{"id":12343,"date":"2015-10-27T16:51:48","date_gmt":"2015-10-27T15:51:48","guid":{"rendered":"https:\/\/mini-bob.com\/le-mini-bob-jaune-luge-bob-jaune\/"},"modified":"2025-11-22T20:45:11","modified_gmt":"2025-11-22T19:45:11","slug":"le-mini-bob-jaune-luge-bob-jaune","status":"publish","type":"page","link":"https:\/\/mini-bob.com\/fr\/le-mini-bob-jaune-luge-bob-jaune\/","title":{"rendered":"le mini bob jaune \/ zipflbob"},"content":{"rendered":"<div class=\"wpb-content-wrapper\"><p>[vc_row][vc_column width=\u00a0\u00bb1\/2&Prime;][vc_single_image image=\u00a0\u00bb146145&Prime; img_size=\u00a0\u00bblarge\u00a0\u00bb][\/vc_column][vc_column width=\u00a0\u00bb1\/2&Prime;][vc_custom_heading text=\u00a0\u00bbLe mini bob original (zipflbob) en jaune\u00a0\u00bb google_fonts=\u00a0\u00bbfont_family:Roboto%20Condensed%3A300%2C300italic%2Cregular%2Citalic%2C700%2C700italic|font_style:400%20regular%3A400%3Anormal\u00a0\u00bb][vc_column_text]Le mini bob (zipflbob) a \u00e9t\u00e9 produit et vendu en jaune depuis 1976 et jusqu&rsquo;en 2010.<\/p>\n<p>Aux d\u00e9buts du mini bob, la petite luge en plastique \/ le bob en plastique \u00e9tait encore produit et vendu avec une poign\u00e9e jaune (Zipfly) et une assise uniquement noire. Plus tard, \u00e0 partir des ann\u00e9es 1980, la poign\u00e9e est \u00e9galement devenue noire et la nuance de jaune est devenue plus prononc\u00e9e.<\/p>\n<p>Tout comme le mini bob rouge et la luge bleue mini bob, la luge jaune \u00ab\u00a0mini bob\u00a0\u00bb est devenue un evergreen. Ce n&rsquo;est qu&rsquo;en 2010 que la couleur jaune a \u00e9t\u00e9 remplac\u00e9e par l&rsquo;orange.<\/p>\n<p>Depuis 2017, il existe \u00e0 nouveau une r\u00e9\u00e9dition du mini bob original dans la couleur jaune.[\/vc_column_text]<style type=\"text\/css\" data-type=\"the7_shortcodes-inline-css\">#default-btn-778509207ad82f3284b47f8f05e07b7c.ico-right-side > i {\n  margin-right: 0px;\n  margin-left: 8px;\n}\n#default-btn-778509207ad82f3284b47f8f05e07b7c > i {\n  margin-right: 8px;\n}<\/style><a href=\"https:\/\/mini-bob.com\/fr\/produit\/mini-bob-luge-en-jaune\/\" class=\"default-btn-shortcode dt-btn dt-btn-l pulse animate-element animation-builder link-hover-off btn-inline-left \" id=\"default-btn-778509207ad82f3284b47f8f05e07b7c\" title=\"+AUSVERKAUFT+ original mini bob (Zipfelbob) in gelb\"><span>ACHETER UNE LUGE MINIBOB JAUNE<\/span><\/a>[\/vc_column][\/vc_row][vc_row][vc_column][vc_empty_space][\/vc_column][\/vc_row][vc_row][vc_column width=\u00a0\u00bb1\/2&Prime;][vc_empty_space height=\u00a0\u00bb70px\u00a0\u00bb][vc_custom_heading text=\u00a0\u00bb1980 Prototype Bob jaune avec poign\u00e9e peinte (\u00ab\u00a0Zipfy\u00ab\u00a0)\u00a0\u00bb google_fonts=\u00a0\u00bbfont_family:Roboto%20Condensed%3A300%2C300italic%2Cregular%2Citalic%2C700%2C700italic|font_style:400%20regular%3A400%3Anormal\u00a0\u00bb][vc_empty_space height=\u00a0\u00bb50px\u00a0\u00bb]<style type=\"text\/css\" data-type=\"the7_shortcodes-inline-css\">#default-btn-49d2798c1328a5867e9c146c6f84ce81.ico-right-side > i {\n  margin-right: 0px;\n  margin-left: 8px;\n}\n#default-btn-49d2798c1328a5867e9c146c6f84ce81 > i {\n  margin-right: 8px;\n}<\/style><a href=\"https:\/\/mini-bob.com\/fr\/la-luge-mini-bob\/\" class=\"default-btn-shortcode dt-btn dt-btn-l pulse animate-element animation-builder link-hover-off btn-inline-left \" id=\"default-btn-49d2798c1328a5867e9c146c6f84ce81\" title=\"der mini bob\"><span>LE MINI BOB DANS D&rsquo;AUTRES COULEURS<\/span><\/a>[vc_empty_space]<style type=\"text\/css\" data-type=\"the7_shortcodes-inline-css\">#default-btn-1456b6708678fba44f25293009e3144e.ico-right-side > i {\n  margin-right: 0px;\n  margin-left: 8px;\n}\n#default-btn-1456b6708678fba44f25293009e3144e > i {\n  margin-right: 8px;\n}<\/style><a href=\"https:\/\/mini-bob.com\/mini-bob-zipfelbob-shop\/\" class=\"default-btn-shortcode dt-btn dt-btn-l pulse animate-element animation-builder link-hover-off btn-inline-left \" id=\"default-btn-1456b6708678fba44f25293009e3144e\" title=\"Original mini bob (Zipfelbob) Shop\"><span>CLIQUEZ ICI POUR ACC\u00c9DER \u00c0 LA BOUTIQUE<\/span><\/a>[\/vc_column][vc_column width=\u00a0\u00bb1\/2&Prime;][vc_single_image image=\u00a0\u00bb144453&Prime; img_size=\u00a0\u00bblarge\u00a0\u00bb][\/vc_column][\/vc_row]<\/p>\n<\/div>","protected":false},"excerpt":{"rendered":"<p>[vc_row][vc_column width=\u00a0\u00bb1\/2&Prime;][vc_single_image image=\u00a0\u00bb146145&Prime; img_size=\u00a0\u00bblarge\u00a0\u00bb][\/vc_column][vc_column width=\u00a0\u00bb1\/2&Prime;][vc_custom_heading text=\u00a0\u00bbLe mini bob original (zipflbob) en jaune\u00a0\u00bb google_fonts=\u00a0\u00bbfont_family:Roboto%20Condensed%3A300%2C300italic%2Cregular%2Citalic%2C700%2C700italic|font_style:400%20regular%3A400%3Anormal\u00a0\u00bb][vc_column_text]Le mini bob (zipflbob) a \u00e9t\u00e9 produit et vendu en jaune depuis 1976 et jusqu&rsquo;en 2010. Aux d\u00e9buts du mini bob, la petite luge en plastique \/ le bob en plastique \u00e9tait encore produit et vendu avec une poign\u00e9e jaune (Zipfly) et une&hellip;<\/p>\n","protected":false},"author":1,"featured_media":0,"parent":0,"menu_order":0,"comment_status":"closed","ping_status":"closed","template":"","meta":{"_acf_changed":false,"footnotes":""},"class_list":["post-12343","page","type-page","status-publish","hentry","description-off"],"acf":[],"_links":{"self":[{"href":"https:\/\/mini-bob.com\/fr\/wp-json\/wp\/v2\/pages\/12343","targetHints":{"allow":["GET"]}}],"collection":[{"href":"https:\/\/mini-bob.com\/fr\/wp-json\/wp\/v2\/pages"}],"about":[{"href":"https:\/\/mini-bob.com\/fr\/wp-json\/wp\/v2\/types\/page"}],"author":[{"embeddable":true,"href":"https:\/\/mini-bob.com\/fr\/wp-json\/wp\/v2\/users\/1"}],"replies":[{"embeddable":true,"href":"https:\/\/mini-bob.com\/fr\/wp-json\/wp\/v2\/comments?post=12343"}],"version-history":[{"count":15,"href":"https:\/\/mini-bob.com\/fr\/wp-json\/wp\/v2\/pages\/12343\/revisions"}],"predecessor-version":[{"id":158333,"href":"https:\/\/mini-bob.com\/fr\/wp-json\/wp\/v2\/pages\/12343\/revisions\/158333"}],"wp:attachment":[{"href":"https:\/\/mini-bob.com\/fr\/wp-json\/wp\/v2\/media?parent=12343"}],"curies":[{"name":"wp","href":"https:\/\/api.w.org\/{rel}","templated":true}]}}