{"id":146367,"date":"2022-08-22T11:57:54","date_gmt":"2022-08-22T09:57:54","guid":{"rendered":"https:\/\/mini-bob.com\/authenticite-des-evaluations\/"},"modified":"2025-11-22T20:51:48","modified_gmt":"2025-11-22T19:51:48","slug":"authenticite-des-evaluations","status":"publish","type":"page","link":"https:\/\/mini-bob.com\/fr\/authenticite-des-evaluations\/","title":{"rendered":"Authenticit\u00e9 des \u00e9valuations"},"content":{"rendered":"<h1>Note sur l&rsquo;authenticit\u00e9 des \u00e9valuations<\/h1>\n<p>Seuls les clients peuvent donner leur avis sur notre site et uniquement sur les produits qu&rsquo;ils ont effectivement achet\u00e9s chez nous.<\/p>\n<p>Mesures de filtrage optionnelles lors de la soumission d&rsquo;\u00e9valuations :<\/p>\n<ul>\n<li>Les clients ne peuvent donner leur avis que s&rsquo;ils ont r\u00e9ellement achet\u00e9 le produit \u00e9valu\u00e9.<\/li>\n<li>Nous n&rsquo;acceptons pas les \u00e9valuations en double pour un m\u00eame produit.<\/li>\n<li>Nous v\u00e9rifions manuellement l&rsquo;authenticit\u00e9 des \u00e9valuations (comparaison de la commande, du nom et de l&rsquo;e-mail de l&rsquo;acheteur) et ne les validons qu&rsquo;une fois la v\u00e9rification effectu\u00e9e.<\/li>\n<li>Les \u00e9valuations sont valid\u00e9es ind\u00e9pendamment du r\u00e9sultat : \u00ab\u00a0bon ou mauvais\u00a0\u00bb - nous sommes ouverts \u00e0 la critique !<\/li>\n<\/ul>\n","protected":false},"excerpt":{"rendered":"<p>Note sur l&rsquo;authenticit\u00e9 des \u00e9valuations Seuls les clients peuvent donner leur avis sur notre site et uniquement sur les produits qu&rsquo;ils ont effectivement achet\u00e9s chez nous. Mesures de filtrage optionnelles lors de la soumission d&rsquo;\u00e9valuations : Les clients ne peuvent donner leur avis que s&rsquo;ils ont r\u00e9ellement achet\u00e9 le produit \u00e9valu\u00e9. Nous n&rsquo;acceptons pas les&hellip;<\/p>\n","protected":false},"author":1,"featured_media":0,"parent":0,"menu_order":0,"comment_status":"closed","ping_status":"closed","template":"","meta":{"_acf_changed":false,"footnotes":""},"class_list":["post-146367","page","type-page","status-publish","hentry","description-off"],"acf":[],"_links":{"self":[{"href":"https:\/\/mini-bob.com\/fr\/wp-json\/wp\/v2\/pages\/146367","targetHints":{"allow":["GET"]}}],"collection":[{"href":"https:\/\/mini-bob.com\/fr\/wp-json\/wp\/v2\/pages"}],"about":[{"href":"https:\/\/mini-bob.com\/fr\/wp-json\/wp\/v2\/types\/page"}],"author":[{"embeddable":true,"href":"https:\/\/mini-bob.com\/fr\/wp-json\/wp\/v2\/users\/1"}],"replies":[{"embeddable":true,"href":"https:\/\/mini-bob.com\/fr\/wp-json\/wp\/v2\/comments?post=146367"}],"version-history":[{"count":2,"href":"https:\/\/mini-bob.com\/fr\/wp-json\/wp\/v2\/pages\/146367\/revisions"}],"predecessor-version":[{"id":158353,"href":"https:\/\/mini-bob.com\/fr\/wp-json\/wp\/v2\/pages\/146367\/revisions\/158353"}],"wp:attachment":[{"href":"https:\/\/mini-bob.com\/fr\/wp-json\/wp\/v2\/media?parent=146367"}],"curies":[{"name":"wp","href":"https:\/\/api.w.org\/{rel}","templated":true}]}}