{"id":147262,"date":"2022-09-15T14:49:07","date_gmt":"2022-09-15T12:49:07","guid":{"rendered":"https:\/\/mini-bob.com\/instructions-de-conduite\/"},"modified":"2025-11-22T18:57:13","modified_gmt":"2025-11-22T17:57:13","slug":"instructions-de-conduite","status":"publish","type":"page","link":"https:\/\/mini-bob.com\/fr\/instructions-de-conduite\/","title":{"rendered":"Instructions de conduite"},"content":{"rendered":"<div class=\"wpb-content-wrapper\"><p>[vc_row][vc_column][vc_custom_heading text=\u00a0\u00bbZipfybob Instructions de conduite\u00a0\u00bb google_fonts=\u00a0\u00bbfont_family:Roboto%20Condensed%3A300%2C300italic%2Cregular%2Citalic%2C700%2C700italic|font_style:400%20regular%3A400%3Anormal\u00a0\u00bb][vc_column_text]Apprendre \u00e0 ma\u00eetriser le mini bob en toute s\u00e9curit\u00e9 se fait en un clin d&rsquo;\u0153il !<br \/>\nEssayez et apprenez d&rsquo;abord la technique de conduite sur un terrain avec peu de pentes avant d&rsquo;utiliser le mini bob sur des pistes tr\u00e8s pentues - aidez les enfants \u00e0 apprendre ![\/vc_column_text][\/vc_column][\/vc_row][vc_row][vc_column width=\u00a0\u00bb1\/2&Prime;][vc_single_image image=\u00a0\u00bb144497&Prime; img_size=\u00a0\u00bblarge\u00a0\u00bb][\/vc_column][vc_column width=\u00a0\u00bb1\/2&Prime;][vc_single_image image=\u00a0\u00bb144495&Prime; img_size=\u00a0\u00bblarge\u00a0\u00bb][\/vc_column][\/vc_row][vc_row][vc_column][vc_column_text]<strong>Pour les conducteurs novices :<\/strong><\/p>\n<p>Freinage : Tirez la manette de commande vers votre corps (seul le bord de fuite arri\u00e8re du mini bob est utilis\u00e9 dans ce cas), le haut du corps restant droit. N&rsquo;utilisez pas les pieds pour freiner - ils ne servent qu&rsquo;\u00e0 la stabilit\u00e9 !<\/p>\n<p>Direction : d\u00e9placez le haut de votre corps vers la gauche ou vers la droite, selon la direction dans laquelle vous souhaitez vous diriger, en tenant toujours fermement la poign\u00e9e !<\/p>\n<p>Conduire : Asseyez-vous confortablement sur le mini bob et saisissez la poign\u00e9e de maintien des deux mains. Les jambes reposent toujours sur la surface d&rsquo;appui - les pieds ne doivent pas toucher le sol pendant le trajet.<\/p>\n<p><strong>Conseils pour les professionnels :<\/strong><\/p>\n<p>D\u00e9marrage \/ passages plats : v\u00e9rifiez que vous \u00eates bien assis sur le mini bob et coincez le manche entre vos jambes. Vous pouvez maintenant utiliser vos deux bras pour vous propulser.<\/p>\n<p>Direction : pour prendre des virages serr\u00e9s, vous pouvez en plus, pour diriger, d\u00e9tacher de la poign\u00e9e la main situ\u00e9e \u00e0 l&rsquo;int\u00e9rieur du virage et la tendre sur le c\u00f4t\u00e9, tout en saisissant l\u00e9g\u00e8rement la neige. (Veillez ici \u00e0 porter des gants appropri\u00e9s et \u00e0 \u00e9viter les sources de danger potentielles, comme les pierres dans la neige).<\/p>\n<p>Vitesse : les professionnels r\u00e9duisent la r\u00e9sistance \u00e0 l&rsquo;air en reculant le plus possible le haut du corps et en tendant les jambes (ne pas l\u00e2cher la poign\u00e9e !) - ils optimisent ainsi leur vitesse de d\u00e9placement.<\/p>\n<p><strong>Notez<\/strong> que les jambes et les pieds ne sont pas n\u00e9cessaires pour les man\u0153uvres. Ils ne font qu&rsquo;assurer la stabilit\u00e9 ! Lisez \u00e9galement nos conseils vestimentaires dans la <a title=\"FAQ\" href=\"https:\/\/mini-bob.com\/fr\/faq\/\">FAQ<\/a>. Le mini bob est \u00e0 la port\u00e9e de tous, car il ob\u00e9it \u00ab\u00a0au doigt et \u00e0 l&rsquo;\u0153il\u00a0\u00bb \u00e0 son conducteur, qu&rsquo;il soit jeune ou vieux. S&rsquo;asseoir dessus et c&rsquo;est parti.[\/vc_column_text][\/vc_column][\/vc_row][vc_row][vc_column][vc_custom_heading text=\u00a0\u00bbGuide de conduite historique de 1970&Prime; google_fonts=\u00a0\u00bbfont_family:Roboto%20Condensed%3A300%2C300italic%2Cregular%2Citalic%2C700%2C700italic|font_style:400%20regular%3A400%3Anormal\u00a0\u00bb][vc_single_image image=\u00a0\u00bb144420&Prime; img_size=\u00a0\u00bblarge\u00a0\u00bb][\/vc_column][\/vc_row]<\/p>\n<\/div>","protected":false},"excerpt":{"rendered":"<p>[vc_row][vc_column][vc_custom_heading text=\u00a0\u00bbZipfybob Instructions de conduite\u00a0\u00bb google_fonts=\u00a0\u00bbfont_family:Roboto%20Condensed%3A300%2C300italic%2Cregular%2Citalic%2C700%2C700italic|font_style:400%20regular%3A400%3Anormal\u00a0\u00bb][vc_column_text]Apprendre \u00e0 ma\u00eetriser le mini bob en toute s\u00e9curit\u00e9 se fait en un clin d&rsquo;\u0153il ! Essayez et apprenez d&rsquo;abord la technique de conduite sur un terrain avec peu de pentes avant d&rsquo;utiliser le mini bob sur des pistes tr\u00e8s pentues - aidez les enfants \u00e0 apprendre ![\/vc_column_text][\/vc_column][\/vc_row][vc_row][vc_column width=\u00a0\u00bb1\/2&Prime;][vc_single_image image=\u00a0\u00bb144497&Prime;&hellip;<\/p>\n","protected":false},"author":1,"featured_media":0,"parent":0,"menu_order":0,"comment_status":"closed","ping_status":"closed","template":"","meta":{"_acf_changed":false,"footnotes":""},"class_list":["post-147262","page","type-page","status-publish","hentry","description-off"],"acf":[],"_links":{"self":[{"href":"https:\/\/mini-bob.com\/fr\/wp-json\/wp\/v2\/pages\/147262","targetHints":{"allow":["GET"]}}],"collection":[{"href":"https:\/\/mini-bob.com\/fr\/wp-json\/wp\/v2\/pages"}],"about":[{"href":"https:\/\/mini-bob.com\/fr\/wp-json\/wp\/v2\/types\/page"}],"author":[{"embeddable":true,"href":"https:\/\/mini-bob.com\/fr\/wp-json\/wp\/v2\/users\/1"}],"replies":[{"embeddable":true,"href":"https:\/\/mini-bob.com\/fr\/wp-json\/wp\/v2\/comments?post=147262"}],"version-history":[{"count":5,"href":"https:\/\/mini-bob.com\/fr\/wp-json\/wp\/v2\/pages\/147262\/revisions"}],"predecessor-version":[{"id":156843,"href":"https:\/\/mini-bob.com\/fr\/wp-json\/wp\/v2\/pages\/147262\/revisions\/156843"}],"wp:attachment":[{"href":"https:\/\/mini-bob.com\/fr\/wp-json\/wp\/v2\/media?parent=147262"}],"curies":[{"name":"wp","href":"https:\/\/api.w.org\/{rel}","templated":true}]}}