{"id":147520,"date":"2022-09-29T18:22:22","date_gmt":"2022-09-29T16:22:22","guid":{"rendered":"https:\/\/mini-bob.com\/modes-de-paiement\/"},"modified":"2022-09-29T18:22:22","modified_gmt":"2022-09-29T16:22:22","slug":"modes-de-paiement","status":"publish","type":"page","link":"https:\/\/mini-bob.com\/fr\/modes-de-paiement\/","title":{"rendered":"Modes de paiement"},"content":{"rendered":"<div class=\"woocommerce woocommerce-gzd\">\n\t<ul class=\"payment_methods methods\">\n\t\t\t\t\t<li class=\"payment_method_bacs\">\n\t\t\t\t<label>\u00dcberweisung<\/label>\n\t\t\t\t\t\t\t\t\t<div class=\"payment_box payment_method_bacs\">\n\t\t\t\t\t\t<p>En r\u00e8gle g\u00e9n\u00e9rale, directement \u00e0 notre banque. Veuillez utiliser le num\u00e9ro de commande comme crit\u00e8re d'utilisation. Votre commande sera transf\u00e9r\u00e9e imm\u00e9diatement apr\u00e8s l'encaissement sur notre compte.  <\/p>\n\t\t\t\t\t<\/div>\n\t\t\t\t\t\t\t<\/li>\n\t\t\t\t\t<li class=\"payment_method_stripe\">\n\t\t\t\t<label>Carte de cr\u00e9dit\/d\u00e9bit<img decoding=\"async\" src=\"https:\/\/mini-bob.com\/wp-content\/plugins\/woocommerce-gateway-stripe\/assets\/images\/cards.svg\" class=\"stripe-cards-icon stripe-icon\" alt=\"Carte de cr\u00e9dit\/d\u00e9bit\" \/><\/label>\n\t\t\t\t\t\t\t\t\t<div class=\"payment_box payment_method_stripe\">\n\t\t\t\t\t\t<p>Par carte de cr\u00e9dit \u00e0 l'aide de Stripe.<\/p>\n\t\t\t\t\t<\/div>\n\t\t\t\t\t\t\t<\/li>\n\t\t\t\t\t<li class=\"payment_method_stripe_link\">\n\t\t\t\t<label>Link<\/label>\n\t\t\t\t\t\t\t\t\t<div class=\"payment_box payment_method_stripe_link\">\n\t\t\t\t\t\t<p><\/p>\n\t\t\t\t\t<\/div>\n\t\t\t\t\t\t\t<\/li>\n\t\t\t\t\t<li class=\"payment_method_ppcp-gateway\">\n\t\t\t\t<label>PayPal<\/label>\n\t\t\t\t\t\t\t\t\t<div class=\"payment_box payment_method_ppcp-gateway\">\n\t\t\t\t\t\t<p>Notre solution de paiement tout-en-un vous permet de proposer des options PayPal, Venmo, Payez plus tard, et bien plus encore, afin de maximiser la conversion.<\/p>\n\t\t\t\t\t<\/div>\n\t\t\t\t\t\t\t<\/li>\n\t\t\t\t\t<li class=\"payment_method_ppcp-credit-card-gateway\">\n\t\t\t\t<label>Cartes de d\u00e9bit et de cr\u00e9dit (PayPal)<\/label>\n\t\t\t\t\t\t\t\t\t<div class=\"payment_box payment_method_ppcp-credit-card-gateway\">\n\t\t\t\t\t\t<p>Bezahle mit deiner Kreditkarte.<\/p>\n\t\t\t\t\t<\/div>\n\t\t\t\t\t\t\t<\/li>\n\t\t\t<\/ul>\n<\/div>\n","protected":false},"excerpt":{"rendered":"<p>\u00dcberweisung En r\u00e8gle g\u00e9n\u00e9rale, directement \u00e0 notre banque. Veuillez utiliser le num\u00e9ro de commande comme crit\u00e8re d&rsquo;utilisation. Votre commande sera transf\u00e9r\u00e9e imm\u00e9diatement apr\u00e8s l&rsquo;encaissement sur notre compte. Carte de cr\u00e9dit\/d\u00e9bit Par carte de cr\u00e9dit \u00e0 l&rsquo;aide de Stripe. Link PayPal Notre solution de paiement tout-en-un vous permet de proposer des options PayPal, Venmo, Payez plus&hellip;<\/p>\n","protected":false},"author":1,"featured_media":0,"parent":0,"menu_order":0,"comment_status":"closed","ping_status":"closed","template":"","meta":{"_acf_changed":false,"footnotes":""},"class_list":["post-147520","page","type-page","status-publish","hentry","description-off"],"acf":[],"_links":{"self":[{"href":"https:\/\/mini-bob.com\/fr\/wp-json\/wp\/v2\/pages\/147520","targetHints":{"allow":["GET"]}}],"collection":[{"href":"https:\/\/mini-bob.com\/fr\/wp-json\/wp\/v2\/pages"}],"about":[{"href":"https:\/\/mini-bob.com\/fr\/wp-json\/wp\/v2\/types\/page"}],"author":[{"embeddable":true,"href":"https:\/\/mini-bob.com\/fr\/wp-json\/wp\/v2\/users\/1"}],"replies":[{"embeddable":true,"href":"https:\/\/mini-bob.com\/fr\/wp-json\/wp\/v2\/comments?post=147520"}],"version-history":[{"count":0,"href":"https:\/\/mini-bob.com\/fr\/wp-json\/wp\/v2\/pages\/147520\/revisions"}],"wp:attachment":[{"href":"https:\/\/mini-bob.com\/fr\/wp-json\/wp\/v2\/media?parent=147520"}],"curies":[{"name":"wp","href":"https:\/\/api.w.org\/{rel}","templated":true}]}}