{"id":147710,"date":"2022-10-10T11:25:59","date_gmt":"2022-10-10T09:25:59","guid":{"rendered":"https:\/\/mini-bob.com\/le-zipfybob-original\/"},"modified":"2023-03-27T11:04:00","modified_gmt":"2023-03-27T09:04:00","slug":"le-zipfybob-original","status":"publish","type":"page","link":"https:\/\/mini-bob.com\/fr\/le-zipfybob-original\/","title":{"rendered":"Le luge Zipfybob (minibob) original"},"content":{"rendered":"<div class=\"wpb-content-wrapper\"><p>[vc_row][vc_column width=\u00a0\u00bb1\/2&Prime;][vc_wp_text]<\/p>\n<p><img decoding=\"async\" class=\"wp-image-1733 size-medium\" src=\"\/wp-content\/uploads\/2014\/03\/mini-bob-rot-350px.png\" alt=\"le luge \"Zipflbob\" original en rouge\"><\/p>\n<p>[\/vc_wp_text][\/vc_column][vc_column width=\u00a0\u00bb1\/2&Prime; css=\u00a0\u00bb.vc_custom_1660904565980{padding-top: 70px !important;}\u00a0\u00bb][vc_wp_text]<img loading=\"lazy\" decoding=\"async\" class=\"alignnone wp-image-151941 size-large\" src=\"https:\/\/mini-bob.com\/wp-content\/uploads\/2023\/03\/220319_mini-bob_Logo_1976_RGB_RZ-1024x492.png\" alt=\"\" width=\"1024\" height=\"492\" srcset=\"https:\/\/mini-bob.com\/wp-content\/uploads\/2023\/03\/220319_mini-bob_Logo_1976_RGB_RZ-1024x492.png 1024w, https:\/\/mini-bob.com\/wp-content\/uploads\/2023\/03\/220319_mini-bob_Logo_1976_RGB_RZ-300x144.png 300w, https:\/\/mini-bob.com\/wp-content\/uploads\/2023\/03\/220319_mini-bob_Logo_1976_RGB_RZ-768x369.png 768w, https:\/\/mini-bob.com\/wp-content\/uploads\/2023\/03\/220319_mini-bob_Logo_1976_RGB_RZ-1536x737.png 1536w, https:\/\/mini-bob.com\/wp-content\/uploads\/2023\/03\/220319_mini-bob_Logo_1976_RGB_RZ-2048x983.png 2048w, https:\/\/mini-bob.com\/wp-content\/uploads\/2023\/03\/220319_mini-bob_Logo_1976_RGB_RZ-600x288.png 600w\" sizes=\"auto, (max-width: 1024px) 100vw, 1024px\" \/>[\/vc_wp_text][\/vc_column][\/vc_row][vc_row][vc_column][vc_wp_text]<\/p>\n<p>Tu trouveras ici toutes les informations concernant le v\u00e9ritable Zipfybob (mini bob).<\/p>\n<p>Depuis 1976, le Zipfybob (mini bob) est produit par l&rsquo;entreprise Loeger GmbH sous une forme inchang\u00e9e et distribu\u00e9 dans le monde entier.<\/p>\n<p>Dans la rubrique \u00ab\u00a0le mini bob\u00a0\u00bb, tu apprendras tout sur l&rsquo;histoire du v\u00e9ritable Zipfybob.<\/p>\n<p>Le nom luge mini bob ou \u00ab\u00a0Zipfybob\u00a0\u00bb \u00ab\u00a0Zipflbob\u00a0\u00bb vient de la r\u00e9gion alpine et varie d&rsquo;une r\u00e9gion \u00e0 l&rsquo;autre.<\/p>\n<p>Ce n&rsquo;est qu&rsquo;avec le logo \u00ab\u00a0Original mini bob\u00a0\u00bb que le Zipfybob est un vrai mini bob.<\/p>\n<p>[\/vc_wp_text]<style type=\"text\/css\" data-type=\"the7_shortcodes-inline-css\">#default-btn-0fe7664af43aef4d560a296164fba49a.ico-right-side > i {\n  margin-right: 0px;\n  margin-left: 8px;\n}\n#default-btn-0fe7664af43aef4d560a296164fba49a > i {\n  margin-right: 8px;\n}<\/style><a href=\"https:\/\/mini-bob.com\/fr\/\" class=\"default-btn-shortcode dt-btn dt-btn-l pulse animate-element animation-builder link-hover-off btn-inline-left \" id=\"default-btn-0fe7664af43aef4d560a296164fba49a\" title=\"Accueil de mini bob - original zipflbob\"><span>VOICI LE MINI BOB<\/span><\/a>[\/vc_column][\/vc_row][vc_row][vc_column][vc_column_text]L&rsquo;id\u00e9e du luge Zipfybob original est n\u00e9e en Autriche en 1976. Depuis, il est produit et distribu\u00e9 en Allemagne par Loeger GmbH sous le nom de \u00ab\u00a0mini bob\u00a0\u00bb.<\/p>\n<p>Sa forme innovante, courageuse et unique \u00e0 l&rsquo;\u00e9poque a \u00e9t\u00e9 copi\u00e9e plusieurs fois depuis.[\/vc_column_text][vc_empty_space][\/vc_column][\/vc_row][vc_row][vc_column width=\u00a0\u00bb1\/2&Prime;][vc_single_image image=\u00a0\u00bb148559&Prime; img_size=\u00a0\u00bbmedium\u00a0\u00bb][\/vc_column][vc_column width=\u00a0\u00bb1\/2&Prime;][vc_single_image image=\u00a0\u00bb148592&Prime; img_size=\u00a0\u00bbmedium\u00a0\u00bb][\/vc_column][\/vc_row][vc_row][vc_column][vc_column_text]Le luge minibob original (Zipflbob) est disponible dans de nombreuses couleurs diff\u00e9rentes. Depuis son invention en 1976, il existe les couleurs classiques rouge, jaune, orange, noir, vert. Au fil des ann\u00e9es, de nombreuses autres couleurs ont \u00e9t\u00e9 ajout\u00e9es, souvent aussi en tant que couleur sp\u00e9ciale limit\u00e9e dans le temps. Tu trouveras toutes les couleurs actuelles dans notre <a href=\"https:\/\/mini-bob.com\/mini-bob-zipfelbob-shop\/\">boutique en ligne<\/a>. Le luge minibob original est reconnaissable \u00e0 sa forme caract\u00e9ristique ainsi qu&rsquo;au logo luge \u00ab\u00a0original mini bob\u00a0\u00bb. Le luge Zipfybob original est de grande qualit\u00e9 et solidement con\u00e7u pour r\u00e9sister aux conditions les plus extr\u00eames. Gr\u00e2ce \u00e0 notre production en Allemagne et \u00e0 notre standard de qualit\u00e9 \u00e9lev\u00e9, nous garantissons que notre produit r\u00e9pond aux exigences les plus \u00e9lev\u00e9es.[\/vc_column_text][\/vc_column][\/vc_row]<\/p>\n<\/div>","protected":false},"excerpt":{"rendered":"<p>[vc_row][vc_column width=\u00a0\u00bb1\/2&Prime;][vc_wp_text] [\/vc_wp_text][\/vc_column][vc_column width=\u00a0\u00bb1\/2&Prime; css=\u00a0\u00bb.vc_custom_1660904565980{padding-top: 70px !important;}\u00a0\u00bb][vc_wp_text][\/vc_wp_text][\/vc_column][\/vc_row][vc_row][vc_column][vc_wp_text] Tu trouveras ici toutes les informations concernant le v\u00e9ritable Zipfybob (mini bob). Depuis 1976, le Zipfybob (mini bob) est produit par l&rsquo;entreprise Loeger GmbH sous une forme inchang\u00e9e et distribu\u00e9 dans le monde entier. Dans la rubrique \u00ab\u00a0le mini bob\u00a0\u00bb, tu apprendras tout sur l&rsquo;histoire du v\u00e9ritable Zipfybob.&hellip;<\/p>\n","protected":false},"author":1,"featured_media":0,"parent":0,"menu_order":0,"comment_status":"closed","ping_status":"closed","template":"","meta":{"_acf_changed":false,"footnotes":""},"class_list":["post-147710","page","type-page","status-publish","hentry","description-off"],"acf":[],"_links":{"self":[{"href":"https:\/\/mini-bob.com\/fr\/wp-json\/wp\/v2\/pages\/147710","targetHints":{"allow":["GET"]}}],"collection":[{"href":"https:\/\/mini-bob.com\/fr\/wp-json\/wp\/v2\/pages"}],"about":[{"href":"https:\/\/mini-bob.com\/fr\/wp-json\/wp\/v2\/types\/page"}],"author":[{"embeddable":true,"href":"https:\/\/mini-bob.com\/fr\/wp-json\/wp\/v2\/users\/1"}],"replies":[{"embeddable":true,"href":"https:\/\/mini-bob.com\/fr\/wp-json\/wp\/v2\/comments?post=147710"}],"version-history":[{"count":6,"href":"https:\/\/mini-bob.com\/fr\/wp-json\/wp\/v2\/pages\/147710\/revisions"}],"predecessor-version":[{"id":152048,"href":"https:\/\/mini-bob.com\/fr\/wp-json\/wp\/v2\/pages\/147710\/revisions\/152048"}],"wp:attachment":[{"href":"https:\/\/mini-bob.com\/fr\/wp-json\/wp\/v2\/media?parent=147710"}],"curies":[{"name":"wp","href":"https:\/\/api.w.org\/{rel}","templated":true}]}}