{"id":147840,"date":"2022-09-23T17:26:41","date_gmt":"2022-09-23T15:26:41","guid":{"rendered":"https:\/\/mini-bob.com\/le-mini-bob-turquoise-zipflbob\/"},"modified":"2022-10-21T16:24:50","modified_gmt":"2022-10-21T14:24:50","slug":"le-mini-bob-turquoise-zipflbob","status":"publish","type":"page","link":"https:\/\/mini-bob.com\/fr\/le-mini-bob-turquoise-zipflbob\/","title":{"rendered":"le mini bob turquoise \/ zipflbob"},"content":{"rendered":"<div class=\"wpb-content-wrapper\"><p>[vc_row][vc_column width=\u00a0\u00bb1\/2&Prime;][vc_single_image image=\u00a0\u00bb147301&Prime; img_size=\u00a0\u00bblarge\u00a0\u00bb][\/vc_column][vc_column width=\u00a0\u00bb1\/2&Prime;][vc_custom_heading text=\u00a0\u00bbLe mini bob original (Zipflbob) en turquoise\u00a0\u00bb google_fonts=\u00a0\u00bbfont_family:Roboto%20Condensed%3A300%2C300italic%2Cregular%2Citalic%2C700%2C700italic|font_style:400%20regular%3A400%3Anormal\u00a0\u00bb][vc_column_text]Depuis septembre 2022, le mini bob original (Zipfybob) est disponible dans la couleur sp\u00e9ciale turquoise.<\/p>\n<p>Cette fois-ci, le Zipflbob dans la couleur sp\u00e9ciale turquoise ne remplace pas le Zipfybob dans la couleur sp\u00e9ciale rose, comme d&rsquo;habitude. Au contraire ! Le mini bob original de couleur menthe est une extension dans notre boutique, nous pouvons donc offrir \u00e0 nos clients, petits et grands, un choix vari\u00e9 de couleurs. Selon la devise : plus c&rsquo;est color\u00e9, mieux c&rsquo;est.<\/p>\n<p>Ce m\u00e9lange particulier de bleu et de vert attire imm\u00e9diatement l&rsquo;attention et est devenu incontournable en 2022. C&rsquo;est pourquoi il \u00e9tait important pour nous de fabriquer un mini bob original dans la couleur tendance turquoise. Et les couleurs vives sont toujours particuli\u00e8rement appr\u00e9ci\u00e9es des enfants. Surtout, les couleurs violet et turquoise rappellent une reine des glaces populaire et quoi de mieux pour s&rsquo;accorder avec la neige que le mini bob original turquoise ?<\/p>\n<p>Un mini bob similaire de couleur \u00ab\u00a0p\u00e9trole\u00a0\u00bb avait d\u00e9j\u00e0 \u00e9t\u00e9 produit dans les ann\u00e9es 1970, et il avait d\u00e9j\u00e0 \u00e9t\u00e9 bien accueilli \u00e0 l&rsquo;\u00e9poque. Et comme nous le savons tous, une tendance se r\u00e9p\u00e8te toutes les quelques ann\u00e9es. C&rsquo;est d&rsquo;autant plus agr\u00e9able de pouvoir \u00e0 nouveau se servir dans cette palette de couleurs et d&rsquo;apporter ainsi un peu des ann\u00e9es 70 \u00e0 notre \u00e9poque.[\/vc_column_text]<style type=\"text\/css\" data-type=\"the7_shortcodes-inline-css\">#default-btn-caeb91e7c3f629c1d6220495f8434953.ico-right-side > i {\n  margin-right: 0px;\n  margin-left: 8px;\n}\n#default-btn-caeb91e7c3f629c1d6220495f8434953 > i {\n  margin-right: 8px;\n}<\/style><a href=\"https:\/\/mini-bob.com\/fr\/produit\/mini-bob-luge-original-turquoise\/\" class=\"default-btn-shortcode dt-btn dt-btn-l pulse animate-element animation-builder link-hover-off btn-inline-left \" id=\"default-btn-caeb91e7c3f629c1d6220495f8434953\" title=\"++NOUVEAUX COULEURS++ Original mini bob (Zipfybob) en turquoise\"><span>ACHETER MINIBOB TURQUOISE<\/span><\/a>[\/vc_column][\/vc_row][vc_row][vc_column][vc_empty_space][\/vc_column][\/vc_row][vc_row][vc_column width=\u00a0\u00bb1\/2&Prime;][vc_empty_space height=\u00a0\u00bb60px\u00a0\u00bb][vc_empty_space height=\u00a0\u00bb60px\u00a0\u00bb]<style type=\"text\/css\" data-type=\"the7_shortcodes-inline-css\">#default-btn-51bb7edef1271bc5871cd98fc298f05e.ico-right-side > i {\n  margin-right: 0px;\n  margin-left: 8px;\n}\n#default-btn-51bb7edef1271bc5871cd98fc298f05e > i {\n  margin-right: 8px;\n}<\/style><div class=\"btn-align-center\"><a href=\"https:\/\/mini-bob.com\/fr\/la-luge-mini-bob\/\" class=\"default-btn-shortcode dt-btn dt-btn-l pulse animate-element animation-builder link-hover-off \" id=\"default-btn-51bb7edef1271bc5871cd98fc298f05e\" title=\"la luge mini bob\"><span>LE MINI BOB DANS D&rsquo;AUTRES COULEURS<\/span><\/a><\/div>[vc_empty_space]<style type=\"text\/css\" data-type=\"the7_shortcodes-inline-css\">#default-btn-a5a2ee92096b44d50d1fe7e574d5e931.ico-right-side > i {\n  margin-right: 0px;\n  margin-left: 8px;\n}\n#default-btn-a5a2ee92096b44d50d1fe7e574d5e931 > i {\n  margin-right: 8px;\n}<\/style><div class=\"btn-align-center\"><a href=\"https:\/\/mini-bob.com\/mini-bob-zipfelbob-shop\/\" class=\"default-btn-shortcode dt-btn dt-btn-l pulse animate-element animation-builder link-hover-off \" id=\"default-btn-a5a2ee92096b44d50d1fe7e574d5e931\" title=\"Boutique originale mini bob (luge)\"><span>CLIQUEZ ICI POUR ACC\u00c9DER \u00c0 LA BOUTIQUE<\/span><\/a><\/div>[\/vc_column][vc_column width=\u00a0\u00bb1\/2&Prime;][vc_single_image image=\u00a0\u00bb147307&Prime; img_size=\u00a0\u00bblarge\u00a0\u00bb][vc_column_text]Inspir\u00e9 d&rsquo;un zipfybob similaire de couleur p\u00e9trole des ann\u00e9es 1970.[\/vc_column_text][\/vc_column][\/vc_row]<\/p>\n<\/div>","protected":false},"excerpt":{"rendered":"<p>[vc_row][vc_column width=\u00a0\u00bb1\/2&Prime;][vc_single_image image=\u00a0\u00bb147301&Prime; img_size=\u00a0\u00bblarge\u00a0\u00bb][\/vc_column][vc_column width=\u00a0\u00bb1\/2&Prime;][vc_custom_heading text=\u00a0\u00bbLe mini bob original (Zipflbob) en turquoise\u00a0\u00bb google_fonts=\u00a0\u00bbfont_family:Roboto%20Condensed%3A300%2C300italic%2Cregular%2Citalic%2C700%2C700italic|font_style:400%20regular%3A400%3Anormal\u00a0\u00bb][vc_column_text]Depuis septembre 2022, le mini bob original (Zipfybob) est disponible dans la couleur sp\u00e9ciale turquoise. Cette fois-ci, le Zipflbob dans la couleur sp\u00e9ciale turquoise ne remplace pas le Zipfybob dans la couleur sp\u00e9ciale rose, comme d&rsquo;habitude. Au contraire ! Le mini bob original&hellip;<\/p>\n","protected":false},"author":3,"featured_media":0,"parent":0,"menu_order":0,"comment_status":"closed","ping_status":"closed","template":"","meta":{"_acf_changed":false,"footnotes":""},"class_list":["post-147840","page","type-page","status-publish","hentry","description-off"],"acf":[],"_links":{"self":[{"href":"https:\/\/mini-bob.com\/fr\/wp-json\/wp\/v2\/pages\/147840","targetHints":{"allow":["GET"]}}],"collection":[{"href":"https:\/\/mini-bob.com\/fr\/wp-json\/wp\/v2\/pages"}],"about":[{"href":"https:\/\/mini-bob.com\/fr\/wp-json\/wp\/v2\/types\/page"}],"author":[{"embeddable":true,"href":"https:\/\/mini-bob.com\/fr\/wp-json\/wp\/v2\/users\/3"}],"replies":[{"embeddable":true,"href":"https:\/\/mini-bob.com\/fr\/wp-json\/wp\/v2\/comments?post=147840"}],"version-history":[{"count":3,"href":"https:\/\/mini-bob.com\/fr\/wp-json\/wp\/v2\/pages\/147840\/revisions"}],"predecessor-version":[{"id":147843,"href":"https:\/\/mini-bob.com\/fr\/wp-json\/wp\/v2\/pages\/147840\/revisions\/147843"}],"wp:attachment":[{"href":"https:\/\/mini-bob.com\/fr\/wp-json\/wp\/v2\/media?parent=147840"}],"curies":[{"name":"wp","href":"https:\/\/api.w.org\/{rel}","templated":true}]}}