{"id":148901,"date":"2015-10-27T16:34:53","date_gmt":"2015-10-27T15:34:53","guid":{"rendered":"https:\/\/mini-bob.com\/le-mini-bob-orange-zipflbob\/"},"modified":"2023-03-27T10:36:34","modified_gmt":"2023-03-27T08:36:34","slug":"le-mini-bob-orange-zipflbob","status":"publish","type":"page","link":"https:\/\/mini-bob.com\/fr\/le-mini-bob-orange-zipflbob\/","title":{"rendered":"le mini bob orange \/ zipflbob"},"content":{"rendered":"<div class=\"wpb-content-wrapper\"><p>[vc_row][vc_column width=\u00a0\u00bb1\/2&Prime;][vc_single_image image=\u00a0\u00bb144639&Prime; img_size=\u00a0\u00bblarge\u00a0\u00bb][\/vc_column][vc_column width=\u00a0\u00bb1\/2&Prime;][vc_custom_heading text=\u00a0\u00bbLe mini bob original (Zipflbob) en orange\u00a0\u00bb google_fonts=\u00a0\u00bbfont_family:Roboto%20Condensed%3A300%2C300italic%2Cregular%2Citalic%2C700%2C700italic|font_style:400%20regular%3A400%3Anormal\u00a0\u00bb][vc_column_text]Le mini bob orange (Zipfybob) a remplac\u00e9 le mini bob jaune en 2010 et a \u00e9t\u00e9 produit et vendu jusqu&rsquo;en 2014.<\/p>\n<p>En tant que couleur sp\u00e9ciale au design r\u00e9tro, le Zipflbob - mini bob orange devrait rappeler les couleurs populaires dans les ann\u00e9es 1970.<\/p>\n<p>Dans les ann\u00e9es 1970, la couleur orange dominait la vie quotidienne. Il y avait des voitures de couleur orange, on tapissait les murs de couleurs orange et jaune, et on produisait des ustensiles de cuisine et des meubles de couleur orange.[\/vc_column_text][vc_empty_space]<style type=\"text\/css\" data-type=\"the7_shortcodes-inline-css\">#default-btn-5d6d57d6baade5d325b4fd269005e0c6.ico-right-side > i {\n  margin-right: 0px;\n  margin-left: 8px;\n}\n#default-btn-5d6d57d6baade5d325b4fd269005e0c6 > i {\n  margin-right: 8px;\n}<\/style><a href=\"https:\/\/mini-bob.com\/mini-bob-zipfelbob-shop\/\" class=\"default-btn-shortcode dt-btn dt-btn-l pulse animate-element animation-builder link-hover-off btn-inline-left \" id=\"default-btn-5d6d57d6baade5d325b4fd269005e0c6\" title=\"Boutique originale mini bob (luge)\"><span>CLIQUEZ ICI POUR ACC\u00c9DER \u00c0 LA BOUTIQUE<\/span><\/a>[\/vc_column][\/vc_row][vc_row][vc_column][vc_empty_space][\/vc_column][\/vc_row][vc_row][vc_column width=\u00a0\u00bb1\/2&Prime;][vc_empty_space][vc_empty_space]<style type=\"text\/css\" data-type=\"the7_shortcodes-inline-css\">#default-btn-51bb7edef1271bc5871cd98fc298f05e.ico-right-side > i {\n  margin-right: 0px;\n  margin-left: 8px;\n}\n#default-btn-51bb7edef1271bc5871cd98fc298f05e > i {\n  margin-right: 8px;\n}<\/style><div class=\"btn-align-center\"><a href=\"https:\/\/mini-bob.com\/fr\/la-luge-mini-bob\/\" class=\"default-btn-shortcode dt-btn dt-btn-l pulse animate-element animation-builder link-hover-off \" id=\"default-btn-51bb7edef1271bc5871cd98fc298f05e\" title=\"la luge mini bob\"><span>LE MINI BOB DANS D&rsquo;AUTRES COULEURS<\/span><\/a><\/div>[\/vc_column][vc_column width=\u00a0\u00bb1\/2&Prime;][vc_single_image image=\u00a0\u00bb144457&Prime; img_size=\u00a0\u00bblarge\u00a0\u00bb][\/vc_column][\/vc_row]<\/p>\n<\/div>","protected":false},"excerpt":{"rendered":"<p>[vc_row][vc_column width=\u00a0\u00bb1\/2&Prime;][vc_single_image image=\u00a0\u00bb144639&Prime; img_size=\u00a0\u00bblarge\u00a0\u00bb][\/vc_column][vc_column width=\u00a0\u00bb1\/2&Prime;][vc_custom_heading text=\u00a0\u00bbLe mini bob original (Zipflbob) en orange\u00a0\u00bb google_fonts=\u00a0\u00bbfont_family:Roboto%20Condensed%3A300%2C300italic%2Cregular%2Citalic%2C700%2C700italic|font_style:400%20regular%3A400%3Anormal\u00a0\u00bb][vc_column_text]Le mini bob orange (Zipfybob) a remplac\u00e9 le mini bob jaune en 2010 et a \u00e9t\u00e9 produit et vendu jusqu&rsquo;en 2014. En tant que couleur sp\u00e9ciale au design r\u00e9tro, le Zipflbob - mini bob orange devrait rappeler les couleurs populaires dans les ann\u00e9es&hellip;<\/p>\n","protected":false},"author":1,"featured_media":0,"parent":0,"menu_order":0,"comment_status":"closed","ping_status":"closed","template":"","meta":{"_acf_changed":false,"footnotes":""},"class_list":["post-148901","page","type-page","status-publish","hentry","description-off"],"acf":[],"_links":{"self":[{"href":"https:\/\/mini-bob.com\/fr\/wp-json\/wp\/v2\/pages\/148901","targetHints":{"allow":["GET"]}}],"collection":[{"href":"https:\/\/mini-bob.com\/fr\/wp-json\/wp\/v2\/pages"}],"about":[{"href":"https:\/\/mini-bob.com\/fr\/wp-json\/wp\/v2\/types\/page"}],"author":[{"embeddable":true,"href":"https:\/\/mini-bob.com\/fr\/wp-json\/wp\/v2\/users\/1"}],"replies":[{"embeddable":true,"href":"https:\/\/mini-bob.com\/fr\/wp-json\/wp\/v2\/comments?post=148901"}],"version-history":[{"count":6,"href":"https:\/\/mini-bob.com\/fr\/wp-json\/wp\/v2\/pages\/148901\/revisions"}],"predecessor-version":[{"id":152036,"href":"https:\/\/mini-bob.com\/fr\/wp-json\/wp\/v2\/pages\/148901\/revisions\/152036"}],"wp:attachment":[{"href":"https:\/\/mini-bob.com\/fr\/wp-json\/wp\/v2\/media?parent=148901"}],"curies":[{"name":"wp","href":"https:\/\/api.w.org\/{rel}","templated":true}]}}