{"id":152053,"date":"2022-08-22T16:16:54","date_gmt":"2022-08-22T14:16:54","guid":{"rendered":"https:\/\/mini-bob.com\/le-mini-bob-rose-le-luge-bob\/"},"modified":"2023-03-27T11:30:26","modified_gmt":"2023-03-27T09:30:26","slug":"le-mini-bob-rose-le-luge-bob","status":"publish","type":"page","link":"https:\/\/mini-bob.com\/fr\/le-mini-bob-rose-le-luge-bob\/","title":{"rendered":"Le mini bob rose \/ le luge bob"},"content":{"rendered":"<div class=\"wpb-content-wrapper\"><p>[vc_row][vc_column width=\u00a0\u00bb1\/2&Prime;][vc_single_image image=\u00a0\u00bb141006&Prime; img_size=\u00a0\u00bblarge\u00a0\u00bb][\/vc_column][vc_column width=\u00a0\u00bb1\/2&Prime;][vc_custom_heading text=\u00a0\u00bbLe mini bob original (lugebob) en rose\u00a0\u00bb google_fonts=\u00a0\u00bbfont_family:Roboto%20Condensed%3A300%2C300italic%2Cregular%2Citalic%2C700%2C700italic|font_style:400%20regular%3A400%3Anormal\u00a0\u00bb][vc_column_text]Depuis l&rsquo;ann\u00e9e 2020, le mini bob (Zipfybob) est disponible dans une couleur sp\u00e9ciale rose.<\/p>\n<p>Apr\u00e8s le mini bob rose fluo (ann\u00e9es 1980), le mini bob violet (ann\u00e9es 1990), le Zipfybob au design Milka (ann\u00e9es 2000) et le Zipflbob en \u00ab\u00a0pourpre\u00a0\u00bb (ann\u00e9es 2010), le mini bob original rose tant d\u00e9sir\u00e9 a finalement suivi en 2020.<br \/>\nLa forte demande pour un luge bob en plastique \u00ab\u00a0girly\u00a0\u00bb, nous a amen\u00e9 \u00e0 notre couleur sp\u00e9ciale : le rose.<br \/>\nEn effet, quoi de mieux pour notre luge zipfibob des ann\u00e9es 1970 que la couleur rose (dont le nom provient de la fleur du m\u00eame nom), qui est devenue un symbole f\u00e9minin dans les ann\u00e9es 1970 ? C&rsquo;est vrai, le luge mini bob original rose.<\/p>\n<p>Depuis maintenant plus de 45 ans, nous utilisons toujours ces teintes et faisons en sorte que le c\u00e9l\u00e8bre luge Zipflbob change constamment de couleur.[\/vc_column_text][\/vc_column][\/vc_row][vc_row][vc_column width=\u00a0\u00bb1\/2&Prime;][vc_empty_space height=\u00a0\u00bb200px\u00a0\u00bb]<style type=\"text\/css\" data-type=\"the7_shortcodes-inline-css\">#default-btn-647f3c55d6ff7480c4bd36482aa7ec8d.ico-right-side > i {\n  margin-right: 0px;\n  margin-left: 8px;\n}\n#default-btn-647f3c55d6ff7480c4bd36482aa7ec8d > i {\n  margin-right: 8px;\n}<\/style><a href=\"https:\/\/mini-bob.com\/fr\/produit\/mini-bob-luge-plastique-bob-rose\/\" class=\"default-btn-shortcode dt-btn dt-btn-l pulse animate-element animation-builder link-hover-off btn-inline-left \" id=\"default-btn-647f3c55d6ff7480c4bd36482aa7ec8d\" title=\"mini bob original (bob luge) en rose\"><span>ACHETER LUGEBOB ROSE<\/span><\/a>[vc_empty_space]<style type=\"text\/css\" data-type=\"the7_shortcodes-inline-css\">#default-btn-640e1bbc219ac81ec2be63a0ac6da725.ico-right-side > i {\n  margin-right: 0px;\n  margin-left: 8px;\n}\n#default-btn-640e1bbc219ac81ec2be63a0ac6da725 > i {\n  margin-right: 8px;\n}<\/style><a href=\"https:\/\/mini-bob.com\/fr\/la-luge-mini-bob\/\" class=\"default-btn-shortcode dt-btn dt-btn-l pulse animate-element animation-builder link-hover-off btn-inline-left \" id=\"default-btn-640e1bbc219ac81ec2be63a0ac6da725\" title=\"la luge mini bob\"><span>LE MINI BOB DANS D&rsquo;AUTRES COULEURS<\/span><\/a>[vc_empty_space]<style type=\"text\/css\" data-type=\"the7_shortcodes-inline-css\">#default-btn-5d6d57d6baade5d325b4fd269005e0c6.ico-right-side > i {\n  margin-right: 0px;\n  margin-left: 8px;\n}\n#default-btn-5d6d57d6baade5d325b4fd269005e0c6 > i {\n  margin-right: 8px;\n}<\/style><a href=\"https:\/\/mini-bob.com\/mini-bob-zipfelbob-shop\/\" class=\"default-btn-shortcode dt-btn dt-btn-l pulse animate-element animation-builder link-hover-off btn-inline-left \" id=\"default-btn-5d6d57d6baade5d325b4fd269005e0c6\" title=\"Boutique originale mini bob (luge)\"><span>CLIQUEZ ICI POUR ACC\u00c9DER \u00c0 LA BOUTIQUE<\/span><\/a>[\/vc_column][vc_column width=\u00a0\u00bb1\/2&Prime;][vc_single_image image=\u00a0\u00bb140993&Prime; img_size=\u00a0\u00bblarge\u00a0\u00bb][\/vc_column][\/vc_row][vc_row][vc_column][vc_single_image image=\u00a0\u00bb140942&Prime; img_size=\u00a0\u00bbfull\u00a0\u00bb alignment=\u00a0\u00bbcenter\u00a0\u00bb][\/vc_column][\/vc_row]<\/p>\n<\/div>","protected":false},"excerpt":{"rendered":"<p>[vc_row][vc_column width=\u00a0\u00bb1\/2&Prime;][vc_single_image image=\u00a0\u00bb141006&Prime; img_size=\u00a0\u00bblarge\u00a0\u00bb][\/vc_column][vc_column width=\u00a0\u00bb1\/2&Prime;][vc_custom_heading text=\u00a0\u00bbLe mini bob original (lugebob) en rose\u00a0\u00bb google_fonts=\u00a0\u00bbfont_family:Roboto%20Condensed%3A300%2C300italic%2Cregular%2Citalic%2C700%2C700italic|font_style:400%20regular%3A400%3Anormal\u00a0\u00bb][vc_column_text]Depuis l&rsquo;ann\u00e9e 2020, le mini bob (Zipfybob) est disponible dans une couleur sp\u00e9ciale rose. Apr\u00e8s le mini bob rose fluo (ann\u00e9es 1980), le mini bob violet (ann\u00e9es 1990), le Zipfybob au design Milka (ann\u00e9es 2000) et le Zipflbob en \u00ab\u00a0pourpre\u00a0\u00bb (ann\u00e9es 2010), le&hellip;<\/p>\n","protected":false},"author":3,"featured_media":0,"parent":0,"menu_order":0,"comment_status":"closed","ping_status":"closed","template":"","meta":{"_acf_changed":false,"footnotes":""},"class_list":["post-152053","page","type-page","status-publish","hentry","description-off"],"acf":[],"_links":{"self":[{"href":"https:\/\/mini-bob.com\/fr\/wp-json\/wp\/v2\/pages\/152053","targetHints":{"allow":["GET"]}}],"collection":[{"href":"https:\/\/mini-bob.com\/fr\/wp-json\/wp\/v2\/pages"}],"about":[{"href":"https:\/\/mini-bob.com\/fr\/wp-json\/wp\/v2\/types\/page"}],"author":[{"embeddable":true,"href":"https:\/\/mini-bob.com\/fr\/wp-json\/wp\/v2\/users\/3"}],"replies":[{"embeddable":true,"href":"https:\/\/mini-bob.com\/fr\/wp-json\/wp\/v2\/comments?post=152053"}],"version-history":[{"count":3,"href":"https:\/\/mini-bob.com\/fr\/wp-json\/wp\/v2\/pages\/152053\/revisions"}],"predecessor-version":[{"id":152056,"href":"https:\/\/mini-bob.com\/fr\/wp-json\/wp\/v2\/pages\/152053\/revisions\/152056"}],"wp:attachment":[{"href":"https:\/\/mini-bob.com\/fr\/wp-json\/wp\/v2\/media?parent=152053"}],"curies":[{"name":"wp","href":"https:\/\/api.w.org\/{rel}","templated":true}]}}