{"id":152057,"date":"2015-10-25T15:30:06","date_gmt":"2015-10-25T14:30:06","guid":{"rendered":"https:\/\/mini-bob.com\/le-mini-bob-pourpre-luge-bob\/"},"modified":"2023-03-27T11:59:53","modified_gmt":"2023-03-27T09:59:53","slug":"le-mini-bob-pourpre-luge-bob","status":"publish","type":"page","link":"https:\/\/mini-bob.com\/fr\/le-mini-bob-pourpre-luge-bob\/","title":{"rendered":"le mini bob pourpre \/ luge bob"},"content":{"rendered":"<div class=\"wpb-content-wrapper\"><p>[vc_row][vc_column width=\u00a0\u00bb1\/2&Prime;][vc_single_image image=\u00a0\u00bb144634&Prime; img_size=\u00a0\u00bblarge\u00a0\u00bb][\/vc_column][vc_column width=\u00a0\u00bb1\/2&Prime;][vc_custom_heading text=\u00a0\u00bbLe mini bob original (luge bob) en violet\u00a0\u00bb google_fonts=\u00a0\u00bbfont_family:Roboto%20Condensed%3A300%2C300italic%2Cregular%2Citalic%2C700%2C700italic|font_style:400%20regular%3A400%3Anormal\u00a0\u00bb][vc_column_text]Depuis 2015, le mini bob original (luge bob) est disponible dans la couleur \u00ab\u00a0pourpre\u00a0\u00bb, \u00e9galement connue sous le nom de :<\/p>\n<p><strong>Violet<\/strong> : la couleur violette fr\u00f4le le pourpre ou est aussi appel\u00e9e pourpre fonc\u00e9 (luge pelle violet).<\/p>\n<p><strong>Violet<\/strong> : le violet est un violet plus clair que l&rsquo;on appelle aussi pourpre (lilas luge bob).<\/p>\n<p><strong>Magenta<\/strong> : le magenta se situe entre le violet et le rouge et est la couleur compl\u00e9mentaire du vert ! (luge magenta)<\/p>\n<p><strong>Rose<\/strong> : le rose est le magenta tr\u00e8s vif dans les tons pastels (luge minibob rose).<\/p>\n<p>D\u00e9j\u00e0 dans les ann\u00e9es 1990, il existait une couleur sp\u00e9ciale rose fluo qui a \u00e9t\u00e9 produite et vendue pendant 2 ans.[\/vc_column_text][\/vc_column][\/vc_row][vc_row][vc_column width=\u00a0\u00bb1\/2&Prime;][vc_empty_space height=\u00a0\u00bb90px\u00a0\u00bb]<style type=\"text\/css\" data-type=\"the7_shortcodes-inline-css\">#default-btn-a5a2ee92096b44d50d1fe7e574d5e931.ico-right-side > i {\n  margin-right: 0px;\n  margin-left: 8px;\n}\n#default-btn-a5a2ee92096b44d50d1fe7e574d5e931 > i {\n  margin-right: 8px;\n}<\/style><div class=\"btn-align-center\"><a href=\"https:\/\/mini-bob.com\/mini-bob-zipfelbob-shop\/\" class=\"default-btn-shortcode dt-btn dt-btn-l pulse animate-element animation-builder link-hover-off \" id=\"default-btn-a5a2ee92096b44d50d1fe7e574d5e931\" title=\"Boutique originale mini bob (luge)\"><span>CLIQUEZ ICI POUR ACC\u00c9DER \u00c0 LA BOUTIQUE<\/span><\/a><\/div>[vc_empty_space]<style type=\"text\/css\" data-type=\"the7_shortcodes-inline-css\">#default-btn-51bb7edef1271bc5871cd98fc298f05e.ico-right-side > i {\n  margin-right: 0px;\n  margin-left: 8px;\n}\n#default-btn-51bb7edef1271bc5871cd98fc298f05e > i {\n  margin-right: 8px;\n}<\/style><div class=\"btn-align-center\"><a href=\"https:\/\/mini-bob.com\/fr\/la-luge-mini-bob\/\" class=\"default-btn-shortcode dt-btn dt-btn-l pulse animate-element animation-builder link-hover-off \" id=\"default-btn-51bb7edef1271bc5871cd98fc298f05e\" title=\"la luge mini bob\"><span>LE MINI BOB DANS D&rsquo;AUTRES COULEURS<\/span><\/a><\/div>[\/vc_column][vc_column width=\u00a0\u00bb1\/2&Prime;][vc_single_image image=\u00a0\u00bb144630&Prime; img_size=\u00a0\u00bblarge\u00a0\u00bb][\/vc_column][\/vc_row]<\/p>\n<\/div>","protected":false},"excerpt":{"rendered":"<p>[vc_row][vc_column width=\u00a0\u00bb1\/2&Prime;][vc_single_image image=\u00a0\u00bb144634&Prime; img_size=\u00a0\u00bblarge\u00a0\u00bb][\/vc_column][vc_column width=\u00a0\u00bb1\/2&Prime;][vc_custom_heading text=\u00a0\u00bbLe mini bob original (luge bob) en violet\u00a0\u00bb google_fonts=\u00a0\u00bbfont_family:Roboto%20Condensed%3A300%2C300italic%2Cregular%2Citalic%2C700%2C700italic|font_style:400%20regular%3A400%3Anormal\u00a0\u00bb][vc_column_text]Depuis 2015, le mini bob original (luge bob) est disponible dans la couleur \u00ab\u00a0pourpre\u00a0\u00bb, \u00e9galement connue sous le nom de : Violet : la couleur violette fr\u00f4le le pourpre ou est aussi appel\u00e9e pourpre fonc\u00e9 (luge pelle violet). Violet : le violet&hellip;<\/p>\n","protected":false},"author":1,"featured_media":0,"parent":0,"menu_order":0,"comment_status":"closed","ping_status":"closed","template":"","meta":{"_acf_changed":false,"footnotes":""},"class_list":["post-152057","page","type-page","status-publish","hentry","description-off"],"acf":[],"_links":{"self":[{"href":"https:\/\/mini-bob.com\/fr\/wp-json\/wp\/v2\/pages\/152057","targetHints":{"allow":["GET"]}}],"collection":[{"href":"https:\/\/mini-bob.com\/fr\/wp-json\/wp\/v2\/pages"}],"about":[{"href":"https:\/\/mini-bob.com\/fr\/wp-json\/wp\/v2\/types\/page"}],"author":[{"embeddable":true,"href":"https:\/\/mini-bob.com\/fr\/wp-json\/wp\/v2\/users\/1"}],"replies":[{"embeddable":true,"href":"https:\/\/mini-bob.com\/fr\/wp-json\/wp\/v2\/comments?post=152057"}],"version-history":[{"count":7,"href":"https:\/\/mini-bob.com\/fr\/wp-json\/wp\/v2\/pages\/152057\/revisions"}],"predecessor-version":[{"id":152064,"href":"https:\/\/mini-bob.com\/fr\/wp-json\/wp\/v2\/pages\/152057\/revisions\/152064"}],"wp:attachment":[{"href":"https:\/\/mini-bob.com\/fr\/wp-json\/wp\/v2\/media?parent=152057"}],"curies":[{"name":"wp","href":"https:\/\/api.w.org\/{rel}","templated":true}]}}