{"id":156577,"date":"2018-01-08T10:13:22","date_gmt":"2018-01-08T09:13:22","guid":{"rendered":"https:\/\/mini-bob.com\/bob-a-manche-acheter\/"},"modified":"2025-11-22T17:27:16","modified_gmt":"2025-11-22T16:27:16","slug":"bob-a-manche-acheter","status":"publish","type":"page","link":"https:\/\/mini-bob.com\/fr\/bob-a-manche-acheter\/","title":{"rendered":"Bob \u00e0 manche - acheter"},"content":{"rendered":"<div class=\"wpb-content-wrapper\"><p>[vc_row][vc_column][vc_custom_heading text=\u00a0\u00bble mini bob - les inventeurs du bob \u00e0 manche\u00a0\u00bb font_container=\u00a0\u00bbtag:h1|text_align:left\u00a0\u00bb google_fonts=\u00a0\u00bbfont_family:Roboto%20Condensed%3A300%2C300italic%2Cregular%2Citalic%2C700%2C700italic|font_style:400%20regular%3A400%3Anormal\u00a0\u00bb][vc_column_text]<\/p>\n<p style=\"text-align: center;\"><iframe loading=\"lazy\" src=\"https:\/\/www.youtube.com\/embed\/gqhoRT8uukk?rel=0&amp;controls=0&amp;showinfo=0&amp;autoplay=1\" width=\"560\" height=\"315\" frameborder=\"0\" allowfullscreen=\"allowfullscreen\"><\/iframe><\/p>\n<p>[\/vc_column_text][\/vc_column][\/vc_row][vc_row][vc_column][vc_column_text]Vous \u00eates \u00e0 la recherche de l&rsquo;Original Stiel bob ? Chez nous, vous pouvez acheter le <g id=\"gid_0\">mini bob original <\/g>! \u00ab\u00a0Made in Germany depuis 1976&Prime;, c&rsquo;est ainsi que le mini bob est devenu c\u00e9l\u00e8bre gr\u00e2ce \u00e0 son manche de direction et de freinage unique.  <\/p>\n<p>Le bob \u00e0 manche se caract\u00e9rise par sa grande qualit\u00e9 et sa long\u00e9vit\u00e9 - il est rapide et facile \u00e0 ma\u00eetriser et peut \u00eatre dirig\u00e9 et frein\u00e9 en toute s\u00e9curit\u00e9.<\/p>\n<p>Gr\u00e2ce \u00e0 son manche de commande, vous pouvez freiner le mini bob rapidement et en toute s\u00e9curit\u00e9 \u00e0 tout moment - il suffit de tirer le manche vers soi et de freiner ainsi avec le bord arri\u00e8re pour que le mini bob s&rsquo;arr\u00eate.<\/p>\n<p>En d\u00e9pla\u00e7ant votre poids, vous dessinez facilement et pr\u00e9cis\u00e9ment des courbes dans la neige avec le bob \u00e0 manche. Gr\u00e2ce \u00e0 sa prise en main s\u00fbre, vous avez toujours le contr\u00f4le total. <\/p>\n<p>Les professionnels peuvent n\u00e9gocier les virages encore plus serr\u00e9s en se tenant au manche d&rsquo;une seule main et en touchant la neige avec la main int\u00e9rieure au virage.<\/p>\n<p>Maxi-plaisir avec mini bob - le bob \u00e0 manche ultime ![\/vc_column_text][\/vc_column][\/vc_row][vc_row][vc_column][vc_empty_space][\/vc_column][\/vc_row][vc_row][vc_column][vc_custom_heading text=\u00a0\u00bbacheter un bob \u00e0 manche original - le mini bob original\u00a0\u00bb google_fonts=\u00a0\u00bbfont_family:Roboto%20Condensed%3A300%2C300italic%2Cregular%2Citalic%2C700%2C700italic|font_style:400%20regular%3A400%3Anormal\u00a0\u00bb][vc_empty_space][vc_cta h2=\u00a0\u00bbIci vous pouvez acheter le bob \u00e0 manche original - mini bob !\u00a0\u00bb add_button=\u00a0\u00bbright\u00a0\u00bb btn_title=\u00a0\u00bbACHETER STIELBOB\u00a0\u00bb btn_shape=\u00a0\u00bbsquare\u00a0\u00bb btn_link=\u00a0\u00bburl:https%3A%2F%2Fmini-bob.com%2Fmini-bob-zipfelbob-shop%2F|title:Boutique%20originale%20mini%20bob%20%28zipflbob%29|\u00a0\u00bb]achetez le bob \u00e0 manche original de 1976 ![\/vc_cta][\/vc_column][\/vc_row][vc_row][vc_column][vc_empty_space][\/vc_column][\/vc_row][vc_row][vc_column][vc_custom_heading text=\u00a0\u00bbmini bob - le bob \u00e0 manche original !\u00a0\u00bb google_fonts=\u00a0\u00bbfont_family:Roboto%20Condensed%3A300%2C300italic%2Cregular%2Citalic%2C700%2C700italic|font_style:400%20regular%3A400%3Anormal\u00a0\u00bb]<style type=\"text\/css\" data-type=\"the7_shortcodes-inline-css\">.gallery-shortcode.gallery-masonry-shortcode-id-17cc640280095f02b2e90fd3db988cd6 figure,\n.gallery-shortcode.gallery-masonry-shortcode-id-17cc640280095f02b2e90fd3db988cd6 .rollover,\n.gallery-shortcode.gallery-masonry-shortcode-id-17cc640280095f02b2e90fd3db988cd6 img,\n.gallery-shortcode.gallery-masonry-shortcode-id-17cc640280095f02b2e90fd3db988cd6 .gallery-rollover {\n  border-radius: 0px;\n}\n.gallery-shortcode.gallery-masonry-shortcode-id-17cc640280095f02b2e90fd3db988cd6.enable-bg-rollover .gallery-rollover {\n  background: -webkit-linear-gradient();\n  background: linear-gradient();\n}\n.gallery-shortcode.gallery-masonry-shortcode-id-17cc640280095f02b2e90fd3db988cd6.enable-bg-rollover.hover-scale figure .rollover:after {\n  background: -webkit-linear-gradient();\n  background: linear-gradient();\n}\n.gallery-shortcode.gallery-masonry-shortcode-id-17cc640280095f02b2e90fd3db988cd6 .gallery-zoom-ico {\n  width: 44px;\n  height: 44px;\n  line-height: 44px;\n  border-radius: 100px;\n  margin: -22px 0 0 -22px;\n  border-width: 0px;\n  color: #ffffff;\n}\n.dt-icon-bg-on.gallery-shortcode.gallery-masonry-shortcode-id-17cc640280095f02b2e90fd3db988cd6 .gallery-zoom-ico {\n  background: rgba(255,255,255,0.3);\n  box-shadow: none;\n}\n.gallery-shortcode.gallery-masonry-shortcode-id-17cc640280095f02b2e90fd3db988cd6 .gallery-zoom-ico:before,\n.gallery-shortcode.gallery-masonry-shortcode-id-17cc640280095f02b2e90fd3db988cd6 .gallery-zoom-ico span {\n  font-size: 32px;\n  line-height: 44px;\n  color: #ffffff;\n}\n.gallery-shortcode.gallery-masonry-shortcode-id-17cc640280095f02b2e90fd3db988cd6:not(.resize-by-browser-width) .dt-css-grid {\n  grid-row-gap: 10px;\n  grid-column-gap: 10px;\n  grid-template-columns: repeat(auto-fill,minmax(,1fr));\n}\n.gallery-shortcode.gallery-masonry-shortcode-id-17cc640280095f02b2e90fd3db988cd6:not(.resize-by-browser-width) .dt-css-grid .double-width {\n  grid-column: span 2;\n}\n.cssgridlegacy.no-cssgrid .gallery-shortcode.gallery-masonry-shortcode-id-17cc640280095f02b2e90fd3db988cd6:not(.resize-by-browser-width) .dt-css-grid,\n.no-cssgridlegacy.no-cssgrid .gallery-shortcode.gallery-masonry-shortcode-id-17cc640280095f02b2e90fd3db988cd6:not(.resize-by-browser-width) .dt-css-grid {\n  display: flex;\n  flex-flow: row wrap;\n  margin: -5px;\n}\n.cssgridlegacy.no-cssgrid .gallery-shortcode.gallery-masonry-shortcode-id-17cc640280095f02b2e90fd3db988cd6:not(.resize-by-browser-width) .dt-css-grid .wf-cell,\n.no-cssgridlegacy.no-cssgrid .gallery-shortcode.gallery-masonry-shortcode-id-17cc640280095f02b2e90fd3db988cd6:not(.resize-by-browser-width) .dt-css-grid .wf-cell {\n  flex: 1 0 ;\n  max-width: 100%;\n  padding: 5px;\n  box-sizing: border-box;\n}\n.gallery-shortcode.gallery-masonry-shortcode-id-17cc640280095f02b2e90fd3db988cd6.resize-by-browser-width .dt-css-grid {\n  grid-template-columns: repeat(5,1fr);\n  grid-template-rows: auto;\n  grid-column-gap: 10px;\n  grid-row-gap: 10px;\n}\n.gallery-shortcode.gallery-masonry-shortcode-id-17cc640280095f02b2e90fd3db988cd6.resize-by-browser-width .dt-css-grid .double-width {\n  grid-column: span 2;\n}\n.cssgridlegacy.no-cssgrid .gallery-shortcode.gallery-masonry-shortcode-id-17cc640280095f02b2e90fd3db988cd6.resize-by-browser-width .dt-css-grid {\n  margin: -5px;\n}\n.cssgridlegacy.no-cssgrid .gallery-shortcode.gallery-masonry-shortcode-id-17cc640280095f02b2e90fd3db988cd6.resize-by-browser-width .dt-css-grid .wf-cell {\n  width: 20%;\n  padding: 5px;\n}\n.cssgridlegacy.no-cssgrid .gallery-shortcode.gallery-masonry-shortcode-id-17cc640280095f02b2e90fd3db988cd6.resize-by-browser-width .dt-css-grid .wf-cell.double-width {\n  width: calc(20%) * 2;\n}\n.gallery-shortcode.gallery-masonry-shortcode-id-17cc640280095f02b2e90fd3db988cd6.resize-by-browser-width:not(.centered-layout-list):not(.content-bg-on) .dt-css-grid {\n  grid-row-gap: 10px - ;\n}\n@media screen and (max-width: 1199px) {\n  .gallery-shortcode.gallery-masonry-shortcode-id-17cc640280095f02b2e90fd3db988cd6.resize-by-browser-width .dt-css-grid {\n    grid-template-columns: repeat(4,1fr);\n  }\n  .cssgridlegacy.no-cssgrid .gallery-shortcode.gallery-masonry-shortcode-id-17cc640280095f02b2e90fd3db988cd6.resize-by-browser-width .dt-css-grid .wf-cell,\n  .no-cssgridlegacy.no-cssgrid .gallery-shortcode.gallery-masonry-shortcode-id-17cc640280095f02b2e90fd3db988cd6.resize-by-browser-width .dt-css-grid .wf-cell {\n    width: 25%;\n  }\n  .cssgridlegacy.no-cssgrid .gallery-shortcode.gallery-masonry-shortcode-id-17cc640280095f02b2e90fd3db988cd6.resize-by-browser-width .dt-css-grid .wf-cell.double-width,\n  .no-cssgridlegacy.no-cssgrid .gallery-shortcode.gallery-masonry-shortcode-id-17cc640280095f02b2e90fd3db988cd6.resize-by-browser-width .dt-css-grid .wf-cell.double-width {\n    width: calc(25%)*2;\n  }\n}\n@media screen and (max-width: 991px) {\n  .gallery-shortcode.gallery-masonry-shortcode-id-17cc640280095f02b2e90fd3db988cd6.resize-by-browser-width .dt-css-grid {\n    grid-template-columns: repeat(3,1fr);\n  }\n  .cssgridlegacy.no-cssgrid .gallery-shortcode.gallery-masonry-shortcode-id-17cc640280095f02b2e90fd3db988cd6.resize-by-browser-width .dt-css-grid .wf-cell,\n  .no-cssgridlegacy.no-cssgrid .gallery-shortcode.gallery-masonry-shortcode-id-17cc640280095f02b2e90fd3db988cd6.resize-by-browser-width .dt-css-grid .wf-cell {\n    width: 33.333333333333%;\n  }\n  .cssgridlegacy.no-cssgrid .gallery-shortcode.gallery-masonry-shortcode-id-17cc640280095f02b2e90fd3db988cd6.resize-by-browser-width .dt-css-grid .wf-cell.double-width,\n  .no-cssgridlegacy.no-cssgrid .gallery-shortcode.gallery-masonry-shortcode-id-17cc640280095f02b2e90fd3db988cd6.resize-by-browser-width .dt-css-grid .wf-cell.double-width {\n    width: calc(33.333333333333%)*2;\n  }\n}\n@media screen and (max-width: 767px) {\n  .gallery-shortcode.gallery-masonry-shortcode-id-17cc640280095f02b2e90fd3db988cd6.resize-by-browser-width .dt-css-grid {\n    grid-template-columns: repeat(2,1fr);\n  }\n  .cssgridlegacy.no-cssgrid .gallery-shortcode.gallery-masonry-shortcode-id-17cc640280095f02b2e90fd3db988cd6.resize-by-browser-width .dt-css-grid .wf-cell,\n  .no-cssgridlegacy.no-cssgrid .gallery-shortcode.gallery-masonry-shortcode-id-17cc640280095f02b2e90fd3db988cd6.resize-by-browser-width .dt-css-grid .wf-cell {\n    width: 50%;\n  }\n  .cssgridlegacy.no-cssgrid .gallery-shortcode.gallery-masonry-shortcode-id-17cc640280095f02b2e90fd3db988cd6.resize-by-browser-width .dt-css-grid .wf-cell.double-width,\n  .no-cssgridlegacy.no-cssgrid .gallery-shortcode.gallery-masonry-shortcode-id-17cc640280095f02b2e90fd3db988cd6.resize-by-browser-width .dt-css-grid .wf-cell.double-width {\n    width: calc(50%)*2;\n  }\n}<\/style><div class=\"gallery-shortcode dt-gallery-container gallery-masonry-shortcode-id-17cc640280095f02b2e90fd3db988cd6 mode-masonry jquery-filter dt-icon-bg-off quick-scale-img enable-bg-rollover resize-by-browser-width  hover-fade loading-effect-fade-in description-on-hover\" data-padding=\"5px\" data-cur-page=\"1\" data-post-limit=\"-1\" data-pagination-mode=\"none\" data-desktop-columns-num=\"5\" data-v-tablet-columns-num=\"3\" data-h-tablet-columns-num=\"4\" data-phone-columns-num=\"2\" data-width=\"0px\" data-columns=\"0\"><div class=\"iso-container\" ><div class=\"wf-cell iso-item\" data-post-id=\"146189\" data-date=\"2018-08-06T11:09:31+02:00\" data-name=\"zipflbob-rot-minibob-im-schnee\"><figure class=\"post visible\"><a href=\"https:\/\/mini-bob.com\/wp-content\/uploads\/2017\/10\/zipflbob-rot-minibob-im-schnee.jpg\" class=\"rollover dt-pswp-item layzr-bg\" data-large_image_width=\"683\" data-large_image_height=\"683\" data-dt-img-description=\"\" title=\"zipflbob-rot-minibob-im-schnee\"><img fetchpriority=\"high\" decoding=\"async\" class=\"preload-me iso-lazy-load aspect\" src=\"data:image\/svg+xml,%3Csvg%20xmlns%3D&#039;http%3A%2F%2Fwww.w3.org%2F2000%2Fsvg&#039;%20viewBox%3D&#039;0%200%20379%20379&#039;%2F%3E\" data-src=\"https:\/\/mini-bob.com\/wp-content\/uploads\/2017\/10\/zipflbob-rot-minibob-im-schnee-379x379.jpg\" data-srcset=\"https:\/\/mini-bob.com\/wp-content\/uploads\/2017\/10\/zipflbob-rot-minibob-im-schnee-379x379.jpg 379w, https:\/\/mini-bob.com\/wp-content\/uploads\/2017\/10\/zipflbob-rot-minibob-im-schnee-569x569.jpg 569w\" loading=\"eager\" style=\"--ratio: 379 \/ 379\" sizes=\"(max-width: 379px) 100vw, 379px\" alt=\"\" width=\"379\" height=\"379\"><span class=\"gallery-rollover\"><span class=\"gallery-zoom-ico icomoon-the7-font-the7-zoom-06\"><span><\/span><\/span><\/span><\/a><\/figure><\/div><div class=\"wf-cell iso-item\" data-post-id=\"10202\" data-date=\"2018-08-06T10:49:46+02:00\" data-name=\"minibob zipflbob vert paillettes dans la neige\"><figure class=\"post visible\"><a href=\"https:\/\/mini-bob.com\/wp-content\/uploads\/2015\/12\/minibob-zipfelbob-gr\u00fcn-glitter-im-schnee.jpg\" class=\"rollover dt-pswp-item layzr-bg\" data-large_image_width=\"683\" data-large_image_height=\"683\" data-dt-img-description=\"\" title=\"minibob zipflbob vert paillettes dans la neige\"><img decoding=\"async\" class=\"preload-me iso-lazy-load aspect\" src=\"data:image\/svg+xml,%3Csvg%20xmlns%3D&#39;http%3A%2F%2Fwww.w3.org%2F2000%2Fsvg&#39;%20viewBox%3D&#39;0%200%20379%20379&#39;%2F%3E\" data-src=\"https:\/\/mini-bob.com\/wp-content\/uploads\/2015\/12\/minibob-zipfelbob-gr\u00fcn-glitter-im-schnee-379x379.jpg\" data-srcset=\"https:\/\/mini-bob.com\/wp-content\/uploads\/2015\/12\/minibob-zipfelbob-gr\u00fcn-glitter-im-schnee-379x379.jpg 379w, https:\/\/mini-bob.com\/wp-content\/uploads\/2015\/12\/minibob-zipfelbob-gr\u00fcn-glitter-im-schnee-569x569.jpg 569w\" loading=\"eager\" style=\"--ratio: 379 \/ 379\" sizes=\"(max-width: 379px) 100vw, 379px\" alt=\"L\u2019original de la luge mini bob en vert - Luge Zipflbob verte\" width=\"379\" height=\"379\"  \/><span class=\"gallery-rollover\"><span class=\"gallery-zoom-ico icomoon-the7-font-the7-zoom-06\"><span><\/span><\/span><\/span><\/a><\/figure><\/div><div class=\"wf-cell iso-item\" data-post-id=\"145466\" data-date=\"2017-10-15T16:19:04+02:00\" data-name=\"Mini Bob 4.10.2012 36603\"><figure class=\"post visible\"><a href=\"https:\/\/mini-bob.com\/wp-content\/uploads\/2017\/10\/Mini-Bob-4.10.2012-36603.jpg\" class=\"rollover dt-pswp-item layzr-bg\" data-large_image_width=\"1134\" data-large_image_height=\"1058\" data-dt-img-description=\"\" title=\"Mini Bob 4.10.2012 36603\"><img decoding=\"async\" class=\"preload-me iso-lazy-load aspect\" src=\"data:image\/svg+xml,%3Csvg%20xmlns%3D&#39;http%3A%2F%2Fwww.w3.org%2F2000%2Fsvg&#39;%20viewBox%3D&#39;0%200%20379%20379&#39;%2F%3E\" data-src=\"https:\/\/mini-bob.com\/wp-content\/uploads\/2017\/10\/Mini-Bob-4.10.2012-36603-379x379.jpg\" data-srcset=\"https:\/\/mini-bob.com\/wp-content\/uploads\/2017\/10\/Mini-Bob-4.10.2012-36603-379x379.jpg 379w, https:\/\/mini-bob.com\/wp-content\/uploads\/2017\/10\/Mini-Bob-4.10.2012-36603-569x569.jpg 569w\" loading=\"eager\" style=\"--ratio: 379 \/ 379\" sizes=\"(max-width: 379px) 100vw, 379px\" alt=\"Zipfelbob orange\" width=\"379\" height=\"379\"  \/><span class=\"gallery-rollover\"><span class=\"gallery-zoom-ico icomoon-the7-font-the7-zoom-06\"><span><\/span><\/span><\/span><\/a><\/figure><\/div><div class=\"wf-cell iso-item\" data-post-id=\"10158\" data-date=\"2018-09-01T18:23:01+02:00\" data-name=\"Zipflbob bleu dans la neige\"><figure class=\"post visible\"><a href=\"https:\/\/mini-bob.com\/wp-content\/uploads\/2017\/10\/minibob-blau-zipfelbob.jpg\" class=\"rollover dt-pswp-item layzr-bg\" data-large_image_width=\"683\" data-large_image_height=\"683\" data-dt-img-description=\"\" title=\"Zipflbob bleu dans la neige\"><img decoding=\"async\" class=\"preload-me iso-lazy-load aspect\" src=\"data:image\/svg+xml,%3Csvg%20xmlns%3D&#39;http%3A%2F%2Fwww.w3.org%2F2000%2Fsvg&#39;%20viewBox%3D&#39;0%200%20379%20379&#39;%2F%3E\" data-src=\"https:\/\/mini-bob.com\/wp-content\/uploads\/2017\/10\/minibob-blau-zipfelbob-379x379.jpg\" data-srcset=\"https:\/\/mini-bob.com\/wp-content\/uploads\/2017\/10\/minibob-blau-zipfelbob-379x379.jpg 379w, https:\/\/mini-bob.com\/wp-content\/uploads\/2017\/10\/minibob-blau-zipfelbob-569x569.jpg 569w\" loading=\"eager\" style=\"--ratio: 379 \/ 379\" sizes=\"(max-width: 379px) 100vw, 379px\" alt=\"zipflbob bleu\" width=\"379\" height=\"379\"  \/><span class=\"gallery-rollover\"><span class=\"gallery-zoom-ico icomoon-the7-font-the7-zoom-06\"><span><\/span><\/span><\/span><\/a><\/figure><\/div><div class=\"wf-cell iso-item\" data-post-id=\"144618\" data-date=\"2015-09-05T18:46:20+02:00\" data-name=\"Le blog de Zipflbob Rotscher\"><figure class=\"post visible\"><a href=\"https:\/\/mini-bob.com\/wp-content\/uploads\/2015\/09\/Zipfelbob-002.jpg\" class=\"rollover dt-pswp-item layzr-bg\" data-large_image_width=\"1000\" data-large_image_height=\"666\" data-dt-img-description=\"\" title=\"Le blog de Zipflbob Rotscher\"><img decoding=\"async\" class=\"preload-me iso-lazy-load aspect\" src=\"data:image\/svg+xml,%3Csvg%20xmlns%3D&#39;http%3A%2F%2Fwww.w3.org%2F2000%2Fsvg&#39;%20viewBox%3D&#39;0%200%20379%20379&#39;%2F%3E\" data-src=\"https:\/\/mini-bob.com\/wp-content\/uploads\/2015\/09\/Zipfelbob-002-379x379.jpg\" data-srcset=\"https:\/\/mini-bob.com\/wp-content\/uploads\/2015\/09\/Zipfelbob-002-379x379.jpg 379w, https:\/\/mini-bob.com\/wp-content\/uploads\/2015\/09\/Zipfelbob-002-569x569.jpg 569w\" loading=\"eager\" style=\"--ratio: 379 \/ 379\" sizes=\"(max-width: 379px) 100vw, 379px\" alt=\"Le blog de Zipflbob Rotscher\" width=\"379\" height=\"379\"  \/><span class=\"gallery-rollover\"><span class=\"gallery-zoom-ico icomoon-the7-font-the7-zoom-06\"><span><\/span><\/span><\/span><\/a><\/figure><\/div><\/div><!-- iso-container|iso-grid --><\/div>[vc_empty_space][vc_single_image image=\u00a0\u00bb144646&Prime; img_size=\u00a0\u00bbfull\u00a0\u00bb][\/vc_column][\/vc_row][vc_row][vc_column][vc_column_text]dans notre boutique, vous trouverez le mini bob original avec son manche ing\u00e9nieux servant de gouvernail et de poign\u00e9e de direction en diff\u00e9rentes couleurs.<\/p>\n<p>Achetez l&rsquo;original ![\/vc_column_text][\/vc_column][\/vc_row]<\/p>\n<\/div>","protected":false},"excerpt":{"rendered":"<p>[vc_row][vc_column][vc_custom_heading text=\u00a0\u00bble mini bob - les inventeurs du bob \u00e0 manche\u00a0\u00bb font_container=\u00a0\u00bbtag:h1|text_align:left\u00a0\u00bb google_fonts=\u00a0\u00bbfont_family:Roboto%20Condensed%3A300%2C300italic%2Cregular%2Citalic%2C700%2C700italic|font_style:400%20regular%3A400%3Anormal\u00a0\u00bb][vc_column_text] [\/vc_column_text][\/vc_column][\/vc_row][vc_row][vc_column][vc_column_text]Vous \u00eates \u00e0 la recherche de l&rsquo;Original Stiel bob ? Chez nous, vous pouvez acheter le mini bob original ! \u00ab\u00a0Made in Germany depuis 1976&Prime;, c&rsquo;est ainsi que le mini bob est devenu c\u00e9l\u00e8bre gr\u00e2ce \u00e0 son manche de direction et de&hellip;<\/p>\n","protected":false},"author":1,"featured_media":0,"parent":0,"menu_order":0,"comment_status":"closed","ping_status":"closed","template":"","meta":{"_acf_changed":false,"footnotes":""},"class_list":["post-156577","page","type-page","status-publish","hentry","description-off"],"acf":[],"_links":{"self":[{"href":"https:\/\/mini-bob.com\/fr\/wp-json\/wp\/v2\/pages\/156577","targetHints":{"allow":["GET"]}}],"collection":[{"href":"https:\/\/mini-bob.com\/fr\/wp-json\/wp\/v2\/pages"}],"about":[{"href":"https:\/\/mini-bob.com\/fr\/wp-json\/wp\/v2\/types\/page"}],"author":[{"embeddable":true,"href":"https:\/\/mini-bob.com\/fr\/wp-json\/wp\/v2\/users\/1"}],"replies":[{"embeddable":true,"href":"https:\/\/mini-bob.com\/fr\/wp-json\/wp\/v2\/comments?post=156577"}],"version-history":[{"count":4,"href":"https:\/\/mini-bob.com\/fr\/wp-json\/wp\/v2\/pages\/156577\/revisions"}],"predecessor-version":[{"id":156596,"href":"https:\/\/mini-bob.com\/fr\/wp-json\/wp\/v2\/pages\/156577\/revisions\/156596"}],"wp:attachment":[{"href":"https:\/\/mini-bob.com\/fr\/wp-json\/wp\/v2\/media?parent=156577"}],"curies":[{"name":"wp","href":"https:\/\/api.w.org\/{rel}","templated":true}]}}