{"id":156626,"date":"2017-01-20T14:13:33","date_gmt":"2017-01-20T13:13:33","guid":{"rendered":"https:\/\/mini-bob.com\/matraque-acheter\/"},"modified":"2025-11-22T17:27:27","modified_gmt":"2025-11-22T16:27:27","slug":"matraque-acheter","status":"publish","type":"page","link":"https:\/\/mini-bob.com\/fr\/matraque-acheter\/","title":{"rendered":"Matraque - acheter"},"content":{"rendered":"<div class=\"wpb-content-wrapper\"><p>[vc_row][vc_column][vc_custom_heading text=\u00a0\u00bbmini bob - les inventeurs du bob \u00e0 p\u00e9dales\u00a0\u00bb font_container=\u00a0\u00bbtag:h1|text_align:left\u00a0\u00bb google_fonts=\u00a0\u00bbfont_family:Roboto%20Condensed%3A300%2C300italic%2Cregular%2Citalic%2C700%2C700italic|font_style:400%20regular%3A400%3Anormal\u00a0\u00bb][vc_column_text]<\/p>\n<p style=\"text-align: center;\"><iframe loading=\"lazy\" src=\"https:\/\/player.vimeo.com\/video\/200398022\" width=\"640\" height=\"360\" frameborder=\"0\" allowfullscreen=\"allowfullscreen\"><\/iframe><\/p>\n<p>[\/vc_column_text][\/vc_column][\/vc_row][vc_row][vc_column][vc_column_text]<\/p>\n<div class=\"gt3_col12 module_number_2 module_cont module_text_area \" data-appear-top-offset=\"-100\">\n<div class=\"module_content\">\n<p>Vous \u00eates \u00e0 la recherche du mini bob original ? Chez nous, vous pouvez acheter le <g id=\"gid_0\"> mini bob original <\/g>! \u00ab\u00a0Made in Germany depuis 1976\u00a0\u00bb, c&rsquo;est ainsi que le mini bob est devenu c\u00e9l\u00e8bre gr\u00e2ce \u00e0 son manche unique.  <\/p>\n<p>Le bobsleigh \u00e0 billettes se caract\u00e9rise par sa grande qualit\u00e9 et sa long\u00e9vit\u00e9 - il est rapide et facile \u00e0 ma\u00eetriser et peut \u00eatre dirig\u00e9 et frein\u00e9 en toute s\u00e9curit\u00e9.<\/p>\n<p>Gr\u00e2ce \u00e0 son manche \u00e0 balai, vous pouvez freiner le mini bob rapidement et en toute s\u00e9curit\u00e9 \u00e0 tout moment. Il suffit de tirer le manche \u00e0 balai vers vous et de freiner ainsi avec le bord arri\u00e8re pour que le mini bob s&rsquo;arr\u00eate.<\/p>\n<p>En d\u00e9pla\u00e7ant votre poids, vous dessinez facilement et pr\u00e9cis\u00e9ment des courbes dans la neige avec le bobsleigh. Gr\u00e2ce \u00e0 sa prise en main s\u00fbre, vous avez toujours le contr\u00f4le total. <\/p>\n<p>Les professionnels peuvent n\u00e9gocier les virages encore plus serr\u00e9s en se tenant au manche d&rsquo;une seule main et en touchant la neige avec la main int\u00e9rieure au virage.<\/p>\n<p>Maxi-plaisir avec mini bob - l&rsquo;ultime bob \u00e0 p\u00e9dales !<\/p><\/div>\n<\/div>\n<p>[\/vc_column_text][\/vc_column][\/vc_row][vc_row][vc_column][vc_custom_heading text=\u00a0\u00bbAcheter un bob de matraque original\u00a0\u00bb google_fonts=\u00a0\u00bbfont_family:Roboto%20Condensed%3A300%2C300italic%2Cregular%2Citalic%2C700%2C700italic|font_style:400%20regular%3A400%3Anormal\u00a0\u00bb]<style type=\"text\/css\" data-type=\"the7_shortcodes-inline-css\">#default-btn-87d22f60b24f40f44163dbedb2deb65a.ico-right-side > i {\n  margin-right: 0px;\n  margin-left: 8px;\n}\n#default-btn-87d22f60b24f40f44163dbedb2deb65a > i {\n  margin-right: 8px;\n}<\/style><a href=\"https:\/\/mini-bob.com\/mini-bob-zipfelbob-shop\/\" class=\"default-btn-shortcode dt-btn dt-btn-l pulse animate-element animation-builder link-hover-off btn-inline-left \" target=\"_blank\" id=\"default-btn-87d22f60b24f40f44163dbedb2deb65a\" title=\"Boutique originale mini bob (zipflbob)\" rel=\"noopener\"><span>Acheter un bobsleigh<\/span><\/a>[\/vc_column][\/vc_row][vc_row][vc_column][vc_empty_space]<style type=\"text\/css\" data-type=\"the7_shortcodes-inline-css\">.gallery-shortcode.gallery-masonry-shortcode-id-cac64779c0eb42466fe2dd7e1fff6a14 figure,\n.gallery-shortcode.gallery-masonry-shortcode-id-cac64779c0eb42466fe2dd7e1fff6a14 .rollover,\n.gallery-shortcode.gallery-masonry-shortcode-id-cac64779c0eb42466fe2dd7e1fff6a14 img,\n.gallery-shortcode.gallery-masonry-shortcode-id-cac64779c0eb42466fe2dd7e1fff6a14 .gallery-rollover {\n  border-radius: 0px;\n}\n.gallery-shortcode.gallery-masonry-shortcode-id-cac64779c0eb42466fe2dd7e1fff6a14.enable-bg-rollover .gallery-rollover {\n  background: -webkit-linear-gradient();\n  background: linear-gradient();\n}\n.gallery-shortcode.gallery-masonry-shortcode-id-cac64779c0eb42466fe2dd7e1fff6a14.enable-bg-rollover.hover-scale figure .rollover:after {\n  background: -webkit-linear-gradient();\n  background: linear-gradient();\n}\n.gallery-shortcode.gallery-masonry-shortcode-id-cac64779c0eb42466fe2dd7e1fff6a14 .gallery-zoom-ico {\n  width: 44px;\n  height: 44px;\n  line-height: 44px;\n  border-radius: 100px;\n  margin: -22px 0 0 -22px;\n  border-width: 0px;\n  color: #ffffff;\n}\n.dt-icon-bg-on.gallery-shortcode.gallery-masonry-shortcode-id-cac64779c0eb42466fe2dd7e1fff6a14 .gallery-zoom-ico {\n  background: rgba(255,255,255,0.3);\n  box-shadow: none;\n}\n.gallery-shortcode.gallery-masonry-shortcode-id-cac64779c0eb42466fe2dd7e1fff6a14 .gallery-zoom-ico:before,\n.gallery-shortcode.gallery-masonry-shortcode-id-cac64779c0eb42466fe2dd7e1fff6a14 .gallery-zoom-ico span {\n  font-size: 32px;\n  line-height: 44px;\n  color: #ffffff;\n}\n.gallery-shortcode.gallery-masonry-shortcode-id-cac64779c0eb42466fe2dd7e1fff6a14:not(.resize-by-browser-width) .dt-css-grid {\n  grid-row-gap: 10px;\n  grid-column-gap: 10px;\n  grid-template-columns: repeat(auto-fill,minmax(,1fr));\n}\n.gallery-shortcode.gallery-masonry-shortcode-id-cac64779c0eb42466fe2dd7e1fff6a14:not(.resize-by-browser-width) .dt-css-grid .double-width {\n  grid-column: span 2;\n}\n.cssgridlegacy.no-cssgrid .gallery-shortcode.gallery-masonry-shortcode-id-cac64779c0eb42466fe2dd7e1fff6a14:not(.resize-by-browser-width) .dt-css-grid,\n.no-cssgridlegacy.no-cssgrid .gallery-shortcode.gallery-masonry-shortcode-id-cac64779c0eb42466fe2dd7e1fff6a14:not(.resize-by-browser-width) .dt-css-grid {\n  display: flex;\n  flex-flow: row wrap;\n  margin: -5px;\n}\n.cssgridlegacy.no-cssgrid .gallery-shortcode.gallery-masonry-shortcode-id-cac64779c0eb42466fe2dd7e1fff6a14:not(.resize-by-browser-width) .dt-css-grid .wf-cell,\n.no-cssgridlegacy.no-cssgrid .gallery-shortcode.gallery-masonry-shortcode-id-cac64779c0eb42466fe2dd7e1fff6a14:not(.resize-by-browser-width) .dt-css-grid .wf-cell {\n  flex: 1 0 ;\n  max-width: 100%;\n  padding: 5px;\n  box-sizing: border-box;\n}\n.gallery-shortcode.gallery-masonry-shortcode-id-cac64779c0eb42466fe2dd7e1fff6a14.resize-by-browser-width .dt-css-grid {\n  grid-template-columns: repeat(3,1fr);\n  grid-template-rows: auto;\n  grid-column-gap: 10px;\n  grid-row-gap: 10px;\n}\n.gallery-shortcode.gallery-masonry-shortcode-id-cac64779c0eb42466fe2dd7e1fff6a14.resize-by-browser-width .dt-css-grid .double-width {\n  grid-column: span 2;\n}\n.cssgridlegacy.no-cssgrid .gallery-shortcode.gallery-masonry-shortcode-id-cac64779c0eb42466fe2dd7e1fff6a14.resize-by-browser-width .dt-css-grid {\n  margin: -5px;\n}\n.cssgridlegacy.no-cssgrid .gallery-shortcode.gallery-masonry-shortcode-id-cac64779c0eb42466fe2dd7e1fff6a14.resize-by-browser-width .dt-css-grid .wf-cell {\n  width: 33.333333333333%;\n  padding: 5px;\n}\n.cssgridlegacy.no-cssgrid .gallery-shortcode.gallery-masonry-shortcode-id-cac64779c0eb42466fe2dd7e1fff6a14.resize-by-browser-width .dt-css-grid .wf-cell.double-width {\n  width: calc(33.333333333333%) * 2;\n}\n.gallery-shortcode.gallery-masonry-shortcode-id-cac64779c0eb42466fe2dd7e1fff6a14.resize-by-browser-width:not(.centered-layout-list):not(.content-bg-on) .dt-css-grid {\n  grid-row-gap: 10px - ;\n}\n@media screen and (max-width: 1199px) {\n  .gallery-shortcode.gallery-masonry-shortcode-id-cac64779c0eb42466fe2dd7e1fff6a14.resize-by-browser-width .dt-css-grid {\n    grid-template-columns: repeat(4,1fr);\n  }\n  .cssgridlegacy.no-cssgrid .gallery-shortcode.gallery-masonry-shortcode-id-cac64779c0eb42466fe2dd7e1fff6a14.resize-by-browser-width .dt-css-grid .wf-cell,\n  .no-cssgridlegacy.no-cssgrid .gallery-shortcode.gallery-masonry-shortcode-id-cac64779c0eb42466fe2dd7e1fff6a14.resize-by-browser-width .dt-css-grid .wf-cell {\n    width: 25%;\n  }\n  .cssgridlegacy.no-cssgrid .gallery-shortcode.gallery-masonry-shortcode-id-cac64779c0eb42466fe2dd7e1fff6a14.resize-by-browser-width .dt-css-grid .wf-cell.double-width,\n  .no-cssgridlegacy.no-cssgrid .gallery-shortcode.gallery-masonry-shortcode-id-cac64779c0eb42466fe2dd7e1fff6a14.resize-by-browser-width .dt-css-grid .wf-cell.double-width {\n    width: calc(25%)*2;\n  }\n}\n@media screen and (max-width: 991px) {\n  .gallery-shortcode.gallery-masonry-shortcode-id-cac64779c0eb42466fe2dd7e1fff6a14.resize-by-browser-width .dt-css-grid {\n    grid-template-columns: repeat(3,1fr);\n  }\n  .cssgridlegacy.no-cssgrid .gallery-shortcode.gallery-masonry-shortcode-id-cac64779c0eb42466fe2dd7e1fff6a14.resize-by-browser-width .dt-css-grid .wf-cell,\n  .no-cssgridlegacy.no-cssgrid .gallery-shortcode.gallery-masonry-shortcode-id-cac64779c0eb42466fe2dd7e1fff6a14.resize-by-browser-width .dt-css-grid .wf-cell {\n    width: 33.333333333333%;\n  }\n  .cssgridlegacy.no-cssgrid .gallery-shortcode.gallery-masonry-shortcode-id-cac64779c0eb42466fe2dd7e1fff6a14.resize-by-browser-width .dt-css-grid .wf-cell.double-width,\n  .no-cssgridlegacy.no-cssgrid .gallery-shortcode.gallery-masonry-shortcode-id-cac64779c0eb42466fe2dd7e1fff6a14.resize-by-browser-width .dt-css-grid .wf-cell.double-width {\n    width: calc(33.333333333333%)*2;\n  }\n}\n@media screen and (max-width: 767px) {\n  .gallery-shortcode.gallery-masonry-shortcode-id-cac64779c0eb42466fe2dd7e1fff6a14.resize-by-browser-width .dt-css-grid {\n    grid-template-columns: repeat(2,1fr);\n  }\n  .cssgridlegacy.no-cssgrid .gallery-shortcode.gallery-masonry-shortcode-id-cac64779c0eb42466fe2dd7e1fff6a14.resize-by-browser-width .dt-css-grid .wf-cell,\n  .no-cssgridlegacy.no-cssgrid .gallery-shortcode.gallery-masonry-shortcode-id-cac64779c0eb42466fe2dd7e1fff6a14.resize-by-browser-width .dt-css-grid .wf-cell {\n    width: 50%;\n  }\n  .cssgridlegacy.no-cssgrid .gallery-shortcode.gallery-masonry-shortcode-id-cac64779c0eb42466fe2dd7e1fff6a14.resize-by-browser-width .dt-css-grid .wf-cell.double-width,\n  .no-cssgridlegacy.no-cssgrid .gallery-shortcode.gallery-masonry-shortcode-id-cac64779c0eb42466fe2dd7e1fff6a14.resize-by-browser-width .dt-css-grid .wf-cell.double-width {\n    width: calc(50%)*2;\n  }\n}<\/style><div class=\"gallery-shortcode dt-gallery-container gallery-masonry-shortcode-id-cac64779c0eb42466fe2dd7e1fff6a14 mode-masonry jquery-filter dt-icon-bg-off resize-by-browser-width  hover-fade loading-effect-fade-in description-on-hover\" data-padding=\"5px\" data-cur-page=\"1\" data-post-limit=\"-1\" data-pagination-mode=\"none\" data-desktop-columns-num=\"3\" data-v-tablet-columns-num=\"3\" data-h-tablet-columns-num=\"4\" data-phone-columns-num=\"2\" data-width=\"0px\" data-columns=\"0\"><div class=\"iso-container\" ><div class=\"wf-cell iso-item\" data-post-id=\"140987\" data-date=\"2021-02-13T11:42:32+01:00\" data-name=\"Zipfelbob-Pink-Minibob-600\"><figure class=\"post visible\"><span class=\"rollover layzr-bg\"  title=\"Zipfelbob-Pink-Minibob-600\"><img fetchpriority=\"high\" decoding=\"async\" class=\"preload-me iso-lazy-load aspect\" src=\"data:image\/svg+xml,%3Csvg%20xmlns%3D&#39;http%3A%2F%2Fwww.w3.org%2F2000%2Fsvg&#39;%20viewBox%3D&#39;0%200%20379%20379&#39;%2F%3E\" data-src=\"https:\/\/mini-bob.com\/wp-content\/uploads\/2002\/01\/Zipfelbob-Pink-Minibob-600-379x379.png\" data-srcset=\"https:\/\/mini-bob.com\/wp-content\/uploads\/2002\/01\/Zipfelbob-Pink-Minibob-600-379x379.png 379w, https:\/\/mini-bob.com\/wp-content\/uploads\/2002\/01\/Zipfelbob-Pink-Minibob-600-569x569.png 569w\" loading=\"eager\" style=\"--ratio: 379 \/ 379\" sizes=\"(max-width: 379px) 100vw, 379px\" alt=\"Zipfelbob pink rosa\" width=\"379\" height=\"379\"  \/><span class=\"gallery-rollover\"><\/span><\/span><\/figure><\/div><div class=\"wf-cell iso-item\" data-post-id=\"10460\" data-date=\"2018-11-03T10:57:43+01:00\" data-name=\"tra\u00eeneau vert\"><figure class=\"post visible\"><span class=\"rollover layzr-bg\"  title=\"tra\u00eeneau vert\"><img decoding=\"async\" class=\"preload-me iso-lazy-load aspect\" src=\"data:image\/svg+xml,%3Csvg%20xmlns%3D&#39;http%3A%2F%2Fwww.w3.org%2F2000%2Fsvg&#39;%20viewBox%3D&#39;0%200%20379%20379&#39;%2F%3E\" data-src=\"https:\/\/mini-bob.com\/wp-content\/uploads\/2018\/11\/minibob-gruen-zipfelbob-gruen-shop-379x379.jpg\" data-srcset=\"https:\/\/mini-bob.com\/wp-content\/uploads\/2018\/11\/minibob-gruen-zipfelbob-gruen-shop-379x379.jpg 379w, https:\/\/mini-bob.com\/wp-content\/uploads\/2018\/11\/minibob-gruen-zipfelbob-gruen-shop-569x569.jpg 569w\" loading=\"eager\" style=\"--ratio: 379 \/ 379\" sizes=\"(max-width: 379px) 100vw, 379px\" alt=\"vert tra\u00eeneau\" width=\"379\" height=\"379\"  \/><span class=\"gallery-rollover\"><\/span><\/span><\/figure><\/div><div class=\"wf-cell iso-item\" data-post-id=\"145466\" data-date=\"2017-10-15T16:19:04+02:00\" data-name=\"Mini Bob 4.10.2012 36603\"><figure class=\"post visible\"><span class=\"rollover layzr-bg\"  title=\"Mini Bob 4.10.2012 36603\"><img decoding=\"async\" class=\"preload-me iso-lazy-load aspect\" src=\"data:image\/svg+xml,%3Csvg%20xmlns%3D&#39;http%3A%2F%2Fwww.w3.org%2F2000%2Fsvg&#39;%20viewBox%3D&#39;0%200%20379%20354&#39;%2F%3E\" data-src=\"https:\/\/mini-bob.com\/wp-content\/uploads\/2017\/10\/Mini-Bob-4.10.2012-36603-379x354.jpg\" data-srcset=\"https:\/\/mini-bob.com\/wp-content\/uploads\/2017\/10\/Mini-Bob-4.10.2012-36603-379x354.jpg 379w, https:\/\/mini-bob.com\/wp-content\/uploads\/2017\/10\/Mini-Bob-4.10.2012-36603-569x531.jpg 569w\" loading=\"eager\" style=\"--ratio: 379 \/ 354\" sizes=\"(max-width: 379px) 100vw, 379px\" alt=\"Zipfelbob orange\" width=\"379\" height=\"354\"  \/><span class=\"gallery-rollover\"><\/span><\/span><\/figure><\/div><div class=\"wf-cell iso-item\" data-post-id=\"10268\" data-date=\"2017-10-15T16:18:50+02:00\" data-name=\"mini bob bleu\"><figure class=\"post visible\"><span class=\"rollover layzr-bg\"  title=\"mini bob bleu\"><img decoding=\"async\" class=\"preload-me iso-lazy-load aspect\" src=\"data:image\/svg+xml,%3Csvg%20xmlns%3D&#39;http%3A%2F%2Fwww.w3.org%2F2000%2Fsvg&#39;%20viewBox%3D&#39;0%200%20379%20354&#39;%2F%3E\" data-src=\"https:\/\/mini-bob.com\/wp-content\/uploads\/2017\/10\/Mini-Bob-4.10.2012-36597-379x354.jpg\" data-srcset=\"https:\/\/mini-bob.com\/wp-content\/uploads\/2017\/10\/Mini-Bob-4.10.2012-36597-379x354.jpg 379w, https:\/\/mini-bob.com\/wp-content\/uploads\/2017\/10\/Mini-Bob-4.10.2012-36597-569x531.jpg 569w\" loading=\"eager\" style=\"--ratio: 379 \/ 354\" sizes=\"(max-width: 379px) 100vw, 379px\" alt=\"zipflbob bleu\" width=\"379\" height=\"354\"  \/><span class=\"gallery-rollover\"><\/span><\/span><\/figure><\/div><div class=\"wf-cell iso-item\" data-post-id=\"145464\" data-date=\"2017-10-15T16:18:57+02:00\" data-name=\"Mini Bob 4.10.2012 36599\"><figure class=\"post visible\"><span class=\"rollover layzr-bg\"  title=\"Mini Bob 4.10.2012 36599\"><img decoding=\"async\" class=\"preload-me iso-lazy-load aspect\" src=\"data:image\/svg+xml,%3Csvg%20xmlns%3D&#039;http%3A%2F%2Fwww.w3.org%2F2000%2Fsvg&#039;%20viewBox%3D&#039;0%200%20379%20354&#039;%2F%3E\" data-src=\"https:\/\/mini-bob.com\/wp-content\/uploads\/2017\/10\/Mini-Bob-4.10.2012-36599-379x354.jpg\" data-srcset=\"https:\/\/mini-bob.com\/wp-content\/uploads\/2017\/10\/Mini-Bob-4.10.2012-36599-379x354.jpg 379w, https:\/\/mini-bob.com\/wp-content\/uploads\/2017\/10\/Mini-Bob-4.10.2012-36599-569x531.jpg 569w\" loading=\"eager\" style=\"--ratio: 379 \/ 354\" sizes=\"(max-width: 379px) 100vw, 379px\" alt=\"\" width=\"379\" height=\"354\"><span class=\"gallery-rollover\"><\/span><\/span><\/figure><\/div><div class=\"wf-cell iso-item\" data-post-id=\"10264\" data-date=\"2017-10-15T16:19:13+02:00\" data-name=\"Mini Bob 15.05.2017 36603-jaune2\"><figure class=\"post visible\"><span class=\"rollover layzr-bg\"  title=\"Mini Bob 15.05.2017 36603-jaune2\"><img decoding=\"async\" class=\"preload-me iso-lazy-load aspect\" src=\"data:image\/svg+xml,%3Csvg%20xmlns%3D&#39;http%3A%2F%2Fwww.w3.org%2F2000%2Fsvg&#39;%20viewBox%3D&#39;0%200%20379%20354&#39;%2F%3E\" data-src=\"https:\/\/mini-bob.com\/wp-content\/uploads\/2017\/10\/Mini-Bob-15.05.2017-36603-gelb2-379x354.jpg\" data-srcset=\"https:\/\/mini-bob.com\/wp-content\/uploads\/2017\/10\/Mini-Bob-15.05.2017-36603-gelb2-379x354.jpg 379w, https:\/\/mini-bob.com\/wp-content\/uploads\/2017\/10\/Mini-Bob-15.05.2017-36603-gelb2-569x531.jpg 569w\" loading=\"eager\" style=\"--ratio: 379 \/ 354\" sizes=\"(max-width: 379px) 100vw, 379px\" alt=\"L\u2019original de la luge mini bob en jaune - Luge Zipflbob jaune\" width=\"379\" height=\"354\"  \/><span class=\"gallery-rollover\"><\/span><\/span><\/figure><\/div><\/div><!-- iso-container|iso-grid --><\/div>[\/vc_column][\/vc_row]<\/p>\n<\/div>","protected":false},"excerpt":{"rendered":"<p>[vc_row][vc_column][vc_custom_heading text=\u00a0\u00bbmini bob - les inventeurs du bob \u00e0 p\u00e9dales\u00a0\u00bb font_container=\u00a0\u00bbtag:h1|text_align:left\u00a0\u00bb google_fonts=\u00a0\u00bbfont_family:Roboto%20Condensed%3A300%2C300italic%2Cregular%2Citalic%2C700%2C700italic|font_style:400%20regular%3A400%3Anormal\u00a0\u00bb][vc_column_text] [\/vc_column_text][\/vc_column][\/vc_row][vc_row][vc_column][vc_column_text] Vous \u00eates \u00e0 la recherche du mini bob original ? Chez nous, vous pouvez acheter le mini bob original ! \u00ab\u00a0Made in Germany depuis 1976\u00a0\u00bb, c&rsquo;est ainsi que le mini bob est devenu c\u00e9l\u00e8bre gr\u00e2ce \u00e0 son manche unique. Le bobsleigh \u00e0&hellip;<\/p>\n","protected":false},"author":1,"featured_media":0,"parent":0,"menu_order":0,"comment_status":"closed","ping_status":"closed","template":"","meta":{"_acf_changed":false,"footnotes":""},"class_list":["post-156626","page","type-page","status-publish","hentry","description-off"],"acf":[],"_links":{"self":[{"href":"https:\/\/mini-bob.com\/fr\/wp-json\/wp\/v2\/pages\/156626","targetHints":{"allow":["GET"]}}],"collection":[{"href":"https:\/\/mini-bob.com\/fr\/wp-json\/wp\/v2\/pages"}],"about":[{"href":"https:\/\/mini-bob.com\/fr\/wp-json\/wp\/v2\/types\/page"}],"author":[{"embeddable":true,"href":"https:\/\/mini-bob.com\/fr\/wp-json\/wp\/v2\/users\/1"}],"replies":[{"embeddable":true,"href":"https:\/\/mini-bob.com\/fr\/wp-json\/wp\/v2\/comments?post=156626"}],"version-history":[{"count":6,"href":"https:\/\/mini-bob.com\/fr\/wp-json\/wp\/v2\/pages\/156626\/revisions"}],"predecessor-version":[{"id":156633,"href":"https:\/\/mini-bob.com\/fr\/wp-json\/wp\/v2\/pages\/156626\/revisions\/156633"}],"wp:attachment":[{"href":"https:\/\/mini-bob.com\/fr\/wp-json\/wp\/v2\/media?parent=156626"}],"curies":[{"name":"wp","href":"https:\/\/api.w.org\/{rel}","templated":true}]}}