{"id":156629,"date":"2025-11-22T17:27:26","date_gmt":"2025-11-22T16:27:26","guid":{"rendered":"https:\/\/mini-bob.com\/sucette-popo-coque-en-plastique-ou-mini-bob\/"},"modified":"2025-11-22T17:27:34","modified_gmt":"2025-11-22T16:27:34","slug":"sucette-popo-coque-en-plastique-ou-mini-bob","status":"publish","type":"page","link":"https:\/\/mini-bob.com\/fr\/sucette-popo-coque-en-plastique-ou-mini-bob\/","title":{"rendered":"Sucette popo - coque en plastique ou mini bob ?"},"content":{"rendered":"<div class=\"wpb-content-wrapper\"><p>[vc_row][vc_column][vc_custom_heading text=\u00a0\u00bbSucette Popo vs. mini bob original\u00a0\u00bb google_fonts=\u00a0\u00bbfont_family:Roboto%20Condensed%3A300%2C300italic%2Cregular%2Citalic%2C700%2C700italic|font_style:400%20regular%3A400%3Anormal\u00a0\u00bb][vc_column_text]Tout le monde conna\u00eet les petits toboggans populaires, les toboggans de neige, les plateaux de glisse, les toboggans de fesses, les toboggans en plastique, les woks de neige, les snowgliders, les flocons de neige, ou les coques en plastique \u00e0 quelques euros que l&rsquo;on peut acheter partout&#8230; Certains laissent m\u00eame leur enfant d\u00e9valer la pente sur un sac en plastique ou sur leur pantalon.[\/vc_column_text][\/vc_column][\/vc_row][vc_row][vc_column width=\u00a0\u00bb1\/2&Prime;][vc_single_image image=\u00a0\u00bb144446&Prime; img_size=\u00a0\u00bblarge\u00a0\u00bb][\/vc_column][vc_column width=\u00a0\u00bb1\/2&Prime;][vc_column_text]Mais pourquoi ne pas acheter une simple sucette popo pour mon enfant ou moi-m\u00eame, mais plut\u00f4t un mini bob de qualit\u00e9 ?<\/p>\n<p>Le mini bob original est un produit de marque fabriqu\u00e9 en Allemagne depuis plus de 40 ans. Il est con\u00e7u pour \u00eatre un engin de sport d&rsquo;hiver s\u00fbr et \u00e9prouv\u00e9, accessible \u00e0 tous.<\/p>\n<p>Compar\u00e9 \u00e0 une simple sucette popo, le mini bob dure des g\u00e9n\u00e9rations et ne se casse pas d\u00e8s le premier contact avec des pierres ou autres surfaces dures - un investissement durable donc.<\/p>\n<p>De plus, la construction du mini bob pr\u00e9sente des avantages \u00e9vidents par rapport aux simples coques en plastique - non seulement le mat\u00e9riau est nettement plus \u00e9pais et donc plus robuste, mais gr\u00e2ce \u00e0 sa construction \u00e0 corps creux, le mini bob amortit les chocs qui, sinon, atteindraient directement la colonne vert\u00e9brale de l&rsquo;enfant et m\u00e9nage ainsi le dos de votre enfant.<\/p>\n<p>Gr\u00e2ce \u00e0 sa construction sp\u00e9ciale avec un manche de direction et de freinage, ainsi qu&rsquo;une ar\u00eate de freinage, un enfant peut ma\u00eetriser le mini bob rapidement et en toute s\u00e9curit\u00e9, et surtout le freiner facilement - sur une luge popo, il n&rsquo;y a g\u00e9n\u00e9ralement pas de dispositif technique pour diriger et freiner, l&rsquo;enfant n&rsquo;a souvent d&rsquo;autre choix que de sauter ou d&rsquo;entrer en collision.[\/vc_column_text][\/vc_column][\/vc_row][vc_row][vc_column][vc_empty_space][\/vc_column][\/vc_row][vc_row][vc_column][vc_cta h2=\u00a0\u00bbToutes les informations sur la sucette pop ultime \u00ab\u00a0mini bob\u00ab\u00a0.\u00a0\u00bb add_button=\u00a0\u00bbright\u00a0\u00bb btn_title=\u00a0\u00bbA PROPOS DU MINI BOB\u00a0\u00bb btn_link=\u00a0\u00bburl:https%3A%2F%2Fmini-bob.com%2Ffr%2F|title:Accueil%20de%20mini%20bob%20-%20le%20zipflbob%20original|\u00a0\u00bb]<\/p>\n<h4>Vous trouverez ici toutes les informations sur la sucette popo \u00ab\u00a0mini bob\u00a0\u00bb.<\/h4>\n<p>[\/vc_cta][\/vc_column][\/vc_row][vc_row][vc_column width=\u00a0\u00bb1\/2&Prime;][vc_column_text]Que vous soyez jeune ou moins jeune, le petit toboggan en plastique mini bob convient \u00e0 tout le monde !<\/p>\n<p><strong>Le bob en plastique id\u00e9al pour les enfants et les adolescents.<\/strong><\/p>\n<p>Dans notre <a href=\"https:\/\/mini-bob.com\/fr\/faq\/?v=3a52f3c22ed6\">FAQ <\/a>(questions et r\u00e9ponses), vous trouverez de plus amples informations sur le mini bob original<\/p>\n<p>Sous \u00ab\u00a0le mini bob\u00a0\u00bb, vous trouverez de plus amples informations techniques sur le mini bob original<\/p>\n<p>Vous pouvez acheter le mini bob original dans un magasin sp\u00e9cialis\u00e9, ou en ligne - vous trouverez une liste de revendeurs ici : <a href=\"https:\/\/mini-bob.com\/fr\/pour-acheter-la-luge-mini-bob\/?v=3a52f3c22ed6\">acheter le mini bob<\/a><\/p>\n<p>Si, en tant que parents, vous avez des questions sur le mini bob - contactez-nous, nous vous aiderons volontiers ![\/vc_column_text][\/vc_column][vc_column width=\u00a0\u00bb1\/2&Prime;][vc_single_image image=\u00a0\u00bb145307&Prime; img_size=\u00a0\u00bblarge\u00a0\u00bb][\/vc_column][\/vc_row][vc_row][vc_column][vc_empty_space][\/vc_column][\/vc_row][vc_row][vc_column width=\u00a0\u00bb1\/2&Prime;][vc_single_image image=\u00a0\u00bb144819&Prime; img_size=\u00a0\u00bblarge\u00a0\u00bb][\/vc_column][vc_column width=\u00a0\u00bb1\/2&Prime;][vc_column_text]Les vrais pilotes de course trouveront \u00e9galement leur compte avec le mini bob - gr\u00e2ce \u00e0 sa construction stable et \u00e0 sa direction pr\u00e9cise, le mini bob procure un maximum de plaisir m\u00eame aux pilotes confirm\u00e9s ![\/vc_column_text][\/vc_column][\/vc_row][vc_row][vc_column][vc_masonry_media_grid initial_loading_animation=\u00a0\u00bbfadeIn\u00a0\u00bb grid_id=\u00a0\u00bbvc_gid:1661520873153-92b3fc5c-85e7-6&Prime; include=\u00a0\u00bb13198,13180,13186,10204,10153,145120&Prime;][\/vc_column][\/vc_row]<\/p>\n<\/div>","protected":false},"excerpt":{"rendered":"<p>[vc_row][vc_column][vc_custom_heading text=\u00a0\u00bbSucette Popo vs. mini bob original\u00a0\u00bb google_fonts=\u00a0\u00bbfont_family:Roboto%20Condensed%3A300%2C300italic%2Cregular%2Citalic%2C700%2C700italic|font_style:400%20regular%3A400%3Anormal\u00a0\u00bb][vc_column_text]Tout le monde conna\u00eet les petits toboggans populaires, les toboggans de neige, les plateaux de glisse, les toboggans de fesses, les toboggans en plastique, les woks de neige, les snowgliders, les flocons de neige, ou les coques en plastique \u00e0 quelques euros que l&rsquo;on peut acheter partout&#8230; Certains&hellip;<\/p>\n","protected":false},"author":1,"featured_media":0,"parent":0,"menu_order":0,"comment_status":"closed","ping_status":"closed","template":"","meta":{"_acf_changed":false,"footnotes":""},"class_list":["post-156629","page","type-page","status-publish","hentry","description-off"],"acf":[],"_links":{"self":[{"href":"https:\/\/mini-bob.com\/fr\/wp-json\/wp\/v2\/pages\/156629","targetHints":{"allow":["GET"]}}],"collection":[{"href":"https:\/\/mini-bob.com\/fr\/wp-json\/wp\/v2\/pages"}],"about":[{"href":"https:\/\/mini-bob.com\/fr\/wp-json\/wp\/v2\/types\/page"}],"author":[{"embeddable":true,"href":"https:\/\/mini-bob.com\/fr\/wp-json\/wp\/v2\/users\/1"}],"replies":[{"embeddable":true,"href":"https:\/\/mini-bob.com\/fr\/wp-json\/wp\/v2\/comments?post=156629"}],"version-history":[{"count":8,"href":"https:\/\/mini-bob.com\/fr\/wp-json\/wp\/v2\/pages\/156629\/revisions"}],"predecessor-version":[{"id":156657,"href":"https:\/\/mini-bob.com\/fr\/wp-json\/wp\/v2\/pages\/156629\/revisions\/156657"}],"wp:attachment":[{"href":"https:\/\/mini-bob.com\/fr\/wp-json\/wp\/v2\/media?parent=156629"}],"curies":[{"name":"wp","href":"https:\/\/api.w.org\/{rel}","templated":true}]}}