{"id":156703,"date":"2015-10-27T17:12:27","date_gmt":"2015-10-27T16:12:27","guid":{"rendered":"https:\/\/mini-bob.com\/le-mini-bob-en-bronze-zipflbob\/"},"modified":"2025-11-22T17:28:00","modified_gmt":"2025-11-22T16:28:00","slug":"le-mini-bob-en-bronze-zipflbob","status":"publish","type":"page","link":"https:\/\/mini-bob.com\/fr\/le-mini-bob-en-bronze-zipflbob\/","title":{"rendered":"le mini bob en bronze \/ zipflbob"},"content":{"rendered":"<div class=\"wpb-content-wrapper\"><p>[vc_row][vc_column width=\u00a0\u00bb1\/2&Prime;][vc_single_image image=\u00a0\u00bb10273&Prime; img_size=\u00a0\u00bblarge\u00a0\u00bb][\/vc_column][vc_column width=\u00a0\u00bb1\/2&Prime;][vc_custom_heading text=\u00a0\u00bbLe mini bob original (zipflbob) en bronze\u00a0\u00bb google_fonts=\u00a0\u00bbfont_family:Roboto%20Condensed%3A300%2C300italic%2Cregular%2Citalic%2C700%2C700italic|font_style:400%20regular%3A400%3Anormal\u00a0\u00bb][vc_column_text]Le mini bob original en bronze est un mod\u00e8le tr\u00e8s particulier de zipflob et a \u00e9t\u00e9 limit\u00e9 \u00e0 700 exemplaires seulement.<\/p>\n<p>En 2014, une s\u00e9rie sp\u00e9ciale du mini bob original en bronze, \u00e9galement limit\u00e9e \u00e0 700 exemplaires, a \u00e9t\u00e9 \u00e9dit\u00e9e en m\u00eame temps que la couleur sp\u00e9ciale \u00ab\u00a0Vert paillet\u00e9\u00a0\u00bb.<\/p>\n<p>Cette couleur unique est particuli\u00e8rement bien mise en valeur par la lumi\u00e8re du soleil et enthousiasme non seulement les jeunes zipflbobistes, mais aussi et surtout les zipflbobistes de la 2e ou 3e g\u00e9n\u00e9ration.<\/p>\n<p>Le mini bob bronze est disponible dans notre boutique en ligne (dans la limite des stocks disponibles).[\/vc_column_text]<style type=\"text\/css\" data-type=\"the7_shortcodes-inline-css\">#default-btn-a51421172e3944a92e1d0fb3a8220947.ico-right-side > i {\n  margin-right: 0px;\n  margin-left: 8px;\n}\n#default-btn-a51421172e3944a92e1d0fb3a8220947 > i {\n  margin-right: 8px;\n}<\/style><a href=\"https:\/\/mini-bob.com\/fr\/produit\/edition-luge-minibob-couleur-bronze\/\" class=\"default-btn-shortcode dt-btn dt-btn-l pulse animate-element animation-builder link-hover-off btn-inline-left \" id=\"default-btn-a51421172e3944a92e1d0fb3a8220947\" title=\"+SOLDES+ Edition mini bob (zipflob) en bronze\"><span>ACHETER ZIPFLBOB EN BRONZE<\/span><\/a>[\/vc_column][\/vc_row][vc_row][vc_column width=\u00a0\u00bb1\/2&Prime;][vc_empty_space height=\u00a0\u00bb120px\u00a0\u00bb]<style type=\"text\/css\" data-type=\"the7_shortcodes-inline-css\">#default-btn-c85045298726ea114807efa14052ae10.ico-right-side > i {\n  margin-right: 0px;\n  margin-left: 8px;\n}\n#default-btn-c85045298726ea114807efa14052ae10 > i {\n  margin-right: 8px;\n}<\/style><div class=\"btn-align-center\"><a href=\"https:\/\/mini-bob.com\/fr\/la-luge-mini-bob\/\" class=\"default-btn-shortcode dt-btn dt-btn-l pulse animate-element animation-builder link-hover-off \" id=\"default-btn-c85045298726ea114807efa14052ae10\" title=\"le mini bob\"><span>LE MINI BOB DANS D&rsquo;AUTRES COULEURS<\/span><\/a><\/div>[vc_empty_space]<style type=\"text\/css\" data-type=\"the7_shortcodes-inline-css\">#default-btn-8044ba2c19b5447c54b5a68cd53fc6b3.ico-right-side > i {\n  margin-right: 0px;\n  margin-left: 8px;\n}\n#default-btn-8044ba2c19b5447c54b5a68cd53fc6b3 > i {\n  margin-right: 8px;\n}<\/style><div class=\"btn-align-center\"><a href=\"https:\/\/mini-bob.com\/mini-bob-zipfelbob-shop\/\" class=\"default-btn-shortcode dt-btn dt-btn-l pulse animate-element animation-builder link-hover-off \" id=\"default-btn-8044ba2c19b5447c54b5a68cd53fc6b3\" title=\"Boutique originale mini bob (zipflbob)\"><span>CLIQUEZ ICI POUR ACC\u00c9DER \u00c0 LA BOUTIQUE<\/span><\/a><\/div>[\/vc_column][vc_column width=\u00a0\u00bb1\/2&Prime;][vc_single_image image=\u00a0\u00bb10275&Prime; img_size=\u00a0\u00bblarge\u00a0\u00bb][\/vc_column][\/vc_row]<\/p>\n<\/div>","protected":false},"excerpt":{"rendered":"<p>[vc_row][vc_column width=\u00a0\u00bb1\/2&Prime;][vc_single_image image=\u00a0\u00bb10273&Prime; img_size=\u00a0\u00bblarge\u00a0\u00bb][\/vc_column][vc_column width=\u00a0\u00bb1\/2&Prime;][vc_custom_heading text=\u00a0\u00bbLe mini bob original (zipflbob) en bronze\u00a0\u00bb google_fonts=\u00a0\u00bbfont_family:Roboto%20Condensed%3A300%2C300italic%2Cregular%2Citalic%2C700%2C700italic|font_style:400%20regular%3A400%3Anormal\u00a0\u00bb][vc_column_text]Le mini bob original en bronze est un mod\u00e8le tr\u00e8s particulier de zipflob et a \u00e9t\u00e9 limit\u00e9 \u00e0 700 exemplaires seulement. En 2014, une s\u00e9rie sp\u00e9ciale du mini bob original en bronze, \u00e9galement limit\u00e9e \u00e0 700 exemplaires, a \u00e9t\u00e9 \u00e9dit\u00e9e en m\u00eame temps&hellip;<\/p>\n","protected":false},"author":1,"featured_media":0,"parent":0,"menu_order":0,"comment_status":"closed","ping_status":"closed","template":"","meta":{"_acf_changed":false,"footnotes":""},"class_list":["post-156703","page","type-page","status-publish","hentry","description-off"],"acf":[],"_links":{"self":[{"href":"https:\/\/mini-bob.com\/fr\/wp-json\/wp\/v2\/pages\/156703","targetHints":{"allow":["GET"]}}],"collection":[{"href":"https:\/\/mini-bob.com\/fr\/wp-json\/wp\/v2\/pages"}],"about":[{"href":"https:\/\/mini-bob.com\/fr\/wp-json\/wp\/v2\/types\/page"}],"author":[{"embeddable":true,"href":"https:\/\/mini-bob.com\/fr\/wp-json\/wp\/v2\/users\/1"}],"replies":[{"embeddable":true,"href":"https:\/\/mini-bob.com\/fr\/wp-json\/wp\/v2\/comments?post=156703"}],"version-history":[{"count":4,"href":"https:\/\/mini-bob.com\/fr\/wp-json\/wp\/v2\/pages\/156703\/revisions"}],"predecessor-version":[{"id":156714,"href":"https:\/\/mini-bob.com\/fr\/wp-json\/wp\/v2\/pages\/156703\/revisions\/156714"}],"wp:attachment":[{"href":"https:\/\/mini-bob.com\/fr\/wp-json\/wp\/v2\/media?parent=156703"}],"curies":[{"name":"wp","href":"https:\/\/api.w.org\/{rel}","templated":true}]}}