{"id":8571,"date":"2014-05-30T13:54:44","date_gmt":"2014-05-30T11:54:44","guid":{"rendered":"https:\/\/mini-bob.com\/home-of-mini-bob-original-zipflbob\/"},"modified":"2026-01-01T21:41:31","modified_gmt":"2026-01-01T20:41:31","slug":"home-of-mini-bob-original-zipflbob","status":"publish","type":"page","link":"https:\/\/mini-bob.com\/fr\/","title":{"rendered":"Accueil de mini bob - le zipflbob original"},"content":{"rendered":"<div class=\"wpb-content-wrapper\"><p>[vc_row][vc_column][vc_custom_heading text=\u00a0\u00bble zipflob original depuis 1976 - le mini bob\u00a0\u00bb font_container=\u00a0\u00bbtag:h3|text_align:left\u00a0\u00bb google_fonts=\u00a0\u00bbfont_family:Roboto%20Condensed%3A300%2C300italic%2Cregular%2Citalic%2C700%2C700italic|font_style:400%20regular%3A400%3Anormal\u00a0\u00bb][vc_empty_space]\n\t\t\t\t<p class=\"rs-p-wp-fix\"><\/p>\n\t\t\t\t<sr7-module data-alias=\"mini-bob-intro-fr\" data-id=\"9\" id=\"SR7_9_1\" class=\"rs-ov-hidden\" data-version=\"6.7.52\">\n\t\t\t\t\t<sr7-adjuster><\/sr7-adjuster>\n\t\t\t\t\t<sr7-content>\n\t\t\t\t\t\t<sr7-slide id=\"SR7_9_1-30\" data-key=\"30\">\n\t\t\t\t\t\t\t<sr7-txt id=\"SR7_9_1-30-2\" class=\"sr7-layer\">Invent\u00e9 en Autriche, fabriqu\u00e9 en Allemagne<\/sr7-txt>\n\t\t\t\t\t\t\t<sr7-txt id=\"SR7_9_1-30-4\" class=\"sr7-layer\">Depuis 1976 - made in Germany<\/sr7-txt>\n\t\t\t\t\t\t\t<sr7-txt id=\"SR7_9_1-30-5\" class=\"sr7-layer\">la original mini bob<\/sr7-txt>\n\t\t\t\t\t\t\t<sr7-txt id=\"SR7_9_1-30-6\" class=\"sr7-layer\">l'amusement d'hiver ultime pour les jeunes et \nmoins jeunes<\/sr7-txt>\n\t\t\t\t\t\t\t<sr7-txt id=\"SR7_9_1-30-7\" class=\"sr7-layer\">Maxi amusement avec le mini bob - l\u2019original<\/sr7-txt>\n\t\t\t\t\t\t<\/sr7-slide>\n\t\t\t\t\t\t<sr7-slide id=\"SR7_9_1-31\" data-key=\"31\">\n\t\t\t\t\t\t\t<sr7-bg id=\"SR7_9_1-31-5\" class=\"sr7-layer\"><noscript><img decoding=\"async\" src=\"https:\/\/mini-bob.com\/wp-content\/uploads\/revslider\/mini bob intro1\/mini-bob-bg1.jpg\" alt=\"minibob zipflbob in rot\" title=\"roter Zipfelbob  - mini bob rot\"><\/noscript><\/sr7-bg>\n\t\t\t\t\t\t\t<sr7-txt id=\"SR7_9_1-31-2\" class=\"sr7-layer\">The original Zipfybob<\/sr7-txt>\n\t\t\t\t\t\t\t<sr7-txt id=\"SR7_9_1-31-3\" class=\"sr7-layer\">Invented in Austria, made in Germany<\/sr7-txt>\n\t\t\t\t\t\t\t<sr7-txt id=\"SR7_9_1-31-4\" class=\"sr7-layer\">German-made since 1976<\/sr7-txt>\n\t\t\t\t\t\t<\/sr7-slide>\n\t\t\t\t\t\t<sr7-slide id=\"SR7_9_1-42\" data-key=\"42\">\n\t\t\t\t\t\t<\/sr7-slide>\n\t\t\t\t\t<\/sr7-content>\n\t\t\t\t\t<image_lists style=\"display:none\">\n\t\t\t\t\t\t<img data-src=\"\/\/mini-bob.com\/wp-content\/uploads\/revslider\/mini bob intro1\/logo-slider.png\" data-libid=\"2225\" alt=\"minibob logo\" title=\"mini bob logo\" width=\"0\" height=\"0\" data-dbsrc=\"Ly9taW5pLWJvYi5jb20vd3AtY29udGVudC91cGxvYWRzL3JldnNsaWRlci9taW5pIGJvYiBpbnRybzEvbG9nby1zbGlkZXIucG5n\"\/>\n\t\t\t\t\t\t<img data-src=\"\/\/mini-bob.com\/wp-content\/uploads\/revslider\/mini bob intro1\/mini-bob-bg1.jpg\" width=\"0\" height=\"0\" data-dbsrc=\"Ly9taW5pLWJvYi5jb20vd3AtY29udGVudC91cGxvYWRzL3JldnNsaWRlci9taW5pIGJvYiBpbnRybzEvbWluaS1ib2ItYmcxLmpwZw==\"\/>\n\t\t\t\t\t<\/image_lists>\n\t\t\t\t<\/sr7-module>\n\t\t\t\t<script>\n\t\t\t\t\twindow.SR7 ??={};SR7.PMH ??={}; SR7.PMH[\"SR7_9_1\"] = {cn:100,state:false,fn: function() { if (window._tpt!==undefined && window._tpt.prepareModuleHeight !== undefined) {  _tpt.prepareModuleHeight({id:\"SR7_9_1\",el:[850,850,768,960,720],type:'standard',shdw:'0',gh:[850,850,702,533,329],gw:[1240,1240,1024,778,480],vpt:['-200px'],size:{fullWidth:true, fullHeight:false},mh:'0',onh:0,onw:0,bg:{color:'{\"orig\":\"transparent\",\"type\":\"solid\",\"string\":\"transparent\"}'},plType:'-1',plColor:'#FFFFFF'});   SR7.PMH[\"SR7_9_1\"].state=true;} else if(SR7.PMH[\"SR7_9_1\"].cn-->0)\tsetTimeout( SR7.PMH[\"SR7_9_1\"].fn,19);}};SR7.PMH[\"SR7_9_1\" ].fn();\n\t\t\t\t<\/script>\n[vc_separator][vc_custom_heading text=\u00a0\u00bbQualit\u00e9 made in Germany depuis 1976&Prime; font_container=\u00a0\u00bbtag:h3|text_align:left\u00a0\u00bb google_fonts=\u00a0\u00bbfont_family:Roboto%20Condensed%3A300%2C300italic%2Cregular%2Citalic%2C700%2C700italic|font_style:400%20regular%3A400%3Anormal\u00a0\u00bb][vc_separator][vc_column_text css=\u00a0\u00bb\u00a0\u00bb]Depuis plus de 50 ans, le mini bob (Zipflbob original) continue de prouver ce qu&rsquo;il a dans le ventre. N\u00e9 d&rsquo;une id\u00e9e et d&rsquo;une cr\u00e9ativit\u00e9 autrichiennes dans les ann\u00e9es 70, le mini bob, \u00e9galement appel\u00e9 affectueusement \u00ab\u00a0Zipflbob\u00a0\u00bb dans la r\u00e9gion alpine, continue aujourd&rsquo;hui \u00e0 vivre gr\u00e2ce aux id\u00e9es et \u00e0 la cr\u00e9ativit\u00e9 d&rsquo;une communaut\u00e9 de fans enthousiastes. Une chose reste cependant au premier plan, comme depuis le d\u00e9but&#8230; MAXISPASS pour les jeunes et les moins jeunes avec le mini bob original.[\/vc_column_text][vc_empty_space][\/vc_column][\/vc_row][vc_row][vc_column width=\u00a0\u00bb1\/2&Prime;][vc_wp_text]<\/p>\n<p style=\"margin-left: 60px; margin-top: 47px;\"><img loading=\"lazy\" decoding=\"async\" title=\"original Zipflbob - Zipflbob rouge\" src=\"\/wp-content\/uploads\/2015\/01\/mini-bob-rot-500px.png\" alt=\"mini bob - le zipflbob original Zipflbob\" width=\"500\" height=\"433\" \/><\/p>\n<p>[\/vc_wp_text][\/vc_column][vc_column width=\u00a0\u00bb1\/2&Prime;][vc_accordion active_tab=\u00a0\u00bb1&Prime; title=\u00a0\u00bbmini bob - Pourquoi l&rsquo;original ?\u00a0\u00bb][vc_accordion_tab title=\u00a0\u00bbUn succ\u00e8s inchang\u00e9 depuis 1976&Prime;][vc_column_text]Depuis sa cr\u00e9ation dans les ann\u00e9es 1970, le mini bob a connu de nombreuses \u00e9tapes d&rsquo;\u00e9volution avant d&rsquo;atteindre une forme et une perfection inchang\u00e9es \u00e0 ce jour.<\/p>\n<p>Depuis 1976, le mini bob est fabriqu\u00e9 en Allemagne selon cette m\u00e9thode de construction perfectionn\u00e9e - \u00e0 l&rsquo;\u00e9poque d\u00e9j\u00e0, les mat\u00e9riaux et la production tenaient compte de la fonction, du design, de la durabilit\u00e9 et du respect de l&rsquo;environnement.<\/p>\n<p>Le mini bob dispose d&rsquo;une assise ergonomique et d&rsquo;une poign\u00e9e parfaitement form\u00e9e, qui garantissent un maximum de plaisir et de s\u00e9curit\u00e9 pour les jeunes et les moins jeunes.<\/p>\n<p>Gr\u00e2ce \u00e0 son manche \u00e0 balai et \u00e0 sa forme sp\u00e9ciale, le mini bob peut \u00eatre dirig\u00e9 avec pr\u00e9cision, il est rapide et s\u00fbr \u00e0 ma\u00eetriser. Gr\u00e2ce \u00e0 son concept de commande intuitif, il procure un grand plaisir de conduite d\u00e8s la premi\u00e8re minute.<\/p>\n<p>Des ann\u00e9es avant l&rsquo;introduction de la l\u00e9gislation correspondante, nous avons veill\u00e9 \u00e0 ce que le mini bob soit fabriqu\u00e9 sans phtalates (sans plastifiants). Aujourd&rsquo;hui encore, le mini bob passe sans probl\u00e8me les tests de s\u00e9curit\u00e9 et de mat\u00e9riaux les plus stricts.[\/vc_column_text][\/vc_accordion_tab][vc_accordion_tab title=\u00a0\u00bbA nouveau r\u00e9compens\u00e9 par le Bob.art Industry Arward 2014&Prime;][vc_column_text]Il n&rsquo;y a pas qu&rsquo;en Formule 1 que la combinaison du poids, de la vitesse, de la stabilit\u00e9, de l&rsquo;\u00e9quilibre parfait et du design est un gage de victoire !<\/p>\n<p>Contrairement aux imitations de notre produit, cette garantie est pr\u00e9sente dans le mini bob original depuis ses d\u00e9buts. Vous avez ainsi la garantie d&rsquo;un plaisir de conduite maximal et en toute s\u00e9curit\u00e9.[\/vc_column_text][\/vc_accordion_tab][vc_accordion_tab title=\u00a0\u00bbInvented in Austria - Fabriqu\u00e9 en Allemagne\u00a0\u00bb][vc_column_text]Depuis son invention dans les ann\u00e9es 1970, le mini bob est exclusivement produit en Allemagne. Cela assure les exigences \u00e9lev\u00e9es de ce produit de haute qualit\u00e9 et garantit ainsi \u00e0 l&rsquo;utilisateur un maximum de s\u00e9curit\u00e9 et de dur\u00e9e de vie.<\/p>\n<p>Le mini bob original est un produit de qualit\u00e9 pour des g\u00e9n\u00e9rations - pas seulement un bob en plastique ennuyeux.[\/vc_column_text][\/vc_accordion_tab][\/vc_accordion][\/vc_column][\/vc_row][vc_row][vc_column][vc_separator][\/vc_column][\/vc_row][vc_row][vc_column][vc_empty_space][vc_cta h2=\u00a0\u00bbCliquez ici pour acc\u00e9der \u00e0 la boutique en ligne\u00a0\u00bb txt_align=\u00a0\u00bbjustify\u00a0\u00bb shape=\u00a0\u00bbsquare\u00a0\u00bb add_button=\u00a0\u00bbleft\u00a0\u00bb btn_title=\u00a0\u00bbacc\u00e9der \u00e0 la boutique mini bob\u00a0\u00bb btn_shape=\u00a0\u00bbsquare\u00a0\u00bb btn_color=\u00a0\u00bbdanger\u00a0\u00bb btn_size=\u00a0\u00bblg\u00a0\u00bb btn_align=\u00a0\u00bbright\u00a0\u00bb btn_i_type=\u00a0\u00bbthe7&Prime; btn_i_icon_the7=\u00a0\u00bbicomoon-the7-font-the7-arrow-27&Prime; btn_button_block=\u00a0\u00bbtrue\u00a0\u00bb btn_add_icon=\u00a0\u00bbtrue\u00a0\u00bb btn_link=\u00a0\u00bburl:https%3A%2F%2Fmini-bob.com%2Fmini-bob-zipfelbob-shop%2F|title:acheter%20mini%20bob%20%28bob%20%C3%A0%20pointes%29|\u00a0\u00bb]vous pouvez \u00e9galement acheter toutes les couleurs actuellement disponibles dans notre boutique en ligne[\/vc_cta][vc_cta h2=\u00a0\u00bbacheter mini bob - zipflbob ?\u00a0\u00bb txt_align=\u00a0\u00bbjustify\u00a0\u00bb shape=\u00a0\u00bbsquare\u00a0\u00bb add_button=\u00a0\u00bbleft\u00a0\u00bb btn_title=\u00a0\u00bbacheter un mini bob\u00a0\u00bb btn_shape=\u00a0\u00bbsquare\u00a0\u00bb btn_color=\u00a0\u00bbdanger\u00a0\u00bb btn_size=\u00a0\u00bblg\u00a0\u00bb btn_i_type=\u00a0\u00bbthe7&Prime; btn_i_icon_the7=\u00a0\u00bbicomoon-the7-font-the7-arrow-27&Prime; btn_add_icon=\u00a0\u00bbtrue\u00a0\u00bb btn_link=\u00a0\u00bburl:https%3A%2F%2Fmini-bob.com%2Ffr%2Fpour-acheter-la-luge-mini-bob%2F|title:acheter%20mini%20bob%20%28bob%20%C3%A0%20pointes%29|\u00a0\u00bb]Ici, vous pouvez acheter le mini bob original chez des revendeurs certifi\u00e9s ![\/vc_cta][vc_cta h2=\u00a0\u00bbDevenir un partenaire commercial ?\u00a0\u00bb txt_align=\u00a0\u00bbjustify\u00a0\u00bb shape=\u00a0\u00bbsquare\u00a0\u00bb add_button=\u00a0\u00bbleft\u00a0\u00bb btn_title=\u00a0\u00bbDemande de partenariat\u00a0\u00bb btn_shape=\u00a0\u00bbsquare\u00a0\u00bb btn_color=\u00a0\u00bbdanger\u00a0\u00bb btn_size=\u00a0\u00bblg\u00a0\u00bb btn_align=\u00a0\u00bbright\u00a0\u00bb btn_i_type=\u00a0\u00bbthe7&Prime; btn_i_icon_the7=\u00a0\u00bbicomoon-the7-font-the7-arrow-27&Prime; btn_button_block=\u00a0\u00bbtrue\u00a0\u00bb btn_add_icon=\u00a0\u00bbtrue\u00a0\u00bb btn_link=\u00a0\u00bburl:https%3A%2F%2Fmini-bob.com%2Ffr%2Fmerci-pour-votre-demande%2F|title:acheter%20mini%20bob%20%28bob%20%C3%A0%20pointes%29|\u00a0\u00bb]Vous avez un magasin ou une boutique en ligne et vous souhaitez vendre le mini bob original ?[\/vc_cta][\/vc_column][\/vc_row][vc_row][vc_column][vc_empty_space][vc_basic_grid post_type=\u00a0\u00bbpost\u00a0\u00bb max_items=\u00a0\u00bb10&Prime; element_width=\u00a0\u00bb3&Prime; grid_id=\u00a0\u00bbvc_gid:1767300072885-a0b5b2fc-1a91-7&Prime;][\/vc_column][\/vc_row]<\/p>\n<\/div>","protected":false},"excerpt":{"rendered":"<p>[vc_row][vc_column][vc_custom_heading text=\u00a0\u00bble zipflob original depuis 1976 - le mini bob\u00a0\u00bb font_container=\u00a0\u00bbtag:h3|text_align:left\u00a0\u00bb google_fonts=\u00a0\u00bbfont_family:Roboto%20Condensed%3A300%2C300italic%2Cregular%2Citalic%2C700%2C700italic|font_style:400%20regular%3A400%3Anormal\u00a0\u00bb][vc_empty_space][vc_separator][vc_custom_heading text=\u00a0\u00bbQualit\u00e9 made in Germany depuis 1976&Prime; font_container=\u00a0\u00bbtag:h3|text_align:left\u00a0\u00bb google_fonts=\u00a0\u00bbfont_family:Roboto%20Condensed%3A300%2C300italic%2Cregular%2Citalic%2C700%2C700italic|font_style:400%20regular%3A400%3Anormal\u00a0\u00bb][vc_separator][vc_column_text css=\u00a0\u00bb\u00a0\u00bb]Depuis plus de 50 ans, le mini bob (Zipflbob original) continue de prouver ce qu&rsquo;il a dans le ventre. N\u00e9 d&rsquo;une id\u00e9e et d&rsquo;une cr\u00e9ativit\u00e9 autrichiennes dans les ann\u00e9es 70, le mini bob, \u00e9galement appel\u00e9&hellip;<\/p>\n","protected":false},"author":1,"featured_media":0,"parent":0,"menu_order":0,"comment_status":"closed","ping_status":"closed","template":"","meta":{"_acf_changed":false,"footnotes":""},"class_list":["post-8571","page","type-page","status-publish","hentry","description-off"],"acf":[],"_links":{"self":[{"href":"https:\/\/mini-bob.com\/fr\/wp-json\/wp\/v2\/pages\/8571","targetHints":{"allow":["GET"]}}],"collection":[{"href":"https:\/\/mini-bob.com\/fr\/wp-json\/wp\/v2\/pages"}],"about":[{"href":"https:\/\/mini-bob.com\/fr\/wp-json\/wp\/v2\/types\/page"}],"author":[{"embeddable":true,"href":"https:\/\/mini-bob.com\/fr\/wp-json\/wp\/v2\/users\/1"}],"replies":[{"embeddable":true,"href":"https:\/\/mini-bob.com\/fr\/wp-json\/wp\/v2\/comments?post=8571"}],"version-history":[{"count":15,"href":"https:\/\/mini-bob.com\/fr\/wp-json\/wp\/v2\/pages\/8571\/revisions"}],"predecessor-version":[{"id":165382,"href":"https:\/\/mini-bob.com\/fr\/wp-json\/wp\/v2\/pages\/8571\/revisions\/165382"}],"wp:attachment":[{"href":"https:\/\/mini-bob.com\/fr\/wp-json\/wp\/v2\/media?parent=8571"}],"curies":[{"name":"wp","href":"https:\/\/api.w.org\/{rel}","templated":true}]}}