{"id":8574,"date":"2015-02-28T15:18:16","date_gmt":"2015-02-28T14:18:16","guid":{"rendered":"https:\/\/mini-bob.com\/pour-acheter-la-luge-mini-bob\/"},"modified":"2025-11-22T19:05:01","modified_gmt":"2025-11-22T18:05:01","slug":"pour-acheter-la-luge-mini-bob","status":"publish","type":"page","link":"https:\/\/mini-bob.com\/fr\/pour-acheter-la-luge-mini-bob\/","title":{"rendered":"acheter mini bob (bob \u00e0 pointes)"},"content":{"rendered":"<div class=\"wpb-content-wrapper\"><p>[vc_row][vc_column][vc_custom_heading text=\u00a0\u00bbZipflbob - acheter le mini bob original dans le commerce\u00a0\u00bb google_fonts=\u00a0\u00bbfont_family:Roboto%20Condensed%3A300%2C300italic%2Cregular%2Citalic%2C700%2C700italic|font_style:400%20regular%3A400%3Anormal\u00a0\u00bb][vc_column_text]Vous pouvez acheter le mini bob original (Zipflbob) chez le d\u00e9taillant de sport et de jouets bien achaland\u00e9 le plus proche de chez vous !<\/p>\n<p>Si votre d\u00e9taillant local ne vend pas le mini bob original, n&rsquo;h\u00e9sitez pas \u00e0 le renvoyer vers nous - <a href=\"https:\/\/mini-bob.com\/fr\/merci-pour-votre-demande\/?v=3a52f3c22ed6\">nous sommes heureux de recevoir des demandes de d\u00e9taillants<\/a>.[\/vc_column_text]<style type=\"text\/css\" data-type=\"the7_shortcodes-inline-css\">#default-btn-cdba1342e50885ced042569ff2f6bf0c.ico-right-side > i {\n  margin-right: 0px;\n  margin-left: 8px;\n}\n#default-btn-cdba1342e50885ced042569ff2f6bf0c > i {\n  margin-right: 8px;\n}<\/style><a href=\"https:\/\/mini-bob.com\/mini-bob-zipfelbob-shop\/\" class=\"default-btn-shortcode dt-btn dt-btn-l link-hover-off btn-inline-left \" id=\"default-btn-cdba1342e50885ced042569ff2f6bf0c\" title=\"Boutique originale mini bob (zipflbob)\"><span>CLIQUEZ ICI POUR ACC\u00c9DER \u00c0 LA BOUTIQUE<\/span><\/a>[vc_empty_space][vc_column_text]vous pouvez acheter le mini bob original (zipflbob) chez les revendeurs suivants :[\/vc_column_text][\/vc_column][\/vc_row][vc_row][vc_column width=\u00a0\u00bb1\/2&Prime;][vc_wp_text]<img decoding=\"async\" src=\"\/wp-content\/uploads\/2015\/02\/deutschland.gif\" alt=\"\" width=\"\" height=\"\">  <img decoding=\"async\" src=\"\/wp-content\/uploads\/2015\/02\/oestereich.gif\" alt=\"\" width=\"\" height=\"\">  <img decoding=\"async\" src=\"\/wp-content\/uploads\/2015\/02\/schweiz02.gif\" alt=\"\" width=\"\" height=\"\"><\/p>\n<p>Allemagne, Autriche et Suisse<\/p>\n<p>Vous pouvez obtenir ici les <strong>\u00e9ditions sp\u00e9ciales<\/strong> du mini bob original en ligne :<\/p>\n<p><strong>mini bob Webshop<\/strong><br \/>\ne-mail : vertrieb@mini-bob.com<\/p>\n<p>&nbsp;<\/p>\n<p><strong>Vous trouverez ici le mini bob original dans toutes les autres couleurs en ligne :<\/strong><\/p>\n<p><strong>Rodelfuehrer.de<\/strong><br \/>\nFr\u00fchlingstr. 13<br \/>\n<strong>D-82223<\/strong> Eichenau<br \/>\nT\u00e9l\u00e9phone : +49(0)89\/381695562<br \/>\nBoutique en ligne : <a href=\"https:\/\/www.rodelfuehrer.de\/rodel-shop\/Zipflbob-Minibob\" target=\"_blank\" rel=\"nofollow noopener\">www.rodelfuehrer.de<\/a><\/p>\n<p>&nbsp;<\/p>\n<p><strong>OBI Landsberg<\/strong><br \/>\nAm Penzinger Feld 21<br \/>\n<strong>D-86899<\/strong> Landsberg am Lech<br \/>\nT\u00e9l\u00e9phone : +49(0)8191 973900<br \/>\nSite web : <a href=\"https:\/\/www.obi.de\/baumarkt\/landsberg-am-lech\/\" target=\"_blank\" rel=\"nofollow noopener\">OBI Landsberg<\/a><\/p>\n<p>&nbsp;<\/p>\n<p><strong>JAKO-O M\u00f6bel und Spielmittel f\u00fcr die junge Familie GmbH<\/strong><br \/>\nAugust-Grosch-Stra\u00dfe 28-38<br \/>\n<strong>D-96476<\/strong> Bad Rodach<br \/>\nBoutique en ligne : <a href=\"https:\/\/www.jako-o.de\/produkte-sport-kinder-sportgeraete-wintersport-mini-bob--047626.html\" target=\"_blank\" rel=\"nofollow noopener\">www.jako-o.de<\/a><\/p>\n<p>&nbsp;<\/p>\n<p><strong>JAKO-O France Boutique en ligne<\/strong><br \/>\n<strong>AT<\/strong><br \/>\nBoutique en ligne : <a href=\"https:\/\/www.jako-o.at\/produkte-sport-sportarten-wintersport-mini-bob--047626.html\" target=\"_blank\" rel=\"nofollow noopener\">www.jako-o.at<\/a><\/p>\n<p>&nbsp;<\/p>\n<p><strong>Kastner &amp; \u00d6hler Mode GmbH<\/strong><br \/>\nSackstra\u00dfe 7-13<br \/>\n<strong>AT-8010<\/strong> Graz<br \/>\nT\u00e9l\u00e9phone : +43 (0)316 870-0<br \/>\nE-mail : kontakt@kastner-oehler.at<br \/>\nBoutique en ligne : <a href=\"https:\/\/www.kastner-oehler.at\/ZipflBob.html\" target=\"_blank\" rel=\"nofollow noopener\">www.kastner-oehler.at<\/a><\/p>\n<p>&nbsp;<\/p>\n<p><strong>McTREK <\/strong>(YEAH ! AG)<br \/>\nKeltenstr. 20b<br \/>\n<strong>D-63486<\/strong> Bruchk\u00f6bel<br \/>\nT\u00e9l : +49 (0)6181-952630<br \/>\nBoutique en ligne : <a href=\"https:\/\/www.mctrek.de\" target=\"_blank\" rel=\"nofollow noopener\">www.mctrek.de<\/a><\/p>\n<p>&nbsp;<\/p>\n<p><strong>Globetrotter Ausr\u00fcstung GmbH<\/strong><br \/>\nAcheter sur place <strong>dans toute l&rsquo;Allemagne<\/strong><br \/>\n: <a href=\"https:\/\/www.globetrotter.de\/filialen\/\" target=\"_blank\" rel=\"nofollow noopener\">Trouver un magasin<\/a><br \/>\nBoutique en ligne : <a href=\"https:\/\/www.globetrotter.de\/shop\/zipflbob-308405\/\" target=\"_blank\" rel=\"nofollow noopener\">www.globetrotter.de<\/a><\/p>\n<p>&nbsp;<\/p>\n<p><strong>SchuhSki<\/strong><br \/>\nSalzburger Stra\u00dfe 92<br \/>\n<strong>AT-4820<\/strong> Bad Ischl<br \/>\nT\u00e9l\u00e9phone : +43 720 530 936<br \/>\nE-mail : support@schuhski.com<br \/>\nBoutique en ligne : <a href=\"https:\/\/www.schuhski.com\/e-vendo.php?SessionId=&amp;a=search&amp;SearchStr=mini-bob\" target=\"_blank\" rel=\"nofollow noopener\">www.schuhski.com<\/a><\/p>\n<p>&nbsp;<\/p>\n<p><strong>Sport M\u00fcller<\/strong><br \/>\nPassauer Strasse 24<br \/>\n<strong>D-94060<\/strong> Pocking<br \/>\nT\u00e9l\u00e9phone : +49(0)8531 4803<br \/>\nE-mail : info@sportmueller-pocking.de<br \/>\nBoutique en ligne : <a href=\"https:\/\/www.sportmueller-pocking.de\" target=\"_blank\" rel=\"nofollow noopener\">www.sportmueller-pocking.de<\/a><\/p>\n<p>&nbsp;<\/p>\n<p><strong>Probst Haushaltswaren<\/strong><br \/>\nBahnhofstr. 2<br \/>\n<strong>D-83661<\/strong> Lenggries<br \/>\nT\u00e9l\u00e9phone : +49(0)8042 8931<br \/>\nE-mail : probst@haushaltswaren-lenggries.de<br \/>\nWeb <a href=\"https:\/\/www.haushaltswaren-lenggries.de\/\" target=\"_blank\" rel=\"nofollow noopener\">: https:\/\/haushaltswaren-lenggries.de<\/a><\/p>\n<p>&nbsp;<\/p>\n<p><strong>Sport EDER + BERGER GmbH &amp; Co. KG<\/strong><br \/>\nSulzbacher Str. 1<br \/>\n<strong>D-<\/strong> 94152 Neuhaus am Inn<br \/>\nT\u00e9l\u00e9phone : +49(0)8503 86 10<br \/>\nE-mail : versand@eder-tauchsport.de<br \/>\nBoutique en ligne : <a href=\"https:\/\/www.tauchshop-online.de\/zipflbob_minibob-onlineshop.php\" target=\"_blank\" rel=\"nofollow noopener\">www.tauchshop-online.de<\/a><\/p>\n<p>&nbsp;<\/p>\n<p><strong>Professionnel du sport<\/strong><br \/>\nFalkenburg 102<br \/>\n<strong>AT-8952<\/strong> Irdning <strong>(Exp\u00e9dition en ligne Suisse !)<\/strong><br \/>\nT\u00e9l\u00e9phone : +43 (0) 3682 229527<br \/>\nE-mail : office@sportsprofi.com<br \/>\nWebshop : <a href=\"https:\/\/www.sportsprofi.com\/Sportarten\/Rodelsport\/Bobs\/Bob-mit-Stiel-Zipfelbob.html\" target=\"_blank\" rel=\"nofollow noopener\">www.sportsprofi.com<\/a><\/p>\n<p>&nbsp;<\/p>\n<p><strong>Sportworld24 GmbH<\/strong><br \/>\nGehringstrasse 26a<br \/>\n<strong>D-93444<\/strong> Bad K\u00f6tzting<br \/>\nE-mail : info@sportworld24.de<br \/>\nBoutique en ligne : <a href=\"https:\/\/www.sportworld24.de\/de\/mini-bob-schlitten-bob-mini.html\" target=\"_blank\" rel=\"nofollow noopener\">www.sportworld24.de<\/a>[\/vc_wp_text][\/vc_column][vc_column width=\u00a0\u00bb1\/2&Prime;][vc_wp_text]<\/p>\n<p>&nbsp;<\/p>\n<p><img loading=\"lazy\" decoding=\"async\" src=\"\/wp-content\/uploads\/2015\/02\/deutschland.gif\" width=\"46\" height=\"31\" alt=\"\"><\/p>\n<p><strong>INTERSPORT Multichannel GmbH<\/strong><br \/>\nWannen\u00e4ckerstra\u00dfe 36<br \/>\n<strong>D-74078<\/strong> Heilbronn<br \/>\nT\u00e9l\u00e9phone : +49 7131 123 00 90<br \/>\nE-mail : service@intersport.de<\/p>\n<p>Localisateur de distributeurs : <a href=\"https:\/\/www.intersport.de\/suche?SearchTerm=M%C3%BCnchen&amp;SelectedSearchResult=MerchantSearch\" target=\"_blank\" rel=\"nofollow noopener\">www.intersport.de<\/a><\/p>\n<p>&nbsp;<\/p>\n<p><img decoding=\"async\" src=\"\/wp-content\/uploads\/2015\/02\/oestereich.gif\" alt=\"\" width=\"\" height=\"\"><\/p>\n<p><strong>INTERSPORT Austria Gesellschaft mbH<\/strong><br \/>\nFlugplatzstra\u00dfe 10<br \/>\n<strong>AT-4600<\/strong> Wels<br \/>\nT\u00e9l\u00e9phone : +43 7242 233 - 0<br \/>\nE-mail : headoffice@intersport.at<br \/>\nWeb : <a href=\"https:\/\/www.intersport.at\" target=\"_blank\" rel=\"nofollow noopener\">www.intersport.at<\/a><\/p>\n<p>Localisateur de distributeurs : <a href=\"https:\/\/www.intersport.at\/standorte\/index.html\" target=\"_blank\" rel=\"nofollow noopener\">www.intersport.at<\/a><\/p>\n<p>Boutique en ligne : <a href=\"https:\/\/www.intersport.at\/eshop\/Snow-Ice\/Bobs-Schlitten\/Minibob-mit-Stiel-rot-30-000.html\" target=\"_blank\" rel=\"nofollow noopener\">www.intersport.at<\/a><\/p>\n<p>&nbsp;<\/p>\n<p><img decoding=\"async\" src=\"\/wp-content\/uploads\/2017\/06\/spanien.gif\" alt=\"\" width=\"\" height=\"\">  <img loading=\"lazy\" decoding=\"async\" src=\"\/wp-content\/uploads\/2017\/06\/andorra.gif\" alt=\"\" width=\"46\" height=\"31\">  <img loading=\"lazy\" decoding=\"async\" src=\"\/wp-content\/uploads\/2017\/06\/portugal.gif\" alt=\"\" width=\"46\" height=\"31\"><\/p>\n<p><strong>Espagne, Andorre &amp; Portugal<br \/>\n<\/strong><\/p>\n<p><strong>Whitefun Sports<\/strong><br \/>\nc\/Nord 8<br \/>\n<strong>ES<\/strong> 25550 Bossost<br \/>\nT\u00e9l\u00e9phone : + 34 667594488<br \/>\nE-mail : info@whitefun.com<br \/>\nBoutique en ligne : <a href=\"https:\/\/www.whitefun.com\/sports\/es\/home\/70-minibob.html\" target=\"_blank\" rel=\"nofollow noopener\">www.whitefun.com<\/a><\/p>\n<p>&nbsp;<\/p>\n<p><img loading=\"lazy\" decoding=\"async\" src=\"\/wp-content\/uploads\/2018\/01\/frankreich.gif\" width=\"46\" height=\"31\" alt=\"\"><\/p>\n<p><strong>France<br \/>\n<\/strong><\/p>\n<p><strong>Val d&rsquo;Allos Sport<\/strong><br \/>\n04260 La Foux d&rsquo;Allos<br \/>\nOuvert toute la saison d&rsquo;hiver 7\/7<br \/>\nT\u00e9l. <a class=\"_sEo iGHZATw6ZO1Y-6WH35iSZ2V0 rllt__link\" style=\"padding-right: 0;\" tabindex=\"0\" role=\"link\" data-rtid=\"iGHZATw6ZO1Y\" data-cid=\"1123861482795003801\" data-ved=\"0ahUKEwi_u-SP1cjYAhWB2KQKHee6BxIQyTMILzAA\"><span class=\"rllt__details lqhpac\">33 6 24 82 57 73<\/span><\/a><br \/>\nE-mail : info@valdallossport.fr<br \/>\nBoutique en ligne : <a href=\"https:\/\/www.valdallossport.fr\/produit\/luge-mini-bob-val-d-allos-sport\/\" target=\"_blank\" rel=\"nofollow noopener\">www.valdallossport.fr<\/a><\/p>\n<p>&nbsp;<\/p>\n<p><img loading=\"lazy\" decoding=\"async\" src=\"\/wp-content\/uploads\/2018\/11\/hu.png\" width=\"46\" height=\"31\" alt=\"\"><\/p>\n<p><strong>Hongrie<br \/>\n<\/strong><\/p>\n<p><strong>SKI TRAVEL UTAZASI IRODA<\/strong><br \/>\n8200 Veszprem<br \/>\nBudapest ut 89\/A.<br \/>\nT\u00e9l\u00e9phone : + <span class=\"rllt__details lqhpac\">36 88 567 401<\/span><br \/>\nE-mail : sitanoda@skitravel.hu<br \/>\nBoutique en ligne : <a href=\"https:\/\/www.sitanoda.hu\" target=\"_blank\" rel=\"nofollow noopener\">www.sitanoda.hu<\/a><\/p>\n<p>&nbsp;<\/p>\n<p><img decoding=\"async\" src=\"\/wp-content\/uploads\/2015\/02\/rumaenien.gif\" alt=\"\" width=\"\" height=\"\"><\/p>\n<p><strong>Roumanie<\/strong><\/p>\n<p><strong>SC Toptools SRL<\/strong><br \/>\nStr. Meteor 71B<br \/>\nCluj Napoca 400492<br \/>\nT\u00e9l\u00e9phone : +40264438490<br \/>\nE-mail : info@sanuis.ro<br \/>\nWebshop : <a href=\"https:\/\/www.sanius.ro\" target=\"_blank\" rel=\"nofollow noopener\">www.sanius.ro<\/a><\/p>\n<p>&nbsp;<\/p>\n<p><img decoding=\"async\" src=\"\/wp-content\/uploads\/2015\/02\/europa.gif\" alt=\"\" width=\"\" height=\"\"><\/p>\n<p><strong style=\"font-style: normal;\">IIC-INTERSPORT International Corporation<\/strong><br \/>\nWeb : <a href=\"https:\/\/www.intersport.com\" target=\"_blank\" rel=\"nofollow noopener\">www.intersport.com<\/a><\/p>\n<p>&nbsp;<\/p>\n<p><img loading=\"lazy\" decoding=\"async\" src=\"\/wp-content\/uploads\/2016\/08\/norwegen.gif\" alt=\"\" width=\"46\" height=\"31\">  <img loading=\"lazy\" decoding=\"async\" src=\"\/wp-content\/uploads\/2016\/08\/finnland.gif\" alt=\"\" width=\"46\" height=\"31\">  <img loading=\"lazy\" decoding=\"async\" src=\"\/wp-content\/uploads\/2016\/08\/schweden.gif\" alt=\"\" width=\"46\" height=\"31\"><\/p>\n<p>mini bob\/Zipflbob en Scandinavie :<\/p>\n<p>Norv\u00e8ge :<\/p>\n<p><strong style=\"font-style: normal;\">Snowcon<\/strong><br \/>\nWeb : <a href=\"https:\/\/snowcon.no\/shop\/\" target=\"_blank\" rel=\"nofollow noopener\">www.snowcon.no<\/a><br \/>\nmail : kundeservice@snowcon.no<\/p>\n<p>Sweden :<\/p>\n<p><strong style=\"font-style: normal;\">Snowcon<\/strong><br \/>\nWeb : <a href=\"https:\/\/snowcon.se\/shop\/\" target=\"_blank\" rel=\"nofollow noopener\">www.snowcon.se<\/a><br \/>\nmail : kundeservice@snowcon.se<\/p>\n<p>Finland :<\/p>\n<p><strong style=\"font-style: normal;\">Snowcon<\/strong><br \/>\nWeb : <a href=\"https:\/\/snowcon.fi\/shop\/\" target=\"_blank\" rel=\"nofollow noopener\">www.snowcon.fi<\/a><br \/>\nmail : kundeservice@snowcon.fi<\/p>\n<p>[\/vc_wp_text][\/vc_column][\/vc_row][vc_row][vc_column][vc_empty_space][\/vc_column][\/vc_row][vc_row][vc_column][vc_custom_heading text=\u00a0\u00bbVous souhaitez devenir un revendeur original de mini bob ?\u00a0\u00bb google_fonts=\u00a0\u00bbfont_family:Roboto%20Condensed%3A300%2C300italic%2Cregular%2Citalic%2C700%2C700italic|font_style:400%20regular%3A400%3Anormal\u00a0\u00bb]<style type=\"text\/css\" data-type=\"the7_shortcodes-inline-css\">#default-btn-485fcd2f4b97c9e814199660cb865986.ico-right-side > i {\n  margin-right: 0px;\n  margin-left: 8px;\n}\n#default-btn-485fcd2f4b97c9e814199660cb865986 > i {\n  margin-right: 8px;\n}<\/style><a href=\"https:\/\/mini-bob.com\/fr\/merci-pour-votre-demande\/\" class=\"default-btn-shortcode dt-btn dt-btn-l pulse animate-element animation-builder link-hover-off btn-inline-left \" id=\"default-btn-485fcd2f4b97c9e814199660cb865986\" title=\"Nous nous r\u00e9jouissons de votre demande !\"><span>DEVENIR REVENDEUR<\/span><\/a>[\/vc_column][\/vc_row][vc_row][vc_column][vc_empty_space][\/vc_column][\/vc_row][vc_row][vc_column][vc_column_text]Lors de l&rsquo;achat d&rsquo;un mini bob (ou zipfybob, zipflbob ou zipflbob), veillez toujours \u00e0 ce qu&rsquo;il s&rsquo;agisse du mini bob original ! Vous le reconna\u00eetrez au logo original du mini bob. Vous trouverez plus d&rsquo;informations \u00e0 ce sujet sous : <a href=\"https:\/\/mini-bob.com\/fr\/la-luge-mini-bob\/\">le mini bob<\/a>  <\/p>\n<p>Si vous \u00eates \u00e0 la recherche du <a href=\"https:\/\/mini-bob.com\/fr\/?page_id=156810\">bob en plastique, de la<\/a> <a href=\"https:\/\/mini-bob.com\/fr\/sucette-popo-coque-en-plastique-ou-mini-bob\/\">luge popo, de la luge<\/a> <a href=\"https:\/\/mini-bob.com\/fr\/?page_id=156810\">en plastique, du<\/a> <a href=\"https:\/\/mini-bob.com\/fr\/matraque-acheter\/\">bob \u00e0 bascule<\/a> ou de <a href=\"https:\/\/mini-bob.com\/fr\/bob-sleigh-min-bob-le-traineau-moderne-par-excellence\/\">la luge bob <\/a>ultime, vous devriez miser sur le mini bob original !<\/p>\n<p>Achetez le Zipflbob original - Qualit\u00e9 made in Germany depuis 1976[\/vc_column_text][\/vc_column][\/vc_row]<\/p>\n<\/div>","protected":false},"excerpt":{"rendered":"<p>[vc_row][vc_column][vc_custom_heading text=\u00a0\u00bbZipflbob - acheter le mini bob original dans le commerce\u00a0\u00bb google_fonts=\u00a0\u00bbfont_family:Roboto%20Condensed%3A300%2C300italic%2Cregular%2Citalic%2C700%2C700italic|font_style:400%20regular%3A400%3Anormal\u00a0\u00bb][vc_column_text]Vous pouvez acheter le mini bob original (Zipflbob) chez le d\u00e9taillant de sport et de jouets bien achaland\u00e9 le plus proche de chez vous ! Si votre d\u00e9taillant local ne vend pas le mini bob original, n&rsquo;h\u00e9sitez pas \u00e0 le renvoyer vers nous -&hellip;<\/p>\n","protected":false},"author":1,"featured_media":0,"parent":0,"menu_order":0,"comment_status":"closed","ping_status":"closed","template":"","meta":{"_acf_changed":false,"footnotes":""},"class_list":["post-8574","page","type-page","status-publish","hentry","description-off"],"acf":[],"_links":{"self":[{"href":"https:\/\/mini-bob.com\/fr\/wp-json\/wp\/v2\/pages\/8574","targetHints":{"allow":["GET"]}}],"collection":[{"href":"https:\/\/mini-bob.com\/fr\/wp-json\/wp\/v2\/pages"}],"about":[{"href":"https:\/\/mini-bob.com\/fr\/wp-json\/wp\/v2\/types\/page"}],"author":[{"embeddable":true,"href":"https:\/\/mini-bob.com\/fr\/wp-json\/wp\/v2\/users\/1"}],"replies":[{"embeddable":true,"href":"https:\/\/mini-bob.com\/fr\/wp-json\/wp\/v2\/comments?post=8574"}],"version-history":[{"count":4,"href":"https:\/\/mini-bob.com\/fr\/wp-json\/wp\/v2\/pages\/8574\/revisions"}],"predecessor-version":[{"id":157040,"href":"https:\/\/mini-bob.com\/fr\/wp-json\/wp\/v2\/pages\/8574\/revisions\/157040"}],"wp:attachment":[{"href":"https:\/\/mini-bob.com\/fr\/wp-json\/wp\/v2\/media?parent=8574"}],"curies":[{"name":"wp","href":"https:\/\/api.w.org\/{rel}","templated":true}]}}