{"id":10249,"date":"2025-06-22T15:55:15","date_gmt":"2025-06-22T13:55:15","guid":{"rendered":"https:\/\/mini-bob.com\/produkt\/luge-zipfelbob-couleur-rouge\/"},"modified":"2026-02-16T00:09:55","modified_gmt":"2026-02-15T23:09:55","slug":"mini-bob-zipfelbob-rouge","status":"publish","type":"product","link":"https:\/\/mini-bob.com\/fr\/produit\/mini-bob-zipfelbob-rouge\/","title":{"rendered":"Original mini bob (zipflbob luge) en rouge"},"content":{"rendered":"<h2>Original mini bob (zipflbob) rouge<\/h2>\n<p>Invent\u00e9 dans les ann\u00e9es 1970 en Autriche, le <strong>mini bob original<\/strong> (\u00e9galement appel\u00e9 \u00ab\u00a0Zipflbob\u00a0\u00bb, \u00ab\u00a0Zipipfelbob\u00a0\u00bb ou \u00ab\u00a0Zipfybob\u00a0\u00bb) est produit depuis 1976 en Allemagne, en partie encore \u00e0 la main, par nos soins, comme luge l\u00e9g\u00e8re et incassable.<\/p>\n<p>Le mini bob original en rouge dispose d&rsquo;une assise ergonomique avec un mat\u00e9riau d&rsquo;assise sp\u00e9cial comme celui utilis\u00e9 dans l&rsquo;industrie automobile. Le manche \u00e0 balai tr\u00e8s r\u00e9sistant et solidaire du mini bob rouge (zipflbob) est \u00e9galement ergonomique et adapt\u00e9 \u00e0 la forme de la main pour \u00e9viter tout glissement. Les rainures de guidage sur la face inf\u00e9rieure du mini bob assurent la stabilit\u00e9 de la trajectoire et de la conduite.  <\/p>\n<blockquote><p><span style=\"color: #ff0000;\">! ! Attention !! Des duplicatas sont propos\u00e9s dans diverses boutiques en ligne. Lors de l&rsquo;achat, v\u00e9rifiez qu&rsquo;il s&rsquo;agit bien d&rsquo;un revendeur agr\u00e9\u00e9 et que le logo mini bob est bien pr\u00e9sent !<\/span><\/p><\/blockquote>\n<p>Donn\u00e9es :<\/p>\n<h3>zipflbob rouge (mini bob)<\/h3>\n<p>Poids : environ 1,7 kg<br \/>\nDimensions L x l x H (en cm) : 53 x 33 x 40<br \/>\nMat\u00e9riau : HD PE (sans phtalate)<br \/>\nCharge admissible : max 100 kg<br \/>\nFabriqu\u00e9 en Allemagne - Made in Germany<\/p>\n<p>Attention : ne convient pas aux enfants de moins de trois ans. Utilisation sous la surveillance directe d&rsquo;un adulte.  \u00c0 utiliser avec un \u00e9quipement de protection.<\/p>\n<p>Les droits de garantie l\u00e9gaux s&rsquo;appliquent \u00e0 nos marchandises. Merci de consulter nos conseils de s\u00e9curit\u00e9 et notre <a href=\"https:\/\/mini-bob.com\/fr\/faq\/\" target=\"_blank\" rel=\"noopener noreferrer\">FAQ<\/a> ! <\/p>\n<p>Vous trouverez plus d&rsquo;informations int\u00e9ressantes sur le zipflob original sur le <strong>site Internet de mini bob<\/strong>: <strong><a href=\"https:\/\/mini-bob.com\/fr\/la-luge-mini-bob\/\">site original mini bob<\/a><\/strong><\/p>\n<p>Vente uniquement en quantit\u00e9s habituelles pour les m\u00e9nages - uniquement pour un usage priv\u00e9 ! La revente commerciale (avec suppl\u00e9ment) est interdite ! <\/p>\n","protected":false},"excerpt":{"rendered":"<p>Original mini bob rouge - Zipflbob rouge<\/p>\n","protected":false},"featured_media":154654,"comment_status":"open","ping_status":"closed","template":"","meta":{"_acf_changed":false},"product_brand":[],"product_cat":[216,295],"product_tag":[529,530,531,532,533],"class_list":{"0":"post-10249","1":"product","2":"type-product","3":"status-publish","4":"has-post-thumbnail","6":"product_cat-minibob-fr","7":"product_cat-minibob-standard-editionen-fr","8":"product_tag-zipflbob-rouge","9":"product_tag-minibob-rouge","10":"product_tag-bob-en-plastique-rouge","11":"product_tag-zipfybob-rouge","12":"product_tag-zipfy-bob-rouge","13":"product_shipping_class-minibob-fr-2","14":"description-off","16":"first","17":"instock","18":"featured","19":"taxable","20":"shipping-taxable","21":"purchasable","22":"product-type-simple"},"acf":[],"_links":{"self":[{"href":"https:\/\/mini-bob.com\/fr\/wp-json\/wp\/v2\/product\/10249","targetHints":{"allow":["GET"]}}],"collection":[{"href":"https:\/\/mini-bob.com\/fr\/wp-json\/wp\/v2\/product"}],"about":[{"href":"https:\/\/mini-bob.com\/fr\/wp-json\/wp\/v2\/types\/product"}],"replies":[{"embeddable":true,"href":"https:\/\/mini-bob.com\/fr\/wp-json\/wp\/v2\/comments?post=10249"}],"wp:featuredmedia":[{"embeddable":true,"href":"https:\/\/mini-bob.com\/fr\/wp-json\/wp\/v2\/media\/154654"}],"wp:attachment":[{"href":"https:\/\/mini-bob.com\/fr\/wp-json\/wp\/v2\/media?parent=10249"}],"wp:term":[{"taxonomy":"product_brand","embeddable":true,"href":"https:\/\/mini-bob.com\/fr\/wp-json\/wp\/v2\/product_brand?post=10249"},{"taxonomy":"product_cat","embeddable":true,"href":"https:\/\/mini-bob.com\/fr\/wp-json\/wp\/v2\/product_cat?post=10249"},{"taxonomy":"product_tag","embeddable":true,"href":"https:\/\/mini-bob.com\/fr\/wp-json\/wp\/v2\/product_tag?post=10249"}],"curies":[{"name":"wp","href":"https:\/\/api.w.org\/{rel}","templated":true}]}}