{"id":10261,"date":"2020-10-22T16:34:13","date_gmt":"2020-10-22T14:34:13","guid":{"rendered":"https:\/\/mini-bob.com\/produkt\/luge-minibob-couleur-jaune\/"},"modified":"2026-02-07T10:05:00","modified_gmt":"2026-02-07T09:05:00","slug":"mini-bob-luge-en-jaune","status":"publish","type":"product","link":"https:\/\/mini-bob.com\/fr\/produit\/mini-bob-luge-en-jaune\/","title":{"rendered":"Original mini bob (zipflbob luge) en jaune"},"content":{"rendered":"<h2>Original mini bob (zipflbob) jaune<\/h2>\n<p>Fabriqu\u00e9 en Allemagne depuis 1976 sous la forme d&rsquo;un corps en bois synth\u00e9tique l\u00e9ger et r\u00e9sistant \u00e0 la rupture. Le <strong>mini bob original<\/strong> en jaune dispose d&rsquo;une assise ergonomique avec un mat\u00e9riau d&rsquo;assise sp\u00e9cial comme celui utilis\u00e9 dans l&rsquo;industrie automobile. Le manche \u00e0 balai tr\u00e8s r\u00e9sistant et solidaire du mini bob jaune (zipflbob) est \u00e9galement ergonomique et adapt\u00e9 \u00e0 la forme de la main pour \u00e9viter tout glissement. Les rainures de guidage sur la face inf\u00e9rieure du mini bob assurent la stabilit\u00e9 de la trajectoire et de la conduite.   <\/p>\n<blockquote><p><span style=\"color: #ff0000;\">! ! Attention !! Des duplicatas sont propos\u00e9s dans diverses boutiques en ligne. Lors de l&rsquo;achat, v\u00e9rifiez qu&rsquo;il s&rsquo;agit bien d&rsquo;un revendeur agr\u00e9\u00e9 et que le logo mini bob est bien pr\u00e9sent !<\/span><\/p><\/blockquote>\n<p>Donn\u00e9es :<\/p>\n<h3>zipflbob jaune (mini bob)<\/h3>\n<p>Poids : environ 1,7 kg<br \/>\nDimensions L x l x H (en cm) : 53 x 33 x 40<br \/>\nMat\u00e9riau : HD PE (sans phtalate)<br \/>\nCharge admissible : max 100 kg<br \/>\nFabriqu\u00e9 en Allemagne - Made in Germany<\/p>\n<p>Attention : ne convient pas aux enfants de moins de trois ans. Utilisation sous la surveillance directe d&rsquo;un adulte.  \u00c0 utiliser avec un \u00e9quipement de protection.<\/p>\n<p>Les droits de garantie l\u00e9gaux s&rsquo;appliquent \u00e0 nos marchandises. Merci de consulter nos conseils de s\u00e9curit\u00e9 et notre <a href=\"https:\/\/mini-bob.com\/fr\/faq\/\" target=\"_blank\" rel=\"noopener noreferrer\">FAQ<\/a> ! <\/p>\n<p>Vous trouverez plus d&rsquo;informations int\u00e9ressantes sur le zipflob original sur le <strong>site Internet de mini bob<\/strong>: <strong><a href=\"https:\/\/mini-bob.com\/fr\/la-luge-mini-bob\/\">site original mini bob<\/a><\/strong><\/p>\n<p>Vente uniquement en quantit\u00e9s habituelles pour les m\u00e9nages - uniquement pour un usage priv\u00e9 ! La revente commerciale (avec suppl\u00e9ment) est interdite ! <\/p>\n","protected":false},"excerpt":{"rendered":"<p>Original mini bob jaune - Zipflbob jaune<\/p>\n","protected":false},"featured_media":10264,"comment_status":"open","ping_status":"closed","template":"","meta":{"_acf_changed":false},"product_brand":[],"product_cat":[216,295],"product_tag":[300,296,297,298,299],"class_list":{"0":"post-10261","1":"product","2":"type-product","3":"status-publish","4":"has-post-thumbnail","6":"product_cat-minibob-fr","7":"product_cat-minibob-standard-editionen-fr","8":"product_tag-zipfy-bob-gelb-fr","9":"product_tag-zipfybob-gelb-fr","10":"product_tag-zipflbob-gelb-fr","11":"product_tag-minibob-gelb-fr","12":"product_tag-plastikbob-gelb-fr","13":"product_shipping_class-minibob-fr-2","14":"description-off","16":"first","17":"outofstock","18":"featured","19":"taxable","20":"shipping-taxable","21":"purchasable","22":"product-type-simple"},"acf":[],"_links":{"self":[{"href":"https:\/\/mini-bob.com\/fr\/wp-json\/wp\/v2\/product\/10261","targetHints":{"allow":["GET"]}}],"collection":[{"href":"https:\/\/mini-bob.com\/fr\/wp-json\/wp\/v2\/product"}],"about":[{"href":"https:\/\/mini-bob.com\/fr\/wp-json\/wp\/v2\/types\/product"}],"replies":[{"embeddable":true,"href":"https:\/\/mini-bob.com\/fr\/wp-json\/wp\/v2\/comments?post=10261"}],"wp:featuredmedia":[{"embeddable":true,"href":"https:\/\/mini-bob.com\/fr\/wp-json\/wp\/v2\/media\/10264"}],"wp:attachment":[{"href":"https:\/\/mini-bob.com\/fr\/wp-json\/wp\/v2\/media?parent=10261"}],"wp:term":[{"taxonomy":"product_brand","embeddable":true,"href":"https:\/\/mini-bob.com\/fr\/wp-json\/wp\/v2\/product_brand?post=10261"},{"taxonomy":"product_cat","embeddable":true,"href":"https:\/\/mini-bob.com\/fr\/wp-json\/wp\/v2\/product_cat?post=10261"},{"taxonomy":"product_tag","embeddable":true,"href":"https:\/\/mini-bob.com\/fr\/wp-json\/wp\/v2\/product_tag?post=10261"}],"curies":[{"name":"wp","href":"https:\/\/api.w.org\/{rel}","templated":true}]}}