{"id":10452,"date":"2018-01-20T19:46:28","date_gmt":"2018-01-20T18:46:28","guid":{"rendered":"https:\/\/mini-bob.com\/?post_type=product&#038;p=10452"},"modified":"2025-11-22T17:05:39","modified_gmt":"2025-11-22T16:05:39","slug":"edition-mini-bob-zipfybob-en-blanc-perle","status":"publish","type":"product","link":"https:\/\/mini-bob.com\/fr\/produit\/edition-mini-bob-zipfybob-en-blanc-perle\/","title":{"rendered":"Edition mini bob (zipflbob luge) en blanc nacr\u00e9"},"content":{"rendered":"<h2>Original mini bob (zipflbob) blanc nacr\u00e9<\/h2>\n<p>Invent\u00e9 dans les ann\u00e9es 1970 en Autriche, le <strong>mini bob original<\/strong> (\u00e9galement appel\u00e9 \u00ab\u00a0Zipflbob\u00a0\u00bb, \u00ab\u00a0Zipipfelbob\u00a0\u00bb ou \u00ab\u00a0Zipfybob\u00a0\u00bb) est produit depuis 1976 en Allemagne, en partie encore \u00e0 la main par nos soins.<\/p>\n<p>Gr\u00e2ce \u00e0 sa construction en corps creux en plastique compact et incassable, \u00e9prouv\u00e9e avec succ\u00e8s depuis des d\u00e9cennies, le <strong>mini bob<\/strong> blanc nacr\u00e9 est pratiquement indestructible et pourtant tr\u00e8s l\u00e9ger avec ses 1,7 kg environ. Sa position assise basse, adapt\u00e9e au corps, permet aux jeunes &amp; aux moins jeunes de profiter de l&rsquo;hiver confortablement et sans se fatiguer. Trois g\u00e9n\u00e9rations ont d\u00e9j\u00e0 pu suivre le slogan : <strong>\u00ab\u00a0Maxi-plaisir avec mini bob\u00a0\u00bb<\/strong> depuis son invention dans les ann\u00e9es 1970. Le <strong>mini bob blanc nacr\u00e9<\/strong> convient \u00e0 tout le monde gr\u00e2ce \u00e0 sa conduite s\u00fbre ! Le plaisir de la glisse est garanti aussi bien sur les pistes de luge courtes et plates que sur les pistes de course. Gr\u00e2ce \u00e0 sa construction stable et \u00e0 son extr\u00eame maniabilit\u00e9, les vitesses \u00e9lev\u00e9es ne sont pas un probl\u00e8me.<\/p>\n<p>Le mini bob original en blanc a remport\u00e9 de nombreux championnats nationaux et internationaux de \u00ab\u00a0zipflbob\u00a0\u00bb.<\/p>\n<p>&nbsp;<\/p>\n<p><span style=\"color: #ff0000;\">! ! Attention !! Des duplicatas sont propos\u00e9s dans diverses boutiques en ligne. Lors de l&rsquo;achat, v\u00e9rifiez qu&rsquo;il s&rsquo;agit bien d&rsquo;un revendeur agr\u00e9\u00e9 et que le logo mini bob est bien pr\u00e9sent !<\/span><\/p>\n<p>&nbsp;<\/p>\n<p>Donn\u00e9es :<\/p>\n<h3>zipflbob blanc nacr\u00e9 (mini bob)<\/h3>\n<p>Poids : environ 1,7 kg<br \/>\nDimensions L x l x H (en cm) : 53 x 33 x 40<br \/>\nMat\u00e9riau : HD PE (sans phtalate)<br \/>\nCharge admissible : max 100 kg<br \/>\nFabriqu\u00e9 en Allemagne - Made in Germany<\/p>\n<p>Attention : ne convient pas aux enfants de moins de trois ans. Utilisation sous la surveillance directe d&rsquo;un adulte. \u00c0 utiliser avec un \u00e9quipement de protection.<\/p>\n<p>Les droits de garantie l\u00e9gaux s&rsquo;appliquent \u00e0 nos marchandises. Merci de consulter nos conseils de s\u00e9curit\u00e9 et notre <a href=\"https:\/\/mini-bob.com\/fr\/faq\/\" target=\"_blank\" rel=\"noopener noreferrer\">FAQ<\/a> !<\/p>\n<p>Vous trouverez plus d&rsquo;informations int\u00e9ressantes sur le zipflob original sur le <strong>site Internet de mini bob<\/strong>: <strong><a href=\"https:\/\/mini-bob.com\/fr\/la-luge-mini-bob\/\" target=\"_blank\" rel=\"noopener noreferrer\">site original mini bob<\/a><\/strong><\/p>\n<p>Vente uniquement en quantit\u00e9s habituelles pour les m\u00e9nages - uniquement pour un usage priv\u00e9 ! La revente commerciale (avec suppl\u00e9ment) est interdite !<\/p>\n","protected":false},"excerpt":{"rendered":"<p>S\u00e9rie sp\u00e9ciale en blanc nacr\u00e9. En fonction de l&rsquo;incidence de la lumi\u00e8re, ce <strong>mini bob original<\/strong> pr\u00e9sente un \u00e9clat particulier.<\/p>\n<p><strong>Ici, la production est limit\u00e9e \u00e0 quelques exemplaires seulement.<\/strong> Sois donc rapide pour faire partie des chanceux !<\/p>\n","protected":false},"featured_media":10470,"comment_status":"open","ping_status":"closed","template":"","meta":{"_acf_changed":false},"product_brand":[],"product_cat":[216,222],"product_tag":[702,703,704,705,288,701],"class_list":{"0":"post-10452","1":"product","2":"type-product","3":"status-publish","4":"has-post-thumbnail","6":"product_cat-minibob-fr","7":"product_cat-mini-bob-specialedition-fr","8":"product_tag-bob-in-plastica-bianco","9":"product_tag-zipfelbob-bianco","10":"product_tag-minibob-bianco","11":"product_tag-slitta-weiss","12":"product_tag-mini-bob-sonderedition-fr","13":"product_tag-zipfy-bob-bianco","14":"product_shipping_class-minibob-fr-2","15":"description-off","17":"first","18":"outofstock","19":"taxable","20":"shipping-taxable","21":"purchasable","22":"product-type-simple"},"acf":[],"_links":{"self":[{"href":"https:\/\/mini-bob.com\/fr\/wp-json\/wp\/v2\/product\/10452","targetHints":{"allow":["GET"]}}],"collection":[{"href":"https:\/\/mini-bob.com\/fr\/wp-json\/wp\/v2\/product"}],"about":[{"href":"https:\/\/mini-bob.com\/fr\/wp-json\/wp\/v2\/types\/product"}],"replies":[{"embeddable":true,"href":"https:\/\/mini-bob.com\/fr\/wp-json\/wp\/v2\/comments?post=10452"}],"wp:featuredmedia":[{"embeddable":true,"href":"https:\/\/mini-bob.com\/fr\/wp-json\/wp\/v2\/media\/10470"}],"wp:attachment":[{"href":"https:\/\/mini-bob.com\/fr\/wp-json\/wp\/v2\/media?parent=10452"}],"wp:term":[{"taxonomy":"product_brand","embeddable":true,"href":"https:\/\/mini-bob.com\/fr\/wp-json\/wp\/v2\/product_brand?post=10452"},{"taxonomy":"product_cat","embeddable":true,"href":"https:\/\/mini-bob.com\/fr\/wp-json\/wp\/v2\/product_cat?post=10452"},{"taxonomy":"product_tag","embeddable":true,"href":"https:\/\/mini-bob.com\/fr\/wp-json\/wp\/v2\/product_tag?post=10452"}],"curies":[{"name":"wp","href":"https:\/\/api.w.org\/{rel}","templated":true}]}}