{"id":147596,"date":"2019-11-01T10:54:42","date_gmt":"2019-11-01T09:54:42","guid":{"rendered":"https:\/\/mini-bob.com\/produkt\/mini-bob-zipfybob-organic-t-shirt-kids-differentes-couleurs\/"},"modified":"2025-11-22T16:52:57","modified_gmt":"2025-11-22T15:52:57","slug":"mini-bob-luge-organic-t-shirt-kids-differentes-couleurs","status":"publish","type":"product","link":"https:\/\/mini-bob.com\/fr\/produit\/mini-bob-luge-organic-t-shirt-kids-differentes-couleurs\/","title":{"rendered":"mini bob - Zipflbob Organic T-Shirt Kids - diff\u00e9rentes couleurs"},"content":{"rendered":"<h2>Original mini bob (zipflbob) Organic T-Shirt Kids<\/h2>\n<ul>\n<li>100% coton (organique), peign\u00e9 et fil\u00e9 \u00e0 anneaux<\/li>\n<li>Surface lisse<\/li>\n<li>Col \u00e9troit avec \u00e9lasthanne<\/li>\n<li>Bandeau de cou d&rsquo;\u00e9paule \u00e0 \u00e9paule<\/li>\n<li>Coupe moderne pr\u00e8s du corps<\/li>\n<li>Recto original mini bob \u00ab\u00a0Silhouette\u00a0\u00bb - impression de haute qualit\u00e9<\/li>\n<li>Logo original mini bob sur la manche - impression de haute qualit\u00e9<\/li>\n<li>Lavage en machine \u00e0 40\u00b0C, adapt\u00e9 au s\u00e8che-linge (basse temp\u00e9rature)<\/li>\n<\/ul>\n","protected":false},"excerpt":{"rendered":"<p>T-shirt pour enfants en coton 100% biologique avec le zipflob &amp; le logo \u00ab\u00a0mini bob\u00a0\u00bb.<\/p>\n","protected":false},"featured_media":147141,"comment_status":"closed","ping_status":"closed","template":"","meta":{"_acf_changed":false},"product_brand":[],"product_cat":[666],"product_tag":[],"class_list":{"0":"post-147596","1":"product","2":"type-product","3":"status-publish","4":"has-post-thumbnail","6":"product_cat-t-shirt-minibob-kids","7":"product_shipping_class-minibob-fr-2","8":"description-off","10":"first","11":"instock","12":"taxable","13":"shipping-taxable","14":"purchasable","15":"product-type-variable"},"acf":[],"_links":{"self":[{"href":"https:\/\/mini-bob.com\/fr\/wp-json\/wp\/v2\/product\/147596","targetHints":{"allow":["GET"]}}],"collection":[{"href":"https:\/\/mini-bob.com\/fr\/wp-json\/wp\/v2\/product"}],"about":[{"href":"https:\/\/mini-bob.com\/fr\/wp-json\/wp\/v2\/types\/product"}],"replies":[{"embeddable":true,"href":"https:\/\/mini-bob.com\/fr\/wp-json\/wp\/v2\/comments?post=147596"}],"wp:featuredmedia":[{"embeddable":true,"href":"https:\/\/mini-bob.com\/fr\/wp-json\/wp\/v2\/media\/147141"}],"wp:attachment":[{"href":"https:\/\/mini-bob.com\/fr\/wp-json\/wp\/v2\/media?parent=147596"}],"wp:term":[{"taxonomy":"product_brand","embeddable":true,"href":"https:\/\/mini-bob.com\/fr\/wp-json\/wp\/v2\/product_brand?post=147596"},{"taxonomy":"product_cat","embeddable":true,"href":"https:\/\/mini-bob.com\/fr\/wp-json\/wp\/v2\/product_cat?post=147596"},{"taxonomy":"product_tag","embeddable":true,"href":"https:\/\/mini-bob.com\/fr\/wp-json\/wp\/v2\/product_tag?post=147596"}],"curies":[{"name":"wp","href":"https:\/\/api.w.org\/{rel}","templated":true}]}}