{"id":147648,"date":"2019-11-01T11:18:24","date_gmt":"2019-11-01T10:18:24","guid":{"rendered":"https:\/\/mini-bob.com\/produkt\/original-mini-bob-sweat-a-capuche-zipfybob-kids-bleu-fonce\/"},"modified":"2025-11-22T16:52:51","modified_gmt":"2025-11-22T15:52:51","slug":"original-mini-bob-hoodie-kids-bleu-fonce","status":"publish","type":"product","link":"https:\/\/mini-bob.com\/fr\/produit\/original-mini-bob-hoodie-kids-bleu-fonce\/","title":{"rendered":"Original mini bob - Hoodie Zipflbob Kids - Bleu fonc\u00e9"},"content":{"rendered":"<h2>Sweat \u00e0 capuche original mini bob (zipflbob) Enfants - Bleu fonc\u00e9<\/h2>\n<ul>\n<li>80% coton, peign\u00e9 et fil\u00e9 \u00e0 anneaux, 20% polyester (3 couches)<\/li>\n<li>Surface fine et tr\u00e8s lisse 100% coton<\/li>\n<li>Tissu polaire gratt\u00e9 \u00e0 l&rsquo;int\u00e9rieur<\/li>\n<li>Capuche \u00e0 double \u00e9paisseur (pas de cordon)<\/li>\n<li>Ourlet et poignets plus larges et avec \u00e9lasthanne<\/li>\n<li>Coutures lat\u00e9rales pour un ajustement optimal<\/li>\n<li>Poche kangourou plaqu\u00e9e<\/li>\n<li>Coutures couvrantes aux emmanchures, au bas des manches et \u00e0 la taille<\/li>\n<li>C\u00f4tes plus larges au bas des manches et \u00e0 la taille.<\/li>\n<li>Recto original mini bob \u00ab\u00a0Silhouette\u00a0\u00bb - impression de haute qualit\u00e9<\/li>\n<li>Logo original mini bob au dos - impression de haute qualit\u00e9<\/li>\n<li>Lavage en machine \u00e0 40\u00b0C, adapt\u00e9 au s\u00e8che-linge (basse temp\u00e9rature)<\/li>\n<\/ul>\n","protected":false},"excerpt":{"rendered":"<p>Sweat \u00e0 capuche Kids 80% coton 20% polyester avec logo \u00ab\u00a0mini bob\u00a0\u00bb dans la couleur french navy (bleu fonc\u00e9)<\/p>\n","protected":false},"featured_media":147127,"comment_status":"closed","ping_status":"closed","template":"","meta":{"_acf_changed":false},"product_brand":[],"product_cat":[668],"product_tag":[],"class_list":{"0":"post-147648","1":"product","2":"type-product","3":"status-publish","4":"has-post-thumbnail","6":"product_cat-zipfelbob-hoodie-kids-fr","7":"product_shipping_class-minibob-fr-2","8":"description-off","10":"first","11":"instock","12":"taxable","13":"shipping-taxable","14":"purchasable","15":"product-type-variable"},"acf":[],"_links":{"self":[{"href":"https:\/\/mini-bob.com\/fr\/wp-json\/wp\/v2\/product\/147648","targetHints":{"allow":["GET"]}}],"collection":[{"href":"https:\/\/mini-bob.com\/fr\/wp-json\/wp\/v2\/product"}],"about":[{"href":"https:\/\/mini-bob.com\/fr\/wp-json\/wp\/v2\/types\/product"}],"replies":[{"embeddable":true,"href":"https:\/\/mini-bob.com\/fr\/wp-json\/wp\/v2\/comments?post=147648"}],"wp:featuredmedia":[{"embeddable":true,"href":"https:\/\/mini-bob.com\/fr\/wp-json\/wp\/v2\/media\/147127"}],"wp:attachment":[{"href":"https:\/\/mini-bob.com\/fr\/wp-json\/wp\/v2\/media?parent=147648"}],"wp:term":[{"taxonomy":"product_brand","embeddable":true,"href":"https:\/\/mini-bob.com\/fr\/wp-json\/wp\/v2\/product_brand?post=147648"},{"taxonomy":"product_cat","embeddable":true,"href":"https:\/\/mini-bob.com\/fr\/wp-json\/wp\/v2\/product_cat?post=147648"},{"taxonomy":"product_tag","embeddable":true,"href":"https:\/\/mini-bob.com\/fr\/wp-json\/wp\/v2\/product_tag?post=147648"}],"curies":[{"name":"wp","href":"https:\/\/api.w.org\/{rel}","templated":true}]}}