{"id":148580,"date":"2022-12-10T16:46:50","date_gmt":"2022-12-10T15:46:50","guid":{"rendered":"https:\/\/mini-bob.com\/?post_type=product&#038;p=148580"},"modified":"2026-01-13T18:45:43","modified_gmt":"2026-01-13T17:45:43","slug":"black-edition-original-mini-bob-luge-noir","status":"publish","type":"product","link":"https:\/\/mini-bob.com\/fr\/produit\/black-edition-original-mini-bob-luge-noir\/","title":{"rendered":"+BLACK EDITION+ Original mini bob (zipflbob luge) en noir"},"content":{"rendered":"<h2>++ BLACK EDITION ++<\/h2>\n<p>R\u00e9\u00e9dition de la BLACK EDITION du mini bob original de 2010 !<\/p>\n<p>&nbsp;<\/p>\n<h2>Original mini bob (zipflbob) noir<\/h2>\n<p>Invent\u00e9 dans les ann\u00e9es 1970 en Autriche, le <strong>mini bob original<\/strong> (\u00e9galement appel\u00e9 \u00ab\u00a0Zipflbob\u00a0\u00bb, \u00ab\u00a0Zipipfelbob\u00a0\u00bb ou \u00ab\u00a0Zipfybob\u00a0\u00bb) est produit depuis 1976 en Allemagne, en partie encore \u00e0 la main par nos soins.<\/p>\n<p>Gr\u00e2ce \u00e0 sa construction en corps creux en plastique compact et incassable, \u00e9prouv\u00e9e avec succ\u00e8s depuis des d\u00e9cennies, le <strong>mini bob<\/strong> <strong>noir<\/strong> est quasiment indestructible et pourtant tr\u00e8s l\u00e9ger avec ses 1,7 kg environ. Sa position assise basse, adapt\u00e9e au corps, permet aux jeunes &amp; aux moins jeunes de profiter de l&rsquo;hiver confortablement et sans se fatiguer.  Trois g\u00e9n\u00e9rations ont d\u00e9j\u00e0 pu suivre le slogan : <strong>\u00ab\u00a0Maxi-plaisir avec mini bob\u00a0\u00bb<\/strong> depuis son invention dans les ann\u00e9es 1970. Le <strong>mini bob noir <\/strong>convient \u00e0 tout le monde gr\u00e2ce \u00e0 sa conduite s\u00fbre ! Le plaisir de la glisse est garanti aussi bien sur les pistes de luge courtes et plates que sur les pistes de course. Gr\u00e2ce \u00e0 sa construction stable et \u00e0 son extr\u00eame maniabilit\u00e9, les vitesses \u00e9lev\u00e9es ne sont pas un probl\u00e8me.   <\/p>\n<blockquote><p><span style=\"color: #ff0000;\">! ! Attention !! Des duplicatas sont propos\u00e9s dans diverses boutiques en ligne. Lors de l&rsquo;achat, veillez \u00e0 ce qu&rsquo;il s&rsquo;agisse d&rsquo;un revendeur agr\u00e9\u00e9 et du logo mini bob !  <\/span><\/p><\/blockquote>\n<p>Le mini bob original a remport\u00e9 de nombreux championnats nationaux et internationaux de \u00ab\u00a0zipflbob\u00a0\u00bb.<\/p>\n<p>Donn\u00e9es :<\/p>\n<h3>zipflob noir (mini bob Black Edition)<\/h3>\n<p>Poids : environ 1,7 kg<br \/>\nDimensions L x l x H (en cm) : 53 x 33 x 40<br \/>\nMat\u00e9riau : HD PE (sans phtalate)<br \/>\nCharge admissible : max 100 kg<\/p>\n<p>Fabriqu\u00e9 en Allemagne - Made in Germany<\/p>\n<p>Attention : ne convient pas aux enfants de moins de trois ans. Utilisation sous la surveillance directe d&rsquo;un adulte.  \u00c0 utiliser avec un \u00e9quipement de protection.<\/p>\n<p>Les droits de garantie l\u00e9gaux s&rsquo;appliquent \u00e0 nos marchandises. Merci de consulter nos conseils de s\u00e9curit\u00e9 et notre <a href=\"https:\/\/mini-bob.com\/fr\/faq\/\" target=\"_blank\" rel=\"noopener noreferrer\">FAQ<\/a> ! <\/p>\n<p>Vous trouverez plus d&rsquo;informations int\u00e9ressantes sur le <strong>zipflob original<\/strong> de <strong>couleur noire <\/strong>sur le <strong>site Internet de mini bob<\/strong>: <strong><a href=\"https:\/\/mini-bob.com\/fr\/la-luge-mini-bob\/\" target=\"_blank\" rel=\"noopener noreferrer\">site original mini bob<\/a><\/strong><\/p>\n<p>Vente uniquement en quantit\u00e9s habituelles pour les m\u00e9nages - uniquement pour un usage priv\u00e9 ! La revente commerciale (avec suppl\u00e9ment) est interdite ! <\/p>\n","protected":false},"excerpt":{"rendered":"<h3><strong>+BLACK EDITION+<\/strong><\/h3>\n<p>R\u00e9\u00e9dition du mini bob noir - original mini bob en noir- zipflbob noir. Zipfybob noir <\/p>\n","protected":false},"featured_media":148647,"comment_status":"open","ping_status":"closed","template":"","meta":{"_acf_changed":false},"product_brand":[],"product_cat":[216,222,682],"product_tag":[],"class_list":{"0":"post-148580","1":"product","2":"type-product","3":"status-publish","4":"has-post-thumbnail","6":"product_cat-minibob-fr","7":"product_cat-mini-bob-specialedition-fr","8":"product_cat-zipfybob-noir","9":"product_shipping_class-minibob-fr-2","10":"description-off","12":"first","13":"instock","14":"featured","15":"taxable","16":"shipping-taxable","17":"purchasable","18":"product-type-simple"},"acf":[],"_links":{"self":[{"href":"https:\/\/mini-bob.com\/fr\/wp-json\/wp\/v2\/product\/148580","targetHints":{"allow":["GET"]}}],"collection":[{"href":"https:\/\/mini-bob.com\/fr\/wp-json\/wp\/v2\/product"}],"about":[{"href":"https:\/\/mini-bob.com\/fr\/wp-json\/wp\/v2\/types\/product"}],"replies":[{"embeddable":true,"href":"https:\/\/mini-bob.com\/fr\/wp-json\/wp\/v2\/comments?post=148580"}],"wp:featuredmedia":[{"embeddable":true,"href":"https:\/\/mini-bob.com\/fr\/wp-json\/wp\/v2\/media\/148647"}],"wp:attachment":[{"href":"https:\/\/mini-bob.com\/fr\/wp-json\/wp\/v2\/media?parent=148580"}],"wp:term":[{"taxonomy":"product_brand","embeddable":true,"href":"https:\/\/mini-bob.com\/fr\/wp-json\/wp\/v2\/product_brand?post=148580"},{"taxonomy":"product_cat","embeddable":true,"href":"https:\/\/mini-bob.com\/fr\/wp-json\/wp\/v2\/product_cat?post=148580"},{"taxonomy":"product_tag","embeddable":true,"href":"https:\/\/mini-bob.com\/fr\/wp-json\/wp\/v2\/product_tag?post=148580"}],"curies":[{"name":"wp","href":"https:\/\/api.w.org\/{rel}","templated":true}]}}