{"id":11216,"date":"2018-12-08T16:33:48","date_gmt":"2018-12-08T15:33:48","guid":{"rendered":"https:\/\/mini-bob.com\/impronta-tedesco\/"},"modified":"2025-11-22T18:57:23","modified_gmt":"2025-11-22T17:57:23","slug":"impronta-tedesco","status":"publish","type":"page","link":"https:\/\/mini-bob.com\/it\/impronta-tedesco\/","title":{"rendered":"Impronta"},"content":{"rendered":"<p>Questa nota legale \u00e8 valida anche per le nostre pagine aziendali su <a href=\"https:\/\/www.facebook.com\/zipflbob\/\" target=\"_blank\" rel=\"noopener nofollow\">Facebook<\/a> e <a href=\"https:\/\/www.youtube.com\/channel\/UCn3eWIhTjy0_Tq4BEy463OQ\" target=\"_blank\" rel=\"noopener nofollow\">YouTube<\/a>.<\/p>\n<h1>Impronta<\/h1>\n<h2>Informazioni ai sensi del \u00a7 5 TMG<\/h2>\n<p>Loeger GmbH<br \/>\nHauptstr. 57<br \/>\n82327 Tutzing <\/p>\n<h2>Rappresentato da<\/h2>\n<p>Siegmund L\u00f6ger<\/p>\n<h2>Contattaci<\/h2>\n<p>Telefono: +49 (0)8158 92101<br \/>\nFax: +49 (0)8158 7288<br \/>\nE-mail: info@mini-bob.com<\/p>\n<h2>Iscrizione al registro<\/h2>\n<p>Iscrizione nel registro delle imprese.<br \/>\nTribunale del registro: Monaco HRB 54019<br \/>\nNumero di registro: HRB 54019<\/p>\n<h2>Imposta sul valore aggiunto<\/h2>\n<p>Numero di identificazione dell&#8217;imposta sulle vendite ai sensi del \u00a727 a della legge sull&#8217;imposta sulle vendite:<br \/>\nDE128234280<\/p>\n<h2>Risoluzione delle controversie<\/h2>\n<p>La Commissione europea mette a disposizione una piattaforma per la risoluzione delle controversie online (OS): <a href=\"https:\/\/ec.europa.eu\/consumers\/odr\" target=\"_blank\" rel=\"noopener nofollow\">https:\/\/ec.europa.eu\/consumers\/odr.<\/a><br \/>\nIl nostro indirizzo e-mail \u00e8 riportato nella nota legale di cui sopra.<\/p>\n<p>Non siamo disposti o obbligati a partecipare a procedure di risoluzione delle controversie davanti a un collegio arbitrale dei consumatori.<\/p>\n<h3>Responsabilit\u00e0 per i contenuti<\/h3>\n<p>In qualit\u00e0 di fornitore di servizi, siamo responsabili dei nostri contenuti su queste pagine in conformit\u00e0 con la legislazione generale. Tuttavia, in qualit\u00e0 di fornitore di servizi, non siamo obbligati a monitorare le informazioni trasmesse o memorizzate da terzi o a indagare su circostanze che indicano un&#8217;attivit\u00e0 illegale. <\/p>\n<p>Gli obblighi di rimuovere o bloccare l&#8217;uso delle informazioni in conformit\u00e0 alla legislazione generale rimangono inalterati. Tuttavia, la responsabilit\u00e0 in questo senso \u00e8 possibile solo dal momento in cui veniamo a conoscenza di una specifica violazione. Non appena verremo a conoscenza di tali violazioni, rimuoveremo immediatamente i contenuti.  <\/p>\n<h3>Responsabilit\u00e0 per i link<\/h3>\n<p>Il nostro sito web contiene link a siti web esterni di terzi sui cui contenuti non abbiamo alcuna influenza. Pertanto, non possiamo assumerci alcuna responsabilit\u00e0 per questi contenuti di terzi. Il rispettivo fornitore o gestore delle pagine \u00e8 sempre responsabile del contenuto delle pagine collegate. Le pagine collegate sono state controllate per verificare la presenza di eventuali violazioni legali al momento del collegamento. I contenuti illegali non sono stati individuati al momento del collegamento.    <\/p>\n<p>Tuttavia, il monitoraggio permanente del contenuto delle pagine collegate non \u00e8 ragionevole in assenza di prove concrete di una violazione. Se veniamo a conoscenza di violazioni legali, rimuoveremo immediatamente tali link. <\/p>\n<h3>Copyright<\/h3>\n<p>I contenuti e le opere create dagli operatori del sito in queste pagine sono soggetti alla legge tedesca sul copyright. La duplicazione, l&#8217;elaborazione, la distribuzione e qualsiasi tipo di utilizzo al di fuori dei limiti della legge sul copyright richiedono il consenso scritto del rispettivo autore o creatore. I download e le copie di questo sito sono consentiti solo per uso privato e non commerciale.  <\/p>\n<p>Nella misura in cui i contenuti di questo sito non sono stati creati dall&#8217;operatore, vengono rispettati i diritti d&#8217;autore di terzi. In particolare, i contenuti di terzi sono contrassegnati come tali. Se tuttavia dovessi venire a conoscenza di una violazione del copyright, ti preghiamo di informarci di conseguenza. Qualora venissimo a conoscenza di violazioni, provvederemo a rimuovere immediatamente tali contenuti.<br \/>\n<div class=\"woocommerce woocommerce-gzd woocommerce-gzd-complaints-shortcode\">\n\t\t\t<h3>Alternative Dispute Resolution in accordance with Art. 14 (1) ODR-VO and \u00a7 36 VSBG:<\/h3>\n\t\nZur Teilnahme an einem Streitbeilegungsverfahren vor einer Verbraucherschlichtungsstelle sind wir nicht verpflichtet und nicht bereit.<\/div>\n","protected":false},"excerpt":{"rendered":"<p>Questa nota legale \u00e8 valida anche per le nostre pagine aziendali su Facebook e YouTube. Impronta Informazioni ai sensi del \u00a7 5 TMG Loeger GmbH Hauptstr. 57 82327 Tutzing Rappresentato da Siegmund L\u00f6ger Contattaci Telefono: +49 (0)8158 92101 Fax: +49 (0)8158 7288 E-mail: info@mini-bob.com Iscrizione al registro Iscrizione nel registro delle imprese. Tribunale del registro:&hellip;<\/p>\n","protected":false},"author":1,"featured_media":0,"parent":0,"menu_order":0,"comment_status":"closed","ping_status":"closed","template":"","meta":{"_acf_changed":false,"footnotes":""},"class_list":["post-11216","page","type-page","status-publish","hentry","description-off"],"acf":[],"_links":{"self":[{"href":"https:\/\/mini-bob.com\/it\/wp-json\/wp\/v2\/pages\/11216","targetHints":{"allow":["GET"]}}],"collection":[{"href":"https:\/\/mini-bob.com\/it\/wp-json\/wp\/v2\/pages"}],"about":[{"href":"https:\/\/mini-bob.com\/it\/wp-json\/wp\/v2\/types\/page"}],"author":[{"embeddable":true,"href":"https:\/\/mini-bob.com\/it\/wp-json\/wp\/v2\/users\/1"}],"replies":[{"embeddable":true,"href":"https:\/\/mini-bob.com\/it\/wp-json\/wp\/v2\/comments?post=11216"}],"version-history":[{"count":1,"href":"https:\/\/mini-bob.com\/it\/wp-json\/wp\/v2\/pages\/11216\/revisions"}],"predecessor-version":[{"id":156874,"href":"https:\/\/mini-bob.com\/it\/wp-json\/wp\/v2\/pages\/11216\/revisions\/156874"}],"wp:attachment":[{"href":"https:\/\/mini-bob.com\/it\/wp-json\/wp\/v2\/media?parent=11216"}],"curies":[{"name":"wp","href":"https:\/\/api.w.org\/{rel}","templated":true}]}}