{"id":11229,"date":"2014-05-30T13:54:44","date_gmt":"2014-05-30T11:54:44","guid":{"rendered":"https:\/\/mini-bob.com\/home-of-mini-bob-original-zipflbob\/"},"modified":"2026-01-01T21:40:21","modified_gmt":"2026-01-01T20:40:21","slug":"home-of-mini-bob-original-zipflbob","status":"publish","type":"page","link":"https:\/\/mini-bob.com\/it\/","title":{"rendered":"La casa di mini bob - l&#8217;originale zipflbob"},"content":{"rendered":"<div class=\"wpb-content-wrapper\"><p>[vc_row][vc_column][vc_custom_heading text=&#8221;l&#8217;originale zipflbob dal 1976 - il mini bob&#8221; font_container=&#8221;tag:h3|text_align:left&#8221; google_fonts=&#8221;font_family:Roboto%20Condensed%3A300%2C300italic%2Cregular%2Citalic%2C700%2C700italic|font_style:400%20regular%3A400%3Anormal&#8221;][vc_empty_space]\n\t\t\t\t<p class=\"rs-p-wp-fix\"><\/p>\n\t\t\t\t<sr7-module data-alias=\"mini-bob-intro-it\" data-id=\"10\" id=\"SR7_10_1\" class=\"rs-ov-hidden\" data-version=\"6.7.52\">\n\t\t\t\t\t<sr7-adjuster><\/sr7-adjuster>\n\t\t\t\t\t<sr7-content>\n\t\t\t\t\t\t<sr7-slide id=\"SR7_10_1-32\" data-key=\"32\">\n\t\t\t\t\t\t\t<sr7-txt id=\"SR7_10_1-32-2\" class=\"sr7-layer\">inventato in Austria, realizzato in Germania <\/sr7-txt>\n\t\t\t\t\t\t\t<sr7-txt id=\"SR7_10_1-32-4\" class=\"sr7-layer\">dal 1976 - made in Germany<\/sr7-txt>\n\t\t\t\t\t\t\t<sr7-txt id=\"SR7_10_1-32-5\" class=\"sr7-layer\">l'originale dal 1976<\/sr7-txt>\n\t\t\t\t\t\t\t<sr7-txt id=\"SR7_10_1-32-6\" class=\"sr7-layer\">il massimo del divertimento invernale per grandi e piccini<\/sr7-txt>\n\t\t\t\t\t\t\t<sr7-txt id=\"SR7_10_1-32-7\" class=\"sr7-layer\">Maxi divertimento con mini bob - l'originale<\/sr7-txt>\n\t\t\t\t\t\t<\/sr7-slide>\n\t\t\t\t\t\t<sr7-slide id=\"SR7_10_1-33\" data-key=\"33\">\n\t\t\t\t\t\t\t<sr7-bg id=\"SR7_10_1-33-5\" class=\"sr7-layer\"><noscript><img decoding=\"async\" src=\"https:\/\/mini-bob.com\/wp-content\/uploads\/revslider\/mini bob intro1\/mini-bob-bg1.jpg\" alt=\"minibob zipflbob in rot\" title=\"roter Zipfelbob  - mini bob rot\"><\/noscript><\/sr7-bg>\n\t\t\t\t\t\t\t<sr7-txt id=\"SR7_10_1-33-2\" class=\"sr7-layer\">Der Original Zipflbob<\/sr7-txt>\n\t\t\t\t\t\t\t<sr7-txt id=\"SR7_10_1-33-3\" class=\"sr7-layer\">erfunden in \u00d6sterreich, hergestellt in Deutschland<\/sr7-txt>\n\t\t\t\t\t\t\t<sr7-txt id=\"SR7_10_1-33-4\" class=\"sr7-layer\">seit 1976 - made in Germany<\/sr7-txt>\n\t\t\t\t\t\t<\/sr7-slide>\n\t\t\t\t\t\t<sr7-slide id=\"SR7_10_1-43\" data-key=\"43\">\n\t\t\t\t\t\t<\/sr7-slide>\n\t\t\t\t\t<\/sr7-content>\n\t\t\t\t\t<image_lists style=\"display:none\">\n\t\t\t\t\t\t<img data-src=\"\/\/mini-bob.com\/wp-content\/uploads\/revslider\/mini bob intro1\/logo-slider.png\" data-libid=\"2225\" alt=\"minibob logo\" title=\"mini bob logo\" width=\"0\" height=\"0\" data-dbsrc=\"Ly9taW5pLWJvYi5jb20vd3AtY29udGVudC91cGxvYWRzL3JldnNsaWRlci9taW5pIGJvYiBpbnRybzEvbG9nby1zbGlkZXIucG5n\"\/>\n\t\t\t\t\t\t<img data-src=\"\/\/mini-bob.com\/wp-content\/uploads\/revslider\/mini bob intro1\/mini-bob-bg1.jpg\" width=\"0\" height=\"0\" data-dbsrc=\"Ly9taW5pLWJvYi5jb20vd3AtY29udGVudC91cGxvYWRzL3JldnNsaWRlci9taW5pIGJvYiBpbnRybzEvbWluaS1ib2ItYmcxLmpwZw==\"\/>\n\t\t\t\t\t<\/image_lists>\n\t\t\t\t<\/sr7-module>\n\t\t\t\t<script>\n\t\t\t\t\twindow.SR7 ??={};SR7.PMH ??={}; SR7.PMH[\"SR7_10_1\"] = {cn:100,state:false,fn: function() { if (window._tpt!==undefined && window._tpt.prepareModuleHeight !== undefined) {  _tpt.prepareModuleHeight({id:\"SR7_10_1\",el:[850,850,768,960,720],type:'standard',shdw:'0',gh:[850,850,702,533,329],gw:[1240,1240,1024,778,480],vpt:['-200px'],size:{fullWidth:true, fullHeight:false},mh:'0',onh:0,onw:0,bg:{color:'{\"orig\":\"transparent\",\"type\":\"solid\",\"string\":\"transparent\"}'},plType:'-1',plColor:'#FFFFFF'});   SR7.PMH[\"SR7_10_1\"].state=true;} else if(SR7.PMH[\"SR7_10_1\"].cn-->0)\tsetTimeout( SR7.PMH[\"SR7_10_1\"].fn,19);}};SR7.PMH[\"SR7_10_1\" ].fn();\n\t\t\t\t<\/script>\n[vc_separator][vc_custom_heading text=&#8221;Qualit\u00e0 made in Germany dal 1976&#8243; font_container=&#8221;tag:h3|text_align:left&#8221; google_fonts=&#8221;font_family:Roboto%20Condensed%3A300%2C300italic%2Cregular%2Citalic%2C700%2C700italic|font_style:400%20regular%3A400%3Anormal&#8221;][vc_separator][vc_column_text css=&#8221;&#8221;]Da oltre 50 anni il mini bob (zipflbob originale) continua a dimostrare di che pasta \u00e8 fatto. Nato in Austria negli anni &#8217;70, il mini bob, affettuosamente conosciuto anche come &#8220;zipflbob&#8221; nella regione alpina, continua a vivere oggi grazie alle idee e alla creativit\u00e0 della sua entusiasta comunit\u00e0 di fan. Una cosa, tuttavia, \u00e8 in primo piano, come lo \u00e8 stata fin dall&#8217;inizio&#8230; MAXISPASS per grandi e piccini con l&#8217;originale mini bob.[\/vc_column_text][vc_empty_space][\/vc_column][\/vc_row][vc_row][vc_column width=&#8221;1\/2&#8243;][vc_wp_text]<\/p>\n<p style=\"margin-left: 60px; margin-top: 47px;\"><img loading=\"lazy\" decoding=\"async\" title=\"mini bob originale - Zipflbob rosso\" src=\"\/wp-content\/uploads\/2015\/01\/mini-bob-rot-500px.png\" alt=\"mini bob - l'originale zipflbob Zipflbob\" width=\"500\" height=\"433\" \/><\/p>\n<p>[\/vc_wp_text][\/vc_column][vc_column width=&#8221;1\/2&#8243;][vc_accordion active_tab=&#8221;1&#8243; title=&#8221;mini bob - Perch\u00e9 l&#8217;originale?&#8221;][vc_accordion_tab title=&#8221;Un successo immutato dal 1976&#8243;][vc_column_text]Da quando \u00e8 stato sviluppato negli anni &#8217;70, il mini bob ha subito molte evoluzioni fino a raggiungere la forma e la perfezione che ha ancora oggi.<\/p>\n<p>Il mini bob viene prodotto con questo design perfezionato in Germania dal 1976: gi\u00e0 allora, i materiali e la produzione tenevano conto di funzionalit\u00e0, design, durata e compatibilit\u00e0 ambientale.<\/p>\n<p>Il mini bob ha una forma ergonomica del sedile e una maniglia perfettamente sagomata, che garantisce il massimo del divertimento e della sicurezza per i pi\u00f9 piccoli e i giovani.<\/p>\n<p>Grazie al joystick e alla sua forma speciale, il mini bob pu\u00f2 essere guidato in modo preciso, veloce e sicuro. Grazie al suo concetto di funzionamento intuitivo, \u00e8 un piacere guidare fin dal primo minuto.<\/p>\n<p>Anni prima dell&#8217;introduzione della legislazione in materia, si \u00e8 cercato di garantire che il mini bob fosse prodotto senza ftalati (senza plastificanti). Ancora oggi, il mini bob supera i pi\u00f9 severi test sui materiali e sulla sicurezza senza alcun reclamo.[\/vc_column_text][\/vc_accordion_tab][vc_accordion_tab title=&#8221;Ancora una volta premiato con il Bob.art Industry Arward&#8221;][vc_column_text]Non solo in Formula 1 la combinazione di peso, velocit\u00e0, stabilit\u00e0, perfetto equilibrio e design \u00e8 garanzia di vittorie!<\/p>\n<p>A differenza delle repliche del nostro prodotto, questa garanzia fa parte del mini bob originale fin dall&#8217;inizio. Questo ti garantisce il massimo livello di divertimento in sicurezza.[\/vc_column_text][\/vc_accordion_tab][vc_accordion_tab title=&#8221;Invented in Austria - Made in Germany&#8221;][vc_column_text]Sin dalla sua invenzione negli anni &#8217;70, il mini bob \u00e8 stato prodotto esclusivamente in Germania. Questo assicura gli elevati requisiti richiesti a questo prodotto di alta qualit\u00e0 e garantisce all&#8217;utente la massima sicurezza e durata.<\/p>\n<p>Il mini bob originale \u00e8 un prodotto di qualit\u00e0 per generazioni, non solo un noioso bob di plastica.[\/vc_column_text][\/vc_accordion_tab][\/vc_accordion][\/vc_column][\/vc_row][vc_row][vc_column][vc_separator][\/vc_column][\/vc_row][vc_row][vc_column][vc_empty_space][vc_cta h2=&#8221;Fare clic qui per accedere al negozio online&#8221; txt_align=&#8221;justify&#8221; shape=&#8221;square&#8221; add_button=&#8221;left&#8221; btn_title=&#8221;al negozio di mini bob&#8221; btn_shape=&#8221;square&#8221; btn_color=&#8221;danger&#8221; btn_size=&#8221;lg&#8221; btn_align=&#8221;right&#8221; btn_i_type=&#8221;the7&#8243; btn_i_icon_the7=&#8221;icomoon-the7-font-the7-arrow-27&#8243; btn_button_block=&#8221;true&#8221; btn_add_icon=&#8221;true&#8221; btn_link=&#8221;url:https%3A%2F%2Fmini-bob.com%2Fmini-bob-zipfelbob-shop%2F|title:acquista%20mini%20bob%20%28zipflbob%29|&#8221;]Tutti i colori attualmente disponibili possono essere acquistati anche nel nostro webshop.[\/vc_cta][vc_cta h2=&#8221;comprare mini bob - zipflbob?&#8221; txt_align=&#8221;justify&#8221; shape=&#8221;square&#8221; add_button=&#8221;left&#8221; btn_title=&#8221;acquista mini bob&#8221; btn_shape=&#8221;square&#8221; btn_color=&#8221;danger&#8221; btn_size=&#8221;lg&#8221; btn_i_type=&#8221;the7&#8243; btn_i_icon_the7=&#8221;icomoon-the7-font-the7-arrow-27&#8243; btn_add_icon=&#8221;true&#8221; btn_link=&#8221;url:https%3A%2F%2Fmini-bob.com%2Fit%2Fcomprare-mini-bob%2F|title:acquista%20mini%20bob%20%28zipflbob%29|&#8221;]Puoi acquistare il mini bob originale da rivenditori certificati qui![\/vc_cta][vc_cta h2=&#8221;Diventare un partner commerciale?&#8221; txt_align=&#8221;justify&#8221; shape=&#8221;square&#8221; add_button=&#8221;left&#8221; btn_title=&#8221;Richiesta del partner&#8221; btn_shape=&#8221;square&#8221; btn_color=&#8221;danger&#8221; btn_size=&#8221;lg&#8221; btn_align=&#8221;right&#8221; btn_i_type=&#8221;the7&#8243; btn_i_icon_the7=&#8221;icomoon-the7-font-the7-arrow-27&#8243; btn_button_block=&#8221;true&#8221; btn_add_icon=&#8221;true&#8221; btn_link=&#8221;url:https%3A%2F%2Fmini-bob.com%2Fit%2Fsiamo-lieti-di-ricevere-la-vostra-richiesta%2F|title:acquista%20mini%20bob%20%28zipflbob%29|&#8221;]Hai un negozio o un negozio online e vuoi vendere il mini bob originale?[\/vc_cta][\/vc_column][\/vc_row][vc_row][vc_column][vc_empty_space][vc_basic_grid post_type=&#8221;post&#8221; max_items=&#8221;10&#8243; element_width=&#8221;3&#8243; grid_id=&#8221;vc_gid:1767299977196-1f81e9e8-a7f7-6&#8243;][\/vc_column][\/vc_row]<\/p>\n<\/div>","protected":false},"excerpt":{"rendered":"<p>[vc_row][vc_column][vc_custom_heading text=&#8221;l&#8217;originale zipflbob dal 1976 - il mini bob&#8221; font_container=&#8221;tag:h3|text_align:left&#8221; google_fonts=&#8221;font_family:Roboto%20Condensed%3A300%2C300italic%2Cregular%2Citalic%2C700%2C700italic|font_style:400%20regular%3A400%3Anormal&#8221;][vc_empty_space][vc_separator][vc_custom_heading text=&#8221;Qualit\u00e0 made in Germany dal 1976&#8243; font_container=&#8221;tag:h3|text_align:left&#8221; google_fonts=&#8221;font_family:Roboto%20Condensed%3A300%2C300italic%2Cregular%2Citalic%2C700%2C700italic|font_style:400%20regular%3A400%3Anormal&#8221;][vc_separator][vc_column_text css=&#8221;&#8221;]Da oltre 50 anni il mini bob (zipflbob originale) continua a dimostrare di che pasta \u00e8 fatto. Nato in Austria negli anni &#8217;70, il mini bob, affettuosamente conosciuto anche come &#8220;zipflbob&#8221; nella regione alpina, continua a&hellip;<\/p>\n","protected":false},"author":1,"featured_media":0,"parent":0,"menu_order":0,"comment_status":"closed","ping_status":"closed","template":"","meta":{"_acf_changed":false,"footnotes":""},"class_list":["post-11229","page","type-page","status-publish","hentry","description-off"],"acf":[],"_links":{"self":[{"href":"https:\/\/mini-bob.com\/it\/wp-json\/wp\/v2\/pages\/11229","targetHints":{"allow":["GET"]}}],"collection":[{"href":"https:\/\/mini-bob.com\/it\/wp-json\/wp\/v2\/pages"}],"about":[{"href":"https:\/\/mini-bob.com\/it\/wp-json\/wp\/v2\/types\/page"}],"author":[{"embeddable":true,"href":"https:\/\/mini-bob.com\/it\/wp-json\/wp\/v2\/users\/1"}],"replies":[{"embeddable":true,"href":"https:\/\/mini-bob.com\/it\/wp-json\/wp\/v2\/comments?post=11229"}],"version-history":[{"count":24,"href":"https:\/\/mini-bob.com\/it\/wp-json\/wp\/v2\/pages\/11229\/revisions"}],"predecessor-version":[{"id":165381,"href":"https:\/\/mini-bob.com\/it\/wp-json\/wp\/v2\/pages\/11229\/revisions\/165381"}],"wp:attachment":[{"href":"https:\/\/mini-bob.com\/it\/wp-json\/wp\/v2\/media?parent=11229"}],"curies":[{"name":"wp","href":"https:\/\/api.w.org\/{rel}","templated":true}]}}