{"id":11240,"date":"2015-02-18T16:52:58","date_gmt":"2015-02-18T15:52:58","guid":{"rendered":"https:\/\/mini-bob.com\/milka-mini-bob\/"},"modified":"2025-11-22T18:57:51","modified_gmt":"2025-11-22T17:57:51","slug":"milka-mini-bob","status":"publish","type":"page","link":"https:\/\/mini-bob.com\/it\/milka-mini-bob\/","title":{"rendered":"Milka mini bob"},"content":{"rendered":"<div class=\"wpb-content-wrapper\"><p>[vc_row][vc_column][vc_custom_heading text=&#8221;mini bob in design MILKA&#8221; google_fonts=&#8221;font_family:Roboto%20Condensed%3A300%2C300italic%2Cregular%2Citalic%2C700%2C700italic|font_style:400%20regular%3A400%3Anormal&#8221;][vc_column_text]MILKA e mini bob hanno stretto una forte collaborazione.<br \/>\nIl risultato \u00e8 il mini bob nel design MILKA.[\/vc_column_text][\/vc_column][\/vc_row][vc_row][vc_column width=&#8221;1\/2&#8243;][vc_single_image image=&#8221;144490&#8243; img_size=&#8221;large&#8221;][\/vc_column][vc_column width=&#8221;1\/2&#8243;][vc_column_text]Il mini bob con design MILKA \u00e8 un mini bob originale e offre tutte le caratteristiche tipiche del divertimento a cavallo. Il colore \u00e8 MILKA - viola cioccolato e bianco. Il mini bob con design MILKA \u00e8 una serie speciale limitata.<\/p>\n<p>Sei interessato a un mini bob nel design MILKA? Puoi ordinare il mini bob con il design MILKA tramite il webshop Milka.<\/p>\n<p>&nbsp;<\/p>\n<p>++ Purtroppo il mini bob con design MILKA \u00e8 gi\u00e0 esaurito! ++[\/vc_column_text]<style type=\"text\/css\" data-type=\"the7_shortcodes-inline-css\">#default-btn-d51570d42f9891930c76111713afca62.ico-right-side > i {\n  margin-right: 0px;\n  margin-left: 8px;\n}\n#default-btn-d51570d42f9891930c76111713afca62 > i {\n  margin-right: 8px;\n}<\/style><a href=\"https:\/\/mini-bob.com\/mini-bob-zipfelbob-shop\/\" class=\"default-btn-shortcode dt-btn dt-btn-l link-hover-off btn-inline-left \" id=\"default-btn-d51570d42f9891930c76111713afca62\" title=\"Original mini bob (Zipfelbob) Shop\"><span>ACQUISTA MINI BOB<\/span><\/a>[vc_empty_space][vc_column_text]Siete alla ricerca di un regalo individuale e di qualit\u00e0 per i clienti o volete rappresentare la vostra azienda con un articolo promozionale adatto?<\/p>\n<p>Il mini bob trasmette il tuo messaggio nel vero senso della parola! Porta il divertimento sulla neve a grandi e piccini e convince per la sua affidabilit\u00e0 e qualit\u00e0 - Made in Germany.<\/p>\n<p>Siamo felici di produrre il mini bob con i colori della tua azienda e possiamo anche realizzare richieste individuali per te.<\/p>\n<p>Potete trovarne degli esempi nella nostra pagina: <a href=\"https:\/\/mini-bob.com\/it\/materiale-pubblicitario-2\/\">il piccolo bob di plastica come mezzo pubblicitario<\/a><\/p>\n<p>Contattateci, troveremo una soluzione adatta a voi![\/vc_column_text][\/vc_column][\/vc_row][vc_row][vc_column][vc_custom_heading text=&#8221;mini bob con design Milka&#8221; font_container=&#8221;tag:h3|text_align:left&#8221; google_fonts=&#8221;font_family:Roboto%20Condensed%3A300%2C300italic%2Cregular%2Citalic%2C700%2C700italic|font_style:400%20regular%3A400%3Anormal&#8221;][\/vc_column][\/vc_row][vc_row][vc_column]<style type=\"text\/css\" data-type=\"the7_shortcodes-inline-css\">.gallery-shortcode.gallery-masonry-shortcode-id-22e790befea13240da82b6975b40ec6c figure,\n.gallery-shortcode.gallery-masonry-shortcode-id-22e790befea13240da82b6975b40ec6c .rollover,\n.gallery-shortcode.gallery-masonry-shortcode-id-22e790befea13240da82b6975b40ec6c img,\n.gallery-shortcode.gallery-masonry-shortcode-id-22e790befea13240da82b6975b40ec6c .gallery-rollover {\n  border-radius: 0px;\n}\n.gallery-shortcode.gallery-masonry-shortcode-id-22e790befea13240da82b6975b40ec6c.enable-bg-rollover .gallery-rollover {\n  background: -webkit-linear-gradient();\n  background: linear-gradient();\n}\n.gallery-shortcode.gallery-masonry-shortcode-id-22e790befea13240da82b6975b40ec6c.enable-bg-rollover.hover-scale figure .rollover:after {\n  background: -webkit-linear-gradient();\n  background: linear-gradient();\n}\n.gallery-shortcode.gallery-masonry-shortcode-id-22e790befea13240da82b6975b40ec6c .gallery-zoom-ico {\n  width: 44px;\n  height: 44px;\n  line-height: 44px;\n  border-radius: 100px;\n  margin: -22px 0 0 -22px;\n  border-width: 0px;\n  color: #ffffff;\n}\n.dt-icon-bg-on.gallery-shortcode.gallery-masonry-shortcode-id-22e790befea13240da82b6975b40ec6c .gallery-zoom-ico {\n  background: rgba(255,255,255,0.3);\n  box-shadow: none;\n}\n.gallery-shortcode.gallery-masonry-shortcode-id-22e790befea13240da82b6975b40ec6c .gallery-zoom-ico:before,\n.gallery-shortcode.gallery-masonry-shortcode-id-22e790befea13240da82b6975b40ec6c .gallery-zoom-ico span {\n  font-size: 32px;\n  line-height: 44px;\n  color: #ffffff;\n}\n.gallery-shortcode.gallery-masonry-shortcode-id-22e790befea13240da82b6975b40ec6c:not(.resize-by-browser-width) .dt-css-grid {\n  grid-row-gap: 10px;\n  grid-column-gap: 10px;\n  grid-template-columns: repeat(auto-fill,minmax(,1fr));\n}\n.gallery-shortcode.gallery-masonry-shortcode-id-22e790befea13240da82b6975b40ec6c:not(.resize-by-browser-width) .dt-css-grid .double-width {\n  grid-column: span 2;\n}\n.cssgridlegacy.no-cssgrid .gallery-shortcode.gallery-masonry-shortcode-id-22e790befea13240da82b6975b40ec6c:not(.resize-by-browser-width) .dt-css-grid,\n.no-cssgridlegacy.no-cssgrid .gallery-shortcode.gallery-masonry-shortcode-id-22e790befea13240da82b6975b40ec6c:not(.resize-by-browser-width) .dt-css-grid {\n  display: flex;\n  flex-flow: row wrap;\n  margin: -5px;\n}\n.cssgridlegacy.no-cssgrid .gallery-shortcode.gallery-masonry-shortcode-id-22e790befea13240da82b6975b40ec6c:not(.resize-by-browser-width) .dt-css-grid .wf-cell,\n.no-cssgridlegacy.no-cssgrid .gallery-shortcode.gallery-masonry-shortcode-id-22e790befea13240da82b6975b40ec6c:not(.resize-by-browser-width) .dt-css-grid .wf-cell {\n  flex: 1 0 ;\n  max-width: 100%;\n  padding: 5px;\n  box-sizing: border-box;\n}\n.gallery-shortcode.gallery-masonry-shortcode-id-22e790befea13240da82b6975b40ec6c.resize-by-browser-width .dt-css-grid {\n  grid-template-columns: repeat(3,1fr);\n  grid-template-rows: auto;\n  grid-column-gap: 10px;\n  grid-row-gap: 10px;\n}\n.gallery-shortcode.gallery-masonry-shortcode-id-22e790befea13240da82b6975b40ec6c.resize-by-browser-width .dt-css-grid .double-width {\n  grid-column: span 2;\n}\n.cssgridlegacy.no-cssgrid .gallery-shortcode.gallery-masonry-shortcode-id-22e790befea13240da82b6975b40ec6c.resize-by-browser-width .dt-css-grid {\n  margin: -5px;\n}\n.cssgridlegacy.no-cssgrid .gallery-shortcode.gallery-masonry-shortcode-id-22e790befea13240da82b6975b40ec6c.resize-by-browser-width .dt-css-grid .wf-cell {\n  width: 33.333333333333%;\n  padding: 5px;\n}\n.cssgridlegacy.no-cssgrid .gallery-shortcode.gallery-masonry-shortcode-id-22e790befea13240da82b6975b40ec6c.resize-by-browser-width .dt-css-grid .wf-cell.double-width {\n  width: calc(33.333333333333%) * 2;\n}\n.gallery-shortcode.gallery-masonry-shortcode-id-22e790befea13240da82b6975b40ec6c.resize-by-browser-width:not(.centered-layout-list):not(.content-bg-on) .dt-css-grid {\n  grid-row-gap: 10px - ;\n}\n@media screen and (max-width: 1199px) {\n  .gallery-shortcode.gallery-masonry-shortcode-id-22e790befea13240da82b6975b40ec6c.resize-by-browser-width .dt-css-grid {\n    grid-template-columns: repeat(3,1fr);\n  }\n  .cssgridlegacy.no-cssgrid .gallery-shortcode.gallery-masonry-shortcode-id-22e790befea13240da82b6975b40ec6c.resize-by-browser-width .dt-css-grid .wf-cell,\n  .no-cssgridlegacy.no-cssgrid .gallery-shortcode.gallery-masonry-shortcode-id-22e790befea13240da82b6975b40ec6c.resize-by-browser-width .dt-css-grid .wf-cell {\n    width: 33.333333333333%;\n  }\n  .cssgridlegacy.no-cssgrid .gallery-shortcode.gallery-masonry-shortcode-id-22e790befea13240da82b6975b40ec6c.resize-by-browser-width .dt-css-grid .wf-cell.double-width,\n  .no-cssgridlegacy.no-cssgrid .gallery-shortcode.gallery-masonry-shortcode-id-22e790befea13240da82b6975b40ec6c.resize-by-browser-width .dt-css-grid .wf-cell.double-width {\n    width: calc(33.333333333333%)*2;\n  }\n}\n@media screen and (max-width: 991px) {\n  .gallery-shortcode.gallery-masonry-shortcode-id-22e790befea13240da82b6975b40ec6c.resize-by-browser-width .dt-css-grid {\n    grid-template-columns: repeat(3,1fr);\n  }\n  .cssgridlegacy.no-cssgrid .gallery-shortcode.gallery-masonry-shortcode-id-22e790befea13240da82b6975b40ec6c.resize-by-browser-width .dt-css-grid .wf-cell,\n  .no-cssgridlegacy.no-cssgrid .gallery-shortcode.gallery-masonry-shortcode-id-22e790befea13240da82b6975b40ec6c.resize-by-browser-width .dt-css-grid .wf-cell {\n    width: 33.333333333333%;\n  }\n  .cssgridlegacy.no-cssgrid .gallery-shortcode.gallery-masonry-shortcode-id-22e790befea13240da82b6975b40ec6c.resize-by-browser-width .dt-css-grid .wf-cell.double-width,\n  .no-cssgridlegacy.no-cssgrid .gallery-shortcode.gallery-masonry-shortcode-id-22e790befea13240da82b6975b40ec6c.resize-by-browser-width .dt-css-grid .wf-cell.double-width {\n    width: calc(33.333333333333%)*2;\n  }\n}\n@media screen and (max-width: 767px) {\n  .gallery-shortcode.gallery-masonry-shortcode-id-22e790befea13240da82b6975b40ec6c.resize-by-browser-width .dt-css-grid {\n    grid-template-columns: repeat(2,1fr);\n  }\n  .cssgridlegacy.no-cssgrid .gallery-shortcode.gallery-masonry-shortcode-id-22e790befea13240da82b6975b40ec6c.resize-by-browser-width .dt-css-grid .wf-cell,\n  .no-cssgridlegacy.no-cssgrid .gallery-shortcode.gallery-masonry-shortcode-id-22e790befea13240da82b6975b40ec6c.resize-by-browser-width .dt-css-grid .wf-cell {\n    width: 50%;\n  }\n  .cssgridlegacy.no-cssgrid .gallery-shortcode.gallery-masonry-shortcode-id-22e790befea13240da82b6975b40ec6c.resize-by-browser-width .dt-css-grid .wf-cell.double-width,\n  .no-cssgridlegacy.no-cssgrid .gallery-shortcode.gallery-masonry-shortcode-id-22e790befea13240da82b6975b40ec6c.resize-by-browser-width .dt-css-grid .wf-cell.double-width {\n    width: calc(50%)*2;\n  }\n}<\/style><div class=\"gallery-shortcode dt-gallery-container gallery-masonry-shortcode-id-22e790befea13240da82b6975b40ec6c mode-masonry jquery-filter dt-icon-bg-off quick-scale-img enable-bg-rollover resize-by-browser-width  hover-fade loading-effect-fade-in description-on-hover\" data-padding=\"5px\" data-cur-page=\"1\" data-post-limit=\"-1\" data-pagination-mode=\"none\" data-desktop-columns-num=\"3\" data-v-tablet-columns-num=\"3\" data-h-tablet-columns-num=\"3\" data-phone-columns-num=\"2\" data-width=\"0px\" data-columns=\"0\"><div class=\"iso-container\" ><div class=\"wf-cell iso-item\" data-post-id=\"144243\" data-date=\"2015-02-18T16:50:54+01:00\" data-name=\"SKI ALPIN - Milka Schoko Tour\"><figure class=\"post visible\"><a href=\"https:\/\/mini-bob.com\/wp-content\/uploads\/2015\/02\/GEPA-1102086223-scaled.jpg\" class=\"rollover dt-pswp-item layzr-bg\" data-large_image_width=\"2560\" data-large_image_height=\"1758\" data-dt-img-description=\"GEPA-1102086223 - BAD KLEINKIRCHHEIM,AUSTRIA,11.FEB.08 - SKI ALPIN - Milka Schoko Tour mit Michaela Kirchgasser. Bild zeigt Michaela Kirchgasser (AUT). \nFoto: GEPA pictures\/ Doris Schlagbauer\" title=\"SKI ALPIN - Milka Schoko Tour\"><img fetchpriority=\"high\" decoding=\"async\" class=\"preload-me iso-lazy-load aspect\" src=\"data:image\/svg+xml,%3Csvg%20xmlns%3D&#039;http%3A%2F%2Fwww.w3.org%2F2000%2Fsvg&#039;%20viewBox%3D&#039;0%200%20379%20284&#039;%2F%3E\" data-src=\"https:\/\/mini-bob.com\/wp-content\/uploads\/2015\/02\/GEPA-1102086223-scaled-379x284.jpg\" data-srcset=\"https:\/\/mini-bob.com\/wp-content\/uploads\/2015\/02\/GEPA-1102086223-scaled-379x284.jpg 379w, https:\/\/mini-bob.com\/wp-content\/uploads\/2015\/02\/GEPA-1102086223-scaled-569x426.jpg 569w\" loading=\"eager\" style=\"--ratio: 379 \/ 284\" sizes=\"(max-width: 379px) 100vw, 379px\" alt=\"\" width=\"379\" height=\"284\"><span class=\"gallery-rollover\"><span class=\"gallery-zoom-ico icomoon-the7-font-the7-zoom-06\"><span><\/span><\/span><\/span><\/a><\/figure><\/div><div class=\"wf-cell iso-item\" data-post-id=\"144488\" data-date=\"2015-02-18T16:50:43+01:00\" data-name=\"Bansko_MG_1379\"><figure class=\"post visible\"><a href=\"https:\/\/mini-bob.com\/wp-content\/uploads\/2015\/02\/Bansko_MG_1379.jpg\" class=\"rollover dt-pswp-item layzr-bg\" data-large_image_width=\"950\" data-large_image_height=\"633\" data-dt-img-description=\"\" title=\"Bansko_MG_1379\"><img decoding=\"async\" class=\"preload-me iso-lazy-load aspect\" src=\"data:image\/svg+xml,%3Csvg%20xmlns%3D&#039;http%3A%2F%2Fwww.w3.org%2F2000%2Fsvg&#039;%20viewBox%3D&#039;0%200%20379%20284&#039;%2F%3E\" data-src=\"https:\/\/mini-bob.com\/wp-content\/uploads\/2015\/02\/Bansko_MG_1379-379x284.jpg\" data-srcset=\"https:\/\/mini-bob.com\/wp-content\/uploads\/2015\/02\/Bansko_MG_1379-379x284.jpg 379w, https:\/\/mini-bob.com\/wp-content\/uploads\/2015\/02\/Bansko_MG_1379-569x426.jpg 569w\" loading=\"eager\" style=\"--ratio: 379 \/ 284\" sizes=\"(max-width: 379px) 100vw, 379px\" alt=\"\" width=\"379\" height=\"284\"><span class=\"gallery-rollover\"><span class=\"gallery-zoom-ico icomoon-the7-font-the7-zoom-06\"><span><\/span><\/span><\/span><\/a><\/figure><\/div><div class=\"wf-cell iso-item\" data-post-id=\"144486\" data-date=\"2015-02-18T16:50:36+01:00\" data-name=\"Bansko_MG_1362\"><figure class=\"post visible\"><a href=\"https:\/\/mini-bob.com\/wp-content\/uploads\/2015\/02\/Bansko_MG_1362.jpg\" class=\"rollover dt-pswp-item layzr-bg\" data-large_image_width=\"950\" data-large_image_height=\"633\" data-dt-img-description=\"\" title=\"Bansko_MG_1362\"><img decoding=\"async\" class=\"preload-me iso-lazy-load aspect\" src=\"data:image\/svg+xml,%3Csvg%20xmlns%3D&#039;http%3A%2F%2Fwww.w3.org%2F2000%2Fsvg&#039;%20viewBox%3D&#039;0%200%20379%20284&#039;%2F%3E\" data-src=\"https:\/\/mini-bob.com\/wp-content\/uploads\/2015\/02\/Bansko_MG_1362-379x284.jpg\" data-srcset=\"https:\/\/mini-bob.com\/wp-content\/uploads\/2015\/02\/Bansko_MG_1362-379x284.jpg 379w, https:\/\/mini-bob.com\/wp-content\/uploads\/2015\/02\/Bansko_MG_1362-569x426.jpg 569w\" loading=\"eager\" style=\"--ratio: 379 \/ 284\" sizes=\"(max-width: 379px) 100vw, 379px\" alt=\"\" width=\"379\" height=\"284\"><span class=\"gallery-rollover\"><span class=\"gallery-zoom-ico icomoon-the7-font-the7-zoom-06\"><span><\/span><\/span><\/span><\/a><\/figure><\/div><div class=\"wf-cell iso-item\" data-post-id=\"144492\" data-date=\"2015-02-18T17:24:05+01:00\" data-name=\"IMG_2787-600\"><figure class=\"post visible\"><a href=\"https:\/\/mini-bob.com\/wp-content\/uploads\/2015\/02\/IMG_2787-600.jpg\" class=\"rollover dt-pswp-item layzr-bg\" data-large_image_width=\"600\" data-large_image_height=\"400\" data-dt-img-description=\"\" title=\"IMG_2787-600\"><img decoding=\"async\" class=\"preload-me iso-lazy-load aspect\" src=\"data:image\/svg+xml,%3Csvg%20xmlns%3D&#039;http%3A%2F%2Fwww.w3.org%2F2000%2Fsvg&#039;%20viewBox%3D&#039;0%200%20379%20284&#039;%2F%3E\" data-src=\"https:\/\/mini-bob.com\/wp-content\/uploads\/2015\/02\/IMG_2787-600-379x284.jpg\" data-srcset=\"https:\/\/mini-bob.com\/wp-content\/uploads\/2015\/02\/IMG_2787-600-379x284.jpg 379w, https:\/\/mini-bob.com\/wp-content\/uploads\/2015\/02\/IMG_2787-600-534x400.jpg 534w\" loading=\"eager\" style=\"--ratio: 379 \/ 284\" sizes=\"(max-width: 379px) 100vw, 379px\" alt=\"\" width=\"379\" height=\"284\"><span class=\"gallery-rollover\"><span class=\"gallery-zoom-ico icomoon-the7-font-the7-zoom-06\"><span><\/span><\/span><\/span><\/a><\/figure><\/div><div class=\"wf-cell iso-item\" data-post-id=\"144460\" data-date=\"2015-02-16T16:53:17+01:00\" data-name=\"mini bob im Milka Design\"><figure class=\"post visible\"><a href=\"https:\/\/mini-bob.com\/wp-content\/uploads\/2015\/02\/IMG_2839-500.jpg\" class=\"rollover dt-pswp-item layzr-bg\" data-large_image_width=\"500\" data-large_image_height=\"333\" data-dt-img-description=\"Seitliche Ansicht Milka Design mini bob in lila\/wei\u00df\" title=\"mini bob im Milka Design\"><img decoding=\"async\" class=\"preload-me iso-lazy-load aspect\" src=\"data:image\/svg+xml,%3Csvg%20xmlns%3D&#39;http%3A%2F%2Fwww.w3.org%2F2000%2Fsvg&#39;%20viewBox%3D&#39;0%200%20379%20284&#39;%2F%3E\" data-src=\"https:\/\/mini-bob.com\/wp-content\/uploads\/2015\/02\/IMG_2839-500-379x284.jpg\" data-srcset=\"https:\/\/mini-bob.com\/wp-content\/uploads\/2015\/02\/IMG_2839-500-379x284.jpg 379w, https:\/\/mini-bob.com\/wp-content\/uploads\/2015\/02\/IMG_2839-500-444x333.jpg 444w\" loading=\"eager\" style=\"--ratio: 379 \/ 284\" sizes=\"(max-width: 379px) 100vw, 379px\" alt=\"minibob zipflbob im Milka Design\/Lila-wei\u00df\" width=\"379\" height=\"284\"  \/><span class=\"gallery-rollover\"><span class=\"gallery-zoom-ico icomoon-the7-font-the7-zoom-06\"><span><\/span><\/span><\/span><\/a><\/figure><\/div><div class=\"wf-cell iso-item\" data-post-id=\"144480\" data-date=\"2015-02-18T16:16:25+01:00\" data-name=\"milka-detail\"><figure class=\"post visible\"><a href=\"https:\/\/mini-bob.com\/wp-content\/uploads\/2015\/02\/milka-detail.jpg\" class=\"rollover dt-pswp-item layzr-bg\" data-large_image_width=\"600\" data-large_image_height=\"400\" data-dt-img-description=\"\" title=\"milka-detail\"><img decoding=\"async\" class=\"preload-me iso-lazy-load aspect\" src=\"data:image\/svg+xml,%3Csvg%20xmlns%3D&#039;http%3A%2F%2Fwww.w3.org%2F2000%2Fsvg&#039;%20viewBox%3D&#039;0%200%20379%20284&#039;%2F%3E\" data-src=\"https:\/\/mini-bob.com\/wp-content\/uploads\/2015\/02\/milka-detail-379x284.jpg\" data-srcset=\"https:\/\/mini-bob.com\/wp-content\/uploads\/2015\/02\/milka-detail-379x284.jpg 379w, https:\/\/mini-bob.com\/wp-content\/uploads\/2015\/02\/milka-detail-534x400.jpg 534w\" loading=\"eager\" style=\"--ratio: 379 \/ 284\" sizes=\"(max-width: 379px) 100vw, 379px\" alt=\"\" width=\"379\" height=\"284\"><span class=\"gallery-rollover\"><span class=\"gallery-zoom-ico icomoon-the7-font-the7-zoom-06\"><span><\/span><\/span><\/span><\/a><\/figure><\/div><\/div><!-- iso-container|iso-grid --><\/div>[\/vc_column][\/vc_row]<\/p>\n<\/div>","protected":false},"excerpt":{"rendered":"<p>[vc_row][vc_column][vc_custom_heading text=&#8221;mini bob in design MILKA&#8221; google_fonts=&#8221;font_family:Roboto%20Condensed%3A300%2C300italic%2Cregular%2Citalic%2C700%2C700italic|font_style:400%20regular%3A400%3Anormal&#8221;][vc_column_text]MILKA e mini bob hanno stretto una forte collaborazione. Il risultato \u00e8 il mini bob nel design MILKA.[\/vc_column_text][\/vc_column][\/vc_row][vc_row][vc_column width=&#8221;1\/2&#8243;][vc_single_image image=&#8221;144490&#8243; img_size=&#8221;large&#8221;][\/vc_column][vc_column width=&#8221;1\/2&#8243;][vc_column_text]Il mini bob con design MILKA \u00e8 un mini bob originale e offre tutte le caratteristiche tipiche del divertimento a cavallo. Il colore \u00e8 MILKA - viola cioccolato&hellip;<\/p>\n","protected":false},"author":1,"featured_media":0,"parent":0,"menu_order":0,"comment_status":"closed","ping_status":"closed","template":"","meta":{"_acf_changed":false,"footnotes":""},"class_list":["post-11240","page","type-page","status-publish","hentry","description-off"],"acf":[],"_links":{"self":[{"href":"https:\/\/mini-bob.com\/it\/wp-json\/wp\/v2\/pages\/11240","targetHints":{"allow":["GET"]}}],"collection":[{"href":"https:\/\/mini-bob.com\/it\/wp-json\/wp\/v2\/pages"}],"about":[{"href":"https:\/\/mini-bob.com\/it\/wp-json\/wp\/v2\/types\/page"}],"author":[{"embeddable":true,"href":"https:\/\/mini-bob.com\/it\/wp-json\/wp\/v2\/users\/1"}],"replies":[{"embeddable":true,"href":"https:\/\/mini-bob.com\/it\/wp-json\/wp\/v2\/comments?post=11240"}],"version-history":[{"count":14,"href":"https:\/\/mini-bob.com\/it\/wp-json\/wp\/v2\/pages\/11240\/revisions"}],"predecessor-version":[{"id":156961,"href":"https:\/\/mini-bob.com\/it\/wp-json\/wp\/v2\/pages\/11240\/revisions\/156961"}],"wp:attachment":[{"href":"https:\/\/mini-bob.com\/it\/wp-json\/wp\/v2\/media?parent=11240"}],"curies":[{"name":"wp","href":"https:\/\/api.w.org\/{rel}","templated":true}]}}