{"id":11244,"date":"2015-12-07T17:28:58","date_gmt":"2015-12-07T16:28:58","guid":{"rendered":"https:\/\/mini-bob.com\/condizioni-generali-di-contratto\/"},"modified":"2025-12-09T09:42:09","modified_gmt":"2025-12-09T08:42:09","slug":"condizioni-generali-di-contratto","status":"publish","type":"page","link":"https:\/\/mini-bob.com\/it\/condizioni-generali-di-contratto\/","title":{"rendered":"GTC"},"content":{"rendered":"<h1>Termini e condizioni generali<\/h1>\n<h3>\u00a7 1 Validit\u00e0, definizioni dei termini<\/h3>\n<p>(1) Loeger GmbH, Hauptstr. 57, D-82327 Tutzing, Germania (di seguito: &#8220;noi&#8221; o &#8220;mini bob shop&#8221;) gestisce un negozio online di prodotti con il sito web https:\/\/mini-bob.com. I seguenti termini e condizioni generali si applicano a tutti i servizi tra noi e i nostri clienti (di seguito: &#8220;cliente&#8221; o &#8220;tu&#8221;) nella versione valida al momento dell&#8217;ordine, se non diversamente concordato.  <\/p>\n<p>(2) &#8220;Consumatore&#8221; ai sensi dei presenti Termini e Condizioni \u00e8 una persona fisica che conclude un negozio giuridico per scopi prevalentemente estranei alla propria attivit\u00e0 commerciale, imprenditoriale o professionale. &#8220;Imprenditore&#8221; \u00e8 una persona fisica o giuridica o una societ\u00e0 di persone con capacit\u00e0 giuridica che, nel concludere un negozio giuridico, agisce nell&#8217;esercizio della propria attivit\u00e0 commerciale o professionale indipendente, laddove per societ\u00e0 di persone con capacit\u00e0 giuridica si intende una societ\u00e0 di persone con la capacit\u00e0 di acquisire diritti e di contrarre obbligazioni. <\/p>\n<h3>\u00a7 2 Conclusione dei contratti, conservazione del testo contrattuale<\/h3>\n<p>(1) Le seguenti disposizioni sulla conclusione dei contratti si applicano agli ordini effettuati tramite il nostro negozio online https:\/\/mini-bob.com.<\/p>\n<p>(2) Le nostre presentazioni dei prodotti su Internet non sono vincolanti e non costituiscono un&#8217;offerta vincolante per la conclusione di un contratto.<\/p>\n<p>(3) Al ricevimento di un ordine nel nostro negozio online, si applicano le seguenti regole: Il cliente presenta un&#8217;offerta contrattuale vincolante completando con successo la procedura d&#8217;ordine prevista nel nostro negozio online. L&#8217;ordine viene effettuato nelle seguenti fasi: <\/p>\n<ol>\n<li>Selezione della merce desiderata,<\/li>\n<li>Aggiungi i prodotti cliccando sul pulsante corrispondente (ad esempio &#8220;Aggiungi al carrello&#8221;, &#8220;Aggiungi alla borsa della spesa&#8221; o simili),<\/li>\n<li>Controlla i dettagli nel carrello,<\/li>\n<li>Richiama il riepilogo dell&#8217;ordine cliccando sul pulsante corrispondente (ad esempio, &#8220;Continua alla cassa&#8221;, &#8220;Continua al pagamento&#8221;, &#8220;Al riepilogo dell&#8217;ordine&#8221; o simili),<\/li>\n<li>Inserimento\/verifica dell&#8217;indirizzo e dei dati di contatto, selezione del metodo di pagamento, conferma dei termini e delle condizioni generali e della politica di cancellazione,<\/li>\n<li>Se la qualit\u00e0 concordata dei beni si discosta dalla qualit\u00e0 e dalle condizioni d&#8217;uso abituali, la conferma di un accordo di qualit\u00e0 negativo,<\/li>\n<li>Completa l&#8217;ordine cliccando sul pulsante &#8220;Acquista ora&#8221;. Questo costituisce un ordine vincolante. <\/li>\n<li>Il contratto \u00e8 concluso quando ricevi una conferma d&#8217;ordine da parte nostra entro tre giorni lavorativi all&#8217;indirizzo e-mail indicato.<\/li>\n<\/ol>\n<p>(4) In caso di conclusione del contratto, il contratto \u00e8 stipulato con Loeger GmbH, Hauptstr. 57, D-82327 Tutzing, Germania. <\/p>\n<p>(5) Prima di effettuare un ordine, i dati del contratto possono essere stampati o salvati elettronicamente utilizzando la funzione di stampa del browser. L&#8217;elaborazione dell&#8217;ordine e la trasmissione di tutte le informazioni necessarie per la conclusione del contratto, in particolare i dati dell&#8217;ordine, le CGV e la politica di cancellazione, avviene via e-mail dopo l&#8217;invio dell&#8217;ordine, in alcuni casi automaticamente. Non salviamo il testo del contratto dopo la sua conclusione.  <\/p>\n<p>(6) Gli errori di inserimento possono essere corretti utilizzando le consuete funzioni della tastiera, del mouse e del browser (ad esempio il &#8220;pulsante indietro&#8221; del browser). Possono essere corretti anche annullando il processo d&#8217;ordine prima del tempo, chiudendo la finestra del browser e ripetendo il processo. <\/p>\n<p>(7) L&#8217;elaborazione dell&#8217;ordine e la trasmissione di tutte le informazioni richieste in relazione alla conclusione del contratto sono parzialmente automatizzate tramite e-mail. Pertanto, dovrai assicurarti che l&#8217;indirizzo e-mail che ci hai fornito sia corretto, che la ricezione delle e-mail sia tecnicamente garantita e, in particolare, che non sia impedita dai filtri SPAM. <\/p>\n<h3>\u00a7 3 Oggetto del contratto e caratteristiche essenziali dei prodotti<\/h3>\n<p>(1) L&#8217;oggetto del contratto \u00e8 il nostro negozio online:<\/p>\n<ol style=\"list-style-type: lower-alpha\">\n<li>Vendita di prodotti. I prodotti specifici offerti si trovano nelle pagine dei nostri prodotti. <\/li>\n<\/ol>\n<p>(2) Le caratteristiche essenziali dei beni sono riportate nella descrizione dell&#8217;articolo. Se la qualit\u00e0 concordata dei beni si discosta dalla qualit\u00e0 e dalle condizioni d&#8217;uso abituali, ci\u00f2 deve essere espressamente indicato nella descrizione dell&#8217;articolo (accordo di qualit\u00e0 negativa). Nel caso in cui il cliente abbia dato il suo consenso esplicito allo scostamento di qualit\u00e0 negativo, questo definisce l&#8217;oggetto del contratto.  <\/p>\n<h3>\u00a7 4 Prezzi, costi di spedizione e consegna<\/h3>\n<p>(1) I prezzi indicati nelle rispettive offerte e i costi di spedizione sono prezzi totali e includono tutti i componenti del prezzo, comprese le tasse applicabili.<\/p>\n<p>(2) Il rispettivo prezzo di acquisto deve essere pagato prima della consegna del prodotto (pagamento anticipato), a meno che non offriamo espressamente l&#8217;acquisto con acconto. I metodi di pagamento a tua disposizione sono indicati nel negozio online o nell&#8217;offerta corrispondente. Se non diversamente indicato per i singoli metodi di pagamento, le richieste di pagamento devono essere pagate immediatamente.  <\/p>\n<p>(3) Oltre ai prezzi indicati, possono essere sostenute spese di spedizione per la consegna dei prodotti, a meno che il rispettivo articolo non sia contrassegnato come esente da spese di spedizione. I costi di spedizione ti saranno comunicati chiaramente sulle offerte, se applicabile, nel sistema del carrello e nella panoramica dell&#8217;ordine. <\/p>\n<p>(4) Se non diversamente specificato nella descrizione del prodotto, tutti i prodotti offerti sono immediatamente pronti per la spedizione (tempi di consegna: ordine dal luned\u00ec al venerd\u00ec fino alle ore 16:00 spedizione solitamente lo stesso giorno dopo il ricevimento del pagamento).<\/p>\n<p>(5) Si applicano le seguenti restrizioni relative all&#8217;area di consegna: La consegna viene effettuata nei seguenti paesi: Andorra, Belgio, Germania, Danimarca, Finlandia, Francia, Irlanda, Italia, Croazia, Liechtenstein, Paesi Bassi, Norvegia, Polonia, Svezia, Svizzera, Slovacchia, Slovenia, Spagna, Repubblica Ceca, Regno Unito, Austria.<\/p>\n<p>(6) Se la consegna della merce non va a buon fine per motivi a te imputabili, dovrai sostenere i costi ragionevoli da noi sostenuti per questo motivo. Ci\u00f2 non si applica ai costi per la spedizione di ritorno se eserciti effettivamente il tuo diritto di recesso. Se eserciti effettivamente il tuo diritto di recesso, ai costi di restituzione si applicheranno le disposizioni da noi previste nella politica di cancellazione.  <\/p>\n<h3>\u00a7 5 Diritto di ritenzione, riserva di propriet\u00e0<\/h3>\n<p>(1) Puoi esercitare il diritto di ritenzione solo nella misura in cui riguarda richieste di risarcimento derivanti dallo stesso rapporto contrattuale.<\/p>\n<p>(2) La merce rimarr\u00e0 di nostra propriet\u00e0 fino al completo pagamento del prezzo di acquisto.<\/p>\n<h3>\u00a7 6 Diritto di recesso<\/h3>\n<p>In qualit\u00e0 di consumatore, hai il diritto di cancellazione. Tale diritto \u00e8 disciplinato dalla nostra <a href=\"https:\/\/mini-bob.com\/it\/istruzione-di-revoca\/\">politica di cancellazione<\/a>. <\/p>\n<h3>\u00a7 7 Lingua del contratto<\/h3>\n<p>La lingua del contratto \u00e8 esclusivamente il tedesco.<\/p>\n<h3>\u00a7 8 Responsabilit\u00e0<\/h3>\n<p>(1) Fatte salve le seguenti eccezioni, la nostra responsabilit\u00e0 per violazioni contrattuali e per atti non autorizzati \u00e8 limitata al dolo o alla colpa grave.<\/p>\n<p>(2) In caso di negligenza lieve, saremo responsabili senza limitazioni in caso di lesioni alla vita, all&#8217;integrit\u00e0 fisica o alla salute o in caso di violazione di un obbligo contrattuale sostanziale. Se siamo in ritardo nell&#8217;adempimento per negligenza lieve, se l&#8217;adempimento \u00e8 diventato impossibile o se abbiamo violato un obbligo contrattuale sostanziale, la responsabilit\u00e0 per i danni materiali e le perdite finanziarie che ne derivano sar\u00e0 limitata al <strong>danno prevedibile tipico del contratto<\/strong>. Un obbligo contrattuale sostanziale \u00e8 un obbligo il cui adempimento \u00e8 essenziale per la corretta esecuzione del contratto, la cui violazione mette a rischio il raggiungimento dello scopo del contratto e sul cui rispetto puoi regolarmente fare affidamento. Ci\u00f2 include, in particolare, il nostro obbligo di agire e di adempiere al servizio contrattualmente dovuto, descritto al \u00a7 3.   <\/p>\n<h3>\u00a7 9 Garanzia<\/h3>\n<p>(1) La garanzia \u00e8 disciplinata dalle disposizioni di legge.<\/p>\n<p>(2) Il periodo di garanzia per i beni consegnati agli imprenditori \u00e8 di 12 mesi.<\/p>\n<p>(3) In qualit\u00e0 di consumatore, ti chiediamo di controllare l&#8217;articolo\/il bene digitale o il servizio fornito immediatamente dopo l&#8217;esecuzione del contratto per verificarne la completezza, i difetti evidenti e i danni da trasporto e di notificare a noi e al vettore eventuali reclami il prima possibile. In caso contrario, ci\u00f2 non avr\u00e0 alcun effetto sui tuoi diritti di garanzia previsti dalla legge. <\/p>\n<h3>\u00a7 10 Disposizioni finali\/risoluzione delle controversie<\/h3>\n<p>(1) Si applica la legge tedesca. Nel caso di consumatori, questa scelta di legge si applicher\u00e0 solo nella misura in cui la protezione offerta dalle disposizioni obbligatorie della legge dello Stato in cui il consumatore risiede abitualmente non venga meno (principio del favor rei). <\/p>\n<p>(2) Le disposizioni della Convenzione delle Nazioni Unite sui contratti di vendita internazionale di beni mobili non si applicano espressamente.<\/p>\n<p>(3) Se il cliente \u00e8 un commerciante, una persona giuridica di diritto pubblico o un fondo speciale di diritto pubblico, il foro competente per tutte le controversie derivanti dai rapporti contrattuali tra il cliente e il fornitore \u00e8 la sede legale del fornitore.<\/p>\n<p>(4)  \n\nZur Teilnahme an einem Streitbeilegungsverfahren vor einer Verbraucherschlichtungsstelle sind wir nicht verpflichtet und nicht bereit.<\/p>\n","protected":false},"excerpt":{"rendered":"<p>Termini e condizioni generali \u00a7 1 Validit\u00e0, definizioni dei termini (1) Loeger GmbH, Hauptstr. 57, D-82327 Tutzing, Germania (di seguito: &#8220;noi&#8221; o &#8220;mini bob shop&#8221;) gestisce un negozio online di prodotti con il sito web https:\/\/mini-bob.com. I seguenti termini e condizioni generali si applicano a tutti i servizi tra noi e i nostri clienti (di&hellip;<\/p>\n","protected":false},"author":1,"featured_media":0,"parent":0,"menu_order":0,"comment_status":"closed","ping_status":"closed","template":"","meta":{"_acf_changed":false,"footnotes":""},"class_list":["post-11244","page","type-page","status-publish","hentry","description-off"],"acf":[],"_links":{"self":[{"href":"https:\/\/mini-bob.com\/it\/wp-json\/wp\/v2\/pages\/11244","targetHints":{"allow":["GET"]}}],"collection":[{"href":"https:\/\/mini-bob.com\/it\/wp-json\/wp\/v2\/pages"}],"about":[{"href":"https:\/\/mini-bob.com\/it\/wp-json\/wp\/v2\/types\/page"}],"author":[{"embeddable":true,"href":"https:\/\/mini-bob.com\/it\/wp-json\/wp\/v2\/users\/1"}],"replies":[{"embeddable":true,"href":"https:\/\/mini-bob.com\/it\/wp-json\/wp\/v2\/comments?post=11244"}],"version-history":[{"count":2,"href":"https:\/\/mini-bob.com\/it\/wp-json\/wp\/v2\/pages\/11244\/revisions"}],"predecessor-version":[{"id":163343,"href":"https:\/\/mini-bob.com\/it\/wp-json\/wp\/v2\/pages\/11244\/revisions\/163343"}],"wp:attachment":[{"href":"https:\/\/mini-bob.com\/it\/wp-json\/wp\/v2\/media?parent=11244"}],"curies":[{"name":"wp","href":"https:\/\/api.w.org\/{rel}","templated":true}]}}