{"id":11246,"date":"2018-12-08T18:27:06","date_gmt":"2018-12-08T17:27:06","guid":{"rendered":"https:\/\/mini-bob.com\/istruzione-di-revoca\/"},"modified":"2025-11-22T19:05:08","modified_gmt":"2025-11-22T18:05:08","slug":"istruzione-di-revoca","status":"publish","type":"page","link":"https:\/\/mini-bob.com\/it\/istruzione-di-revoca\/","title":{"rendered":"Politica di cancellazione"},"content":{"rendered":"<h3>Diritto di recesso per i consumatori<\/h3>\n<p>(Un consumatore \u00e8 una persona fisica che conclude un negozio giuridico per scopi prevalentemente estranei alla sua attivit\u00e0 commerciale, imprenditoriale o professionale).<\/p>\n<h1>Politica di cancellazione<\/h1>\n<h3>Diritto di cancellazione<\/h3>\n<p>Hai il diritto di annullare il contratto entro quattordici giorni senza fornire alcuna motivazione.<\/p>\n<p>Il periodo di cancellazione \u00e8 di quattordici giorni dalla data,<\/p>\n<ul>\n<li>in cui tu o un terzo da te indicato, che non sia il vettore, abbia o abbia preso possesso dei beni, a condizione che tu abbia ordinato uno o pi\u00f9 beni come parte di un unico ordine e che questi siano o saranno consegnati in modo uniforme, oppure<\/li>\n<li>quando tu o un terzo da te indicato, che non sia il vettore, avete preso possesso dell&#8217;ultima merce, a condizione che tu abbia ordinato pi\u00f9 merci come parte di un unico ordine e che queste vengano consegnate separatamente, oppure<\/li>\n<li>in cui tu o un terzo da te indicato, che non sia il vettore, hai preso possesso dell&#8217;ultima consegna parziale o dell&#8217;ultimo pezzo, se hai ordinato merci che vengono consegnate in pi\u00f9 consegne parziali o pezzi, oppure<\/li>\n<li>in cui tu o un terzo da te indicato, che non sia il vettore, siete entrati in possesso dei primi beni, a condizione che abbiate stipulato un contratto per la consegna regolare dei beni in un periodo di tempo determinato.<\/li>\n<\/ul>\n<p>Per esercitare il diritto di recesso, dovrai informarci (Loeger GmbH, Hauptstra\u00dfe 57, Deutschland, numero di telefono: +49(0)815892101, indirizzo e-mail: info@mini-bob.com) della tua decisione di recedere dal presente contratto tramite una dichiarazione chiara (ad esempio una lettera inviata per posta, un&#8217;e-mail). Puoi utilizzare il modulo di cancellazione allegato, ma non \u00e8 obbligatorio. <\/p>\n<p>Per rispettare il termine di cancellazione, \u00e8 sufficiente che tu invii la notifica di esercizio del diritto di cancellazione prima della scadenza del periodo di cancellazione.<\/p>\n<h3>Conseguenze della cancellazione<\/h3>\n<p>Se recederai dal presente contratto, ti rimborseremo tutti i pagamenti da te ricevuti, compresi i costi di consegna (ad eccezione dei costi supplementari derivanti dalla tua scelta di un tipo di consegna diverso dal tipo meno costoso di consegna standard da noi offerto), senza indebito ritardo e in ogni caso non oltre 14 giorni dal giorno in cui siamo stati informati della tua decisione di recedere dal contratto. Per questo rimborso, utilizzeremo lo stesso mezzo di pagamento che hai utilizzato per la transazione originale, a meno che non sia stato espressamente concordato diversamente con te; in nessun caso ti verr\u00e0 addebitato alcun costo per questo rimborso. <\/p>\n<p>Potremmo rifiutarci di rimborsarti fino a quando non avremo ricevuto la merce o fino a quando non avrai fornito la prova di averla restituita, a seconda di quale delle due condizioni si verifichi per prima.<\/p>\n<p>Dovrai restituirci o consegnarci i beni immediatamente e in ogni caso entro e non oltre quattordici giorni dal giorno in cui ci informi della cancellazione del contratto. Il termine \u00e8 rispettato se la merce viene spedita prima della scadenza del periodo di quattordici giorni. <\/p>\n<p>I costi diretti della restituzione della merce sono a carico del cliente.<\/p>\n<p>Dovrai pagare solo l&#8217;eventuale perdita di valore dei beni se questa \u00e8 dovuta a una manipolazione dei beni non necessaria per verificarne le condizioni, le propriet\u00e0 e la funzionalit\u00e0.<\/p>\n<h2>Esempio di modulo di cancellazione<\/h2>\n<p>(Se desideri annullare il contratto, compila e restituisci questo modulo).<\/p>\n<p>- A<\/p>\n<p>Loeger GmbH, Hauptstra\u00dfe 57, Germania, numero di telefono: +49(0)815892101, indirizzo e-mail: info@mini-bob.com<\/p>\n<p>- Io\/noi (*) annulliamo il contratto da me\/noi (*) stipulato per l&#8217;acquisto dei seguenti beni (*)\/la fornitura del seguente servizio (*)<\/p>\n<p>- Ordinato il (*)\/ricevuto il (*)<\/p>\n<p>- Nome del\/i consumatore\/i<\/p>\n<p>- Indirizzo del\/i consumatore\/i<\/p>\n<p>- Firma del\/i consumatore\/i (solo per la notifica su carta)<\/p>\n<p>- data<\/p>\n<p>___________<br \/>\n(*) Cancellare la dicitura appropriata.<\/p>\n","protected":false},"excerpt":{"rendered":"<p>Diritto di recesso per i consumatori (Un consumatore \u00e8 una persona fisica che conclude un negozio giuridico per scopi prevalentemente estranei alla sua attivit\u00e0 commerciale, imprenditoriale o professionale). Politica di cancellazione Diritto di cancellazione Hai il diritto di annullare il contratto entro quattordici giorni senza fornire alcuna motivazione. Il periodo di cancellazione \u00e8 di quattordici&hellip;<\/p>\n","protected":false},"author":1,"featured_media":0,"parent":0,"menu_order":0,"comment_status":"closed","ping_status":"closed","template":"","meta":{"_acf_changed":false,"footnotes":""},"class_list":["post-11246","page","type-page","status-publish","hentry","description-off"],"acf":[],"_links":{"self":[{"href":"https:\/\/mini-bob.com\/it\/wp-json\/wp\/v2\/pages\/11246","targetHints":{"allow":["GET"]}}],"collection":[{"href":"https:\/\/mini-bob.com\/it\/wp-json\/wp\/v2\/pages"}],"about":[{"href":"https:\/\/mini-bob.com\/it\/wp-json\/wp\/v2\/types\/page"}],"author":[{"embeddable":true,"href":"https:\/\/mini-bob.com\/it\/wp-json\/wp\/v2\/users\/1"}],"replies":[{"embeddable":true,"href":"https:\/\/mini-bob.com\/it\/wp-json\/wp\/v2\/comments?post=11246"}],"version-history":[{"count":1,"href":"https:\/\/mini-bob.com\/it\/wp-json\/wp\/v2\/pages\/11246\/revisions"}],"predecessor-version":[{"id":157056,"href":"https:\/\/mini-bob.com\/it\/wp-json\/wp\/v2\/pages\/11246\/revisions\/157056"}],"wp:attachment":[{"href":"https:\/\/mini-bob.com\/it\/wp-json\/wp\/v2\/media?parent=11246"}],"curies":[{"name":"wp","href":"https:\/\/api.w.org\/{rel}","templated":true}]}}