{"id":12166,"date":"2017-01-20T21:03:33","date_gmt":"2017-01-20T20:03:33","guid":{"rendered":"https:\/\/mini-bob.com\/bob-slitta-da-bob-min-bob-la-slitta-moderna-per-eccellenza\/"},"modified":"2023-03-27T10:23:05","modified_gmt":"2023-03-27T08:23:05","slug":"bob-slitta-da-bob-min-bob-la-slitta-moderna-per-eccellenza","status":"publish","type":"page","link":"https:\/\/mini-bob.com\/it\/bob-slitta-da-bob-min-bob-la-slitta-moderna-per-eccellenza\/","title":{"rendered":"bob slitta da bob min bob - la slitta moderna per eccellenza"},"content":{"rendered":"<div class=\"wpb-content-wrapper\"><p>[vc_row][vc_column][vc_custom_heading text=&#8221;Ecco come si presenta oggi l&#8217;azione del bob!&#8221; google_fonts=&#8221;font_family:Roboto%20Condensed%3A300%2C300italic%2Cregular%2Citalic%2C700%2C700italic|font_style:400%20regular%3A400%3Anormal&#8221;][vc_column_text]La slitta definitiva per grandi e piccini, testata in numerose prove - invariata e testata dal 1976.[\/vc_column_text][vc_video link=&#8221;https:\/\/player.vimeo.com\/video\/200398022&#8243;][vc_column_text]Finora hai conosciuto solo la &#8220;normale&#8221; slitta in legno o la slitta volante in plastica? Allora devi assolutamente provare l&#8217;originale mini bob! Si tratta di una slitta innovativa che, nonostante esista dal 1976, non smette mai di stupire se confrontata con le tradizionali slitte in legno. In molti test comparativi sulle slitte, ha dimostrato sempre di pi\u00f9 quanto sia ingegnoso e allo stesso tempo semplice il suo concetto. Per questo motivo il minibob \u00e8 gi\u00e0 stato copiato pi\u00f9 volte e il suo concetto di bastone di guida \u00e8 stato imitato.<\/p>\n<p>Quando acquisti una slitta, assicurati di comprare un minibob originale: purtroppo oggi esistono molte copie a basso costo provenienti dall&#8217;Estremo Oriente, che spesso non soddisfano gli elevati standard di sicurezza richiesti.<\/p>\n<p>Slitta 2.0 - il mini bob originale![\/vc_column_text][\/vc_column][\/vc_row][vc_row][vc_column][vc_empty_space][\/vc_column][\/vc_row][vc_row][vc_column][vc_custom_heading text=&#8221;la slitta da bob di oggi&#8221; google_fonts=&#8221;font_family:Roboto%20Condensed%3A300%2C300italic%2Cregular%2Citalic%2C700%2C700italic|font_style:400%20regular%3A400%3Anormal&#8221;][vc_column_text]Inventato negli anni &#8217;70 e ancora attuale, un classico senza tempo: il mini bob.<\/p>\n<p>Se cercate una slitta bob che sia molto divertente sulla neve e che possa essere padroneggiata in modo rapido, semplice e sicuro da grandi e piccini, sarete sicuramente soddisfatti della nostra slitta &#8220;mini bob&#8221; in plastica!<\/p>\n<p>Dalla sua invenzione in Austria negli anni &#8217;70, il mini bob \u00e8 stato prodotto in Germania e da allora ha deliziato intere generazioni.<\/p>\n<p>Grazie alla struttura leggera e robusta del corpo cavo in plastica, la piccola slitta bob pu\u00f2 essere trasportata e controllata anche dai bambini pi\u00f9 piccoli. Grazie alla sua struttura stabile, anche i piloti pi\u00f9 grandi e pesanti non sono un problema per la slitta bob &#8220;mini bob&#8221;: \u00e8 possibile raggiungere i 100 kg![\/vc_column_text][\/vc_column][\/vc_row][vc_row][vc_column][vc_custom_heading text=&#8221;acquistare bob sledge mini bob&#8221; google_fonts=&#8221;font_family:Roboto%20Condensed%3A300%2C300italic%2Cregular%2Citalic%2C700%2C700italic|font_style:400%20regular%3A400%3Anormal&#8221;][vc_column_text]<\/p>\n<h4>qui potete acquistare la slitta da bob definitiva &#8220;mini bob&#8221;!<\/h4>\n<p>[\/vc_column_text]<style type=\"text\/css\" data-type=\"the7_shortcodes-inline-css\">#default-btn-1456b6708678fba44f25293009e3144e.ico-right-side > i {\n  margin-right: 0px;\n  margin-left: 8px;\n}\n#default-btn-1456b6708678fba44f25293009e3144e > i {\n  margin-right: 8px;\n}<\/style><a href=\"https:\/\/mini-bob.com\/mini-bob-zipfelbob-shop\/\" class=\"default-btn-shortcode dt-btn dt-btn-l pulse animate-element animation-builder link-hover-off btn-inline-left \" id=\"default-btn-1456b6708678fba44f25293009e3144e\" title=\"Original mini bob (Zipfelbob) Shop\"><span>ACQUISTA SLITTA MINI BOB<\/span><\/a>[\/vc_column][\/vc_row][vc_row][vc_column][vc_empty_space][\/vc_column][\/vc_row][vc_row][vc_column][vc_custom_heading text=&#8221;Tutte le informazioni sulla slitta bob &#8220;mini bob&#8220;&#8221; google_fonts=&#8221;font_family:Roboto%20Condensed%3A300%2C300italic%2Cregular%2Citalic%2C700%2C700italic|font_style:400%20regular%3A400%3Anormal&#8221;][vc_single_image image=&#8221;11395&#8243; img_size=&#8221;large&#8221;][vc_column_text]bob slitta<\/p>\n<p>&nbsp;<\/p>\n<p>Sul nostro sito web troverete tutte le informazioni, dalla storia del mini bob al suo sviluppo attuale. Se avete domande, troverete una FAQ completa e potrete contattarci direttamente.<\/p>\n<p>Se desiderate acquistare il mini bob originale, lo troverete alla voce &#8220;acquista mini bob&#8221;. Da qui \u00e8 possibile accedere al nostro negozio con le edizioni speciali e ai rivenditori che vendono la slitta bob online e nei negozi.<\/p>\n<p>Se state cercando informazioni sul tema delle slitte, troverete anche alcuni articoli utili nelle nostre news.[\/vc_column_text][\/vc_column][\/vc_row]<\/p>\n<\/div>","protected":false},"excerpt":{"rendered":"<p>[vc_row][vc_column][vc_custom_heading text=&#8221;Ecco come si presenta oggi l&#8217;azione del bob!&#8221; google_fonts=&#8221;font_family:Roboto%20Condensed%3A300%2C300italic%2Cregular%2Citalic%2C700%2C700italic|font_style:400%20regular%3A400%3Anormal&#8221;][vc_column_text]La slitta definitiva per grandi e piccini, testata in numerose prove - invariata e testata dal 1976.[\/vc_column_text][vc_video link=&#8221;https:\/\/player.vimeo.com\/video\/200398022&#8243;][vc_column_text]Finora hai conosciuto solo la &#8220;normale&#8221; slitta in legno o la slitta volante in plastica? Allora devi assolutamente provare l&#8217;originale mini bob! Si tratta di una slitta innovativa che,&hellip;<\/p>\n","protected":false},"author":1,"featured_media":0,"parent":0,"menu_order":0,"comment_status":"closed","ping_status":"closed","template":"","meta":{"_acf_changed":false,"footnotes":""},"class_list":["post-12166","page","type-page","status-publish","hentry","description-off"],"acf":[],"_links":{"self":[{"href":"https:\/\/mini-bob.com\/it\/wp-json\/wp\/v2\/pages\/12166","targetHints":{"allow":["GET"]}}],"collection":[{"href":"https:\/\/mini-bob.com\/it\/wp-json\/wp\/v2\/pages"}],"about":[{"href":"https:\/\/mini-bob.com\/it\/wp-json\/wp\/v2\/types\/page"}],"author":[{"embeddable":true,"href":"https:\/\/mini-bob.com\/it\/wp-json\/wp\/v2\/users\/1"}],"replies":[{"embeddable":true,"href":"https:\/\/mini-bob.com\/it\/wp-json\/wp\/v2\/comments?post=12166"}],"version-history":[{"count":11,"href":"https:\/\/mini-bob.com\/it\/wp-json\/wp\/v2\/pages\/12166\/revisions"}],"predecessor-version":[{"id":152020,"href":"https:\/\/mini-bob.com\/it\/wp-json\/wp\/v2\/pages\/12166\/revisions\/152020"}],"wp:attachment":[{"href":"https:\/\/mini-bob.com\/it\/wp-json\/wp\/v2\/media?parent=12166"}],"curies":[{"name":"wp","href":"https:\/\/api.w.org\/{rel}","templated":true}]}}