{"id":12218,"date":"2017-01-08T13:29:04","date_gmt":"2017-01-08T12:29:04","guid":{"rendered":"https:\/\/mini-bob.com\/comprare-lultima-slitta-loriginale-mini-bob\/"},"modified":"2023-03-19T18:35:06","modified_gmt":"2023-03-19T17:35:06","slug":"comprare-lultima-slitta-loriginale-mini-bob","status":"publish","type":"page","link":"https:\/\/mini-bob.com\/it\/comprare-lultima-slitta-loriginale-mini-bob\/","title":{"rendered":"acquista la slitta definitiva - l&#8217;originale mini bob"},"content":{"rendered":"<div class=\"wpb-content-wrapper\"><p>[vc_row][vc_column][vc_custom_heading text=&#8221;Maxi divertimento con mini bob: lo slittino definitivo&#8221; font_container=&#8221;tag:h1|text_align:left&#8221; google_fonts=&#8221;font_family:Roboto%20Condensed%3A300%2C300italic%2Cregular%2Citalic%2C700%2C700italic|font_style:400%20regular%3A400%3Anormal&#8221;][\/vc_column][\/vc_row][vc_row][vc_column][vc_custom_heading text=&#8221;Se con lo slittino, allora con il mini bob!&#8221; font_container=&#8221;tag:h2|text_align:center&#8221; google_fonts=&#8221;font_family:Roboto%20Condensed%3A300%2C300italic%2Cregular%2Citalic%2C700%2C700italic|font_style:400%20regular%3A400%3Anormal&#8221;][\/vc_column][\/vc_row][vc_row][vc_column][vc_single_image image=&#8221;11395&#8243; img_size=&#8221;large&#8221; alignment=&#8221;center&#8221; onclick=&#8221;zoom&#8221; lazy_loading=&#8221;true&#8221;][\/vc_column][\/vc_row][vc_row][vc_column][vc_custom_heading text=&#8221;Lo slittino unico e forse il migliore per il divertimento sulla neve - prodotto in Germania dal 1976!&#8221; font_container=&#8221;tag:h2|text_align:center&#8221; google_fonts=&#8221;font_family:Roboto%20Condensed%3A300%2C300italic%2Cregular%2Citalic%2C700%2C700italic|font_style:400%20regular%3A400%3Anormal&#8221;][vc_column_text]Finora conosci solo le solite slitte di legno? Allora lasciati sorprendere da quanto possa essere ancora divertente andare in slittino!<\/p>\n<p>Inventato nelle Alpi austriache e prodotto in Germania dal 1976 con i pi\u00f9 alti standard di qualit\u00e0, il mini bob originale offre il massimo divertimento di guida con la massima sicurezza.<\/p>\n<p>Grazie alla sua forma e al suo concetto unico, il mini bob \u00e8 di gran lunga superiore alle slitte normali. Impari subito a sterzare con precisione e a frenare in modo rapido ed efficace.<\/p>\n<p>Da una semplice discesa da una piccola collina a spettacolari acrobazie, tutto \u00e8 possibile con il piccolo mini-slittino.<\/p>\n<p>L&#8217;originale mini bob \u00e8 disponibile in molti colori diversi. Chiunque voglia acquistare uno slittino ha ora la possibilit\u00e0 di scegliere tra molti colori vivaci, particolarmente belli sulla neve.[\/vc_column_text][\/vc_column][\/vc_row][vc_row][vc_column][vc_custom_heading text=&#8221;mini bob - acquistare la slitta definitiva?&#8221; google_fonts=&#8221;font_family:Roboto%20Condensed%3A300%2C300italic%2Cregular%2Citalic%2C700%2C700italic|font_style:400%20regular%3A400%3Anormal&#8221;]<style type=\"text\/css\" data-type=\"the7_shortcodes-inline-css\">#default-btn-ba6d64834cad6e38ad1958230b10636d.ico-right-side > i {\n  margin-right: 0px;\n  margin-left: 8px;\n}\n#default-btn-ba6d64834cad6e38ad1958230b10636d > i {\n  margin-right: 8px;\n}<\/style><a href=\"https:\/\/mini-bob.com\/mini-bob-zipfelbob-shop\/\" class=\"default-btn-shortcode dt-btn dt-btn-l pulse animate-element animation-builder link-hover-off btn-inline-left \" id=\"default-btn-ba6d64834cad6e38ad1958230b10636d\" title=\"Mini bob originale (Zipfybob, slitta) Negozio\"><span>ACQUISTA MINI BOB!<\/span><\/a>[\/vc_column][\/vc_row][vc_row][vc_column][vc_empty_space][vc_masonry_media_grid initial_loading_animation=&#8221;fadeIn&#8221; grid_id=&#8221;vc_gid:1662623660523-c096aec2-2791-10&#8243; include=&#8221;145308,11932,144837,144605,144588&#8243;][\/vc_column][\/vc_row][vc_row][vc_column][vc_column_text]L&#8217;originale mini bob non \u00e8 fatto di legno come un normale slittino, ma di una plastica indistruttibile, estremamente resistente e in grado di sopportare anche le piste da slittino pi\u00f9 dure. Dove gi\u00e0 si rompono le slitte di legno o le ciotole di plastica, il mini bob originale continua a funzionare. Ci\u00f2 significa che il rischio di lesioni \u00e8 minore rispetto alle slitte tradizionali.<\/p>\n<p>Grazie al baricentro basso, il rischio di lesioni \u00e8 molto basso anche in caso di caduta, motivo per cui il mini bob pu\u00f2 essere guidato da bambini di et\u00e0 compresa tra i 3 e i 99 anni.<\/p>\n<p>Il mini bob offre quindi un&#8217;esperienza di slittino all&#8217;avanguardia per grandi e piccini.<\/p>\n<p>Grazie alla sua particolare forma di frenata (basta tirare lo stick di comando verso il corpo), il min bob pu\u00f2 essere fermato in modo rapido e sicuro.[\/vc_column_text][vc_custom_heading text=&#8221;mini bob - il modo originale di andare in slitta!&#8221; google_fonts=&#8221;font_family:Roboto%20Condensed%3A300%2C300italic%2Cregular%2Citalic%2C700%2C700italic|font_style:400%20regular%3A400%3Anormal&#8221;][\/vc_column][\/vc_row][vc_row][vc_column][vc_column_text]Nelle nostre <a href=\"https:\/\/mini-bob.com\/it\/faq\/\">FAQ<\/a> (Domande e Risposte) troverete ulteriori informazioni sul mini bob originale.<\/p>\n<p>Sotto la voce &#8220;<a href=\"https:\/\/mini-bob.com\/it\/il-minibob-slitta\/\">il mini bob<\/a>&#8221; troverete ulteriori informazioni tecniche sul mini bob originale.<\/p>\n<p>\u00c8 possibile acquistare il mini bob originale nei negozi specializzati o online - un elenco di rivenditori \u00e8 disponibile qui: <a href=\"https:\/\/mini-bob.com\/it\/comprare-mini-bob\/\">acquistare il mini bob<\/a><\/p>\n<p>Se come genitori avete domande sul mini bob, <a href=\"https:\/\/mini-bob.com\/it\/siamo-lieti-di-ricevere-la-vostra-richiesta\/\">contattateci<\/a>, saremo lieti di aiutarvi![\/vc_column_text][\/vc_column][\/vc_row]<\/p>\n<\/div>","protected":false},"excerpt":{"rendered":"<p>[vc_row][vc_column][vc_custom_heading text=&#8221;Maxi divertimento con mini bob: lo slittino definitivo&#8221; font_container=&#8221;tag:h1|text_align:left&#8221; google_fonts=&#8221;font_family:Roboto%20Condensed%3A300%2C300italic%2Cregular%2Citalic%2C700%2C700italic|font_style:400%20regular%3A400%3Anormal&#8221;][\/vc_column][\/vc_row][vc_row][vc_column][vc_custom_heading text=&#8221;Se con lo slittino, allora con il mini bob!&#8221; font_container=&#8221;tag:h2|text_align:center&#8221; google_fonts=&#8221;font_family:Roboto%20Condensed%3A300%2C300italic%2Cregular%2Citalic%2C700%2C700italic|font_style:400%20regular%3A400%3Anormal&#8221;][\/vc_column][\/vc_row][vc_row][vc_column][vc_single_image image=&#8221;11395&#8243; img_size=&#8221;large&#8221; alignment=&#8221;center&#8221; onclick=&#8221;zoom&#8221; lazy_loading=&#8221;true&#8221;][\/vc_column][\/vc_row][vc_row][vc_column][vc_custom_heading text=&#8221;Lo slittino unico e forse il migliore per il divertimento sulla neve - prodotto in Germania dal 1976!&#8221; font_container=&#8221;tag:h2|text_align:center&#8221; google_fonts=&#8221;font_family:Roboto%20Condensed%3A300%2C300italic%2Cregular%2Citalic%2C700%2C700italic|font_style:400%20regular%3A400%3Anormal&#8221;][vc_column_text]Finora conosci solo le solite slitte di legno? Allora&hellip;<\/p>\n","protected":false},"author":1,"featured_media":0,"parent":0,"menu_order":0,"comment_status":"closed","ping_status":"closed","template":"","meta":{"_acf_changed":false,"footnotes":""},"class_list":["post-12218","page","type-page","status-publish","hentry","description-off"],"acf":[],"_links":{"self":[{"href":"https:\/\/mini-bob.com\/it\/wp-json\/wp\/v2\/pages\/12218","targetHints":{"allow":["GET"]}}],"collection":[{"href":"https:\/\/mini-bob.com\/it\/wp-json\/wp\/v2\/pages"}],"about":[{"href":"https:\/\/mini-bob.com\/it\/wp-json\/wp\/v2\/types\/page"}],"author":[{"embeddable":true,"href":"https:\/\/mini-bob.com\/it\/wp-json\/wp\/v2\/users\/1"}],"replies":[{"embeddable":true,"href":"https:\/\/mini-bob.com\/it\/wp-json\/wp\/v2\/comments?post=12218"}],"version-history":[{"count":7,"href":"https:\/\/mini-bob.com\/it\/wp-json\/wp\/v2\/pages\/12218\/revisions"}],"predecessor-version":[{"id":151777,"href":"https:\/\/mini-bob.com\/it\/wp-json\/wp\/v2\/pages\/12218\/revisions\/151777"}],"wp:attachment":[{"href":"https:\/\/mini-bob.com\/it\/wp-json\/wp\/v2\/media?parent=12218"}],"curies":[{"name":"wp","href":"https:\/\/api.w.org\/{rel}","templated":true}]}}