{"id":12341,"date":"2015-10-25T14:32:44","date_gmt":"2015-10-25T13:32:44","guid":{"rendered":"https:\/\/mini-bob.com\/il-mini-bob-verde-bob-di-plastica-bob-di-plastica-slitta-in-verde\/"},"modified":"2025-11-23T18:06:10","modified_gmt":"2025-11-23T17:06:10","slug":"il-mini-bob-verde-bob-di-plastica-bob-di-plastica-slitta-in-verde","status":"publish","type":"page","link":"https:\/\/mini-bob.com\/it\/il-mini-bob-verde-bob-di-plastica-bob-di-plastica-slitta-in-verde\/","title":{"rendered":"il mini bob a slitta verde \/ Zipflbob \/ Zipfelbob in verde"},"content":{"rendered":"<div class=\"wpb-content-wrapper\"><p>[vc_row][vc_column][vc_custom_heading text=&#8221;l&apos;originale slitta Zipfelbob in verde&#8221; font_container=&#8221;tag:h1|text_align:left&#8221; google_fonts=&#8221;font_family:Roboto%20Condensed%3A300%2C300italic%2Cregular%2Citalic%2C700%2C700italic|font_style:400%20regular%3A400%3Anormal&#8221;][\/vc_column][\/vc_row][vc_row][vc_column width=&#8221;1\/2&#8243;][vc_single_image image=&#8221;11174&#8243; img_size=&#8221;large&#8221;][\/vc_column][vc_column width=&#8221;1\/2&#8243;][vc_custom_heading text=&#8221;il mini bob originale (Zipflbob slittino da neve) in verde&#8221; google_fonts=&#8221;font_family:Roboto%20Condensed%3A300%2C300italic%2Cregular%2Citalic%2C700%2C700italic|font_style:400%20regular%3A400%3Anormal&#8221;][vc_column_text]Il mini bob originale (Zipflbob) \u00e8 stato prodotto e venduto in varie tonalit\u00e0 di verde dal 1976.<\/p>\n<p>Negli anni &#8217;90, ad esempio, c&#8217;\u00e8 stata una popolare edizione speciale verde neon che \u00e8 stata prodotta e venduta per soli 2 anni.<\/p>\n<p>Un&#8217;edizione speciale &#8220;green-glitter&#8221; limitata a 300 pezzi \u00e8 ora disponibile per l&#8217;acquisto nel nostro webshop.<\/p>\n<p>Il verde \u00e8, in molte religioni e in molti ambienti culturali, un colore molto popolare con diversi significati. Il verde, ad esempio, simboleggia spesso il colore della resurrezione e del risveglio della primavera. <\/p>\n<p>Il mini bob verde \/ slitta Zipflbob \/ slittini da neve \u00e8 un vero e proprio richiamo visivo sulle piste e si presenta particolarmente bene alla luce del sole.[\/vc_column_text]<style type=\"text\/css\" data-type=\"the7_shortcodes-inline-css\">#default-btn-ba6d64834cad6e38ad1958230b10636d.ico-right-side > i {\n  margin-right: 0px;\n  margin-left: 8px;\n}\n#default-btn-ba6d64834cad6e38ad1958230b10636d > i {\n  margin-right: 8px;\n}<\/style><a href=\"https:\/\/mini-bob.com\/mini-bob-zipfelbob-shop\/\" class=\"default-btn-shortcode dt-btn dt-btn-l pulse animate-element animation-builder link-hover-off btn-inline-left \" id=\"default-btn-ba6d64834cad6e38ad1958230b10636d\" title=\"Mini bob originale (Zipfybob, slitta) Negozio\"><span>VAI AL NEGOZIO QUI!<\/span><\/a>[\/vc_column][\/vc_row][vc_row][vc_column width=&#8221;1\/2&#8243;][vc_custom_heading text=&#8221;Zipfybob verde dal 2018&#8243; google_fonts=&#8221;font_family:Roboto%20Condensed%3A300%2C300italic%2Cregular%2Citalic%2C700%2C700italic|font_style:400%20regular%3A400%3Anormal&#8221;][vc_single_image image=&#8221;146182&#8243; img_size=&#8221;large&#8221; add_caption=&#8221;yes&#8221;][\/vc_column][vc_column width=&#8221;1\/2&#8243;][vc_custom_heading text=&#8221;Minibob originale in verde&#8221; google_fonts=&#8221;font_family:Roboto%20Condensed%3A300%2C300italic%2Cregular%2Citalic%2C700%2C700italic|font_style:400%20regular%3A400%3Anormal&#8221;][vc_single_image image=&#8221;11171&#8243; img_size=&#8221;large&#8221; add_caption=&#8221;yes&#8221;][\/vc_column][\/vc_row][vc_row][vc_column width=&#8221;1\/2&#8243;][vc_custom_heading text=&#8221;Edizione speciale verde metallizzato sulla neve&#8221; google_fonts=&#8221;font_family:Roboto%20Condensed%3A300%2C300italic%2Cregular%2Citalic%2C700%2C700italic|font_style:400%20regular%3A400%3Anormal&#8221;][vc_single_image image=&#8221;144384&#8243; img_size=&#8221;large&#8221; add_caption=&#8221;yes&#8221;][\/vc_column][vc_column width=&#8221;1\/2&#8243;][vc_custom_heading text=&#8221;il bob verde di plastica - mini bob&#8221; google_fonts=&#8221;font_family:Roboto%20Condensed%3A300%2C300italic%2Cregular%2Citalic%2C700%2C700italic|font_style:400%20regular%3A400%3Anormal&#8221;][vc_single_image image=&#8221;11173&#8243; img_size=&#8221;large&#8221; add_caption=&#8221;yes&#8221;][\/vc_column][\/vc_row]<\/p>\n<\/div>","protected":false},"excerpt":{"rendered":"<p>[vc_row][vc_column][vc_custom_heading text=&#8221;l&apos;originale slitta Zipfelbob in verde&#8221; font_container=&#8221;tag:h1|text_align:left&#8221; google_fonts=&#8221;font_family:Roboto%20Condensed%3A300%2C300italic%2Cregular%2Citalic%2C700%2C700italic|font_style:400%20regular%3A400%3Anormal&#8221;][\/vc_column][\/vc_row][vc_row][vc_column width=&#8221;1\/2&#8243;][vc_single_image image=&#8221;11174&#8243; img_size=&#8221;large&#8221;][\/vc_column][vc_column width=&#8221;1\/2&#8243;][vc_custom_heading text=&#8221;il mini bob originale (Zipflbob slittino da neve) in verde&#8221; google_fonts=&#8221;font_family:Roboto%20Condensed%3A300%2C300italic%2Cregular%2Citalic%2C700%2C700italic|font_style:400%20regular%3A400%3Anormal&#8221;][vc_column_text]Il mini bob originale (Zipflbob) \u00e8 stato prodotto e venduto in varie tonalit\u00e0 di verde dal 1976. Negli anni &#8217;90, ad esempio, c&#8217;\u00e8 stata una popolare edizione speciale verde neon che \u00e8 stata&hellip;<\/p>\n","protected":false},"author":1,"featured_media":0,"parent":0,"menu_order":0,"comment_status":"closed","ping_status":"closed","template":"","meta":{"_acf_changed":false,"footnotes":""},"class_list":["post-12341","page","type-page","status-publish","hentry","description-off"],"acf":[],"_links":{"self":[{"href":"https:\/\/mini-bob.com\/it\/wp-json\/wp\/v2\/pages\/12341","targetHints":{"allow":["GET"]}}],"collection":[{"href":"https:\/\/mini-bob.com\/it\/wp-json\/wp\/v2\/pages"}],"about":[{"href":"https:\/\/mini-bob.com\/it\/wp-json\/wp\/v2\/types\/page"}],"author":[{"embeddable":true,"href":"https:\/\/mini-bob.com\/it\/wp-json\/wp\/v2\/users\/1"}],"replies":[{"embeddable":true,"href":"https:\/\/mini-bob.com\/it\/wp-json\/wp\/v2\/comments?post=12341"}],"version-history":[{"count":10,"href":"https:\/\/mini-bob.com\/it\/wp-json\/wp\/v2\/pages\/12341\/revisions"}],"predecessor-version":[{"id":158536,"href":"https:\/\/mini-bob.com\/it\/wp-json\/wp\/v2\/pages\/12341\/revisions\/158536"}],"wp:attachment":[{"href":"https:\/\/mini-bob.com\/it\/wp-json\/wp\/v2\/media?parent=12341"}],"curies":[{"name":"wp","href":"https:\/\/api.w.org\/{rel}","templated":true}]}}