{"id":12342,"date":"2015-10-25T14:47:40","date_gmt":"2015-10-25T13:47:40","guid":{"rendered":"https:\/\/mini-bob.com\/il-mini-bob-blu-bob-di-plastica\/"},"modified":"2023-03-27T10:28:16","modified_gmt":"2023-03-27T08:28:16","slug":"il-mini-bob-blu-bob-di-plastica","status":"publish","type":"page","link":"https:\/\/mini-bob.com\/it\/il-mini-bob-blu-bob-di-plastica\/","title":{"rendered":"il mini bob blu \/ slittino"},"content":{"rendered":"<div class=\"wpb-content-wrapper\"><p>[vc_row][vc_column width=&#8221;1\/2&#8243;][vc_single_image image=&#8221;11383&#8243; img_size=&#8221;large&#8221;][\/vc_column][vc_column width=&#8221;1\/2&#8243;][vc_custom_heading text=&#8221;Il mini bob originale (Zipfybob) in blu&#8221; google_fonts=&#8221;font_family:Roboto%20Condensed%3A300%2C300italic%2Cregular%2Citalic%2C700%2C700italic|font_style:400%20regular%3A400%3Anormal&#8221;][vc_column_text]Come il mini bob rosso (Zipfybob, slittino), il mini bob originale (slittino, Zipfybob) \u00e8 disponibile in blu dal 1976.<\/p>\n<p>Come il mini bob rosso, anche lo Zipflbob blu fu inizialmente prodotto e venduto interamente in blu; solo in seguito il mini bob (slittino) blu fu dotato di un contrasto in nero per l&#8217;impugnatura (chiamata &#8220;Zipfl&#8221; in dialetto bavarese) e il sedile.<\/p>\n<p>La prima tonalit\u00e0 di blu era ancora piuttosto scura e diventava molto pi\u00f9 chiara quando veniva combinata con il nero. Molti chiamano il mini bob blu &#8220;iPuffi bob&#8221; perch\u00e9 il colore ricorda molto i piccoli Puffi.[\/vc_column_text]<style type=\"text\/css\" data-type=\"the7_shortcodes-inline-css\">#default-btn-05302b3fb2c9aec29eaab6574bb38e7a.ico-right-side > i {\n  margin-right: 0px;\n  margin-left: 8px;\n}\n#default-btn-05302b3fb2c9aec29eaab6574bb38e7a > i {\n  margin-right: 8px;\n}<\/style><a href=\"https:\/\/mini-bob.com\/it\/articolo\/mini-bob-slitta-in-blu\/\" class=\"default-btn-shortcode dt-btn dt-btn-l pulse animate-element animation-builder link-hover-off btn-inline-left  vc_custom_1661157285387\" id=\"default-btn-05302b3fb2c9aec29eaab6574bb38e7a\" title=\"mini bob originale (Zipflbob) in blu\"><span>ACQUISTA BOB BLU<\/span><\/a>[\/vc_column][\/vc_row][vc_row][vc_column][vc_empty_space][\/vc_column][\/vc_row][vc_row][vc_column width=&#8221;1\/2&#8243;][vc_custom_heading text=&#8221;Lo Zipfybob (mini bob) blu negli anni &#8217;70.&#8221; font_container=&#8221;tag:h3|text_align:left&#8221; google_fonts=&#8221;font_family:Roboto%20Condensed%3A300%2C300italic%2Cregular%2Citalic%2C700%2C700italic|font_style:400%20regular%3A400%3Anormal&#8221;][vc_column_text]Qualche anno dopo il mini bob originale giallo e il mini bob originale rosso, segu\u00ec un altro colore della slitta. \u00c8 stato subito chiaro che si sarebbe trattato di uno Zipflbob (slittino) blu.<\/p>\n<p>Qui \u00e8 raffigurato anche il mini bob blu originale con la tipica &#8220;impugnatura Zipflbob&#8221;. Ben riconoscibile qui: negli anni &#8217;70, il popolare bob di plastica era completamente tinto nel rispettivo colore, compreso il mini bob originale blu - nel frattempo, il manico nero (Zipfl) e il sedile nero dello Zipfibob sono diventati riconoscibili, il che ha dato origine alla copiatura.<\/p>\n<p>Oggi lo Zipfelbob blu \u00e8 una delle varianti di mini bob pi\u00f9 popolari, insieme allo Zipfelbob rosso. \u00c8 difficile immaginare la vita senza il &#8220;iPuffi Bob&#8221;, in particolare.[\/vc_column_text][vc_empty_space height=&#8221;20px&#8221;]<style type=\"text\/css\" data-type=\"the7_shortcodes-inline-css\">#default-btn-127f90ca7b79e081059594139d4d2385.ico-right-side > i {\n  margin-right: 0px;\n  margin-left: 8px;\n}\n#default-btn-127f90ca7b79e081059594139d4d2385 > i {\n  margin-right: 8px;\n}<\/style><a href=\"https:\/\/mini-bob.com\/it\/il-minibob-slitta\/\" class=\"default-btn-shortcode dt-btn dt-btn-l pulse animate-element animation-builder link-hover-off btn-inline-left \" id=\"default-btn-127f90ca7b79e081059594139d4d2385\" title=\"il mini bob\"><span>IL MINI BOB IN ALTRI COLORI<\/span><\/a>[vc_empty_space]<style type=\"text\/css\" data-type=\"the7_shortcodes-inline-css\">#default-btn-ba6d64834cad6e38ad1958230b10636d.ico-right-side > i {\n  margin-right: 0px;\n  margin-left: 8px;\n}\n#default-btn-ba6d64834cad6e38ad1958230b10636d > i {\n  margin-right: 8px;\n}<\/style><a href=\"https:\/\/mini-bob.com\/mini-bob-zipfelbob-shop\/\" class=\"default-btn-shortcode dt-btn dt-btn-l pulse animate-element animation-builder link-hover-off btn-inline-left \" id=\"default-btn-ba6d64834cad6e38ad1958230b10636d\" title=\"Mini bob originale (Zipfybob, slitta) Negozio\"><span>VAI DIRETTAMENTE AL NEGOZIO<\/span><\/a>[\/vc_column][vc_column width=&#8221;1\/2&#8243;][vc_single_image image=&#8221;144462&#8243; img_size=&#8221;large&#8221;][vc_column_text]Mini bob blu originale (Zipfybob, slittino) degli anni &#8217;70[\/vc_column_text][\/vc_column][\/vc_row]<\/p>\n<\/div>","protected":false},"excerpt":{"rendered":"<p>[vc_row][vc_column width=&#8221;1\/2&#8243;][vc_single_image image=&#8221;11383&#8243; img_size=&#8221;large&#8221;][\/vc_column][vc_column width=&#8221;1\/2&#8243;][vc_custom_heading text=&#8221;Il mini bob originale (Zipfybob) in blu&#8221; google_fonts=&#8221;font_family:Roboto%20Condensed%3A300%2C300italic%2Cregular%2Citalic%2C700%2C700italic|font_style:400%20regular%3A400%3Anormal&#8221;][vc_column_text]Come il mini bob rosso (Zipfybob, slittino), il mini bob originale (slittino, Zipfybob) \u00e8 disponibile in blu dal 1976. Come il mini bob rosso, anche lo Zipflbob blu fu inizialmente prodotto e venduto interamente in blu; solo in seguito il mini bob (slittino)&hellip;<\/p>\n","protected":false},"author":1,"featured_media":0,"parent":0,"menu_order":0,"comment_status":"closed","ping_status":"closed","template":"","meta":{"_acf_changed":false,"footnotes":""},"class_list":["post-12342","page","type-page","status-publish","hentry","description-off"],"acf":[],"_links":{"self":[{"href":"https:\/\/mini-bob.com\/it\/wp-json\/wp\/v2\/pages\/12342","targetHints":{"allow":["GET"]}}],"collection":[{"href":"https:\/\/mini-bob.com\/it\/wp-json\/wp\/v2\/pages"}],"about":[{"href":"https:\/\/mini-bob.com\/it\/wp-json\/wp\/v2\/types\/page"}],"author":[{"embeddable":true,"href":"https:\/\/mini-bob.com\/it\/wp-json\/wp\/v2\/users\/1"}],"replies":[{"embeddable":true,"href":"https:\/\/mini-bob.com\/it\/wp-json\/wp\/v2\/comments?post=12342"}],"version-history":[{"count":11,"href":"https:\/\/mini-bob.com\/it\/wp-json\/wp\/v2\/pages\/12342\/revisions"}],"predecessor-version":[{"id":152027,"href":"https:\/\/mini-bob.com\/it\/wp-json\/wp\/v2\/pages\/12342\/revisions\/152027"}],"wp:attachment":[{"href":"https:\/\/mini-bob.com\/it\/wp-json\/wp\/v2\/media?parent=12342"}],"curies":[{"name":"wp","href":"https:\/\/api.w.org\/{rel}","templated":true}]}}