{"id":147265,"date":"2022-09-15T14:54:39","date_gmt":"2022-09-15T12:54:39","guid":{"rendered":"https:\/\/mini-bob.com\/istruzioni-di-guida\/"},"modified":"2025-11-22T18:57:11","modified_gmt":"2025-11-22T17:57:11","slug":"istruzioni-di-guida","status":"publish","type":"page","link":"https:\/\/mini-bob.com\/it\/istruzioni-di-guida\/","title":{"rendered":"Istruzioni di guida"},"content":{"rendered":"<div class=\"wpb-content-wrapper\"><p>[vc_row][vc_column][vc_custom_heading text=&#8221;istruzioni per la guida del minibob&#8221; google_fonts=&#8221;font_family:Roboto%20Condensed%3A300%2C300italic%2Cregular%2Citalic%2C700%2C700italic|font_style:400%20regular%3A400%3Anormal&#8221;][vc_column_text]Imparerai a padroneggiare il mini bob in tutta sicurezza in pochissimo tempo!<br \/>\nProva e impara la tecnica di guida prima su un terreno con una leggera pendenza prima di usare il mini bob su pendii ripidi: aiuta i bambini a imparare![\/vc_column_text][\/vc_column][\/vc_row][vc_row][vc_column width=&#8221;1\/2&#8243;][vc_single_image image=&#8221;144498&#8243; img_size=&#8221;large&#8221;][\/vc_column][vc_column width=&#8221;1\/2&#8243;][vc_single_image image=&#8221;144496&#8243; img_size=&#8221;large&#8221;][\/vc_column][\/vc_row][vc_row][vc_column][vc_column_text]<strong>Per i neopatentati:<\/strong><\/p>\n<p>Frenata: tira lo stick di controllo verso il corpo (in questo caso si usa solo il bordo posteriore del mini bob), mantenendo il busto eretto. Non usate i piedi per frenare: servono solo per la stabilit\u00e0!<\/p>\n<p>Sterzo: spostate la parte superiore del corpo a sinistra o a destra, a seconda della direzione in cui volete sterzare, afferrando sempre saldamente l&#8217;impugnatura!<\/p>\n<p>Pedala: Siediti comodamente sul mini bob e afferra il manubrio con entrambe le mani. Le gambe poggiano sempre sulla superficie di appoggio - i piedi non devono toccare il suolo durante la corsa.<\/p>\n<p><strong>Suggerimenti per i professionisti:<\/strong><\/p>\n<p>Partenza \/ sezioni piatte: verifica di essere seduto saldamente sul mini bob e blocca la leva di comando tra le gambe. Ora \u00e8 possibile utilizzare entrambe le braccia per la propulsione.<\/p>\n<p>Sterzo: per sterzare nelle curve strette, si pu\u00f2 anche staccare dall&#8217;impugnatura la mano che si trova all&#8217;interno della curva e allungarla di lato, afferrando leggermente la neve. (Prestare attenzione ai guanti adatti e ai possibili pericoli come le pietre nella neve).<\/p>\n<p>Velocit\u00e0: i professionisti riducono la resistenza dell&#8217;aria spostando la parte superiore del corpo il pi\u00f9 indietro possibile e distendendo le gambe (non lasciare la maniglia!) - in questo modo si ottimizza la velocit\u00e0 di guida.<\/p>\n<p><strong>Nota<\/strong>: le gambe e i piedi non sono necessari per le manovre di guida. Forniscono solo stabilit\u00e0! Leggete anche i nostri consigli sull&#8217;abbigliamento nelle <a title=\"FAQ\" href=\"https:\/\/mini-bob.com\/it\/faq\/\">FAQ<\/a>. Tutti hanno il mini bob sotto controllo, perch\u00e9 obbedisce al suo guidatore, vecchio o giovane che sia, &#8220;sulla parola&#8221;. Ci si siede e si parte.[\/vc_column_text][\/vc_column][\/vc_row][vc_row][vc_column][vc_custom_heading text=&#8221;Istruzioni di guida storiche del 1970&#8243; google_fonts=&#8221;font_family:Roboto%20Condensed%3A300%2C300italic%2Cregular%2Citalic%2C700%2C700italic|font_style:400%20regular%3A400%3Anormal&#8221;][vc_single_image image=&#8221;144421&#8243; img_size=&#8221;large&#8221;][\/vc_column][\/vc_row]<\/p>\n<\/div>","protected":false},"excerpt":{"rendered":"<p>[vc_row][vc_column][vc_custom_heading text=&#8221;istruzioni per la guida del minibob&#8221; google_fonts=&#8221;font_family:Roboto%20Condensed%3A300%2C300italic%2Cregular%2Citalic%2C700%2C700italic|font_style:400%20regular%3A400%3Anormal&#8221;][vc_column_text]Imparerai a padroneggiare il mini bob in tutta sicurezza in pochissimo tempo! Prova e impara la tecnica di guida prima su un terreno con una leggera pendenza prima di usare il mini bob su pendii ripidi: aiuta i bambini a imparare![\/vc_column_text][\/vc_column][\/vc_row][vc_row][vc_column width=&#8221;1\/2&#8243;][vc_single_image image=&#8221;144498&#8243; img_size=&#8221;large&#8221;][\/vc_column][vc_column width=&#8221;1\/2&#8243;][vc_single_image image=&#8221;144496&#8243; img_size=&#8221;large&#8221;][\/vc_column][\/vc_row][vc_row][vc_column][vc_column_text]Per i&hellip;<\/p>\n","protected":false},"author":1,"featured_media":0,"parent":0,"menu_order":0,"comment_status":"closed","ping_status":"closed","template":"","meta":{"_acf_changed":false,"footnotes":""},"class_list":["post-147265","page","type-page","status-publish","hentry","description-off"],"acf":[],"_links":{"self":[{"href":"https:\/\/mini-bob.com\/it\/wp-json\/wp\/v2\/pages\/147265","targetHints":{"allow":["GET"]}}],"collection":[{"href":"https:\/\/mini-bob.com\/it\/wp-json\/wp\/v2\/pages"}],"about":[{"href":"https:\/\/mini-bob.com\/it\/wp-json\/wp\/v2\/types\/page"}],"author":[{"embeddable":true,"href":"https:\/\/mini-bob.com\/it\/wp-json\/wp\/v2\/users\/1"}],"replies":[{"embeddable":true,"href":"https:\/\/mini-bob.com\/it\/wp-json\/wp\/v2\/comments?post=147265"}],"version-history":[{"count":5,"href":"https:\/\/mini-bob.com\/it\/wp-json\/wp\/v2\/pages\/147265\/revisions"}],"predecessor-version":[{"id":156836,"href":"https:\/\/mini-bob.com\/it\/wp-json\/wp\/v2\/pages\/147265\/revisions\/156836"}],"wp:attachment":[{"href":"https:\/\/mini-bob.com\/it\/wp-json\/wp\/v2\/media?parent=147265"}],"curies":[{"name":"wp","href":"https:\/\/api.w.org\/{rel}","templated":true}]}}