{"id":147713,"date":"2022-10-10T11:31:14","date_gmt":"2022-10-10T09:31:14","guid":{"rendered":"https:\/\/mini-bob.com\/loriginale-minibob\/"},"modified":"2023-03-27T10:54:32","modified_gmt":"2023-03-27T08:54:32","slug":"loriginale-minibob","status":"publish","type":"page","link":"https:\/\/mini-bob.com\/it\/loriginale-minibob\/","title":{"rendered":"l&#8217;originale minibob"},"content":{"rendered":"<div class=\"wpb-content-wrapper\"><p>[vc_row][vc_column width=&#8221;1\/2&#8243;][vc_wp_text]<\/p>\n<p><img decoding=\"async\" class=\"wp-image-1733 size-medium\" src=\"\/wp-content\/uploads\/2014\/03\/mini-bob-rot-350px.png\" alt=\"Zipflbob originale in rosso\"><\/p>\n<p>[\/vc_wp_text][\/vc_column][vc_column width=&#8221;1\/2&#8243; css=&#8221;.vc_custom_1660904565980{padding-top: 70px !important;}&#8221;][vc_wp_text]<img loading=\"lazy\" decoding=\"async\" class=\"alignnone wp-image-151941 size-large\" src=\"https:\/\/mini-bob.com\/wp-content\/uploads\/2023\/03\/220319_mini-bob_Logo_1976_RGB_RZ-1024x492.png\" alt=\"\" width=\"1024\" height=\"492\" srcset=\"https:\/\/mini-bob.com\/wp-content\/uploads\/2023\/03\/220319_mini-bob_Logo_1976_RGB_RZ-1024x492.png 1024w, https:\/\/mini-bob.com\/wp-content\/uploads\/2023\/03\/220319_mini-bob_Logo_1976_RGB_RZ-300x144.png 300w, https:\/\/mini-bob.com\/wp-content\/uploads\/2023\/03\/220319_mini-bob_Logo_1976_RGB_RZ-768x369.png 768w, https:\/\/mini-bob.com\/wp-content\/uploads\/2023\/03\/220319_mini-bob_Logo_1976_RGB_RZ-1536x737.png 1536w, https:\/\/mini-bob.com\/wp-content\/uploads\/2023\/03\/220319_mini-bob_Logo_1976_RGB_RZ-2048x983.png 2048w, https:\/\/mini-bob.com\/wp-content\/uploads\/2023\/03\/220319_mini-bob_Logo_1976_RGB_RZ-600x288.png 600w\" sizes=\"auto, (max-width: 1024px) 100vw, 1024px\" \/>[\/vc_wp_text][\/vc_column][\/vc_row][vc_row][vc_column][vc_wp_text]<\/p>\n<p>Qui troverai tutte le informazioni sul vero mini bob (mini slittino a bob).<\/p>\n<p>Dal 1976, lo Zipfelbob (mini bob) \u00e8 stato prodotto in forma invariata dall&#8217;azienda Loeger GmbH e distribuito in tutto il mondo.<\/p>\n<p>Alla voce &#8220;il mini bob&#8221; puoi scoprire la storia del vero Zipfelbob.<\/p>\n<p>Il nome Zipfelbob (soprannome comune nelle Alpi) o anche &#8220;Zipfybob&#8221;, &#8220;Zipflbob&#8221;, &#8220;Zipfibob&#8221;, &#8220;Z\u00fcpfybob&#8221; ha origine nella regione alpina e varia da regione a regione.<\/p>\n<p>Solo con il logo &#8220;Original mini bob&#8221; lo Zipfelbob \u00e8 un vero mini bob!<\/p>\n<p>[\/vc_wp_text]<style type=\"text\/css\" data-type=\"the7_shortcodes-inline-css\">#default-btn-fbcb1b7374e8e2e64be5df5b887688d9.ico-right-side > i {\n  margin-right: 0px;\n  margin-left: 8px;\n}\n#default-btn-fbcb1b7374e8e2e64be5df5b887688d9 > i {\n  margin-right: 8px;\n}<\/style><a href=\"https:\/\/mini-bob.com\/it\/\" class=\"default-btn-shortcode dt-btn dt-btn-l pulse animate-element animation-builder link-hover-off btn-inline-left \" id=\"default-btn-fbcb1b7374e8e2e64be5df5b887688d9\" title=\"Home di mini bob - l'originale zipflbob\"><span>CLICCA QUI PER IL MINI BOB<\/span><\/a>[\/vc_column][\/vc_row][vc_row][vc_column][vc_column_text]L&#8217;idea dell&#8217;originale Slitta \u00e8 nata in Austria nel 1976 e da allora \u00e8 stata prodotta e venduta con il nome di &#8220;mini bob&#8221; da Loeger GmbH in Germania.<\/p>\n<p>La sua forma innovativa, coraggiosa e unica \u00e8 stata copiata pi\u00f9 volte.[\/vc_column_text][vc_empty_space][\/vc_column][\/vc_row][vc_row][vc_column width=&#8221;1\/2&#8243;][vc_single_image image=&#8221;148560&#8243; img_size=&#8221;medium&#8221;][\/vc_column][vc_column width=&#8221;1\/2&#8243;][vc_single_image image=&#8221;148593&#8243; img_size=&#8221;medium&#8221;][\/vc_column][\/vc_row][vc_row][vc_column][vc_column_text]l&#8217;originale Slittino (minibob) \u00e8 disponibile in molti colori diversi. Da quando \u00e8 stato inventato nel 1976, i colori classici sono stati il rosso, il giallo, l&#8217;arancione, il nero e il verde. Nel corso degli anni sono stati aggiunti molti altri colori, spesso come colori speciali limitati nel tempo. Puoi trovare tutti i colori attuali nel nostro <a href=\"https:\/\/mini-bob.com\/mini-bob-zipfelbob-shop\/\">negozio online<\/a>. Il slittino minibob originale \u00e8 riconoscibile per la sua forma caratteristica e per il logo &#8220;original mini bob&#8221;. L&#8217;originale slittino Zipfelbob \u00e8 di alta qualit\u00e0 e robusta costruzione e pu\u00f2 resistere alle condizioni pi\u00f9 estreme. Grazie alla produzione in Germania e agli elevati standard di qualit\u00e0, garantiamo che il nostro prodotto soddisfi le esigenze pi\u00f9 elevate.[\/vc_column_text][\/vc_column][\/vc_row]<\/p>\n<\/div>","protected":false},"excerpt":{"rendered":"<p>[vc_row][vc_column width=&#8221;1\/2&#8243;][vc_wp_text] [\/vc_wp_text][\/vc_column][vc_column width=&#8221;1\/2&#8243; css=&#8221;.vc_custom_1660904565980{padding-top: 70px !important;}&#8221;][vc_wp_text][\/vc_wp_text][\/vc_column][\/vc_row][vc_row][vc_column][vc_wp_text] Qui troverai tutte le informazioni sul vero mini bob (mini slittino a bob). Dal 1976, lo Zipfelbob (mini bob) \u00e8 stato prodotto in forma invariata dall&#8217;azienda Loeger GmbH e distribuito in tutto il mondo. Alla voce &#8220;il mini bob&#8221; puoi scoprire la storia del vero Zipfelbob. Il nome&hellip;<\/p>\n","protected":false},"author":1,"featured_media":0,"parent":0,"menu_order":0,"comment_status":"closed","ping_status":"closed","template":"","meta":{"_acf_changed":false,"footnotes":""},"class_list":["post-147713","page","type-page","status-publish","hentry","description-off"],"acf":[],"_links":{"self":[{"href":"https:\/\/mini-bob.com\/it\/wp-json\/wp\/v2\/pages\/147713","targetHints":{"allow":["GET"]}}],"collection":[{"href":"https:\/\/mini-bob.com\/it\/wp-json\/wp\/v2\/pages"}],"about":[{"href":"https:\/\/mini-bob.com\/it\/wp-json\/wp\/v2\/types\/page"}],"author":[{"embeddable":true,"href":"https:\/\/mini-bob.com\/it\/wp-json\/wp\/v2\/users\/1"}],"replies":[{"embeddable":true,"href":"https:\/\/mini-bob.com\/it\/wp-json\/wp\/v2\/comments?post=147713"}],"version-history":[{"count":5,"href":"https:\/\/mini-bob.com\/it\/wp-json\/wp\/v2\/pages\/147713\/revisions"}],"predecessor-version":[{"id":152044,"href":"https:\/\/mini-bob.com\/it\/wp-json\/wp\/v2\/pages\/147713\/revisions\/152044"}],"wp:attachment":[{"href":"https:\/\/mini-bob.com\/it\/wp-json\/wp\/v2\/media?parent=147713"}],"curies":[{"name":"wp","href":"https:\/\/api.w.org\/{rel}","templated":true}]}}