{"id":147832,"date":"2022-09-23T17:26:41","date_gmt":"2022-09-23T15:26:41","guid":{"rendered":"https:\/\/mini-bob.com\/il-mini-bob-turchese-zipflbob\/"},"modified":"2022-10-21T15:42:58","modified_gmt":"2022-10-21T13:42:58","slug":"il-mini-bob-turchese-zipflbob","status":"publish","type":"page","link":"https:\/\/mini-bob.com\/it\/il-mini-bob-turchese-zipflbob\/","title":{"rendered":"il mini bob turchese \/ Zipflbob"},"content":{"rendered":"<div class=\"wpb-content-wrapper\"><p>[vc_row][vc_column width=&#8221;1\/2&#8243;][vc_single_image image=&#8221;147302&#8243; img_size=&#8221;large&#8221;][\/vc_column][vc_column width=&#8221;1\/2&#8243;][vc_custom_heading text=&#8221;Il mini bob originale (Zipflbob) in turchese&#8221; google_fonts=&#8221;font_family:Roboto%20Condensed%3A300%2C300italic%2Cregular%2Citalic%2C700%2C700italic|font_style:400%20regular%3A400%3Anormal&#8221;][vc_column_text]Da settembre 2022, il mini bob originale (Zipfelbob) \u00e8 disponibile nel colore speciale turchese.<\/p>\n<p>Questa volta, lo mini bob nel colore speciale turchese non sostituisce lo mini bob nel colore speciale rosa, come di consueto. Al contrario! Il mini bob originale color menta \u00e8 un&#8217;aggiunta al nostro negozio, in modo da poter offrire ai nostri clienti piccoli e grandi una scelta variegata di colori. Fedele al motto: pi\u00f9 \u00e8 colorato, meglio \u00e8.<\/p>\n<p>Questo speciale mix di blu e verde cattura immediatamente l&#8217;attenzione ed \u00e8 indispensabile nel 2022. Ecco perch\u00e9 per noi era importante realizzare un mini bob originale nel colore di tendenza turchese. Inoltre, i colori vivaci sono sempre particolarmente apprezzati dai bambini. Soprattutto i colori viola e turchese ricordano una famosa regina dei ghiacci e cosa non potrebbe andare meglio con la neve del mini bob originale turchese?<\/p>\n<p>Una mini bob simile, di colore &#8220;petrol&#8221;, era gi\u00e0 stata prodotta negli anni &#8217;70 e aveva riscosso un buon successo all&#8217;epoca. E come tutti sappiamo, una tendenza si ripete ogni pochi anni. \u00c8 ancora pi\u00f9 bello poter utilizzare questa tavolozza di colori e portare cos\u00ec un pezzo degli anni &#8217;70 nel presente.[\/vc_column_text]<style type=\"text\/css\" data-type=\"the7_shortcodes-inline-css\">#default-btn-4c4724314f23a824d7e9ed94e4c9e044.ico-right-side > i {\n  margin-right: 0px;\n  margin-left: 8px;\n}\n#default-btn-4c4724314f23a824d7e9ed94e4c9e044 > i {\n  margin-right: 8px;\n}<\/style><a href=\"https:\/\/mini-bob.com\/it\/articolo\/turchese-originale-mini-bob-slitta\/\" class=\"default-btn-shortcode dt-btn dt-btn-l pulse animate-element animation-builder link-hover-off btn-inline-left \" id=\"default-btn-4c4724314f23a824d7e9ed94e4c9e044\" title=\"++NUOVO COLORE++ mini bob originale (slitta) in turchese\"><span>ACQUISTA MINIBOB TURCHESE<\/span><\/a>[\/vc_column][\/vc_row][vc_row][vc_column][vc_empty_space][\/vc_column][\/vc_row][vc_row][vc_column width=&#8221;1\/2&#8243;][vc_empty_space height=&#8221;60px&#8221;][vc_empty_space height=&#8221;60px&#8221;]<style type=\"text\/css\" data-type=\"the7_shortcodes-inline-css\">#default-btn-603074ce8e74a82c56617a535ff91280.ico-right-side > i {\n  margin-right: 0px;\n  margin-left: 8px;\n}\n#default-btn-603074ce8e74a82c56617a535ff91280 > i {\n  margin-right: 8px;\n}<\/style><div class=\"btn-align-center\"><a href=\"https:\/\/mini-bob.com\/it\/il-minibob-slitta\/\" class=\"default-btn-shortcode dt-btn dt-btn-l pulse animate-element animation-builder link-hover-off \" id=\"default-btn-603074ce8e74a82c56617a535ff91280\" title=\"il mini bob\"><span>IL MINI BOB IN ALTRI COLORI<\/span><\/a><\/div>[vc_empty_space]<style type=\"text\/css\" data-type=\"the7_shortcodes-inline-css\">#default-btn-23b895d7732b7db71012a19220d39b36.ico-right-side > i {\n  margin-right: 0px;\n  margin-left: 8px;\n}\n#default-btn-23b895d7732b7db71012a19220d39b36 > i {\n  margin-right: 8px;\n}<\/style><div class=\"btn-align-center\"><a href=\"https:\/\/mini-bob.com\/mini-bob-zipfelbob-shop\/\" class=\"default-btn-shortcode dt-btn dt-btn-l pulse animate-element animation-builder link-hover-off \" id=\"default-btn-23b895d7732b7db71012a19220d39b36\" title=\"Mini bob originale (Zipfybob, slitta) Negozio\"><span>VAI DIRETTAMENTE AL NEGOZIO<\/span><\/a><\/div>[\/vc_column][vc_column width=&#8221;1\/2&#8243;][vc_single_image image=&#8221;147308&#8243; img_size=&#8221;large&#8221;][vc_column_text]Basato su un simile Zipfybob color petrolio degli anni &#8217;70.[\/vc_column_text][\/vc_column][\/vc_row]<\/p>\n<\/div>","protected":false},"excerpt":{"rendered":"<p>[vc_row][vc_column width=&#8221;1\/2&#8243;][vc_single_image image=&#8221;147302&#8243; img_size=&#8221;large&#8221;][\/vc_column][vc_column width=&#8221;1\/2&#8243;][vc_custom_heading text=&#8221;Il mini bob originale (Zipflbob) in turchese&#8221; google_fonts=&#8221;font_family:Roboto%20Condensed%3A300%2C300italic%2Cregular%2Citalic%2C700%2C700italic|font_style:400%20regular%3A400%3Anormal&#8221;][vc_column_text]Da settembre 2022, il mini bob originale (Zipfelbob) \u00e8 disponibile nel colore speciale turchese. Questa volta, lo mini bob nel colore speciale turchese non sostituisce lo mini bob nel colore speciale rosa, come di consueto. Al contrario! Il mini bob originale color menta&hellip;<\/p>\n","protected":false},"author":3,"featured_media":0,"parent":0,"menu_order":0,"comment_status":"closed","ping_status":"closed","template":"","meta":{"_acf_changed":false,"footnotes":""},"class_list":["post-147832","page","type-page","status-publish","hentry","description-off"],"acf":[],"_links":{"self":[{"href":"https:\/\/mini-bob.com\/it\/wp-json\/wp\/v2\/pages\/147832","targetHints":{"allow":["GET"]}}],"collection":[{"href":"https:\/\/mini-bob.com\/it\/wp-json\/wp\/v2\/pages"}],"about":[{"href":"https:\/\/mini-bob.com\/it\/wp-json\/wp\/v2\/types\/page"}],"author":[{"embeddable":true,"href":"https:\/\/mini-bob.com\/it\/wp-json\/wp\/v2\/users\/3"}],"replies":[{"embeddable":true,"href":"https:\/\/mini-bob.com\/it\/wp-json\/wp\/v2\/comments?post=147832"}],"version-history":[{"count":3,"href":"https:\/\/mini-bob.com\/it\/wp-json\/wp\/v2\/pages\/147832\/revisions"}],"predecessor-version":[{"id":147835,"href":"https:\/\/mini-bob.com\/it\/wp-json\/wp\/v2\/pages\/147832\/revisions\/147835"}],"wp:attachment":[{"href":"https:\/\/mini-bob.com\/it\/wp-json\/wp\/v2\/media?parent=147832"}],"curies":[{"name":"wp","href":"https:\/\/api.w.org\/{rel}","templated":true}]}}