{"id":152065,"date":"2015-10-25T15:30:06","date_gmt":"2015-10-25T14:30:06","guid":{"rendered":"https:\/\/mini-bob.com\/il-mini-bob-viola-slittino-minibob\/"},"modified":"2023-03-27T12:02:30","modified_gmt":"2023-03-27T10:02:30","slug":"il-mini-bob-viola-slittino-minibob","status":"publish","type":"page","link":"https:\/\/mini-bob.com\/it\/il-mini-bob-viola-slittino-minibob\/","title":{"rendered":"il mini bob viola \/ Slittino minibob"},"content":{"rendered":"<div class=\"wpb-content-wrapper\"><p>[vc_row][vc_column width=&#8221;1\/2&#8243;][vc_single_image image=&#8221;144635&#8243; img_size=&#8221;large&#8221;][\/vc_column][vc_column width=&#8221;1\/2&#8243;][vc_custom_heading text=&#8221;L&#8217;originale mini bob (Slittino) in viola&#8221; google_fonts=&#8221;font_family:Roboto%20Condensed%3A300%2C300italic%2Cregular%2Citalic%2C700%2C700italic|font_style:400%20regular%3A400%3Anormal&#8221;][vc_column_text]Dal 2015, il mini bob originale (Slittino) \u00e8 disponibile nel colore &#8220;viola&#8221;, noto anche come:<\/p>\n<p><strong>Viola<\/strong>: il colore viola confina con il viola o \u00e8 anche chiamato viola scuro (viola Slitta).<\/p>\n<p><strong>Viola<\/strong>: il viola \u00e8 un viola pi\u00f9 chiaro che viene chiamato anche porpora (viola Slitta).<\/p>\n<p><strong>Magenta<\/strong>: il magenta si colloca tra il viola e il rosso ed \u00e8 il colore complementare del verde! (Slittino color magenta)<\/p>\n<p><strong>Rosa<\/strong>: il rosa \u00e8 il magenta molto brillante in tonalit\u00e0 pastello (rosa Slittino).<\/p>\n<p>Gi\u00e0 negli anni &#8217;90 esisteva un colore speciale rosa neon, che fu prodotto e venduto per 2 anni.[\/vc_column_text][\/vc_column][\/vc_row][vc_row][vc_column width=&#8221;1\/2&#8243;][vc_empty_space height=&#8221;90px&#8221;]<style type=\"text\/css\" data-type=\"the7_shortcodes-inline-css\">#default-btn-23b895d7732b7db71012a19220d39b36.ico-right-side > i {\n  margin-right: 0px;\n  margin-left: 8px;\n}\n#default-btn-23b895d7732b7db71012a19220d39b36 > i {\n  margin-right: 8px;\n}<\/style><div class=\"btn-align-center\"><a href=\"https:\/\/mini-bob.com\/mini-bob-zipfelbob-shop\/\" class=\"default-btn-shortcode dt-btn dt-btn-l pulse animate-element animation-builder link-hover-off \" id=\"default-btn-23b895d7732b7db71012a19220d39b36\" title=\"Mini bob originale (Zipfybob, slitta) Negozio\"><span>VAI DIRETTAMENTE AL NEGOZIO<\/span><\/a><\/div>[vc_empty_space]<style type=\"text\/css\" data-type=\"the7_shortcodes-inline-css\">#default-btn-603074ce8e74a82c56617a535ff91280.ico-right-side > i {\n  margin-right: 0px;\n  margin-left: 8px;\n}\n#default-btn-603074ce8e74a82c56617a535ff91280 > i {\n  margin-right: 8px;\n}<\/style><div class=\"btn-align-center\"><a href=\"https:\/\/mini-bob.com\/it\/il-minibob-slitta\/\" class=\"default-btn-shortcode dt-btn dt-btn-l pulse animate-element animation-builder link-hover-off \" id=\"default-btn-603074ce8e74a82c56617a535ff91280\" title=\"il mini bob\"><span>IL MINI BOB IN ALTRI COLORI<\/span><\/a><\/div>[\/vc_column][vc_column width=&#8221;1\/2&#8243;][vc_single_image image=&#8221;144631&#8243; img_size=&#8221;large&#8221;][\/vc_column][\/vc_row]<\/p>\n<\/div>","protected":false},"excerpt":{"rendered":"<p>[vc_row][vc_column width=&#8221;1\/2&#8243;][vc_single_image image=&#8221;144635&#8243; img_size=&#8221;large&#8221;][\/vc_column][vc_column width=&#8221;1\/2&#8243;][vc_custom_heading text=&#8221;L&#8217;originale mini bob (Slittino) in viola&#8221; google_fonts=&#8221;font_family:Roboto%20Condensed%3A300%2C300italic%2Cregular%2Citalic%2C700%2C700italic|font_style:400%20regular%3A400%3Anormal&#8221;][vc_column_text]Dal 2015, il mini bob originale (Slittino) \u00e8 disponibile nel colore &#8220;viola&#8221;, noto anche come: Viola: il colore viola confina con il viola o \u00e8 anche chiamato viola scuro (viola Slitta). Viola: il viola \u00e8 un viola pi\u00f9 chiaro che viene chiamato anche porpora&hellip;<\/p>\n","protected":false},"author":1,"featured_media":0,"parent":0,"menu_order":0,"comment_status":"closed","ping_status":"closed","template":"","meta":{"_acf_changed":false,"footnotes":""},"class_list":["post-152065","page","type-page","status-publish","hentry","description-off"],"acf":[],"_links":{"self":[{"href":"https:\/\/mini-bob.com\/it\/wp-json\/wp\/v2\/pages\/152065","targetHints":{"allow":["GET"]}}],"collection":[{"href":"https:\/\/mini-bob.com\/it\/wp-json\/wp\/v2\/pages"}],"about":[{"href":"https:\/\/mini-bob.com\/it\/wp-json\/wp\/v2\/types\/page"}],"author":[{"embeddable":true,"href":"https:\/\/mini-bob.com\/it\/wp-json\/wp\/v2\/users\/1"}],"replies":[{"embeddable":true,"href":"https:\/\/mini-bob.com\/it\/wp-json\/wp\/v2\/comments?post=152065"}],"version-history":[{"count":3,"href":"https:\/\/mini-bob.com\/it\/wp-json\/wp\/v2\/pages\/152065\/revisions"}],"predecessor-version":[{"id":152068,"href":"https:\/\/mini-bob.com\/it\/wp-json\/wp\/v2\/pages\/152065\/revisions\/152068"}],"wp:attachment":[{"href":"https:\/\/mini-bob.com\/it\/wp-json\/wp\/v2\/media?parent=152065"}],"curies":[{"name":"wp","href":"https:\/\/api.w.org\/{rel}","templated":true}]}}