{"id":156643,"date":"2025-11-22T17:27:32","date_gmt":"2025-11-22T16:27:32","guid":{"rendered":"https:\/\/mini-bob.com\/poporutscher-ciotola-di-plastica-o-mini-bob\/"},"modified":"2025-11-22T17:27:35","modified_gmt":"2025-11-22T16:27:35","slug":"poporutscher-ciotola-di-plastica-o-mini-bob","status":"publish","type":"page","link":"https:\/\/mini-bob.com\/it\/poporutscher-ciotola-di-plastica-o-mini-bob\/","title":{"rendered":"Poporutscher - ciotola di plastica o mini bob?"},"content":{"rendered":"<div class=\"wpb-content-wrapper\"><p>[vc_row][vc_column][vc_custom_heading text=&#8221;Poporutscher vs. mini bob originale&#8221; google_fonts=&#8221;font_family:Roboto%20Condensed%3A300%2C300italic%2Cregular%2Citalic%2C700%2C700italic|font_style:400%20regular%3A400%3Anormal&#8221;][vc_column_text]Tutti li conoscono, i piccoli scivoli di popo, gli scivoli di neve, le piastre di scivolamento, gli scivoli per i barboni, gli scivoli di plastica, i wok di neve, gli snow glider, gli snow speeder o le ciotole di plastica a pochi euro, che ormai si possono acquistare ovunque&#8230; Alcune persone lasciano addirittura che il bambino scivoli lungo la pista su un sacchetto di plastica o addirittura sui pantaloni.[\/vc_column_text][\/vc_column][\/vc_row][vc_row][vc_column width=&#8221;1\/2&#8243;][vc_single_image image=&#8221;144447&#8243; img_size=&#8221;large&#8221;][\/vc_column][vc_column width=&#8221;1\/2&#8243;][vc_column_text]Ma perch\u00e9 dovrei acquistare un mini bob di alta qualit\u00e0 per il mio bambino o per me stesso piuttosto che un semplice scivolo popo?<\/p>\n<p>Il mini bob originale viene prodotto in Germania come prodotto di marca da oltre 40 anni e il suo design lo rende un pezzo sicuro e collaudato di attrezzatura per gli sport invernali per tutti.<\/p>\n<p>Rispetto a un semplice scivolo in popo, il mini bob dura per generazioni e non si rompe al primo contatto con pietre o altre superfici dure: un investimento sostenibile.<\/p>\n<p>Il design del mini bob presenta inoltre evidenti vantaggi rispetto ai semplici gusci di plastica: non solo il materiale \u00e8 molto pi\u00f9 spesso e quindi pi\u00f9 robusto, ma la struttura cava del mini bob attutisce gli urti che altrimenti colpirebbero direttamente la colonna vertebrale del bambino, proteggendo cos\u00ec la sua schiena.<\/p>\n<p>Grazie al suo design speciale con bastone per sterzare e frenare, oltre a un bordo di frenata, il bambino pu\u00f2 controllare il mini bob in modo rapido e sicuro e, soprattutto, frenare con facilit\u00e0 - con uno scivolo popo non c&#8217;\u00e8 di solito un dispositivo tecnico per sterzare e frenare, quindi il bambino ha spesso solo la possibilit\u00e0 di saltare gi\u00f9 o di scontrarsi.[\/vc_column_text][\/vc_column][\/vc_row][vc_row][vc_column][vc_empty_space][\/vc_column][\/vc_row][vc_row][vc_column][vc_cta h2=&#8221;Tutte le informazioni sull&apos;ultimo scivolo popo &#8220;mini bob&#8220;.&#8221; add_button=&#8221;right&#8221; btn_title=&#8221;AL MINI BOB&#8221; btn_link=&#8221;url:https%3A%2F%2Fmini-bob.com%2Fit%2F|title:La%20casa%20di%20mini%20bob%20-%20l%27originale%20zipflbob|&#8221;]<\/p>\n<h4>Puoi trovare tutte le informazioni sullo scivolo popo &#8220;mini bob&#8221; qui<\/h4>\n<p>[\/vc_cta][\/vc_column][\/vc_row][vc_row][vc_column width=&#8221;1\/2&#8243;][vc_column_text]Che siate grandi o piccini, il mini bob di plastica \u00e8 adatto a tutti!<\/p>\n<p><strong>Il bob di plastica ideale per bambini e adolescenti.<\/strong><\/p>\n<p>Nelle nostre <a href=\"https:\/\/mini-bob.com\/it\/faq\/?v=3a52f3c22ed6\">FAQ <\/a>(domande e risposte) troverai ulteriori informazioni sul mini bob originale<\/p>\n<p>Alla voce &#8220;il mini bob&#8221; troverai ulteriori informazioni tecniche sul mini bob originale<\/p>\n<p>Puoi acquistare il mini bob originale nei negozi specializzati o online - un elenco di rivenditori \u00e8 disponibile qui: <a href=\"https:\/\/mini-bob.com\/it\/comprare-mini-bob\/?v=3a52f3c22ed6\">acquista il mini bob<\/a><\/p>\n<p>Se come genitore hai qualche domanda sul mini bob, contattaci: saremo felici di aiutarti![\/vc_column_text][\/vc_column][vc_column width=&#8221;1\/2&#8243;][vc_single_image image=&#8221;145308&#8243; img_size=&#8221;large&#8221;][\/vc_column][\/vc_row][vc_row][vc_column][vc_empty_space][\/vc_column][\/vc_row][vc_row][vc_column width=&#8221;1\/2&#8243;][vc_single_image image=&#8221;144820&#8243; img_size=&#8221;large&#8221;][\/vc_column][vc_column width=&#8221;1\/2&#8243;][vc_column_text]Anche i veri piloti da corsa avranno pane per i loro denti con il mini bob: grazie alla sua struttura stabile e allo sterzo preciso, il mini bob \u00e8 molto divertente anche per i piloti esperti![\/vc_column_text][\/vc_column][\/vc_row][vc_row][vc_column][vc_masonry_media_grid initial_loading_animation=&#8221;fadeIn&#8221; grid_id=&#8221;vc_gid:1661520873153-92b3fc5c-85e7-6&#8243; include=&#8221;13199,13181,13187,146182,11387,145121&#8243;][\/vc_column][\/vc_row]<\/p>\n<\/div>","protected":false},"excerpt":{"rendered":"<p>[vc_row][vc_column][vc_custom_heading text=&#8221;Poporutscher vs. mini bob originale&#8221; google_fonts=&#8221;font_family:Roboto%20Condensed%3A300%2C300italic%2Cregular%2Citalic%2C700%2C700italic|font_style:400%20regular%3A400%3Anormal&#8221;][vc_column_text]Tutti li conoscono, i piccoli scivoli di popo, gli scivoli di neve, le piastre di scivolamento, gli scivoli per i barboni, gli scivoli di plastica, i wok di neve, gli snow glider, gli snow speeder o le ciotole di plastica a pochi euro, che ormai si possono acquistare ovunque&#8230;&hellip;<\/p>\n","protected":false},"author":1,"featured_media":0,"parent":0,"menu_order":0,"comment_status":"closed","ping_status":"closed","template":"","meta":{"_acf_changed":false,"footnotes":""},"class_list":["post-156643","page","type-page","status-publish","hentry","description-off"],"acf":[],"_links":{"self":[{"href":"https:\/\/mini-bob.com\/it\/wp-json\/wp\/v2\/pages\/156643","targetHints":{"allow":["GET"]}}],"collection":[{"href":"https:\/\/mini-bob.com\/it\/wp-json\/wp\/v2\/pages"}],"about":[{"href":"https:\/\/mini-bob.com\/it\/wp-json\/wp\/v2\/types\/page"}],"author":[{"embeddable":true,"href":"https:\/\/mini-bob.com\/it\/wp-json\/wp\/v2\/users\/1"}],"replies":[{"embeddable":true,"href":"https:\/\/mini-bob.com\/it\/wp-json\/wp\/v2\/comments?post=156643"}],"version-history":[{"count":4,"href":"https:\/\/mini-bob.com\/it\/wp-json\/wp\/v2\/pages\/156643\/revisions"}],"predecessor-version":[{"id":156658,"href":"https:\/\/mini-bob.com\/it\/wp-json\/wp\/v2\/pages\/156643\/revisions\/156658"}],"wp:attachment":[{"href":"https:\/\/mini-bob.com\/it\/wp-json\/wp\/v2\/media?parent=156643"}],"curies":[{"name":"wp","href":"https:\/\/api.w.org\/{rel}","templated":true}]}}