{"id":156725,"date":"2015-10-27T17:12:27","date_gmt":"2015-10-27T16:12:27","guid":{"rendered":"https:\/\/mini-bob.com\/il-mini-bob-di-bronzo-zipflbob\/"},"modified":"2025-11-22T17:28:08","modified_gmt":"2025-11-22T16:28:08","slug":"il-mini-bob-di-bronzo-zipflbob","status":"publish","type":"page","link":"https:\/\/mini-bob.com\/it\/il-mini-bob-di-bronzo-zipflbob\/","title":{"rendered":"il mini bob di bronzo \/ Zipflbob"},"content":{"rendered":"<div class=\"wpb-content-wrapper\"><p>[vc_row][vc_column width=&#8221;1\/2&#8243;][vc_single_image image=&#8221;11467&#8243; img_size=&#8221;large&#8221;][\/vc_column][vc_column width=&#8221;1\/2&#8243;][vc_custom_heading text=&#8221;L&apos;originale mini bob (zipflbob) in bronzo&#8221; google_fonts=&#8221;font_family:Roboto%20Condensed%3A300%2C300italic%2Cregular%2Citalic%2C700%2C700italic|font_style:400%20regular%3A400%3Anormal&#8221;][vc_column_text]Il mini bob originale in bronzo \u00e8 un modello molto speciale dello zipflbob ed \u00e8 stato limitato a soli 700 esemplari.<\/p>\n<p>Nel 2014, insieme al colore speciale &#8220;Green Glitter&#8221;, \u00e8 stata creata una serie speciale del mini bob originale in bronzo limitata a soli 700 esemplari.<\/p>\n<p>Questo colore unico si fa notare alla luce del sole e non solo ispira i giovani Zipflbob, ma anche gli Zipflbobbers di seconda e terza generazione.<\/p>\n<p>Il mini bob in bronzo pu\u00f2 essere acquistato nel nostro negozio online (fino a esaurimento scorte).[\/vc_column_text]<style type=\"text\/css\" data-type=\"the7_shortcodes-inline-css\">#default-btn-7e989591c54174442019636395165820.ico-right-side > i {\n  margin-right: 0px;\n  margin-left: 8px;\n}\n#default-btn-7e989591c54174442019636395165820 > i {\n  margin-right: 8px;\n}<\/style><a href=\"https:\/\/mini-bob.com\/it\/articolo\/mini-bob-di-plastica-bronzo\/\" class=\"default-btn-shortcode dt-btn dt-btn-l pulse animate-element animation-builder link-hover-off btn-inline-left \" id=\"default-btn-7e989591c54174442019636395165820\" title=\"+SOLD OUT+ Edizione mini bob (zipflbob) in bronzo\"><span>ACQUISTA BRONZO ZIPFLBOBOB<\/span><\/a>[\/vc_column][\/vc_row][vc_row][vc_column width=&#8221;1\/2&#8243;][vc_empty_space height=&#8221;120px&#8221;]<style type=\"text\/css\" data-type=\"the7_shortcodes-inline-css\">#default-btn-603074ce8e74a82c56617a535ff91280.ico-right-side > i {\n  margin-right: 0px;\n  margin-left: 8px;\n}\n#default-btn-603074ce8e74a82c56617a535ff91280 > i {\n  margin-right: 8px;\n}<\/style><div class=\"btn-align-center\"><a href=\"https:\/\/mini-bob.com\/it\/il-minibob-slitta\/\" class=\"default-btn-shortcode dt-btn dt-btn-l pulse animate-element animation-builder link-hover-off \" id=\"default-btn-603074ce8e74a82c56617a535ff91280\" title=\"il mini bob\"><span>IL MINI BOB IN ALTRI COLORI<\/span><\/a><\/div>[vc_empty_space]<style type=\"text\/css\" data-type=\"the7_shortcodes-inline-css\">#default-btn-9ff23da3ea68750ab271ebb2d4946978.ico-right-side > i {\n  margin-right: 0px;\n  margin-left: 8px;\n}\n#default-btn-9ff23da3ea68750ab271ebb2d4946978 > i {\n  margin-right: 8px;\n}<\/style><div class=\"btn-align-center\"><a href=\"https:\/\/mini-bob.com\/mini-bob-zipfelbob-shop\/\" class=\"default-btn-shortcode dt-btn dt-btn-l pulse animate-element animation-builder link-hover-off \" id=\"default-btn-9ff23da3ea68750ab271ebb2d4946978\" title=\"Negozio di mini bob originale (zipflbob)\"><span>VAI DIRETTAMENTE AL NEGOZIO<\/span><\/a><\/div>[\/vc_column][vc_column width=&#8221;1\/2&#8243;][vc_single_image image=&#8221;11469&#8243; img_size=&#8221;large&#8221;][\/vc_column][\/vc_row]<\/p>\n<\/div>","protected":false},"excerpt":{"rendered":"<p>[vc_row][vc_column width=&#8221;1\/2&#8243;][vc_single_image image=&#8221;11467&#8243; img_size=&#8221;large&#8221;][\/vc_column][vc_column width=&#8221;1\/2&#8243;][vc_custom_heading text=&#8221;L&apos;originale mini bob (zipflbob) in bronzo&#8221; google_fonts=&#8221;font_family:Roboto%20Condensed%3A300%2C300italic%2Cregular%2Citalic%2C700%2C700italic|font_style:400%20regular%3A400%3Anormal&#8221;][vc_column_text]Il mini bob originale in bronzo \u00e8 un modello molto speciale dello zipflbob ed \u00e8 stato limitato a soli 700 esemplari. Nel 2014, insieme al colore speciale &#8220;Green Glitter&#8221;, \u00e8 stata creata una serie speciale del mini bob originale in bronzo limitata a soli&hellip;<\/p>\n","protected":false},"author":1,"featured_media":0,"parent":0,"menu_order":0,"comment_status":"closed","ping_status":"closed","template":"","meta":{"_acf_changed":false,"footnotes":""},"class_list":["post-156725","page","type-page","status-publish","hentry","description-off"],"acf":[],"_links":{"self":[{"href":"https:\/\/mini-bob.com\/it\/wp-json\/wp\/v2\/pages\/156725","targetHints":{"allow":["GET"]}}],"collection":[{"href":"https:\/\/mini-bob.com\/it\/wp-json\/wp\/v2\/pages"}],"about":[{"href":"https:\/\/mini-bob.com\/it\/wp-json\/wp\/v2\/types\/page"}],"author":[{"embeddable":true,"href":"https:\/\/mini-bob.com\/it\/wp-json\/wp\/v2\/users\/1"}],"replies":[{"embeddable":true,"href":"https:\/\/mini-bob.com\/it\/wp-json\/wp\/v2\/comments?post=156725"}],"version-history":[{"count":4,"href":"https:\/\/mini-bob.com\/it\/wp-json\/wp\/v2\/pages\/156725\/revisions"}],"predecessor-version":[{"id":156729,"href":"https:\/\/mini-bob.com\/it\/wp-json\/wp\/v2\/pages\/156725\/revisions\/156729"}],"wp:attachment":[{"href":"https:\/\/mini-bob.com\/it\/wp-json\/wp\/v2\/media?parent=156725"}],"curies":[{"name":"wp","href":"https:\/\/api.w.org\/{rel}","templated":true}]}}