{"id":148581,"date":"2022-12-10T16:46:50","date_gmt":"2022-12-10T15:46:50","guid":{"rendered":"https:\/\/mini-bob.com\/?post_type=product&#038;p=148581"},"modified":"2026-01-13T18:45:42","modified_gmt":"2026-01-13T17:45:42","slug":"black-edition-original-mini-bob-slitta-nero","status":"publish","type":"product","link":"https:\/\/mini-bob.com\/it\/articolo\/black-edition-original-mini-bob-slitta-nero\/","title":{"rendered":"+Edizione nera+ Mini bob originale (zipflbob) in nero"},"content":{"rendered":"<h2>++ BLACK EDITION ++<\/h2>\n<p>Nuova EDIZIONE NERA del mini bob originale del 2010!<\/p>\n<p>&nbsp;<\/p>\n<h2>Mini bob originale (zipflbob) nero<\/h2>\n<p>Inventato in Austria negli anni &#8217;70, il <strong>mini bob originale<\/strong> (noto anche come &#8220;Zipflbob&#8221;, &#8220;Zipfelbob&#8221; o &#8220;Zipfybob&#8221;) viene prodotto da noi in Germania dal 1976, in parte ancora a mano.<\/p>\n<p>Il <strong>mini bob<\/strong> <strong>nero<\/strong> \u00e8 praticamente indistruttibile grazie alla sua struttura in plastica cava, resistente alla rottura e compatta, che \u00e8 stata sperimentata con successo per decenni, ed \u00e8 ancora molto leggero, con circa 1,7 chilogrammi. La posizione di seduta bassa, adattata al corpo, consente un divertimento invernale comodo e senza fatica per grandi e piccini.  Dalla sua invenzione negli anni &#8217;70, tre generazioni hanno potuto seguire lo slogan: <strong>&#8220;Maxi divertimento con mini bob&#8221;<\/strong>. Il <strong>mini bob in nero <\/strong>\u00e8 adatto a tutti grazie al suo comportamento di guida sicuro! Il divertimento di guida \u00e8 garantito su piste da slittino corte e piatte e su piste da corsa. Grazie alla sua struttura stabile e all&#8217;estrema manovrabilit\u00e0, le alte velocit\u00e0 non sono un problema.   <\/p>\n<blockquote><p><span style=\"color: #ff0000;\">!! Attenzione !! I duplicati vengono offerti in diversi negozi online. Quando acquisti, cerca un rivenditore autorizzato e il logo del mini bob!  <\/span><\/p><\/blockquote>\n<p>L&#8217;originale mini bob \u00e8 stato pi\u00f9 volte vincitore di campionati nazionali e internazionali di &#8220;zipflbob&#8221;.<\/p>\n<p>Dati:<\/p>\n<h3>zipflbob nero (mini bob Black Edition)<\/h3>\n<p>Peso: circa 1,7 kg<br \/>\nDimensioni L x L x H (in cm): 53 x 33 x 40<br \/>\nMateriale: PE HD (privo di ftalati)<br \/>\nCarico ammissibile: max 100 kg<\/p>\n<p>Prodotto in Germania - Made in Germany<\/p>\n<p>Attenzione: non adatto ai bambini di et\u00e0 inferiore ai tre anni. Utilizzare sotto la diretta supervisione di un adulto.  Da utilizzare con dispositivi di protezione.<\/p>\n<p>Ai nostri prodotti si applicano i diritti di garanzia previsti dalla legge. Si prega di osservare le nostre istruzioni di sicurezza e le nostre <a href=\"https:\/\/mini-bob.com\/it\/faq\/\" target=\"_blank\" rel=\"noopener noreferrer\">FAQ<\/a>! <\/p>\n<p>Puoi trovare altre informazioni interessanti sullo <strong>zipflbob originale<\/strong> nel <strong>colore nero <\/strong>sul <strong>sito web<\/strong> di <strong>mini bob:<\/strong><strong><a href=\"https:\/\/mini-bob.com\/it\/il-minibob-slitta\/\" target=\"_blank\" rel=\"noopener noreferrer\">sito web originale mini bob<\/a><\/strong><\/p>\n<p>Vendita solo in quantit\u00e0 domestiche - solo per uso privato! La rivendita commerciale (con sovrapprezzo) \u00e8 vietata! <\/p>\n","protected":false},"excerpt":{"rendered":"<h3><strong>+BLACK EDITION+<\/strong><\/h3>\n<p>Nuova edizione del mini bob nero - Mini bob originale in nero - Zipflbob nero. zipfybob nero <\/p>\n","protected":false},"featured_media":148648,"comment_status":"open","ping_status":"closed","template":"","meta":{"_acf_changed":false},"product_brand":[],"product_cat":[381,684,345],"product_tag":[],"class_list":{"0":"post-148581","1":"product","2":"type-product","3":"status-publish","4":"has-post-thumbnail","6":"product_cat-mini-bob-sonderedition-it","7":"product_cat-slittino-nero","8":"product_cat-minibob-it","9":"product_shipping_class-minibob-it-2","10":"description-off","12":"first","13":"instock","14":"featured","15":"taxable","16":"shipping-taxable","17":"purchasable","18":"product-type-simple"},"acf":[],"_links":{"self":[{"href":"https:\/\/mini-bob.com\/it\/wp-json\/wp\/v2\/product\/148581","targetHints":{"allow":["GET"]}}],"collection":[{"href":"https:\/\/mini-bob.com\/it\/wp-json\/wp\/v2\/product"}],"about":[{"href":"https:\/\/mini-bob.com\/it\/wp-json\/wp\/v2\/types\/product"}],"replies":[{"embeddable":true,"href":"https:\/\/mini-bob.com\/it\/wp-json\/wp\/v2\/comments?post=148581"}],"wp:featuredmedia":[{"embeddable":true,"href":"https:\/\/mini-bob.com\/it\/wp-json\/wp\/v2\/media\/148648"}],"wp:attachment":[{"href":"https:\/\/mini-bob.com\/it\/wp-json\/wp\/v2\/media?parent=148581"}],"wp:term":[{"taxonomy":"product_brand","embeddable":true,"href":"https:\/\/mini-bob.com\/it\/wp-json\/wp\/v2\/product_brand?post=148581"},{"taxonomy":"product_cat","embeddable":true,"href":"https:\/\/mini-bob.com\/it\/wp-json\/wp\/v2\/product_cat?post=148581"},{"taxonomy":"product_tag","embeddable":true,"href":"https:\/\/mini-bob.com\/it\/wp-json\/wp\/v2\/product_tag?post=148581"}],"curies":[{"name":"wp","href":"https:\/\/api.w.org\/{rel}","templated":true}]}}