{"id":10125,"date":"2015-12-07T17:28:58","date_gmt":"2015-12-07T16:28:58","guid":{"rendered":"https:\/\/mini-bob.com\/widerrufsbelehrung\/"},"modified":"2026-04-23T20:51:30","modified_gmt":"2026-04-23T18:51:30","slug":"widerrufsbelehrung","status":"publish","type":"page","link":"https:\/\/mini-bob.com\/nb\/widerrufsbelehrung\/","title":{"rendered":"Avbestillingsregler"},"content":{"rendered":"<h3>Angrerett for forbrukere<\/h3>\n<p>(En forbruker er enhver fysisk person som inng\u00e5r en rettshandel for form\u00e5l som hovedsakelig ligger utenfor vedkommendes n\u00e6ringsvirksomhet).<\/p>\n<h1>Avbestillingsregler<\/h1>\n<h3>Rett til avbestilling<\/h3>\n<p>Du har rett til \u00e5 kansellere denne kontrakten innen fjorten dager uten \u00e5 oppgi noen grunn.<\/p>\n<p>Avbestillingsfristen er fjorten dager fra datoen,<\/p>\n<ul>\n<li>der du eller en tredjepart som du har utpekt, som ikke er transport\u00f8ren, har eller har tatt varene i besittelse, forutsatt at du har bestilt en eller flere varer som en del av en enkelt bestilling og disse er eller vil bli levert p\u00e5 samme m\u00e5te, eller<\/li>\n<li>n\u00e5r du eller en tredjepart som du har utpekt, og som ikke er transport\u00f8ren, har tatt de siste varene i besittelse, forutsatt at du har bestilt flere varer som en del av en enkelt bestilling og disse leveres separat, eller<\/li>\n<li>n\u00e5r du eller en tredjepart som du har utpekt, og som ikke er transport\u00f8ren, har overtatt den siste delforsendelsen eller det siste stykket, dersom du har bestilt varer som leveres i flere delforsendelser eller stykk, eller<\/li>\n<li>n\u00e5r du eller en tredjepart som du har utpekt, og som ikke er transport\u00f8ren, har overtatt de f\u00f8rste varene, forutsatt at du har inng\u00e5tt en avtale om regelmessig levering av varer over en bestemt tidsperiode.<\/li>\n<\/ul>\n<p>Du kan ogs\u00e5 benytte deg av angreretten p\u00e5 https:\/\/mini-bob.com\/vertrag-widerrufen\/. Hvis du benytter deg av denne nettbaserte funksjonen, vil vi umiddelbart sende deg en bekreftelse p\u00e5 mottak p\u00e5 et varig medium (f.eks. e-post) med informasjon om innholdet i angreretten og dato og klokkeslett for mottak av denne. <\/p>\n<p>For \u00e5 overholde avbestillingsfristen er det tilstrekkelig at du har sendt avbestillingsvarselet ditt via avbestillingsfunksjonen (den s\u00e5kalte &laquo;avbestillingsknappen&raquo;) f\u00f8r fristen utl\u00f8per.<\/p>\n<p>Du kan ogs\u00e5 ut\u00f8ve din angrerett ved \u00e5 informere oss (Loeger GmbH, Hauptstra\u00dfe 57, Tyskland, telefonnummer: +49(0)815892101, e-postadresse: info@mini-bob.com) om din beslutning om \u00e5 kansellere denne kontrakten ved hjelp av en tydelig erkl\u00e6ring (f.eks. et brev sendt per post eller e-post). Du kan bruke det vedlagte eksempelet p\u00e5 oppsigelsesskjema, men dette er ikke obligatorisk.<\/p>\n<p>I dette tilfellet er det tilstrekkelig at du sender melding om at du benytter deg av angreretten din f\u00f8r angrerettsfristen utl\u00f8per, for \u00e5 overholde fristen.<\/p>\n<h3>Konsekvenser av kansellering<\/h3>\n<p>Hvis du trekker deg fra denne avtalen, skal vi tilbakebetale alle betalinger mottatt fra deg, inkludert leveringskostnader (med unntak av tilleggskostnader som f\u00f8lge av at du har valgt en annen type levering enn den rimeligste typen standardlevering som tilbys av oss), uten un\u00f8dig forsinkelse og under alle omstendigheter senest 14 dager fra den dagen da vi ble informert om din beslutning om \u00e5 trekke deg fra denne avtalen. For denne tilbakebetalingen vil vi benytte samme betalingsmiddel som du benyttet ved den opprinnelige transaksjonen, med mindre annet er uttrykkelig avtalt med deg; du vil under ingen omstendigheter bli belastet med gebyrer for denne tilbakebetalingen. <\/p>\n<p>Vi kan nekte \u00e5 refundere deg f\u00f8r vi har mottatt varene tilbake eller f\u00f8r du har fremlagt bevis p\u00e5 at du har returnert varene, avhengig av hva som kommer tidligst.<\/p>\n<p>Du m\u00e5 returnere eller overlevere varene til oss umiddelbart og under alle omstendigheter senest innen fjorten dager fra den dagen du informerer oss om at du har kansellert denne avtalen. Fristen er overholdt hvis du sender varene f\u00f8r fristen p\u00e5 fjorten dager er utl\u00f8pt. <\/p>\n<p>Du b\u00e6rer de direkte kostnadene ved \u00e5 returnere varene.<\/p>\n<p>Du m\u00e5 bare betale for verditap p\u00e5 varene hvis dette verditapet skyldes h\u00e5ndtering av varene som ikke er n\u00f8dvendig for \u00e5 kontrollere deres tilstand, egenskaper og funksjonalitet.<\/p>\n<h2>Eksempel p\u00e5 avbestillingsskjema<\/h2>\n<p>(Hvis du \u00f8nsker \u00e5 kansellere kontrakten, vennligst bruk den elektroniske kanselleringsfunksjonen som vi tilbyr p\u00e5 https:\/\/mini-bob.com\/vertrag-widerrufen\/ eller fyll ut dette skjemaet og send det tilbake til oss).<\/p>\n<p>- Til<\/p>\n<p>Loeger GmbH, Hauptstra\u00dfe 57, Tyskland, telefonnummer: +49(0)815892101, e-postadresse: info@mini-bob.com<\/p>\n<p>- Jeg\/vi (*) kansellerer herved avtalen som jeg\/vi (*) har inng\u00e5tt om kj\u00f8p av f\u00f8lgende varer (*)\/utf\u00f8relse av f\u00f8lgende tjeneste (*)<\/p>\n<p>- Bestilt den (*)\/mottatt den (*)<\/p>\n<p>- Navn p\u00e5 forbruker(e)<\/p>\n<p>- Adresse til forbrukeren(e)<\/p>\n<p>- Forbrukerens\/forbrukernes underskrift (kun ved melding p\u00e5 papir)<\/p>\n<p>- dato<\/p>\n<p>___________<br \/>\n(*) Stryk det som ikke passer.<\/p>\n","protected":false},"excerpt":{"rendered":"<p>Angrerett for forbrukere (En forbruker er enhver fysisk person som inng\u00e5r en rettshandel for form\u00e5l som hovedsakelig ligger utenfor vedkommendes n\u00e6ringsvirksomhet). Avbestillingsregler Rett til avbestilling Du har rett til \u00e5 kansellere denne kontrakten innen fjorten dager uten \u00e5 oppgi noen grunn. Avbestillingsfristen er fjorten dager fra datoen, der du eller en tredjepart som du har&hellip;<\/p>\n","protected":false},"author":1,"featured_media":0,"parent":0,"menu_order":0,"comment_status":"closed","ping_status":"closed","template":"","meta":{"_acf_changed":false,"footnotes":""},"class_list":["post-10125","page","type-page","status-publish","hentry","description-off"],"acf":[],"_links":{"self":[{"href":"https:\/\/mini-bob.com\/nb\/wp-json\/wp\/v2\/pages\/10125","targetHints":{"allow":["GET"]}}],"collection":[{"href":"https:\/\/mini-bob.com\/nb\/wp-json\/wp\/v2\/pages"}],"about":[{"href":"https:\/\/mini-bob.com\/nb\/wp-json\/wp\/v2\/types\/page"}],"author":[{"embeddable":true,"href":"https:\/\/mini-bob.com\/nb\/wp-json\/wp\/v2\/users\/1"}],"replies":[{"embeddable":true,"href":"https:\/\/mini-bob.com\/nb\/wp-json\/wp\/v2\/comments?post=10125"}],"version-history":[{"count":4,"href":"https:\/\/mini-bob.com\/nb\/wp-json\/wp\/v2\/pages\/10125\/revisions"}],"predecessor-version":[{"id":166370,"href":"https:\/\/mini-bob.com\/nb\/wp-json\/wp\/v2\/pages\/10125\/revisions\/166370"}],"wp:attachment":[{"href":"https:\/\/mini-bob.com\/nb\/wp-json\/wp\/v2\/media?parent=10125"}],"curies":[{"name":"wp","href":"https:\/\/api.w.org\/{rel}","templated":true}]}}