{"id":147523,"date":"2022-09-29T18:23:55","date_gmt":"2022-09-29T16:23:55","guid":{"rendered":"https:\/\/mini-bob.com\/betalingsmetoder\/"},"modified":"2022-09-29T18:23:55","modified_gmt":"2022-09-29T16:23:55","slug":"betalingsmetoder","status":"publish","type":"page","link":"https:\/\/mini-bob.com\/nb\/betalingsmetoder\/","title":{"rendered":"betalingsmetoder"},"content":{"rendered":"<div class=\"woocommerce woocommerce-gzd\">\n\t<ul class=\"payment_methods methods\">\n\t\t\t\t\t<li class=\"payment_method_bacs\">\n\t\t\t\t<label>\u00dcberweisung<\/label>\n\t\t\t\t\t\t\t\t\t<div class=\"payment_box payment_method_bacs\">\n\t\t\t\t\t\t<p>\u00dcberweise direkt an unsere Bankverbindung. Vennligst bruk bestillingsnummeret som Verwendungszweck. Din bestilling vil f\u00f8rst bli overf\u00f8rt til v\u00e5r konto etter at den er mottatt.  <\/p>\n\t\t\t\t\t<\/div>\n\t\t\t\t\t\t\t<\/li>\n\t\t\t\t\t<li class=\"payment_method_stripe\">\n\t\t\t\t<label>Kreditt- \/ debetkort<img decoding=\"async\" src=\"https:\/\/mini-bob.com\/wp-content\/plugins\/woocommerce-gateway-stripe\/assets\/images\/cards.svg\" class=\"stripe-cards-icon stripe-icon\" alt=\"Kreditt- \/ debetkort\" \/><\/label>\n\t\t\t\t\t\t\t\t\t<div class=\"payment_box payment_method_stripe\">\n\t\t\t\t\t\t<p>Per Kreditkarte mittels Stripe bezahlen.<\/p>\n\t\t\t\t\t<\/div>\n\t\t\t\t\t\t\t<\/li>\n\t\t\t\t\t<li class=\"payment_method_stripe_link\">\n\t\t\t\t<label>Link<\/label>\n\t\t\t\t\t\t\t\t\t<div class=\"payment_box payment_method_stripe_link\">\n\t\t\t\t\t\t<p><\/p>\n\t\t\t\t\t<\/div>\n\t\t\t\t\t\t\t<\/li>\n\t\t\t\t\t<li class=\"payment_method_ppcp-gateway\">\n\t\t\t\t<label>PayPal<\/label>\n\t\t\t\t\t\t\t\t\t<div class=\"payment_box payment_method_ppcp-gateway\">\n\t\t\t\t\t\t<p>Med v\u00e5r alt-i-ett-kassel\u00f8sning kan du tilby PayPal, Venmo, Betal senere-alternativer og mer for \u00e5 maksimere konverteringen.<\/p>\n\t\t\t\t\t<\/div>\n\t\t\t\t\t\t\t<\/li>\n\t\t\t\t\t<li class=\"payment_method_ppcp-credit-card-gateway\">\n\t\t\t\t<label>Debet- og kredittkort (PayPal)<\/label>\n\t\t\t\t\t\t\t\t\t<div class=\"payment_box payment_method_ppcp-credit-card-gateway\">\n\t\t\t\t\t\t<p>Bezahle mit deiner Kreditkarte.<\/p>\n\t\t\t\t\t<\/div>\n\t\t\t\t\t\t\t<\/li>\n\t\t\t<\/ul>\n<\/div>\n","protected":false},"excerpt":{"rendered":"<p>\u00dcberweisung \u00dcberweise direkt an unsere Bankverbindung. Vennligst bruk bestillingsnummeret som Verwendungszweck. Din bestilling vil f\u00f8rst bli overf\u00f8rt til v\u00e5r konto etter at den er mottatt. Kreditt- \/ debetkort Per Kreditkarte mittels Stripe bezahlen. Link PayPal Med v\u00e5r alt-i-ett-kassel\u00f8sning kan du tilby PayPal, Venmo, Betal senere-alternativer og mer for \u00e5 maksimere konverteringen. Debet- og kredittkort (PayPal)&hellip;<\/p>\n","protected":false},"author":1,"featured_media":0,"parent":0,"menu_order":0,"comment_status":"closed","ping_status":"closed","template":"","meta":{"_acf_changed":false,"footnotes":""},"class_list":["post-147523","page","type-page","status-publish","hentry","description-off"],"acf":[],"_links":{"self":[{"href":"https:\/\/mini-bob.com\/nb\/wp-json\/wp\/v2\/pages\/147523","targetHints":{"allow":["GET"]}}],"collection":[{"href":"https:\/\/mini-bob.com\/nb\/wp-json\/wp\/v2\/pages"}],"about":[{"href":"https:\/\/mini-bob.com\/nb\/wp-json\/wp\/v2\/types\/page"}],"author":[{"embeddable":true,"href":"https:\/\/mini-bob.com\/nb\/wp-json\/wp\/v2\/users\/1"}],"replies":[{"embeddable":true,"href":"https:\/\/mini-bob.com\/nb\/wp-json\/wp\/v2\/comments?post=147523"}],"version-history":[{"count":0,"href":"https:\/\/mini-bob.com\/nb\/wp-json\/wp\/v2\/pages\/147523\/revisions"}],"wp:attachment":[{"href":"https:\/\/mini-bob.com\/nb\/wp-json\/wp\/v2\/media?parent=147523"}],"curies":[{"name":"wp","href":"https:\/\/api.w.org\/{rel}","templated":true}]}}