{"id":151757,"date":"2017-01-20T21:03:33","date_gmt":"2017-01-20T20:03:33","guid":{"rendered":"https:\/\/mini-bob.com\/bob-sled-min-bob-den-ultimate-moderne-sleden\/"},"modified":"2023-03-19T16:48:16","modified_gmt":"2023-03-19T15:48:16","slug":"bob-sled-min-bob-den-ultimate-moderne-sleden","status":"publish","type":"page","link":"https:\/\/mini-bob.com\/nb\/bob-sled-min-bob-den-ultimate-moderne-sleden\/","title":{"rendered":"bob sled min bob - den ultimate moderne sleden"},"content":{"rendered":"<div class=\"wpb-content-wrapper\"><p>[vc_row][vc_column][vc_custom_heading text=&raquo;Slik ser bob-action ut i dag!&raquo; google_fonts=&raquo;font_family:Roboto%20Condensed%3A300%2C300italic%2Cregular%2Citalic%2C700%2C700italic|font_style:400%20regular%3A400%3Anormal&raquo;][vc_column_text]Den ultimate sleden for store og sm\u00e5, utpr\u00f8vd i mange tester - uendret og testet siden 1976.[\/vc_column_text][vc_video link=&raquo;https:\/\/player.vimeo.com\/video\/200398022&#8243;][vc_column_text]Kjenner du bare den &laquo;vanlige&raquo; trekjelken eller styringskjelken i plast? Da b\u00f8r du absolutt pr\u00f8ve den originale minibobben! En innovativ kjelke, selv om den har eksistert siden 1976, svikter konseptet aldri n\u00e5r det sammenlignes med tradisjonelle trekjelker. I mange sammenlignende tester for sleder viser det igjen og igjen hvor genialt og samtidig enkelt konseptet er. Dette er grunnen til at minibob allerede har blitt kopiert flere ganger og styrestangkonseptet imitert.<\/p>\n<p>N\u00e5r du kj\u00f8per en slede, m\u00e5 du s\u00f8rge for at du kj\u00f8per en original minibob - dessverre er det n\u00e5 mange billige kopier fra Fjern\u00f8sten, som ofte ikke oppfyller de n\u00f8dvendige h\u00f8ye sikkerhetsstandardene.<\/p>\n<p>Sledding 2.0 - den originale minibobben![\/vc_column_text][\/vc_column][\/vc_row][vc_row][vc_column][vc_empty_space][\/vc_column][\/vc_row][vc_row][vc_column][vc_custom_heading text=&raquo;den ultimate bobsleden av i dag&raquo; google_fonts=&raquo;font_family:Roboto%20Condensed%3A300%2C300italic%2Cregular%2Citalic%2C700%2C700italic|font_style:400%20regular%3A400%3Anormal&raquo;][vc_column_text]Oppfunnet p\u00e5 1970-tallet og fortsatt moderne - en tidl\u00f8s klassiker: minibobben.<\/p>\n<p>Hvis du leter etter en bobkjelke som er veldig morsom i sn\u00f8en og som kan mestres raskt, enkelt og trygt av b\u00e5de store og sm\u00e5, vil du helt sikkert bli forn\u00f8yd med v\u00e5r &laquo;mini bob&raquo; plastkjelke!<\/p>\n<p>Siden den ble oppfunnet i \u00d8sterrike p\u00e5 1970-tallet, har minibobben blitt produsert i Tyskland og har inspirert generasjoner siden den gang.<\/p>\n<p>Takket v\u00e6re den lette og robuste hule plastkonstruksjonen kan den lille bobkjelken transporteres og styres selv av de yngste barna. P\u00e5 grunn av den stabile konstruksjonen er selv store og tunge ryttere ikke noe problem for bobkjelken &laquo;mini bob&raquo; - opptil 100 kg er mulig![\/vc_column_text][\/vc_column][\/vc_row][vc_row][vc_column][vc_custom_heading text=&raquo;kj\u00f8p bob slede mini bob&raquo; google_fonts=&raquo;font_family:Roboto%20Condensed%3A300%2C300italic%2Cregular%2Citalic%2C700%2C700italic|font_style:400%20regular%3A400%3Anormal&raquo;][vc_column_text]<\/p>\n<h4>her kan du kj\u00f8pe den ultimate bobkjelken &laquo;mini bob&raquo;!<\/h4>\n<p>[\/vc_column_text]<style type=\"text\/css\" data-type=\"the7_shortcodes-inline-css\">#default-btn-b4d0ddd9f53c28124ff274a592e40d1c.ico-right-side > i {\n  margin-right: 0px;\n  margin-left: 8px;\n}\n#default-btn-b4d0ddd9f53c28124ff274a592e40d1c > i {\n  margin-right: 8px;\n}<\/style><a href=\"https:\/\/mini-bob.com\/mini-bob-zipfelbob-shop\/\" class=\"default-btn-shortcode dt-btn dt-btn-l pulse animate-element animation-builder link-hover-off btn-inline-left \" id=\"default-btn-b4d0ddd9f53c28124ff274a592e40d1c\" title=\"Original mini bob (kjelke) nettbutikk\"><span>KJ\u00d8P MINI BOB SLEDE<\/span><\/a>[\/vc_column][\/vc_row][vc_row][vc_column][vc_empty_space][\/vc_column][\/vc_row][vc_row][vc_column][vc_custom_heading text=&raquo;All informasjon om bobkjelke &laquo;mini bob&laquo;&raquo; google_fonts=&raquo;font_family:Roboto%20Condensed%3A300%2C300italic%2Cregular%2Citalic%2C700%2C700italic|font_style:400%20regular%3A400%3Anormal&raquo;][vc_single_image image=&raquo;5751&#8243; img_size=&raquo;large&raquo;][vc_column_text]bobslede<\/p>\n<p>P\u00e5 nettstedet v\u00e5rt finner du all informasjon du trenger om minibobens historie, helt frem til dagens utvikling. Hvis du har sp\u00f8rsm\u00e5l, kan du se v\u00e5re <a href=\"https:\/\/mini-bob.com\/nb\/faq\/\">omfattende vanlige sp\u00f8rsm\u00e5l<\/a> eller kontakte oss direkte.<\/p>\n<p>Hvis du \u00f8nsker \u00e5 kj\u00f8pe den originale minibobben, finner du den under &laquo;kj\u00f8p minibob&raquo;. Herfra kan du g\u00e5 til v\u00e5r butikk med spesialutgaver og til forhandlere som selger bobsleden online og i butikker.<\/p>\n<p>Hvis du leter etter informasjon om sleder, finner du ogs\u00e5 noen nyttige artikler i v\u00e5re nyheter.[\/vc_column_text][\/vc_column][\/vc_row]<\/p>\n<\/div>","protected":false},"excerpt":{"rendered":"<p>[vc_row][vc_column][vc_custom_heading text=&raquo;Slik ser bob-action ut i dag!&raquo; google_fonts=&raquo;font_family:Roboto%20Condensed%3A300%2C300italic%2Cregular%2Citalic%2C700%2C700italic|font_style:400%20regular%3A400%3Anormal&raquo;][vc_column_text]Den ultimate sleden for store og sm\u00e5, utpr\u00f8vd i mange tester - uendret og testet siden 1976.[\/vc_column_text][vc_video link=&raquo;https:\/\/player.vimeo.com\/video\/200398022&#8243;][vc_column_text]Kjenner du bare den &laquo;vanlige&raquo; trekjelken eller styringskjelken i plast? Da b\u00f8r du absolutt pr\u00f8ve den originale minibobben! En innovativ kjelke, selv om den har eksistert siden 1976, svikter konseptet aldri&hellip;<\/p>\n","protected":false},"author":1,"featured_media":0,"parent":0,"menu_order":0,"comment_status":"closed","ping_status":"closed","template":"","meta":{"_acf_changed":false,"footnotes":""},"class_list":["post-151757","page","type-page","status-publish","hentry","description-off"],"acf":[],"_links":{"self":[{"href":"https:\/\/mini-bob.com\/nb\/wp-json\/wp\/v2\/pages\/151757","targetHints":{"allow":["GET"]}}],"collection":[{"href":"https:\/\/mini-bob.com\/nb\/wp-json\/wp\/v2\/pages"}],"about":[{"href":"https:\/\/mini-bob.com\/nb\/wp-json\/wp\/v2\/types\/page"}],"author":[{"embeddable":true,"href":"https:\/\/mini-bob.com\/nb\/wp-json\/wp\/v2\/users\/1"}],"replies":[{"embeddable":true,"href":"https:\/\/mini-bob.com\/nb\/wp-json\/wp\/v2\/comments?post=151757"}],"version-history":[{"count":3,"href":"https:\/\/mini-bob.com\/nb\/wp-json\/wp\/v2\/pages\/151757\/revisions"}],"predecessor-version":[{"id":151760,"href":"https:\/\/mini-bob.com\/nb\/wp-json\/wp\/v2\/pages\/151757\/revisions\/151760"}],"wp:attachment":[{"href":"https:\/\/mini-bob.com\/nb\/wp-json\/wp\/v2\/media?parent=151757"}],"curies":[{"name":"wp","href":"https:\/\/api.w.org\/{rel}","templated":true}]}}