{"id":153916,"date":"2024-09-30T16:27:35","date_gmt":"2024-09-30T14:27:35","guid":{"rendered":"https:\/\/mini-bob.com\/fraktmetoder\/"},"modified":"2024-12-19T21:17:00","modified_gmt":"2024-12-19T20:17:00","slug":"fraktmetoder","status":"publish","type":"page","link":"https:\/\/mini-bob.com\/nb\/fraktmetoder\/","title":{"rendered":"Fraktmetoder"},"content":{"rendered":"<p>Fraktmetoder Prisinformasjon Fraktkostnadene avhenger av antall bestilte varer og fraktmetode. De vil bli kommunisert til deg under bestillingsprosessen. F\u00f8lgende liste er til informasjon og orientering. De faktiske fraktkostnadene fastsettes i l\u00f8pet av bestillingsprosessen, som kan kanselleres n\u00e5r som helst. Fraktkostnader: Innenfor Tyskland DHL Paket fastpris EUR 4,99 Utenfor Tyskland, men innenfor Europa* DHL Premium Paket fastpris EUR 10,50 Forsendelser til Sveits h\u00e5ndteres av DHL som forsikret pakke fastpris EUR 26,90 - v\u00e6r oppmerksom p\u00e5 tollbestemmelsene i ditt land! Forsendelser utenfor EU og andre land (f.eks. Norge, Finland) h\u00e5ndteres av DHL som en forsikret pakke til en fast pris p\u00e5 EUR 26,90 - v\u00e6r oppmerksom p\u00e5 tollbestemmelsene i ditt land! Kontant ved levering av forsendelser pluss DHL-gebyr p\u00e5 EUR 4,00 Alle priser for leveringsadresser i EU er inkl. mva. Tysk moms 19% - v\u00e6r oppmerksom p\u00e5 tollbestemmelsene i ditt land! *For leveranser utenfor Tyskland kan det p\u00e5l\u00f8pe ekstra toll, skatter og avgifter Returgebyr for DHL-pakker som ikke kan leveres (\u00a7 4, punkt 6 i GTC PAKET\/EXPRESS NATIONAL), med mindre DHL er ansvarlig for at pakken ikke kan leveres: EUR 4,99 per forsendelse. Returgebyret p\u00e5 EUR 4,99 vil ogs\u00e5 bli belastet for forh\u00e5ndsdisponering (\u00abumiddelbar retur\u00bb, \u00abuanbringelig melding\u00bb, planlagt levering\u00bb, \u2018ingen nabolagslevering\u2019) i alle tilfeller der det foretas en retur. De generelle vilk\u00e5rene for DHL Parcel\/Express National (GTC Parcel\/Express National) gjelder i gjeldende versjon (tilgjengelig p\u00e5 www.dhl.de).<\/p>\n","protected":false},"excerpt":{"rendered":"<p>Fraktmetoder Prisinformasjon Fraktkostnadene avhenger av antall bestilte varer og fraktmetode. De vil bli kommunisert til deg under bestillingsprosessen. F\u00f8lgende liste er til informasjon og orientering. De faktiske fraktkostnadene fastsettes i l\u00f8pet av bestillingsprosessen, som kan kanselleres n\u00e5r som helst. Fraktkostnader: Innenfor Tyskland DHL Paket fastpris EUR 4,99 Utenfor Tyskland, men innenfor Europa* DHL Premium Paket&hellip;<\/p>\n","protected":false},"author":1,"featured_media":0,"parent":0,"menu_order":0,"comment_status":"closed","ping_status":"closed","template":"","meta":{"_acf_changed":false,"footnotes":""},"class_list":["post-153916","page","type-page","status-publish","hentry","description-off"],"acf":[],"_links":{"self":[{"href":"https:\/\/mini-bob.com\/nb\/wp-json\/wp\/v2\/pages\/153916","targetHints":{"allow":["GET"]}}],"collection":[{"href":"https:\/\/mini-bob.com\/nb\/wp-json\/wp\/v2\/pages"}],"about":[{"href":"https:\/\/mini-bob.com\/nb\/wp-json\/wp\/v2\/types\/page"}],"author":[{"embeddable":true,"href":"https:\/\/mini-bob.com\/nb\/wp-json\/wp\/v2\/users\/1"}],"replies":[{"embeddable":true,"href":"https:\/\/mini-bob.com\/nb\/wp-json\/wp\/v2\/comments?post=153916"}],"version-history":[{"count":1,"href":"https:\/\/mini-bob.com\/nb\/wp-json\/wp\/v2\/pages\/153916\/revisions"}],"predecessor-version":[{"id":155452,"href":"https:\/\/mini-bob.com\/nb\/wp-json\/wp\/v2\/pages\/153916\/revisions\/155452"}],"wp:attachment":[{"href":"https:\/\/mini-bob.com\/nb\/wp-json\/wp\/v2\/media?parent=153916"}],"curies":[{"name":"wp","href":"https:\/\/api.w.org\/{rel}","templated":true}]}}