{"id":156486,"date":"2022-09-23T17:26:41","date_gmt":"2022-09-23T15:26:41","guid":{"rendered":"https:\/\/mini-bob.com\/den-turkise-mini-bob-zipflbob\/"},"modified":"2025-11-22T17:26:56","modified_gmt":"2025-11-22T16:26:56","slug":"den-turkise-mini-bob-zipflbob","status":"publish","type":"page","link":"https:\/\/mini-bob.com\/nb\/den-turkise-mini-bob-zipflbob\/","title":{"rendered":"den turkise mini bob \/ Zipflbob"},"content":{"rendered":"<div class=\"wpb-content-wrapper\"><p>[vc_row][vc_column width=&raquo;1\/2&#8243;][vc_single_image image=&raquo;147303&#8243; img_size=&raquo;large&raquo;][\/vc_column][vc_column width=&raquo;1\/2&#8243;][vc_custom_heading text=&raquo;Den originale mini bob (Zipflbob) i turkis&raquo; google_fonts=&raquo;font_family:Roboto%20Condensed%3A300%2C300italic%2Cregular%2Citalic%2C700%2C700italic|font_style:400%20regular%3A400%3Anormal&raquo;][vc_column_text]Den originale mini bob (Zipflbob) har v\u00e6rt tilgjengelig i spesialfargen turkis siden september 2022.<\/p>\n<p>Denne gangen erstatter ikke zipflbob i spesialfargen turkis zipflbob i spesialfargen rosa, som vanlig. Tvert imot! Den mintfargede originalen mini bob er et tilskudd til butikken v\u00e5r, slik at vi kan tilby v\u00e5re sm\u00e5 og store kunder et bredt utvalg av farger. Tro mot mottoet: jo mer fargerikt, jo bedre.<\/p>\n<p>Denne spesielle blandingen av bl\u00e5tt og gr\u00f8nt fanger \u00f8yeblikkelig blikket og vil v\u00e6re uunnv\u00e6rlig i 2022. Derfor var det viktig for oss \u00e5 produsere en original mini bob i trendfargen turkis. Og sterke farger g\u00e5r alltid spesielt godt hjem hos barn. Spesielt de lilla og turkise fargene minner om en popul\u00e6r isdronning, og hva passer vel bedre til sn\u00f8 enn den turkise Original mini bob?<\/p>\n<p>En lignende &laquo;petrol&raquo;-farget mini bob ble produsert allerede p\u00e5 1970-tallet og ble godt mottatt allerede den gang. Og som vi alle vet, gjentar en trend seg med noen \u00e5rs mellomrom. Da er det desto bedre at vi kan ta i bruk denne fargepaletten igjen og dermed bringe et stykke 70-tall inn i v\u00e5r egen tid.[\/vc_column_text]<style type=\"text\/css\" data-type=\"the7_shortcodes-inline-css\">#default-btn-5ca413fc885c8df07c2a135cd89c3f24.ico-right-side > i {\n  margin-right: 0px;\n  margin-left: 8px;\n}\n#default-btn-5ca413fc885c8df07c2a135cd89c3f24 > i {\n  margin-right: 8px;\n}<\/style><a href=\"https:\/\/mini-bob.com\/nb\/produkt\/original-mini-bob-zipfelbob-kjelke-i-turkis\/\" class=\"default-btn-shortcode dt-btn dt-btn-l pulse animate-element animation-builder link-hover-off btn-inline-left \" id=\"default-btn-5ca413fc885c8df07c2a135cd89c3f24\" title=\"++NY FARGE++ Original mini bob (zipflbob) i turkis\"><span>KJ\u00d8P TURKIS ZIPFLBOB<\/span><\/a>[\/vc_column][\/vc_row][vc_row][vc_column][vc_empty_space][\/vc_column][\/vc_row][vc_row][vc_column width=&raquo;1\/2&#8243;][vc_empty_space height=&raquo;60px&raquo;][vc_empty_space height=&raquo;60px&raquo;]<style type=\"text\/css\" data-type=\"the7_shortcodes-inline-css\">#default-btn-c2e38934366ede6c51e2f3f06b104ffa.ico-right-side > i {\n  margin-right: 0px;\n  margin-left: 8px;\n}\n#default-btn-c2e38934366ede6c51e2f3f06b104ffa > i {\n  margin-right: 8px;\n}<\/style><div class=\"btn-align-center\"><a href=\"https:\/\/mini-bob.com\/nb\/akebrett-mini-bob\/\" class=\"default-btn-shortcode dt-btn dt-btn-l pulse animate-element animation-builder link-hover-off \" id=\"default-btn-c2e38934366ede6c51e2f3f06b104ffa\" title=\"mini bob\"><span>MINI BOB I ANDRE FARGER<\/span><\/a><\/div>[vc_empty_space]<style type=\"text\/css\" data-type=\"the7_shortcodes-inline-css\">#default-btn-9314d51dc62288ea41c46f5647b8ee4d.ico-right-side > i {\n  margin-right: 0px;\n  margin-left: 8px;\n}\n#default-btn-9314d51dc62288ea41c46f5647b8ee4d > i {\n  margin-right: 8px;\n}<\/style><div class=\"btn-align-center\"><a href=\"https:\/\/mini-bob.com\/mini-bob-zipfelbob-shop\/\" class=\"default-btn-shortcode dt-btn dt-btn-l pulse animate-element animation-builder link-hover-off \" id=\"default-btn-9314d51dc62288ea41c46f5647b8ee4d\" title=\"Original mini bob (Zipflbob) Butikk\"><span>KLIKK HER FOR \u00c5 G\u00c5 DIREKTE TIL BUTIKKEN<\/span><\/a><\/div>[\/vc_column][vc_column width=&raquo;1\/2&#8243;][vc_single_image image=&raquo;147309&#8243; img_size=&raquo;large&raquo;][vc_column_text]Basert p\u00e5 en lignende bensinfarget Zipfybob fra 1970-tallet.[\/vc_column_text][\/vc_column][\/vc_row]<\/p>\n<\/div>","protected":false},"excerpt":{"rendered":"<p>[vc_row][vc_column width=&raquo;1\/2&#8243;][vc_single_image image=&raquo;147303&#8243; img_size=&raquo;large&raquo;][\/vc_column][vc_column width=&raquo;1\/2&#8243;][vc_custom_heading text=&raquo;Den originale mini bob (Zipflbob) i turkis&raquo; google_fonts=&raquo;font_family:Roboto%20Condensed%3A300%2C300italic%2Cregular%2Citalic%2C700%2C700italic|font_style:400%20regular%3A400%3Anormal&raquo;][vc_column_text]Den originale mini bob (Zipflbob) har v\u00e6rt tilgjengelig i spesialfargen turkis siden september 2022. Denne gangen erstatter ikke zipflbob i spesialfargen turkis zipflbob i spesialfargen rosa, som vanlig. Tvert imot! Den mintfargede originalen mini bob er et tilskudd til butikken v\u00e5r, slik at&hellip;<\/p>\n","protected":false},"author":3,"featured_media":0,"parent":0,"menu_order":0,"comment_status":"closed","ping_status":"closed","template":"","meta":{"_acf_changed":false,"footnotes":""},"class_list":["post-156486","page","type-page","status-publish","hentry","description-off"],"acf":[],"_links":{"self":[{"href":"https:\/\/mini-bob.com\/nb\/wp-json\/wp\/v2\/pages\/156486","targetHints":{"allow":["GET"]}}],"collection":[{"href":"https:\/\/mini-bob.com\/nb\/wp-json\/wp\/v2\/pages"}],"about":[{"href":"https:\/\/mini-bob.com\/nb\/wp-json\/wp\/v2\/types\/page"}],"author":[{"embeddable":true,"href":"https:\/\/mini-bob.com\/nb\/wp-json\/wp\/v2\/users\/3"}],"replies":[{"embeddable":true,"href":"https:\/\/mini-bob.com\/nb\/wp-json\/wp\/v2\/comments?post=156486"}],"version-history":[{"count":4,"href":"https:\/\/mini-bob.com\/nb\/wp-json\/wp\/v2\/pages\/156486\/revisions"}],"predecessor-version":[{"id":156499,"href":"https:\/\/mini-bob.com\/nb\/wp-json\/wp\/v2\/pages\/156486\/revisions\/156499"}],"wp:attachment":[{"href":"https:\/\/mini-bob.com\/nb\/wp-json\/wp\/v2\/media?parent=156486"}],"curies":[{"name":"wp","href":"https:\/\/api.w.org\/{rel}","templated":true}]}}