{"id":156540,"date":"2022-08-22T16:16:54","date_gmt":"2022-08-22T14:16:54","guid":{"rendered":"https:\/\/mini-bob.com\/den-rosa-mini-bob-zipflbob\/"},"modified":"2025-11-22T17:27:10","modified_gmt":"2025-11-22T16:27:10","slug":"den-rosa-mini-bob-zipflbob","status":"publish","type":"page","link":"https:\/\/mini-bob.com\/nb\/den-rosa-mini-bob-zipflbob\/","title":{"rendered":"Den rosa mini bob \/ Zipflbob"},"content":{"rendered":"<div class=\"wpb-content-wrapper\"><p>[vc_row][vc_column width=&raquo;1\/2&#8243;][vc_single_image image=&raquo;141008&#8243; img_size=&raquo;large&raquo;][\/vc_column][vc_column width=&raquo;1\/2&#8243;][vc_custom_heading text=&raquo;Den originale mini bob (Zipflbob) i rosa&raquo; google_fonts=&raquo;font_family:Roboto%20Condensed%3A300%2C300italic%2Cregular%2Citalic%2C700%2C700italic|font_style:400%20regular%3A400%3Anormal&raquo;][vc_column_text]Mini bob (Zipflbob) har v\u00e6rt tilgjengelig i spesialfargen rosa siden 2020.<\/p>\n<p>Etter den neonrosa mini bob (1980-tallet), den lilla mini bob (1990-tallet), Zipflbob i Milka-design (2000-tallet) og Zipflbob i &laquo;lilla&raquo; (2010-tallet), fulgte endelig den \u00f8nskede rosa-fargede original mini bob i 2020.<br \/>\nDen store ettersp\u00f8rselen etter en &laquo;jentete&raquo; plastbob f\u00f8rte oss til v\u00e5r spesielle farge: rosa.<br \/>\nFor hva kunne vel passe bedre til Zipfibob fra 1970-tallet enn fargen rosa (hvis navn kommer fra blomsten med samme navn), som ble et feminint symbol p\u00e5 1970-tallet? Det stemmer, den rosa fargede originale mini bob&#8217;en. <\/p>\n<p>I mer enn 45 \u00e5r har vi brukt disse fargene om og om igjen, slik at den ber\u00f8mte zipflboben hele tiden skifter farge.[\/vc_column_text][\/vc_column][\/vc_row][vc_row][vc_column width=&raquo;1\/2&#8243;][vc_empty_space height=&raquo;200px&raquo;]<style type=\"text\/css\" data-type=\"the7_shortcodes-inline-css\">#default-btn-f1c3a25ab683ebd5162f709d2adf1c20.ico-right-side > i {\n  margin-right: 0px;\n  margin-left: 8px;\n}\n#default-btn-f1c3a25ab683ebd5162f709d2adf1c20 > i {\n  margin-right: 8px;\n}<\/style><a href=\"https:\/\/mini-bob.com\/nb\/produkt\/original-mini-bob-zipflbob-akebrett-i-rosa\/\" class=\"default-btn-shortcode dt-btn dt-btn-l pulse animate-element animation-builder link-hover-off btn-inline-left \" id=\"default-btn-f1c3a25ab683ebd5162f709d2adf1c20\" title=\"original mini bob (Zipfelbob) in pink\"><span>KJ\u00d8P ROSA ZIPFLBOB<\/span><\/a>[vc_empty_space]<style type=\"text\/css\" data-type=\"the7_shortcodes-inline-css\">#default-btn-bd54386a6c0e84e38fa1c6eee4ac46d3.ico-right-side > i {\n  margin-right: 0px;\n  margin-left: 8px;\n}\n#default-btn-bd54386a6c0e84e38fa1c6eee4ac46d3 > i {\n  margin-right: 8px;\n}<\/style><a href=\"https:\/\/mini-bob.com\/nb\/akebrett-mini-bob\/\" class=\"default-btn-shortcode dt-btn dt-btn-l pulse animate-element animation-builder link-hover-off btn-inline-left \" id=\"default-btn-bd54386a6c0e84e38fa1c6eee4ac46d3\" title=\"der mini bob\"><span>MINI BOB I ANDRE FARGER<\/span><\/a>[vc_empty_space]<style type=\"text\/css\" data-type=\"the7_shortcodes-inline-css\">#default-btn-1456b6708678fba44f25293009e3144e.ico-right-side > i {\n  margin-right: 0px;\n  margin-left: 8px;\n}\n#default-btn-1456b6708678fba44f25293009e3144e > i {\n  margin-right: 8px;\n}<\/style><a href=\"https:\/\/mini-bob.com\/mini-bob-zipfelbob-shop\/\" class=\"default-btn-shortcode dt-btn dt-btn-l pulse animate-element animation-builder link-hover-off btn-inline-left \" id=\"default-btn-1456b6708678fba44f25293009e3144e\" title=\"Original mini bob (Zipfelbob) Shop\"><span>KLIKK HER FOR \u00c5 G\u00c5 DIREKTE TIL BUTIKKEN<\/span><\/a>[\/vc_column][vc_column width=&raquo;1\/2&#8243;][vc_single_image image=&raquo;140995&#8243; img_size=&raquo;large&raquo;][\/vc_column][\/vc_row][vc_row][vc_column][vc_single_image image=&raquo;140944&#8243; img_size=&raquo;full&raquo; alignment=&raquo;center&raquo;][\/vc_column][\/vc_row]<\/p>\n<\/div>","protected":false},"excerpt":{"rendered":"<p>[vc_row][vc_column width=&raquo;1\/2&#8243;][vc_single_image image=&raquo;141008&#8243; img_size=&raquo;large&raquo;][\/vc_column][vc_column width=&raquo;1\/2&#8243;][vc_custom_heading text=&raquo;Den originale mini bob (Zipflbob) i rosa&raquo; google_fonts=&raquo;font_family:Roboto%20Condensed%3A300%2C300italic%2Cregular%2Citalic%2C700%2C700italic|font_style:400%20regular%3A400%3Anormal&raquo;][vc_column_text]Mini bob (Zipflbob) har v\u00e6rt tilgjengelig i spesialfargen rosa siden 2020. Etter den neonrosa mini bob (1980-tallet), den lilla mini bob (1990-tallet), Zipflbob i Milka-design (2000-tallet) og Zipflbob i &laquo;lilla&raquo; (2010-tallet), fulgte endelig den \u00f8nskede rosa-fargede original mini bob i 2020. Den store&hellip;<\/p>\n","protected":false},"author":3,"featured_media":0,"parent":0,"menu_order":0,"comment_status":"closed","ping_status":"closed","template":"","meta":{"_acf_changed":false,"footnotes":""},"class_list":["post-156540","page","type-page","status-publish","hentry","description-off"],"acf":[],"_links":{"self":[{"href":"https:\/\/mini-bob.com\/nb\/wp-json\/wp\/v2\/pages\/156540","targetHints":{"allow":["GET"]}}],"collection":[{"href":"https:\/\/mini-bob.com\/nb\/wp-json\/wp\/v2\/pages"}],"about":[{"href":"https:\/\/mini-bob.com\/nb\/wp-json\/wp\/v2\/types\/page"}],"author":[{"embeddable":true,"href":"https:\/\/mini-bob.com\/nb\/wp-json\/wp\/v2\/users\/3"}],"replies":[{"embeddable":true,"href":"https:\/\/mini-bob.com\/nb\/wp-json\/wp\/v2\/comments?post=156540"}],"version-history":[{"count":4,"href":"https:\/\/mini-bob.com\/nb\/wp-json\/wp\/v2\/pages\/156540\/revisions"}],"predecessor-version":[{"id":156558,"href":"https:\/\/mini-bob.com\/nb\/wp-json\/wp\/v2\/pages\/156540\/revisions\/156558"}],"wp:attachment":[{"href":"https:\/\/mini-bob.com\/nb\/wp-json\/wp\/v2\/media?parent=156540"}],"curies":[{"name":"wp","href":"https:\/\/api.w.org\/{rel}","templated":true}]}}