{"id":156573,"date":"2018-01-08T10:13:22","date_gmt":"2018-01-08T09:13:22","guid":{"rendered":"https:\/\/mini-bob.com\/stielbob-kjoep\/"},"modified":"2025-11-22T17:27:16","modified_gmt":"2025-11-22T16:27:16","slug":"stielbob-kjoep","status":"publish","type":"page","link":"https:\/\/mini-bob.com\/nb\/stielbob-kjoep\/","title":{"rendered":"Stielbob - kj\u00f8p"},"content":{"rendered":"<div class=\"wpb-content-wrapper\"><p>[vc_row][vc_column][vc_custom_heading text=&raquo;mini bob - oppfinnerne av h\u00e5ndtaksbobben - bobben med h\u00e5ndtak&raquo; font_container=&raquo;tag:h1|text_align:left&raquo; google_fonts=&raquo;font_family:Roboto%20Condensed%3A300%2C300italic%2Cregular%2Citalic%2C700%2C700italic|font_style:400%20regular%3A400%3Anormal&raquo;][vc_column_text]<\/p>\n<p style=\"text-align: center;\"><iframe loading=\"lazy\" src=\"https:\/\/www.youtube.com\/embed\/gqhoRT8uukk?rel=0&amp;controls=0&amp;showinfo=0&amp;autoplay=1\" width=\"560\" height=\"315\" frameborder=\"0\" allowfullscreen=\"allowfullscreen\"><\/iframe><\/p>\n<p>[\/vc_column_text][\/vc_column][\/vc_row][vc_row][vc_column][vc_column_text]Leter du etter den originale Stiel bob? Du kan kj\u00f8pe den <g id=\"gid_0\">originale mini bob <\/g>hos oss! &laquo;Made in Germany since 1976&#8243; er hvordan mini bob har blitt kjent takket v\u00e6re sitt unike styre- og bremseh\u00e5ndtak.  <\/p>\n<p>Stielbob kjennetegnes av h\u00f8y kvalitet og lang levetid - den er rask og enkel \u00e5 kontrollere og sikker \u00e5 styre og bremse.<\/p>\n<p>Takket v\u00e6re styreh\u00e5ndtaket kan du n\u00e5r som helst bremse bob-en trygt og raskt - bare trekk h\u00e5ndtaket mot deg og brems med bakkanten for \u00e5 stoppe mini bob-en.<\/p>\n<p>Ved \u00e5 flytte vekten din kan du enkelt og presist skj\u00e6re svinger gjennom sn\u00f8en med Stielbob. Takket v\u00e6re det sikre grepet har du alltid full kontroll. <\/p>\n<p>Profesjonelle kan mestre svingene enda tettere ved \u00e5 holde fast i staven med bare \u00e9n h\u00e5nd og ber\u00f8re sn\u00f8en med h\u00e5nden p\u00e5 innsiden av svingen.<\/p>\n<p>Maxi moro med mini bob - den ultimate h\u00e5ndtaksbobben![\/vc_column_text][\/vc_column][\/vc_row][vc_row][vc_column][vc_empty_space][\/vc_column][\/vc_row][vc_row][vc_column][vc_custom_heading text=&raquo;kj\u00f8p original h\u00e5ndtak bob - den originale mini bob&raquo; google_fonts=&raquo;font_family:Roboto%20Condensed%3A300%2C300italic%2Cregular%2Citalic%2C700%2C700italic|font_style:400%20regular%3A400%3Anormal&raquo;][vc_empty_space][vc_cta h2=&raquo;Her kan du kj\u00f8pe Original Stielbob - mini bob!&raquo; add_button=&raquo;right&raquo; btn_title=&raquo;KJ\u00d8P STIELBOB&raquo; btn_shape=&raquo;square&raquo; btn_link=&raquo;url:https%3A%2F%2Fmini-bob.com%2Fmini-bob-zipfelbob-shop%2F|title:Original%20mini%20bob%20%28Zipflbob%29%20Butikk|&raquo;]kj\u00f8p den originale Stielbob fra 1976![\/vc_cta][\/vc_column][\/vc_row][vc_row][vc_column][vc_empty_space][\/vc_column][\/vc_row][vc_row][vc_column][vc_custom_heading text=&raquo;mini bob - det originale h\u00e5ndtaket bob!&raquo; google_fonts=&raquo;font_family:Roboto%20Condensed%3A300%2C300italic%2Cregular%2Citalic%2C700%2C700italic|font_style:400%20regular%3A400%3Anormal&raquo;]<style type=\"text\/css\" data-type=\"the7_shortcodes-inline-css\">.gallery-shortcode.gallery-masonry-shortcode-id-17cc640280095f02b2e90fd3db988cd6 figure,\n.gallery-shortcode.gallery-masonry-shortcode-id-17cc640280095f02b2e90fd3db988cd6 .rollover,\n.gallery-shortcode.gallery-masonry-shortcode-id-17cc640280095f02b2e90fd3db988cd6 img,\n.gallery-shortcode.gallery-masonry-shortcode-id-17cc640280095f02b2e90fd3db988cd6 .gallery-rollover {\n  border-radius: 0px;\n}\n.gallery-shortcode.gallery-masonry-shortcode-id-17cc640280095f02b2e90fd3db988cd6.enable-bg-rollover .gallery-rollover {\n  background: -webkit-linear-gradient();\n  background: linear-gradient();\n}\n.gallery-shortcode.gallery-masonry-shortcode-id-17cc640280095f02b2e90fd3db988cd6.enable-bg-rollover.hover-scale figure .rollover:after {\n  background: -webkit-linear-gradient();\n  background: linear-gradient();\n}\n.gallery-shortcode.gallery-masonry-shortcode-id-17cc640280095f02b2e90fd3db988cd6 .gallery-zoom-ico {\n  width: 44px;\n  height: 44px;\n  line-height: 44px;\n  border-radius: 100px;\n  margin: -22px 0 0 -22px;\n  border-width: 0px;\n  color: #ffffff;\n}\n.dt-icon-bg-on.gallery-shortcode.gallery-masonry-shortcode-id-17cc640280095f02b2e90fd3db988cd6 .gallery-zoom-ico {\n  background: rgba(255,255,255,0.3);\n  box-shadow: none;\n}\n.gallery-shortcode.gallery-masonry-shortcode-id-17cc640280095f02b2e90fd3db988cd6 .gallery-zoom-ico:before,\n.gallery-shortcode.gallery-masonry-shortcode-id-17cc640280095f02b2e90fd3db988cd6 .gallery-zoom-ico span {\n  font-size: 32px;\n  line-height: 44px;\n  color: #ffffff;\n}\n.gallery-shortcode.gallery-masonry-shortcode-id-17cc640280095f02b2e90fd3db988cd6:not(.resize-by-browser-width) .dt-css-grid {\n  grid-row-gap: 10px;\n  grid-column-gap: 10px;\n  grid-template-columns: repeat(auto-fill,minmax(,1fr));\n}\n.gallery-shortcode.gallery-masonry-shortcode-id-17cc640280095f02b2e90fd3db988cd6:not(.resize-by-browser-width) .dt-css-grid .double-width {\n  grid-column: span 2;\n}\n.cssgridlegacy.no-cssgrid .gallery-shortcode.gallery-masonry-shortcode-id-17cc640280095f02b2e90fd3db988cd6:not(.resize-by-browser-width) .dt-css-grid,\n.no-cssgridlegacy.no-cssgrid .gallery-shortcode.gallery-masonry-shortcode-id-17cc640280095f02b2e90fd3db988cd6:not(.resize-by-browser-width) .dt-css-grid {\n  display: flex;\n  flex-flow: row wrap;\n  margin: -5px;\n}\n.cssgridlegacy.no-cssgrid .gallery-shortcode.gallery-masonry-shortcode-id-17cc640280095f02b2e90fd3db988cd6:not(.resize-by-browser-width) .dt-css-grid .wf-cell,\n.no-cssgridlegacy.no-cssgrid .gallery-shortcode.gallery-masonry-shortcode-id-17cc640280095f02b2e90fd3db988cd6:not(.resize-by-browser-width) .dt-css-grid .wf-cell {\n  flex: 1 0 ;\n  max-width: 100%;\n  padding: 5px;\n  box-sizing: border-box;\n}\n.gallery-shortcode.gallery-masonry-shortcode-id-17cc640280095f02b2e90fd3db988cd6.resize-by-browser-width .dt-css-grid {\n  grid-template-columns: repeat(5,1fr);\n  grid-template-rows: auto;\n  grid-column-gap: 10px;\n  grid-row-gap: 10px;\n}\n.gallery-shortcode.gallery-masonry-shortcode-id-17cc640280095f02b2e90fd3db988cd6.resize-by-browser-width .dt-css-grid .double-width {\n  grid-column: span 2;\n}\n.cssgridlegacy.no-cssgrid .gallery-shortcode.gallery-masonry-shortcode-id-17cc640280095f02b2e90fd3db988cd6.resize-by-browser-width .dt-css-grid {\n  margin: -5px;\n}\n.cssgridlegacy.no-cssgrid .gallery-shortcode.gallery-masonry-shortcode-id-17cc640280095f02b2e90fd3db988cd6.resize-by-browser-width .dt-css-grid .wf-cell {\n  width: 20%;\n  padding: 5px;\n}\n.cssgridlegacy.no-cssgrid .gallery-shortcode.gallery-masonry-shortcode-id-17cc640280095f02b2e90fd3db988cd6.resize-by-browser-width .dt-css-grid .wf-cell.double-width {\n  width: calc(20%) * 2;\n}\n.gallery-shortcode.gallery-masonry-shortcode-id-17cc640280095f02b2e90fd3db988cd6.resize-by-browser-width:not(.centered-layout-list):not(.content-bg-on) .dt-css-grid {\n  grid-row-gap: 10px - ;\n}\n@media screen and (max-width: 1199px) {\n  .gallery-shortcode.gallery-masonry-shortcode-id-17cc640280095f02b2e90fd3db988cd6.resize-by-browser-width .dt-css-grid {\n    grid-template-columns: repeat(4,1fr);\n  }\n  .cssgridlegacy.no-cssgrid .gallery-shortcode.gallery-masonry-shortcode-id-17cc640280095f02b2e90fd3db988cd6.resize-by-browser-width .dt-css-grid .wf-cell,\n  .no-cssgridlegacy.no-cssgrid .gallery-shortcode.gallery-masonry-shortcode-id-17cc640280095f02b2e90fd3db988cd6.resize-by-browser-width .dt-css-grid .wf-cell {\n    width: 25%;\n  }\n  .cssgridlegacy.no-cssgrid .gallery-shortcode.gallery-masonry-shortcode-id-17cc640280095f02b2e90fd3db988cd6.resize-by-browser-width .dt-css-grid .wf-cell.double-width,\n  .no-cssgridlegacy.no-cssgrid .gallery-shortcode.gallery-masonry-shortcode-id-17cc640280095f02b2e90fd3db988cd6.resize-by-browser-width .dt-css-grid .wf-cell.double-width {\n    width: calc(25%)*2;\n  }\n}\n@media screen and (max-width: 991px) {\n  .gallery-shortcode.gallery-masonry-shortcode-id-17cc640280095f02b2e90fd3db988cd6.resize-by-browser-width .dt-css-grid {\n    grid-template-columns: repeat(3,1fr);\n  }\n  .cssgridlegacy.no-cssgrid .gallery-shortcode.gallery-masonry-shortcode-id-17cc640280095f02b2e90fd3db988cd6.resize-by-browser-width .dt-css-grid .wf-cell,\n  .no-cssgridlegacy.no-cssgrid .gallery-shortcode.gallery-masonry-shortcode-id-17cc640280095f02b2e90fd3db988cd6.resize-by-browser-width .dt-css-grid .wf-cell {\n    width: 33.333333333333%;\n  }\n  .cssgridlegacy.no-cssgrid .gallery-shortcode.gallery-masonry-shortcode-id-17cc640280095f02b2e90fd3db988cd6.resize-by-browser-width .dt-css-grid .wf-cell.double-width,\n  .no-cssgridlegacy.no-cssgrid .gallery-shortcode.gallery-masonry-shortcode-id-17cc640280095f02b2e90fd3db988cd6.resize-by-browser-width .dt-css-grid .wf-cell.double-width {\n    width: calc(33.333333333333%)*2;\n  }\n}\n@media screen and (max-width: 767px) {\n  .gallery-shortcode.gallery-masonry-shortcode-id-17cc640280095f02b2e90fd3db988cd6.resize-by-browser-width .dt-css-grid {\n    grid-template-columns: repeat(2,1fr);\n  }\n  .cssgridlegacy.no-cssgrid .gallery-shortcode.gallery-masonry-shortcode-id-17cc640280095f02b2e90fd3db988cd6.resize-by-browser-width .dt-css-grid .wf-cell,\n  .no-cssgridlegacy.no-cssgrid .gallery-shortcode.gallery-masonry-shortcode-id-17cc640280095f02b2e90fd3db988cd6.resize-by-browser-width .dt-css-grid .wf-cell {\n    width: 50%;\n  }\n  .cssgridlegacy.no-cssgrid .gallery-shortcode.gallery-masonry-shortcode-id-17cc640280095f02b2e90fd3db988cd6.resize-by-browser-width .dt-css-grid .wf-cell.double-width,\n  .no-cssgridlegacy.no-cssgrid .gallery-shortcode.gallery-masonry-shortcode-id-17cc640280095f02b2e90fd3db988cd6.resize-by-browser-width .dt-css-grid .wf-cell.double-width {\n    width: calc(50%)*2;\n  }\n}<\/style><div class=\"gallery-shortcode dt-gallery-container gallery-masonry-shortcode-id-17cc640280095f02b2e90fd3db988cd6 mode-masonry jquery-filter dt-icon-bg-off quick-scale-img enable-bg-rollover resize-by-browser-width  hover-fade loading-effect-fade-in description-on-hover\" data-padding=\"5px\" data-cur-page=\"1\" data-post-limit=\"-1\" data-pagination-mode=\"none\" data-desktop-columns-num=\"5\" data-v-tablet-columns-num=\"3\" data-h-tablet-columns-num=\"4\" data-phone-columns-num=\"2\" data-width=\"0px\" data-columns=\"0\"><div class=\"iso-container\" ><div class=\"wf-cell iso-item\" data-post-id=\"146192\" data-date=\"2018-08-06T11:09:31+02:00\" data-name=\"zipflbob-rot-minibob-im-schnee\"><figure class=\"post visible\"><a href=\"https:\/\/mini-bob.com\/wp-content\/uploads\/2017\/10\/zipflbob-rot-minibob-im-schnee.jpg\" class=\"rollover dt-pswp-item layzr-bg\" data-large_image_width=\"683\" data-large_image_height=\"683\" data-dt-img-description=\"\" title=\"zipflbob-rot-minibob-im-schnee\"><img fetchpriority=\"high\" decoding=\"async\" class=\"preload-me iso-lazy-load aspect\" src=\"data:image\/svg+xml,%3Csvg%20xmlns%3D&#039;http%3A%2F%2Fwww.w3.org%2F2000%2Fsvg&#039;%20viewBox%3D&#039;0%200%20379%20379&#039;%2F%3E\" data-src=\"https:\/\/mini-bob.com\/wp-content\/uploads\/2017\/10\/zipflbob-rot-minibob-im-schnee-379x379.jpg\" data-srcset=\"https:\/\/mini-bob.com\/wp-content\/uploads\/2017\/10\/zipflbob-rot-minibob-im-schnee-379x379.jpg 379w, https:\/\/mini-bob.com\/wp-content\/uploads\/2017\/10\/zipflbob-rot-minibob-im-schnee-569x569.jpg 569w\" loading=\"eager\" style=\"--ratio: 379 \/ 379\" sizes=\"(max-width: 379px) 100vw, 379px\" alt=\"\" width=\"379\" height=\"379\"><span class=\"gallery-rollover\"><span class=\"gallery-zoom-ico icomoon-the7-font-the7-zoom-06\"><span><\/span><\/span><\/span><\/a><\/figure><\/div><div class=\"wf-cell iso-item\" data-post-id=\"146176\" data-date=\"2018-08-06T10:49:46+02:00\" data-name=\"minibob zipflbob gr\u00f8nn glitter i sn\u00f8en\"><figure class=\"post visible\"><a href=\"https:\/\/mini-bob.com\/wp-content\/uploads\/2015\/12\/minibob-zipfelbob-gr\u00fcn-glitter-im-schnee.jpg\" class=\"rollover dt-pswp-item layzr-bg\" data-large_image_width=\"683\" data-large_image_height=\"683\" data-dt-img-description=\"\" title=\"minibob zipflbob gr\u00f8nn glitter i sn\u00f8en\"><img decoding=\"async\" class=\"preload-me iso-lazy-load aspect\" src=\"data:image\/svg+xml,%3Csvg%20xmlns%3D&#039;http%3A%2F%2Fwww.w3.org%2F2000%2Fsvg&#039;%20viewBox%3D&#039;0%200%20379%20379&#039;%2F%3E\" data-src=\"https:\/\/mini-bob.com\/wp-content\/uploads\/2015\/12\/minibob-zipfelbob-gr\u00fcn-glitter-im-schnee-379x379.jpg\" data-srcset=\"https:\/\/mini-bob.com\/wp-content\/uploads\/2015\/12\/minibob-zipfelbob-gr\u00fcn-glitter-im-schnee-379x379.jpg 379w, https:\/\/mini-bob.com\/wp-content\/uploads\/2015\/12\/minibob-zipfelbob-gr\u00fcn-glitter-im-schnee-569x569.jpg 569w\" loading=\"eager\" style=\"--ratio: 379 \/ 379\" sizes=\"(max-width: 379px) 100vw, 379px\" alt=\"\" width=\"379\" height=\"379\"><span class=\"gallery-rollover\"><span class=\"gallery-zoom-ico icomoon-the7-font-the7-zoom-06\"><span><\/span><\/span><\/span><\/a><\/figure><\/div><div class=\"wf-cell iso-item\" data-post-id=\"6496\" data-date=\"2017-10-15T16:19:04+02:00\" data-name=\"Mini Bob 4.10.2012 36603\"><figure class=\"post visible\"><a href=\"https:\/\/mini-bob.com\/wp-content\/uploads\/2017\/10\/Mini-Bob-4.10.2012-36603.jpg\" class=\"rollover dt-pswp-item layzr-bg\" data-large_image_width=\"1134\" data-large_image_height=\"1058\" data-dt-img-description=\"\" title=\"Mini Bob 4.10.2012 36603\"><img decoding=\"async\" class=\"preload-me iso-lazy-load aspect\" src=\"data:image\/svg+xml,%3Csvg%20xmlns%3D&#39;http%3A%2F%2Fwww.w3.org%2F2000%2Fsvg&#39;%20viewBox%3D&#39;0%200%20379%20379&#39;%2F%3E\" data-src=\"https:\/\/mini-bob.com\/wp-content\/uploads\/2017\/10\/Mini-Bob-4.10.2012-36603-379x379.jpg\" data-srcset=\"https:\/\/mini-bob.com\/wp-content\/uploads\/2017\/10\/Mini-Bob-4.10.2012-36603-379x379.jpg 379w, https:\/\/mini-bob.com\/wp-content\/uploads\/2017\/10\/Mini-Bob-4.10.2012-36603-569x569.jpg 569w\" loading=\"eager\" style=\"--ratio: 379 \/ 379\" sizes=\"(max-width: 379px) 100vw, 379px\" alt=\"Zipfelbob orange\" width=\"379\" height=\"379\"  \/><span class=\"gallery-rollover\"><span class=\"gallery-zoom-ico icomoon-the7-font-the7-zoom-06\"><span><\/span><\/span><\/span><\/a><\/figure><\/div><div class=\"wf-cell iso-item\" data-post-id=\"10159\" data-date=\"2018-09-01T18:23:01+02:00\" data-name=\"Zipflbob bl\u00e5 i sn\u00f8en\"><figure class=\"post visible\"><a href=\"https:\/\/mini-bob.com\/wp-content\/uploads\/2017\/10\/minibob-blau-zipfelbob.jpg\" class=\"rollover dt-pswp-item layzr-bg\" data-large_image_width=\"683\" data-large_image_height=\"683\" data-dt-img-description=\"\" title=\"Zipflbob bl\u00e5 i sn\u00f8en\"><img decoding=\"async\" class=\"preload-me iso-lazy-load aspect\" src=\"data:image\/svg+xml,%3Csvg%20xmlns%3D&#39;http%3A%2F%2Fwww.w3.org%2F2000%2Fsvg&#39;%20viewBox%3D&#39;0%200%20379%20379&#39;%2F%3E\" data-src=\"https:\/\/mini-bob.com\/wp-content\/uploads\/2017\/10\/minibob-blau-zipfelbob-379x379.jpg\" data-srcset=\"https:\/\/mini-bob.com\/wp-content\/uploads\/2017\/10\/minibob-blau-zipfelbob-379x379.jpg 379w, https:\/\/mini-bob.com\/wp-content\/uploads\/2017\/10\/minibob-blau-zipfelbob-569x569.jpg 569w\" loading=\"eager\" style=\"--ratio: 379 \/ 379\" sizes=\"(max-width: 379px) 100vw, 379px\" alt=\"bl\u00e5 zipflbob\" width=\"379\" height=\"379\"  \/><span class=\"gallery-rollover\"><span class=\"gallery-zoom-ico icomoon-the7-font-the7-zoom-06\"><span><\/span><\/span><\/span><\/a><\/figure><\/div><div class=\"wf-cell iso-item\" data-post-id=\"4029\" data-date=\"2015-09-05T18:46:20+02:00\" data-name=\"Zipflbob Rotschers blogg\"><figure class=\"post visible\"><a href=\"https:\/\/mini-bob.com\/wp-content\/uploads\/2015\/09\/Zipfelbob-002.jpg\" class=\"rollover dt-pswp-item layzr-bg\" data-large_image_width=\"1000\" data-large_image_height=\"666\" data-dt-img-description=\"\" title=\"Zipflbob Rotschers blogg\"><img decoding=\"async\" class=\"preload-me iso-lazy-load aspect\" src=\"data:image\/svg+xml,%3Csvg%20xmlns%3D&#39;http%3A%2F%2Fwww.w3.org%2F2000%2Fsvg&#39;%20viewBox%3D&#39;0%200%20379%20379&#39;%2F%3E\" data-src=\"https:\/\/mini-bob.com\/wp-content\/uploads\/2015\/09\/Zipfelbob-002-379x379.jpg\" data-srcset=\"https:\/\/mini-bob.com\/wp-content\/uploads\/2015\/09\/Zipfelbob-002-379x379.jpg 379w, https:\/\/mini-bob.com\/wp-content\/uploads\/2015\/09\/Zipfelbob-002-569x569.jpg 569w\" loading=\"eager\" style=\"--ratio: 379 \/ 379\" sizes=\"(max-width: 379px) 100vw, 379px\" alt=\"Zipflbob Rotschers blogg\" width=\"379\" height=\"379\"  \/><span class=\"gallery-rollover\"><span class=\"gallery-zoom-ico icomoon-the7-font-the7-zoom-06\"><span><\/span><\/span><\/span><\/a><\/figure><\/div><\/div><!-- iso-container|iso-grid --><\/div>[vc_empty_space][vc_single_image image=&raquo;4048&#8243; img_size=&raquo;full&raquo;][\/vc_column][\/vc_row][vc_row][vc_column][vc_column_text]I v\u00e5r butikk finner du den originale mini bob med det geniale h\u00e5ndtaket som styreh\u00e5ndtak i ulike farger.<\/p>\n<p>Kj\u00f8p originalen![\/vc_column_text][\/vc_column][\/vc_row]<\/p>\n<\/div>","protected":false},"excerpt":{"rendered":"<p>[vc_row][vc_column][vc_custom_heading text=&raquo;mini bob - oppfinnerne av h\u00e5ndtaksbobben - bobben med h\u00e5ndtak&raquo; font_container=&raquo;tag:h1|text_align:left&raquo; google_fonts=&raquo;font_family:Roboto%20Condensed%3A300%2C300italic%2Cregular%2Citalic%2C700%2C700italic|font_style:400%20regular%3A400%3Anormal&raquo;][vc_column_text] [\/vc_column_text][\/vc_column][\/vc_row][vc_row][vc_column][vc_column_text]Leter du etter den originale Stiel bob? Du kan kj\u00f8pe den originale mini bob hos oss! &laquo;Made in Germany since 1976&#8243; er hvordan mini bob har blitt kjent takket v\u00e6re sitt unike styre- og bremseh\u00e5ndtak. Stielbob kjennetegnes av h\u00f8y kvalitet og lang&hellip;<\/p>\n","protected":false},"author":1,"featured_media":0,"parent":0,"menu_order":0,"comment_status":"closed","ping_status":"closed","template":"","meta":{"_acf_changed":false,"footnotes":""},"class_list":["post-156573","page","type-page","status-publish","hentry","description-off"],"acf":[],"_links":{"self":[{"href":"https:\/\/mini-bob.com\/nb\/wp-json\/wp\/v2\/pages\/156573","targetHints":{"allow":["GET"]}}],"collection":[{"href":"https:\/\/mini-bob.com\/nb\/wp-json\/wp\/v2\/pages"}],"about":[{"href":"https:\/\/mini-bob.com\/nb\/wp-json\/wp\/v2\/types\/page"}],"author":[{"embeddable":true,"href":"https:\/\/mini-bob.com\/nb\/wp-json\/wp\/v2\/users\/1"}],"replies":[{"embeddable":true,"href":"https:\/\/mini-bob.com\/nb\/wp-json\/wp\/v2\/comments?post=156573"}],"version-history":[{"count":4,"href":"https:\/\/mini-bob.com\/nb\/wp-json\/wp\/v2\/pages\/156573\/revisions"}],"predecessor-version":[{"id":156590,"href":"https:\/\/mini-bob.com\/nb\/wp-json\/wp\/v2\/pages\/156573\/revisions\/156590"}],"wp:attachment":[{"href":"https:\/\/mini-bob.com\/nb\/wp-json\/wp\/v2\/media?parent=156573"}],"curies":[{"name":"wp","href":"https:\/\/api.w.org\/{rel}","templated":true}]}}