{"id":156622,"date":"2017-01-20T14:13:33","date_gmt":"2017-01-20T13:13:33","guid":{"rendered":"https:\/\/mini-bob.com\/billet-bob-kjoep\/"},"modified":"2025-11-22T17:27:24","modified_gmt":"2025-11-22T16:27:24","slug":"billet-bob-kjoep","status":"publish","type":"page","link":"https:\/\/mini-bob.com\/nb\/billet-bob-kjoep\/","title":{"rendered":"Billet bob - kj\u00f8p"},"content":{"rendered":"<div class=\"wpb-content-wrapper\"><p>[vc_row][vc_column][vc_custom_heading text=&raquo;mini bob - oppfinnerne av billet bob&raquo; font_container=&raquo;tag:h1|text_align:left&raquo; google_fonts=&raquo;font_family:Roboto%20Condensed%3A300%2C300italic%2Cregular%2Citalic%2C700%2C700italic|font_style:400%20regular%3A400%3Anormal&raquo;][vc_column_text]<\/p>\n<p style=\"text-align: center;\"><iframe loading=\"lazy\" src=\"https:\/\/player.vimeo.com\/video\/200398022\" width=\"640\" height=\"360\" frameborder=\"0\" allowfullscreen=\"allowfullscreen\"><\/iframe><\/p>\n<p>[\/vc_column_text][\/vc_column][\/vc_row][vc_row][vc_column][vc_column_text]<\/p>\n<div class=\"gt3_col12 module_number_2 module_cont module_text_area \" data-appear-top-offset=\"-100\">\n<div class=\"module_content\">\n<p>Leter du etter den originale billet bob? Du kan kj\u00f8pe den <a href=\"https:\/\/mini-bob.com\/nb\/akebrett-mini-bob\/?v=3a52f3c22ed6\"> originale mini bob <\/a> fra oss! &laquo;Made in Germany since 1976&raquo; er slik mini bob har blitt kjent takket v\u00e6re sin unike joystick.<\/p>\n<p>Stick bob kjennetegnes av h\u00f8y kvalitet og lang levetid - den er rask og enkel \u00e5 kontrollere og sikker \u00e5 styre og bremse.<\/p>\n<p>Takket v\u00e6re styrespaken kan du n\u00e5r som helst bremse bob-en trygt og raskt - bare trekk spaken mot deg og brems med bakkanten for \u00e5 stoppe mini bob-en.<\/p>\n<p>Ved \u00e5 flytte vekten kan du gj\u00f8re enkle og presise svinger gjennom sn\u00f8en med stick bob. Takket v\u00e6re det sikre grepet har du alltid full kontroll.<\/p>\n<p>Profesjonelle kan mestre svingene enda strammere ved \u00e5 holde i staven med bare \u00e9n h\u00e5nd og ber\u00f8re sn\u00f8en med innsiden av h\u00e5nden.<\/p>\n<p>Maxi moro med mini bob - den ultimate pinnebobben!<\/p><\/div>\n<\/div>\n<p>[\/vc_column_text][\/vc_column][\/vc_row][vc_row][vc_column][vc_custom_heading text=&raquo;Kj\u00f8p original billet bob&raquo; google_fonts=&raquo;font_family:Roboto%20Condensed%3A300%2C300italic%2Cregular%2Citalic%2C700%2C700italic|font_style:400%20regular%3A400%3Anormal&raquo;]<style type=\"text\/css\" data-type=\"the7_shortcodes-inline-css\">#default-btn-7f5b353ee8cfd00500dc25feac2a60b2.ico-right-side > i {\n  margin-right: 0px;\n  margin-left: 8px;\n}\n#default-btn-7f5b353ee8cfd00500dc25feac2a60b2 > i {\n  margin-right: 8px;\n}<\/style><a href=\"https:\/\/mini-bob.com\/mini-bob-zipfelbob-shop\/\" class=\"default-btn-shortcode dt-btn dt-btn-l pulse animate-element animation-builder link-hover-off btn-inline-left \" target=\"_blank\" id=\"default-btn-7f5b353ee8cfd00500dc25feac2a60b2\" title=\"Original mini bob (Zipflbob) Butikk\" rel=\"noopener\"><span>Kj\u00f8p Billet Bob<\/span><\/a>[\/vc_column][\/vc_row][vc_row][vc_column][vc_empty_space]<style type=\"text\/css\" data-type=\"the7_shortcodes-inline-css\">.gallery-shortcode.gallery-masonry-shortcode-id-cac64779c0eb42466fe2dd7e1fff6a14 figure,\n.gallery-shortcode.gallery-masonry-shortcode-id-cac64779c0eb42466fe2dd7e1fff6a14 .rollover,\n.gallery-shortcode.gallery-masonry-shortcode-id-cac64779c0eb42466fe2dd7e1fff6a14 img,\n.gallery-shortcode.gallery-masonry-shortcode-id-cac64779c0eb42466fe2dd7e1fff6a14 .gallery-rollover {\n  border-radius: 0px;\n}\n.gallery-shortcode.gallery-masonry-shortcode-id-cac64779c0eb42466fe2dd7e1fff6a14.enable-bg-rollover .gallery-rollover {\n  background: -webkit-linear-gradient();\n  background: linear-gradient();\n}\n.gallery-shortcode.gallery-masonry-shortcode-id-cac64779c0eb42466fe2dd7e1fff6a14.enable-bg-rollover.hover-scale figure .rollover:after {\n  background: -webkit-linear-gradient();\n  background: linear-gradient();\n}\n.gallery-shortcode.gallery-masonry-shortcode-id-cac64779c0eb42466fe2dd7e1fff6a14 .gallery-zoom-ico {\n  width: 44px;\n  height: 44px;\n  line-height: 44px;\n  border-radius: 100px;\n  margin: -22px 0 0 -22px;\n  border-width: 0px;\n  color: #ffffff;\n}\n.dt-icon-bg-on.gallery-shortcode.gallery-masonry-shortcode-id-cac64779c0eb42466fe2dd7e1fff6a14 .gallery-zoom-ico {\n  background: rgba(255,255,255,0.3);\n  box-shadow: none;\n}\n.gallery-shortcode.gallery-masonry-shortcode-id-cac64779c0eb42466fe2dd7e1fff6a14 .gallery-zoom-ico:before,\n.gallery-shortcode.gallery-masonry-shortcode-id-cac64779c0eb42466fe2dd7e1fff6a14 .gallery-zoom-ico span {\n  font-size: 32px;\n  line-height: 44px;\n  color: #ffffff;\n}\n.gallery-shortcode.gallery-masonry-shortcode-id-cac64779c0eb42466fe2dd7e1fff6a14:not(.resize-by-browser-width) .dt-css-grid {\n  grid-row-gap: 10px;\n  grid-column-gap: 10px;\n  grid-template-columns: repeat(auto-fill,minmax(,1fr));\n}\n.gallery-shortcode.gallery-masonry-shortcode-id-cac64779c0eb42466fe2dd7e1fff6a14:not(.resize-by-browser-width) .dt-css-grid .double-width {\n  grid-column: span 2;\n}\n.cssgridlegacy.no-cssgrid .gallery-shortcode.gallery-masonry-shortcode-id-cac64779c0eb42466fe2dd7e1fff6a14:not(.resize-by-browser-width) .dt-css-grid,\n.no-cssgridlegacy.no-cssgrid .gallery-shortcode.gallery-masonry-shortcode-id-cac64779c0eb42466fe2dd7e1fff6a14:not(.resize-by-browser-width) .dt-css-grid {\n  display: flex;\n  flex-flow: row wrap;\n  margin: -5px;\n}\n.cssgridlegacy.no-cssgrid .gallery-shortcode.gallery-masonry-shortcode-id-cac64779c0eb42466fe2dd7e1fff6a14:not(.resize-by-browser-width) .dt-css-grid .wf-cell,\n.no-cssgridlegacy.no-cssgrid .gallery-shortcode.gallery-masonry-shortcode-id-cac64779c0eb42466fe2dd7e1fff6a14:not(.resize-by-browser-width) .dt-css-grid .wf-cell {\n  flex: 1 0 ;\n  max-width: 100%;\n  padding: 5px;\n  box-sizing: border-box;\n}\n.gallery-shortcode.gallery-masonry-shortcode-id-cac64779c0eb42466fe2dd7e1fff6a14.resize-by-browser-width .dt-css-grid {\n  grid-template-columns: repeat(3,1fr);\n  grid-template-rows: auto;\n  grid-column-gap: 10px;\n  grid-row-gap: 10px;\n}\n.gallery-shortcode.gallery-masonry-shortcode-id-cac64779c0eb42466fe2dd7e1fff6a14.resize-by-browser-width .dt-css-grid .double-width {\n  grid-column: span 2;\n}\n.cssgridlegacy.no-cssgrid .gallery-shortcode.gallery-masonry-shortcode-id-cac64779c0eb42466fe2dd7e1fff6a14.resize-by-browser-width .dt-css-grid {\n  margin: -5px;\n}\n.cssgridlegacy.no-cssgrid .gallery-shortcode.gallery-masonry-shortcode-id-cac64779c0eb42466fe2dd7e1fff6a14.resize-by-browser-width .dt-css-grid .wf-cell {\n  width: 33.333333333333%;\n  padding: 5px;\n}\n.cssgridlegacy.no-cssgrid .gallery-shortcode.gallery-masonry-shortcode-id-cac64779c0eb42466fe2dd7e1fff6a14.resize-by-browser-width .dt-css-grid .wf-cell.double-width {\n  width: calc(33.333333333333%) * 2;\n}\n.gallery-shortcode.gallery-masonry-shortcode-id-cac64779c0eb42466fe2dd7e1fff6a14.resize-by-browser-width:not(.centered-layout-list):not(.content-bg-on) .dt-css-grid {\n  grid-row-gap: 10px - ;\n}\n@media screen and (max-width: 1199px) {\n  .gallery-shortcode.gallery-masonry-shortcode-id-cac64779c0eb42466fe2dd7e1fff6a14.resize-by-browser-width .dt-css-grid {\n    grid-template-columns: repeat(4,1fr);\n  }\n  .cssgridlegacy.no-cssgrid .gallery-shortcode.gallery-masonry-shortcode-id-cac64779c0eb42466fe2dd7e1fff6a14.resize-by-browser-width .dt-css-grid .wf-cell,\n  .no-cssgridlegacy.no-cssgrid .gallery-shortcode.gallery-masonry-shortcode-id-cac64779c0eb42466fe2dd7e1fff6a14.resize-by-browser-width .dt-css-grid .wf-cell {\n    width: 25%;\n  }\n  .cssgridlegacy.no-cssgrid .gallery-shortcode.gallery-masonry-shortcode-id-cac64779c0eb42466fe2dd7e1fff6a14.resize-by-browser-width .dt-css-grid .wf-cell.double-width,\n  .no-cssgridlegacy.no-cssgrid .gallery-shortcode.gallery-masonry-shortcode-id-cac64779c0eb42466fe2dd7e1fff6a14.resize-by-browser-width .dt-css-grid .wf-cell.double-width {\n    width: calc(25%)*2;\n  }\n}\n@media screen and (max-width: 991px) {\n  .gallery-shortcode.gallery-masonry-shortcode-id-cac64779c0eb42466fe2dd7e1fff6a14.resize-by-browser-width .dt-css-grid {\n    grid-template-columns: repeat(3,1fr);\n  }\n  .cssgridlegacy.no-cssgrid .gallery-shortcode.gallery-masonry-shortcode-id-cac64779c0eb42466fe2dd7e1fff6a14.resize-by-browser-width .dt-css-grid .wf-cell,\n  .no-cssgridlegacy.no-cssgrid .gallery-shortcode.gallery-masonry-shortcode-id-cac64779c0eb42466fe2dd7e1fff6a14.resize-by-browser-width .dt-css-grid .wf-cell {\n    width: 33.333333333333%;\n  }\n  .cssgridlegacy.no-cssgrid .gallery-shortcode.gallery-masonry-shortcode-id-cac64779c0eb42466fe2dd7e1fff6a14.resize-by-browser-width .dt-css-grid .wf-cell.double-width,\n  .no-cssgridlegacy.no-cssgrid .gallery-shortcode.gallery-masonry-shortcode-id-cac64779c0eb42466fe2dd7e1fff6a14.resize-by-browser-width .dt-css-grid .wf-cell.double-width {\n    width: calc(33.333333333333%)*2;\n  }\n}\n@media screen and (max-width: 767px) {\n  .gallery-shortcode.gallery-masonry-shortcode-id-cac64779c0eb42466fe2dd7e1fff6a14.resize-by-browser-width .dt-css-grid {\n    grid-template-columns: repeat(2,1fr);\n  }\n  .cssgridlegacy.no-cssgrid .gallery-shortcode.gallery-masonry-shortcode-id-cac64779c0eb42466fe2dd7e1fff6a14.resize-by-browser-width .dt-css-grid .wf-cell,\n  .no-cssgridlegacy.no-cssgrid .gallery-shortcode.gallery-masonry-shortcode-id-cac64779c0eb42466fe2dd7e1fff6a14.resize-by-browser-width .dt-css-grid .wf-cell {\n    width: 50%;\n  }\n  .cssgridlegacy.no-cssgrid .gallery-shortcode.gallery-masonry-shortcode-id-cac64779c0eb42466fe2dd7e1fff6a14.resize-by-browser-width .dt-css-grid .wf-cell.double-width,\n  .no-cssgridlegacy.no-cssgrid .gallery-shortcode.gallery-masonry-shortcode-id-cac64779c0eb42466fe2dd7e1fff6a14.resize-by-browser-width .dt-css-grid .wf-cell.double-width {\n    width: calc(50%)*2;\n  }\n}<\/style><div class=\"gallery-shortcode dt-gallery-container gallery-masonry-shortcode-id-cac64779c0eb42466fe2dd7e1fff6a14 mode-masonry jquery-filter dt-icon-bg-off resize-by-browser-width  hover-fade loading-effect-fade-in description-on-hover\" data-padding=\"5px\" data-cur-page=\"1\" data-post-limit=\"-1\" data-pagination-mode=\"none\" data-desktop-columns-num=\"3\" data-v-tablet-columns-num=\"3\" data-h-tablet-columns-num=\"4\" data-phone-columns-num=\"2\" data-width=\"0px\" data-columns=\"0\"><div class=\"iso-container\" ><div class=\"wf-cell iso-item\" data-post-id=\"140989\" data-date=\"2021-02-13T11:42:32+01:00\" data-name=\"Zipfelbob-Pink-Minibob-600\"><figure class=\"post visible\"><span class=\"rollover layzr-bg\"  title=\"Zipfelbob-Pink-Minibob-600\"><img fetchpriority=\"high\" decoding=\"async\" class=\"preload-me iso-lazy-load aspect\" src=\"data:image\/svg+xml,%3Csvg%20xmlns%3D&#39;http%3A%2F%2Fwww.w3.org%2F2000%2Fsvg&#39;%20viewBox%3D&#39;0%200%20379%20379&#39;%2F%3E\" data-src=\"https:\/\/mini-bob.com\/wp-content\/uploads\/2002\/01\/Zipfelbob-Pink-Minibob-600-379x379.png\" data-srcset=\"https:\/\/mini-bob.com\/wp-content\/uploads\/2002\/01\/Zipfelbob-Pink-Minibob-600-379x379.png 379w, https:\/\/mini-bob.com\/wp-content\/uploads\/2002\/01\/Zipfelbob-Pink-Minibob-600-569x569.png 569w\" loading=\"eager\" style=\"--ratio: 379 \/ 379\" sizes=\"(max-width: 379px) 100vw, 379px\" alt=\"Zipfelbob pink rosa\" width=\"379\" height=\"379\"  \/><span class=\"gallery-rollover\"><\/span><\/span><\/figure><\/div><div class=\"wf-cell iso-item\" data-post-id=\"10461\" data-date=\"2018-11-03T10:57:43+01:00\" data-name=\"gr\u00f8nn zipflbob\"><figure class=\"post visible\"><span class=\"rollover layzr-bg\"  title=\"gr\u00f8nn zipflbob\"><img decoding=\"async\" class=\"preload-me iso-lazy-load aspect\" src=\"data:image\/svg+xml,%3Csvg%20xmlns%3D&#39;http%3A%2F%2Fwww.w3.org%2F2000%2Fsvg&#39;%20viewBox%3D&#39;0%200%20379%20379&#39;%2F%3E\" data-src=\"https:\/\/mini-bob.com\/wp-content\/uploads\/2018\/11\/minibob-gruen-zipfelbob-gruen-shop-379x379.jpg\" data-srcset=\"https:\/\/mini-bob.com\/wp-content\/uploads\/2018\/11\/minibob-gruen-zipfelbob-gruen-shop-379x379.jpg 379w, https:\/\/mini-bob.com\/wp-content\/uploads\/2018\/11\/minibob-gruen-zipfelbob-gruen-shop-569x569.jpg 569w\" loading=\"eager\" style=\"--ratio: 379 \/ 379\" sizes=\"(max-width: 379px) 100vw, 379px\" alt=\"original minibob gr\u00f8nn\" width=\"379\" height=\"379\"  \/><span class=\"gallery-rollover\"><\/span><\/span><\/figure><\/div><div class=\"wf-cell iso-item\" data-post-id=\"6496\" data-date=\"2017-10-15T16:19:04+02:00\" data-name=\"Mini Bob 4.10.2012 36603\"><figure class=\"post visible\"><span class=\"rollover layzr-bg\"  title=\"Mini Bob 4.10.2012 36603\"><img decoding=\"async\" class=\"preload-me iso-lazy-load aspect\" src=\"data:image\/svg+xml,%3Csvg%20xmlns%3D&#39;http%3A%2F%2Fwww.w3.org%2F2000%2Fsvg&#39;%20viewBox%3D&#39;0%200%20379%20354&#39;%2F%3E\" data-src=\"https:\/\/mini-bob.com\/wp-content\/uploads\/2017\/10\/Mini-Bob-4.10.2012-36603-379x354.jpg\" data-srcset=\"https:\/\/mini-bob.com\/wp-content\/uploads\/2017\/10\/Mini-Bob-4.10.2012-36603-379x354.jpg 379w, https:\/\/mini-bob.com\/wp-content\/uploads\/2017\/10\/Mini-Bob-4.10.2012-36603-569x531.jpg 569w\" loading=\"eager\" style=\"--ratio: 379 \/ 354\" sizes=\"(max-width: 379px) 100vw, 379px\" alt=\"Zipfelbob orange\" width=\"379\" height=\"354\"  \/><span class=\"gallery-rollover\"><\/span><\/span><\/figure><\/div><div class=\"wf-cell iso-item\" data-post-id=\"6488\" data-date=\"2017-10-15T16:18:50+02:00\" data-name=\"mini bob bl\u00e5\"><figure class=\"post visible\"><span class=\"rollover layzr-bg\"  title=\"mini bob bl\u00e5\"><img decoding=\"async\" class=\"preload-me iso-lazy-load aspect\" src=\"data:image\/svg+xml,%3Csvg%20xmlns%3D&#39;http%3A%2F%2Fwww.w3.org%2F2000%2Fsvg&#39;%20viewBox%3D&#39;0%200%20379%20354&#39;%2F%3E\" data-src=\"https:\/\/mini-bob.com\/wp-content\/uploads\/2017\/10\/Mini-Bob-4.10.2012-36597-379x354.jpg\" data-srcset=\"https:\/\/mini-bob.com\/wp-content\/uploads\/2017\/10\/Mini-Bob-4.10.2012-36597-379x354.jpg 379w, https:\/\/mini-bob.com\/wp-content\/uploads\/2017\/10\/Mini-Bob-4.10.2012-36597-569x531.jpg 569w\" loading=\"eager\" style=\"--ratio: 379 \/ 354\" sizes=\"(max-width: 379px) 100vw, 379px\" alt=\"Zipflbob bl\u00e5\" width=\"379\" height=\"354\"  \/><span class=\"gallery-rollover\"><\/span><\/span><\/figure><\/div><div class=\"wf-cell iso-item\" data-post-id=\"6492\" data-date=\"2017-10-15T16:18:57+02:00\" data-name=\"Mini Bob 4.10.2012 36599\"><figure class=\"post visible\"><span class=\"rollover layzr-bg\"  title=\"Mini Bob 4.10.2012 36599\"><img decoding=\"async\" class=\"preload-me iso-lazy-load aspect\" src=\"data:image\/svg+xml,%3Csvg%20xmlns%3D&#039;http%3A%2F%2Fwww.w3.org%2F2000%2Fsvg&#039;%20viewBox%3D&#039;0%200%20379%20354&#039;%2F%3E\" data-src=\"https:\/\/mini-bob.com\/wp-content\/uploads\/2017\/10\/Mini-Bob-4.10.2012-36599-379x354.jpg\" data-srcset=\"https:\/\/mini-bob.com\/wp-content\/uploads\/2017\/10\/Mini-Bob-4.10.2012-36599-379x354.jpg 379w, https:\/\/mini-bob.com\/wp-content\/uploads\/2017\/10\/Mini-Bob-4.10.2012-36599-569x531.jpg 569w\" loading=\"eager\" style=\"--ratio: 379 \/ 354\" sizes=\"(max-width: 379px) 100vw, 379px\" alt=\"\" width=\"379\" height=\"354\"><span class=\"gallery-rollover\"><\/span><\/span><\/figure><\/div><div class=\"wf-cell iso-item\" data-post-id=\"6500\" data-date=\"2017-10-15T16:19:13+02:00\" data-name=\"Mini Bob 15.05.2017 36603-gul2\"><figure class=\"post visible\"><span class=\"rollover layzr-bg\"  title=\"Mini Bob 15.05.2017 36603-gul2\"><img decoding=\"async\" class=\"preload-me iso-lazy-load aspect\" src=\"data:image\/svg+xml,%3Csvg%20xmlns%3D&#039;http%3A%2F%2Fwww.w3.org%2F2000%2Fsvg&#039;%20viewBox%3D&#039;0%200%20379%20354&#039;%2F%3E\" data-src=\"https:\/\/mini-bob.com\/wp-content\/uploads\/2017\/10\/Mini-Bob-15.05.2017-36603-gelb2-379x354.jpg\" data-srcset=\"https:\/\/mini-bob.com\/wp-content\/uploads\/2017\/10\/Mini-Bob-15.05.2017-36603-gelb2-379x354.jpg 379w, https:\/\/mini-bob.com\/wp-content\/uploads\/2017\/10\/Mini-Bob-15.05.2017-36603-gelb2-569x531.jpg 569w\" loading=\"eager\" style=\"--ratio: 379 \/ 354\" sizes=\"(max-width: 379px) 100vw, 379px\" alt=\"\" width=\"379\" height=\"354\"><span class=\"gallery-rollover\"><\/span><\/span><\/figure><\/div><\/div><!-- iso-container|iso-grid --><\/div>[\/vc_column][\/vc_row]<\/p>\n<\/div>","protected":false},"excerpt":{"rendered":"<p>[vc_row][vc_column][vc_custom_heading text=&raquo;mini bob - oppfinnerne av billet bob&raquo; font_container=&raquo;tag:h1|text_align:left&raquo; google_fonts=&raquo;font_family:Roboto%20Condensed%3A300%2C300italic%2Cregular%2Citalic%2C700%2C700italic|font_style:400%20regular%3A400%3Anormal&raquo;][vc_column_text] [\/vc_column_text][\/vc_column][\/vc_row][vc_row][vc_column][vc_column_text] Leter du etter den originale billet bob? Du kan kj\u00f8pe den originale mini bob fra oss! &laquo;Made in Germany since 1976&raquo; er slik mini bob har blitt kjent takket v\u00e6re sin unike joystick. Stick bob kjennetegnes av h\u00f8y kvalitet og lang levetid - den&hellip;<\/p>\n","protected":false},"author":1,"featured_media":0,"parent":0,"menu_order":0,"comment_status":"closed","ping_status":"closed","template":"","meta":{"_acf_changed":false,"footnotes":""},"class_list":["post-156622","page","type-page","status-publish","hentry","description-off"],"acf":[],"_links":{"self":[{"href":"https:\/\/mini-bob.com\/nb\/wp-json\/wp\/v2\/pages\/156622","targetHints":{"allow":["GET"]}}],"collection":[{"href":"https:\/\/mini-bob.com\/nb\/wp-json\/wp\/v2\/pages"}],"about":[{"href":"https:\/\/mini-bob.com\/nb\/wp-json\/wp\/v2\/types\/page"}],"author":[{"embeddable":true,"href":"https:\/\/mini-bob.com\/nb\/wp-json\/wp\/v2\/users\/1"}],"replies":[{"embeddable":true,"href":"https:\/\/mini-bob.com\/nb\/wp-json\/wp\/v2\/comments?post=156622"}],"version-history":[{"count":3,"href":"https:\/\/mini-bob.com\/nb\/wp-json\/wp\/v2\/pages\/156622\/revisions"}],"predecessor-version":[{"id":156625,"href":"https:\/\/mini-bob.com\/nb\/wp-json\/wp\/v2\/pages\/156622\/revisions\/156625"}],"wp:attachment":[{"href":"https:\/\/mini-bob.com\/nb\/wp-json\/wp\/v2\/media?parent=156622"}],"curies":[{"name":"wp","href":"https:\/\/api.w.org\/{rel}","templated":true}]}}