{"id":156675,"date":"2025-11-22T17:27:40","date_gmt":"2025-11-22T16:27:40","guid":{"rendered":"https:\/\/mini-bob.com\/den-originale-zipflbob\/"},"modified":"2025-11-22T17:27:43","modified_gmt":"2025-11-22T16:27:43","slug":"den-originale-zipflbob","status":"publish","type":"page","link":"https:\/\/mini-bob.com\/nb\/den-originale-zipflbob\/","title":{"rendered":"den originale Zipflbob"},"content":{"rendered":"<div class=\"wpb-content-wrapper\"><p>[vc_row][vc_column width=&raquo;1\/2&#8243;][vc_wp_text]<\/p>\n<p><img decoding=\"async\" class=\"wp-image-1733 size-medium\" src=\"\/wp-content\/uploads\/2014\/03\/mini-bob-rot-350px.png\" alt=\"Original zipflbob i r\u00f8dt\"><\/p>\n<p>[\/vc_wp_text][\/vc_column][vc_column width=&raquo;1\/2&#8243; css=&raquo;.vc_custom_1660904565980{padding-top: 70px !important;}&raquo;][vc_wp_text]<img loading=\"lazy\" decoding=\"async\" class=\"alignnone wp-image-151941 size-large\" src=\"https:\/\/mini-bob.com\/wp-content\/uploads\/2023\/03\/220319_mini-bob_Logo_1976_RGB_RZ-1024x492.png\" alt=\"\" width=\"1024\" height=\"492\" srcset=\"https:\/\/mini-bob.com\/wp-content\/uploads\/2023\/03\/220319_mini-bob_Logo_1976_RGB_RZ-1024x492.png 1024w, https:\/\/mini-bob.com\/wp-content\/uploads\/2023\/03\/220319_mini-bob_Logo_1976_RGB_RZ-300x144.png 300w, https:\/\/mini-bob.com\/wp-content\/uploads\/2023\/03\/220319_mini-bob_Logo_1976_RGB_RZ-768x369.png 768w, https:\/\/mini-bob.com\/wp-content\/uploads\/2023\/03\/220319_mini-bob_Logo_1976_RGB_RZ-1536x737.png 1536w, https:\/\/mini-bob.com\/wp-content\/uploads\/2023\/03\/220319_mini-bob_Logo_1976_RGB_RZ-2048x983.png 2048w, https:\/\/mini-bob.com\/wp-content\/uploads\/2023\/03\/220319_mini-bob_Logo_1976_RGB_RZ-600x288.png 600w\" sizes=\"auto, (max-width: 1024px) 100vw, 1024px\" \/>[\/vc_wp_text][\/vc_column][\/vc_row][vc_row][vc_column][vc_wp_text]<\/p>\n<p>Her finner du all informasjon du trenger om den ekte Zipfelbob (mini bob).<\/p>\n<p>Zipfelbob (mini bob) har blitt produsert av Loeger GmbH i uendret form og solgt over hele verden siden 1976.<\/p>\n<p>Under &laquo;the mini bob&raquo; kan du finne ut alt om historien til den ekte Zipflbob.<\/p>\n<p>Navnet Zipflbob eller &laquo;Zipfybob&raquo; &laquo;Zipflbob&raquo; kommer fra Alperegionen og varierer fra region til region.<\/p>\n<p>Zipflbob er bare en ekte mini bob hvis den b\u00e6rer logoen &laquo;Original mini bob&raquo;!<\/p>\n<p>[\/vc_wp_text]<style type=\"text\/css\" data-type=\"the7_shortcodes-inline-css\">#default-btn-77ceeba43e8e3bee64f93188e77e85d7.ico-right-side > i {\n  margin-right: 0px;\n  margin-left: 8px;\n}\n#default-btn-77ceeba43e8e3bee64f93188e77e85d7 > i {\n  margin-right: 8px;\n}<\/style><a href=\"https:\/\/mini-bob.com\/nb\/\" class=\"default-btn-shortcode dt-btn dt-btn-l pulse animate-element animation-builder link-hover-off btn-inline-left \" id=\"default-btn-77ceeba43e8e3bee64f93188e77e85d7\" title=\"Hjemmet til mini bob - den originale zipflbob\"><span>KLIKK HER FOR MINI BOB<\/span><\/a>[\/vc_column][\/vc_row][vc_row][vc_column][vc_column_text]Ideen til den originale Zipflbob eller Zipfybob ble f\u00f8dt i \u00d8sterrike i 1976, og siden da har den blitt produsert og solgt under navnet &laquo;mini bob&raquo; av Loeger GmbH i Tyskland.<\/p>\n<p>Den innovative, dristige og unike formen har siden blitt kopiert flere ganger.[\/vc_column_text][vc_empty_space][\/vc_column][\/vc_row][vc_row][vc_column width=&raquo;1\/2&#8243;][vc_single_image image=&raquo;148561&#8243; img_size=&raquo;medium&raquo;][\/vc_column][vc_column width=&raquo;1\/2&#8243;][vc_single_image image=&raquo;148594&#8243; img_size=&raquo;medium&raquo;][\/vc_column][\/vc_row][vc_row][vc_column][vc_column_text]Den originale Zipflbob (minibob) finnes i mange forskjellige farger. Siden oppfinnelsen i 1976 har de klassiske fargene r\u00f8d, gul, oransje, svart og gr\u00f8nn v\u00e6rt tilgjengelige. I \u00e5renes l\u00f8p har mange andre farger kommet til, ofte som spesialfarger i begrenset opplag. Du finner alle de n\u00e5v\u00e6rende fargene i <a href=\"https:\/\/mini-bob.com\/mini-bob-zipfelbob-shop\/\">butikken<\/a> v\u00e5r. Den originale minibobben er lett gjenkjennelig med sin karakteristiske form og logoen &laquo;original mini bob&raquo;. Original zipflbob er av h\u00f8y kvalitet og solid utf\u00f8relse og t\u00e5ler de mest ekstreme forhold. Takket v\u00e6re v\u00e5r produksjon i Tyskland og den h\u00f8ye kvalitetsstandarden sikrer vi at produktet v\u00e5rt oppfyller de h\u00f8yeste krav.[\/vc_column_text][\/vc_column][\/vc_row]<\/p>\n<\/div>","protected":false},"excerpt":{"rendered":"<p>[vc_row][vc_column width=&raquo;1\/2&#8243;][vc_wp_text] [\/vc_wp_text][\/vc_column][vc_column width=&raquo;1\/2&#8243; css=&raquo;.vc_custom_1660904565980{padding-top: 70px !important;}&raquo;][vc_wp_text][\/vc_wp_text][\/vc_column][\/vc_row][vc_row][vc_column][vc_wp_text] Her finner du all informasjon du trenger om den ekte Zipfelbob (mini bob). Zipfelbob (mini bob) har blitt produsert av Loeger GmbH i uendret form og solgt over hele verden siden 1976. Under &laquo;the mini bob&raquo; kan du finne ut alt om historien til den ekte Zipflbob. Navnet&hellip;<\/p>\n","protected":false},"author":1,"featured_media":0,"parent":0,"menu_order":0,"comment_status":"closed","ping_status":"closed","template":"","meta":{"_acf_changed":false,"footnotes":""},"class_list":["post-156675","page","type-page","status-publish","hentry","description-off"],"acf":[],"_links":{"self":[{"href":"https:\/\/mini-bob.com\/nb\/wp-json\/wp\/v2\/pages\/156675","targetHints":{"allow":["GET"]}}],"collection":[{"href":"https:\/\/mini-bob.com\/nb\/wp-json\/wp\/v2\/pages"}],"about":[{"href":"https:\/\/mini-bob.com\/nb\/wp-json\/wp\/v2\/types\/page"}],"author":[{"embeddable":true,"href":"https:\/\/mini-bob.com\/nb\/wp-json\/wp\/v2\/users\/1"}],"replies":[{"embeddable":true,"href":"https:\/\/mini-bob.com\/nb\/wp-json\/wp\/v2\/comments?post=156675"}],"version-history":[{"count":4,"href":"https:\/\/mini-bob.com\/nb\/wp-json\/wp\/v2\/pages\/156675\/revisions"}],"predecessor-version":[{"id":156681,"href":"https:\/\/mini-bob.com\/nb\/wp-json\/wp\/v2\/pages\/156675\/revisions\/156681"}],"wp:attachment":[{"href":"https:\/\/mini-bob.com\/nb\/wp-json\/wp\/v2\/media?parent=156675"}],"curies":[{"name":"wp","href":"https:\/\/api.w.org\/{rel}","templated":true}]}}