{"id":156682,"date":"2025-11-22T17:27:43","date_gmt":"2025-11-22T16:27:43","guid":{"rendered":"https:\/\/mini-bob.com\/poporutscher-plastbolle-eller-mini-bob\/"},"modified":"2025-11-22T17:27:50","modified_gmt":"2025-11-22T16:27:50","slug":"poporutscher-plastbolle-eller-mini-bob","status":"publish","type":"page","link":"https:\/\/mini-bob.com\/nb\/poporutscher-plastbolle-eller-mini-bob\/","title":{"rendered":"Poporutscher - plastbolle eller mini bob?"},"content":{"rendered":"<div class=\"wpb-content-wrapper\"><p>[vc_row][vc_column][vc_custom_heading text=&raquo;Poporutscher vs. original mini bob&raquo; google_fonts=&raquo;font_family:Roboto%20Condensed%3A300%2C300italic%2Cregular%2Citalic%2C700%2C700italic|font_style:400%20regular%3A400%3Anormal&raquo;][vc_column_text]Alle kjenner dem, de sm\u00e5 popo-slides, snow slides, slide plates, bum slides, plastic slides, snow woks, snow gliders, snow speeders, eller plastsk\u00e5ler til noen f\u00e5 euro, som du n\u00e5 kan kj\u00f8pe overalt&#8230; Noen lar til og med barnet skli nedover bakken p\u00e5 en plastpose eller til og med p\u00e5 buksene sine.[\/vc_column_text][\/vc_column][\/vc_row][vc_row][vc_column width=&raquo;1\/2&#8243;][vc_single_image image=&raquo;3935&#8243; img_size=&raquo;large&raquo;][\/vc_column][vc_column width=&raquo;1\/2&#8243;][vc_column_text]Men hvorfor skal jeg kj\u00f8pe en mini bob av h\u00f8y kvalitet til barnet mitt eller meg selv i stedet for en enkel popo slide?<\/p>\n<p>Den originale mini bob har blitt produsert som et merkevareprodukt i Tyskland i over 40 \u00e5r n\u00e5, og designet gj\u00f8r den til et trygt og velpr\u00f8vd vintersportsutstyr for alle.<\/p>\n<p>Sammenlignet med en enkel popo-slide varer mini bob i generasjoner og g\u00e5r ikke i stykker ved f\u00f8rste kontakt med steiner eller andre harde overflater - noe som gj\u00f8r den til en b\u00e6rekraftig investering.<\/p>\n<p>Utformingen av mini bob har ogs\u00e5 klare fordeler i forhold til enkle plastskall - ikke bare er materialet mye tykkere og derfor mer robust, men den hule kroppskonstruksjonen til mini bob demper st\u00f8t som ellers ville truffet barnets ryggrad direkte, og beskytter dermed barnets rygg.<\/p>\n<p>Takket v\u00e6re den spesielle utformingen med styre- og bremsepinne, samt en bremsekant, kan et barn styre mini bob raskt og sikkert og fremfor alt bremse enkelt - med en popo-slide er det vanligvis ingen teknisk innretning for styring og bremsing, s\u00e5 barnet har ofte bare muligheten til \u00e5 hoppe av eller kollidere.[\/vc_column_text][\/vc_column][\/vc_row][vc_row][vc_column][vc_empty_space][\/vc_column][\/vc_row][vc_row][vc_column][vc_cta h2=&raquo;All informasjon om den ultimate popo slide mini bob&raquo; add_button=&raquo;right&raquo; btn_title=&raquo;TIL MINI BOB&raquo; btn_link=&raquo;url:https%3A%2F%2Fmini-bob.com%2Fnb%2F|title:Hjemmet%20til%20mini%20bob%20-%20den%20originale%20zipflbob|&raquo;]<\/p>\n<h4>Du finner all informasjon om &laquo;mini bob&raquo; popo slide her<\/h4>\n<p>[\/vc_cta][\/vc_column][\/vc_row][vc_row][vc_column width=&raquo;1\/2&#8243;][vc_column_text]Den lille mini bob i plast passer for alle, uansett om de er sm\u00e5 eller store!<\/p>\n<p><strong>Den ideelle plastbobben for barn og ten\u00e5ringer.<\/strong><\/p>\n<p>I v\u00e5r <a href=\"https:\/\/mini-bob.com\/nb\/faq\/?v=3a52f3c22ed6\">FAQ <\/a>(sp\u00f8rsm\u00e5l og svar) finner du mer informasjon om den originale mini bob<\/p>\n<p>Under &laquo;mini bob&raquo; finner du mer teknisk informasjon om den originale mini bob<\/p>\n<p>Du kan kj\u00f8pe den originale mini bob i spesialforretninger eller p\u00e5 nettet - du finner en liste over forhandlere her: <a href=\"https:\/\/mini-bob.com\/nb\/kjoepe-den-originale-mini-bob-akebrett\/?v=3a52f3c22ed6\">kj\u00f8p<\/a> mini bob<\/p>\n<p>Hvis du som forelder har sp\u00f8rsm\u00e5l om mini bob - ta kontakt med oss, s\u00e5 hjelper vi deg gjerne![\/vc_column_text][\/vc_column][vc_column width=&raquo;1\/2&#8243;][vc_single_image image=&raquo;5780&#8243; img_size=&raquo;large&raquo;][\/vc_column][\/vc_row][vc_row][vc_column][vc_empty_space][\/vc_column][\/vc_row][vc_row][vc_column width=&raquo;1\/2&#8243;][vc_single_image image=&raquo;4140&#8243; img_size=&raquo;large&raquo;][\/vc_column][vc_column width=&raquo;1\/2&#8243;][vc_column_text]Ekte racerf\u00f8rere vil ogs\u00e5 f\u00e5 valuta for pengene med mini bob - takket v\u00e6re den stabile konstruksjonen og den presise styringen er mini bob ogs\u00e5 morsom for avanserte f\u00f8rere![\/vc_column_text][\/vc_column][\/vc_row][vc_row][vc_column][vc_masonry_media_grid initial_loading_animation=&raquo;fadeIn&raquo; grid_id=&raquo;vc_gid:1661520873153-92b3fc5c-85e7-6&#8243; include=&raquo;13200,13182,13188,146183,10154,5021&#8243;][\/vc_column][\/vc_row]<\/p>\n<\/div>","protected":false},"excerpt":{"rendered":"<p>[vc_row][vc_column][vc_custom_heading text=&raquo;Poporutscher vs. original mini bob&raquo; google_fonts=&raquo;font_family:Roboto%20Condensed%3A300%2C300italic%2Cregular%2Citalic%2C700%2C700italic|font_style:400%20regular%3A400%3Anormal&raquo;][vc_column_text]Alle kjenner dem, de sm\u00e5 popo-slides, snow slides, slide plates, bum slides, plastic slides, snow woks, snow gliders, snow speeders, eller plastsk\u00e5ler til noen f\u00e5 euro, som du n\u00e5 kan kj\u00f8pe overalt&#8230; Noen lar til og med barnet skli nedover bakken p\u00e5 en plastpose eller til og med p\u00e5&hellip;<\/p>\n","protected":false},"author":1,"featured_media":0,"parent":0,"menu_order":0,"comment_status":"closed","ping_status":"closed","template":"","meta":{"_acf_changed":false,"footnotes":""},"class_list":["post-156682","page","type-page","status-publish","hentry","description-off"],"acf":[],"_links":{"self":[{"href":"https:\/\/mini-bob.com\/nb\/wp-json\/wp\/v2\/pages\/156682","targetHints":{"allow":["GET"]}}],"collection":[{"href":"https:\/\/mini-bob.com\/nb\/wp-json\/wp\/v2\/pages"}],"about":[{"href":"https:\/\/mini-bob.com\/nb\/wp-json\/wp\/v2\/types\/page"}],"author":[{"embeddable":true,"href":"https:\/\/mini-bob.com\/nb\/wp-json\/wp\/v2\/users\/1"}],"replies":[{"embeddable":true,"href":"https:\/\/mini-bob.com\/nb\/wp-json\/wp\/v2\/comments?post=156682"}],"version-history":[{"count":8,"href":"https:\/\/mini-bob.com\/nb\/wp-json\/wp\/v2\/pages\/156682\/revisions"}],"predecessor-version":[{"id":156696,"href":"https:\/\/mini-bob.com\/nb\/wp-json\/wp\/v2\/pages\/156682\/revisions\/156696"}],"wp:attachment":[{"href":"https:\/\/mini-bob.com\/nb\/wp-json\/wp\/v2\/media?parent=156682"}],"curies":[{"name":"wp","href":"https:\/\/api.w.org\/{rel}","templated":true}]}}