{"id":156730,"date":"2015-10-27T17:12:27","date_gmt":"2015-10-27T16:12:27","guid":{"rendered":"https:\/\/mini-bob.com\/mini-bob-i-bronse-zipflbob\/"},"modified":"2025-11-22T17:28:14","modified_gmt":"2025-11-22T16:28:14","slug":"mini-bob-i-bronse-zipflbob","status":"publish","type":"page","link":"https:\/\/mini-bob.com\/nb\/mini-bob-i-bronse-zipflbob\/","title":{"rendered":"mini bob i bronse \/ zipflbob"},"content":{"rendered":"<div class=\"wpb-content-wrapper\"><p>[vc_row][vc_column width=&raquo;1\/2&#8243;][vc_single_image image=&raquo;4044&#8243; img_size=&raquo;large&raquo;][\/vc_column][vc_column width=&raquo;1\/2&#8243;][vc_custom_heading text=&raquo;Den originale mini bob (Zipflbob) i bronse&raquo; google_fonts=&raquo;font_family:Roboto%20Condensed%3A300%2C300italic%2Cregular%2Citalic%2C700%2C700italic|font_style:400%20regular%3A400%3Anormal&raquo;][vc_column_text]Den originale mini bob i bronse er en helt spesiell modell av Zipflbob og ble begrenset til bare 700 eksemplarer.<\/p>\n<p>I 2014 ble det sammen med spesialfargen &laquo;Green Glitter&raquo; ogs\u00e5 laget en spesialserie av den originale mini bob i bronse, ogs\u00e5 den begrenset til bare 700 eksemplarer.<\/p>\n<p>Denne unike fargen kommer virkelig til sin rett i sollyset og inspirerer ikke bare unge Zipflbob-ryttere, men ogs\u00e5 2. og 3. generasjons Zipflbob-ryttere spesielt.<\/p>\n<p>Mini bob i bronse kan kj\u00f8pes via nettbutikken v\u00e5r (s\u00e5 langt lageret rekker).[\/vc_column_text]<style type=\"text\/css\" data-type=\"the7_shortcodes-inline-css\">#default-btn-a66c365585166e56a89a803e8e7883f0.ico-right-side > i {\n  margin-right: 0px;\n  margin-left: 8px;\n}\n#default-btn-a66c365585166e56a89a803e8e7883f0 > i {\n  margin-right: 8px;\n}<\/style><a href=\"https:\/\/mini-bob.com\/nb\/produkt\/utsolgt-edition-mini-bob-zipflbob-akebrett-i-bronse\/\" class=\"default-btn-shortcode dt-btn dt-btn-l pulse animate-element animation-builder link-hover-off btn-inline-left \" id=\"default-btn-a66c365585166e56a89a803e8e7883f0\" title=\"+UTSOLGT+ Edition mini bob (Zipflbob) i bronse\"><span>KJ\u00d8P ZIPFLBOB I BRONSE<\/span><\/a>[\/vc_column][\/vc_row][vc_row][vc_column width=&raquo;1\/2&#8243;][vc_empty_space height=&raquo;120px&raquo;]<style type=\"text\/css\" data-type=\"the7_shortcodes-inline-css\">#default-btn-c2e38934366ede6c51e2f3f06b104ffa.ico-right-side > i {\n  margin-right: 0px;\n  margin-left: 8px;\n}\n#default-btn-c2e38934366ede6c51e2f3f06b104ffa > i {\n  margin-right: 8px;\n}<\/style><div class=\"btn-align-center\"><a href=\"https:\/\/mini-bob.com\/nb\/akebrett-mini-bob\/\" class=\"default-btn-shortcode dt-btn dt-btn-l pulse animate-element animation-builder link-hover-off \" id=\"default-btn-c2e38934366ede6c51e2f3f06b104ffa\" title=\"mini bob\"><span>MINI BOB I ANDRE FARGER<\/span><\/a><\/div>[vc_empty_space]<style type=\"text\/css\" data-type=\"the7_shortcodes-inline-css\">#default-btn-9314d51dc62288ea41c46f5647b8ee4d.ico-right-side > i {\n  margin-right: 0px;\n  margin-left: 8px;\n}\n#default-btn-9314d51dc62288ea41c46f5647b8ee4d > i {\n  margin-right: 8px;\n}<\/style><div class=\"btn-align-center\"><a href=\"https:\/\/mini-bob.com\/mini-bob-zipfelbob-shop\/\" class=\"default-btn-shortcode dt-btn dt-btn-l pulse animate-element animation-builder link-hover-off \" id=\"default-btn-9314d51dc62288ea41c46f5647b8ee4d\" title=\"Original mini bob (Zipflbob) Butikk\"><span>KLIKK HER FOR \u00c5 G\u00c5 DIREKTE TIL BUTIKKEN<\/span><\/a><\/div>[\/vc_column][vc_column width=&raquo;1\/2&#8243;][vc_single_image image=&raquo;3898&#8243; img_size=&raquo;large&raquo;][\/vc_column][\/vc_row]<\/p>\n<\/div>","protected":false},"excerpt":{"rendered":"<p>[vc_row][vc_column width=&raquo;1\/2&#8243;][vc_single_image image=&raquo;4044&#8243; img_size=&raquo;large&raquo;][\/vc_column][vc_column width=&raquo;1\/2&#8243;][vc_custom_heading text=&raquo;Den originale mini bob (Zipflbob) i bronse&raquo; google_fonts=&raquo;font_family:Roboto%20Condensed%3A300%2C300italic%2Cregular%2Citalic%2C700%2C700italic|font_style:400%20regular%3A400%3Anormal&raquo;][vc_column_text]Den originale mini bob i bronse er en helt spesiell modell av Zipflbob og ble begrenset til bare 700 eksemplarer. I 2014 ble det sammen med spesialfargen &laquo;Green Glitter&raquo; ogs\u00e5 laget en spesialserie av den originale mini bob i bronse, ogs\u00e5 den begrenset&hellip;<\/p>\n","protected":false},"author":1,"featured_media":0,"parent":0,"menu_order":0,"comment_status":"closed","ping_status":"closed","template":"","meta":{"_acf_changed":false,"footnotes":""},"class_list":["post-156730","page","type-page","status-publish","hentry","description-off"],"acf":[],"_links":{"self":[{"href":"https:\/\/mini-bob.com\/nb\/wp-json\/wp\/v2\/pages\/156730","targetHints":{"allow":["GET"]}}],"collection":[{"href":"https:\/\/mini-bob.com\/nb\/wp-json\/wp\/v2\/pages"}],"about":[{"href":"https:\/\/mini-bob.com\/nb\/wp-json\/wp\/v2\/types\/page"}],"author":[{"embeddable":true,"href":"https:\/\/mini-bob.com\/nb\/wp-json\/wp\/v2\/users\/1"}],"replies":[{"embeddable":true,"href":"https:\/\/mini-bob.com\/nb\/wp-json\/wp\/v2\/comments?post=156730"}],"version-history":[{"count":8,"href":"https:\/\/mini-bob.com\/nb\/wp-json\/wp\/v2\/pages\/156730\/revisions"}],"predecessor-version":[{"id":156751,"href":"https:\/\/mini-bob.com\/nb\/wp-json\/wp\/v2\/pages\/156730\/revisions\/156751"}],"wp:attachment":[{"href":"https:\/\/mini-bob.com\/nb\/wp-json\/wp\/v2\/media?parent=156730"}],"curies":[{"name":"wp","href":"https:\/\/api.w.org\/{rel}","templated":true}]}}